{"id":1470,"date":"2021-08-01T09:13:51","date_gmt":"2021-08-01T09:13:51","guid":{"rendered":"https:\/\/www.getstoryshots.com\/?page_id=1470"},"modified":"2024-05-30T13:01:42","modified_gmt":"2024-05-30T13:01:42","slug":"faq","status":"publish","type":"page","link":"https:\/\/www.getstoryshots.com\/de\/faq\/","title":{"rendered":"H\u00e4ufig gestellte Fragen"},"content":{"rendered":"<h2 class=\"wp-block-heading\">StoryShots AI<\/h2>\n\n\n\n<h3 class=\"wp-block-heading\">Was bewirken die KI-Gutschriften?<\/h3>\n\n\n\n<p>Derzeit k\u00f6nnen Sie mit den KI-Gutschriften Schl\u00fcsselerkenntnisse f\u00fcr fast jedes Buch \"au\u00dferhalb\" unserer bestehenden Sammlung gewinnen. Damit haben Sie praktisch Zugang zu \u00fcber 300.000 B\u00fcchern. In Zukunft werden wir Sie vielleicht in die Lage versetzen, mithilfe von KI spontan Quiz, Aktionsschritte, Kurse usw. zu erstellen.<\/p>\n\n\n\n<h2 class=\"wp-block-heading\">Probleme bei der Anmeldung<\/h2>\n\n\n\n<h3 class=\"wp-block-heading\">Ich kann mich nicht anmelden. Ich erhalte eine Endlosschleife, wenn ich versuche, mich per E-Mail anzumelden. Ich erhalte die Fehlermeldung \"Ung\u00fcltiger dynamischer Link\", wenn ich versuche, mich per E-Mail anzumelden.<\/h3>\n\n\n\n<p>Bitte stellen Sie sicher, dass Sie den Link in demselben Browserfenster \u00f6ffnen, in dem Sie versucht haben, sich anzumelden. Wenn Sie die E-Mail in einem anderen Browser erhalten, klicken Sie mit der rechten Maustaste auf den Link in der E-Mail, kopieren Sie die Adresse und f\u00fcgen Sie sie in dieselbe Browser-Registerkarte ein.<\/p>\n\n\n\n<p>Wenn Sie sich bei den Apps anmelden, vergewissern Sie sich, dass die E-Mail in Ihrem mobilen Browser ge\u00f6ffnet wird (nicht in der mobilen E-Mail-\"App\"). Dr\u00fccken Sie lange auf den Link und w\u00e4hlen Sie dann, ihn in der nativen App zu \u00f6ffnen. Wenn Sie die E-Mail auf einem anderen Ger\u00e4t erhalten, senden Sie sich die Adresse des Links \u00fcber Social-Media-Apps und \u00f6ffnen Sie sie auf Ihrem mobilen Ger\u00e4t.<\/p>\n\n\n\n<p>Wenn das Problem weiterhin besteht, senden Sie bitte eine einfache Bildschirmaufnahme an <a href=\"mailto:support@getstoryshots.com\" data-type=\"mailto\" data-id=\"mailto:support@getstoryshots.com\">unsere Unterst\u00fctzung<\/a> oder stellen Sie weitere Details und Screenshots zur Verf\u00fcgung.<\/p>\n\n\n\n<h3 class=\"wp-block-heading\">Ich habe meinen AppSumo-Code eingel\u00f6st, aber ich habe noch keinen Premium-Zugang. Was soll ich tun?<\/h3>\n\n\n\n<p>Bitte versuchen Sie, sich abzumelden und wieder anzumelden oder die App neu zu installieren. Vergewissern Sie sich, dass Sie die gleichen Anmeldedaten und die gleiche Anmeldemethode wie auf der Website verwenden. Bei weiteren Problemen k\u00f6nnen Sie sich gerne an unser <a href=\"mailto:support@getstoryshots.com\" data-type=\"mailto\" data-id=\"mailto:support@getstoryshots.com\">Unterst\u00fctzung<\/a>.<\/p>\n\n\n\n<h3 class=\"wp-block-heading\">Ich bleibe auf dem Anmeldebildschirm h\u00e4ngen. Was muss ich tun?<\/h3>\n\n\n\n<p>\u00d6ffnen Sie die App Einstellungen. Tippen Sie auf <strong>Apps<\/strong> und dann <strong>Alle Apps anzeigen<\/strong>. Scrollen Sie nach unten zu \"Google Play Services\". Tippen Sie auf . <strong>Google Play-Dienste<\/strong>. Tippen Sie auf . <strong>Lagerung<\/strong> und dann <strong>Cache l\u00f6schen<\/strong>. Wiederholen Sie die gleichen Schritte f\u00fcr \"<strong>Google Play Store<\/strong>\". Beachten Sie, dass Sie m\u00f6glicherweise <strong>Stopp erzwingen<\/strong> die App, bevor Sie den Cache l\u00f6schen. Wiederholen Sie die gleichen Schritte f\u00fcr \"<strong>StoryShots<\/strong>\u201c.<\/p>\n\n\n\n<h2 class=\"wp-block-heading\">Fragen zum Kauf<\/h2>\n\n\n\n<h3 class=\"wp-block-heading\">Ich erhalte die Meldung \"Ihre Transaktion kann nicht abgeschlossen werden. Bitte vergewissern Sie sich, dass Ihr Spielland korrekt ist.\"<\/h3>\n\n\n\n<p>Nach Angaben von <a href=\"https:\/\/support.google.com\/googleplay\/contact\/fx_block\" data-type=\"link\" data-id=\"https:\/\/support.google.com\/googleplay\/contact\/fx_block\" target=\"_blank\" rel=\"noopener\">Google<\/a>wenn Sie diese Fehlermeldung erhalten, w\u00e4hrend Sie versuchen, einen In-App-Kauf zu t\u00e4tigen,&nbsp;<strong>Bitte vergewissern Sie sich, dass Ihr Spielland korrekt ist.<\/strong>. Wenn Sie k\u00fcrzlich in ein anderes Land umgezogen sind,&nbsp;<a href=\"https:\/\/support.google.com\/googleplay\/answer\/7431675\" target=\"_blank\" rel=\"noopener\"><u>siehe hier<\/u><\/a>&nbsp;Anweisungen, wie Sie Ihre Einstellungen \u00e4ndern k\u00f6nnen.&nbsp;<br><br>Wenn Ihr Land in Ihren Play-Einstellungen korrekt ist, der Fehler aber immer noch auftritt, senden Sie bitte Ihren Fall zur \u00dcberpr\u00fcfung ein, indem Sie auf die Schaltfl\u00e4che \"Einreichen\" unten klicken. Bitte vergewissern Sie sich, dass Sie die gleiche E-Mail-Adresse wie Ihr Play-Konto verwenden.&nbsp;<br><br>Sobald Ihr Fall gepr\u00fcft wurde, wird sich das Untersuchungsteam mit Ihnen in Verbindung setzen, in der Regel innerhalb von 3 Werktagen.&nbsp;<strong>Nicht<\/strong>&nbsp;mehrere Formulare auszuf\u00fcllen, da dies das Verfahren verl\u00e4ngern kann.<\/p>\n\n\n\n<h2 class=\"wp-block-heading\">Andere Themen<\/h2>\n\n\n\n<h3 class=\"wp-block-heading\">Warum sind einige B\u00fccher als \"Premiere Q1 2023\" oder \"Coming Soon\" gekennzeichnet?<\/h3>\n\n\n\n<p>Auch wenn einige B\u00fccher in unserer Sammlung bereits einen guten Inhalt haben, haben wir sie so gekennzeichnet, weil wir sie gro\u00dfartig machen wollen! Wir bieten die weltweit vielf\u00e4ltigsten Inhalte f\u00fcr jedes Buch und bieten sie zu den g\u00fcnstigsten Preisen an. Das bedeutet, dass wir f\u00fcr jedes Buch Wochen und Tausende von Dollar mehr ausgeben m\u00fcssen (im Vergleich zu unseren Konkurrenten, die vielleicht nur Text und robotergest\u00fctzte Text-to-Speech-Audioinhalte anbieten). Au\u00dferdem k\u00f6nnen wir Feedback zu den vorhandenen Inhalten einholen, um sie zu verbessern. Stellen Sie sich vor, dass wir den Inhalt in einer Betaphase freigeben, anstatt ihn erst zu perfektionieren und ihn dann unseren Nutzern vorzuenthalten.<\/p>\n\n\n\n<h3 class=\"wp-block-heading\">Ich kann die App nicht installieren. Ich erhalte die Meldung \"Diese App funktioniert nicht f\u00fcr Ihr Ger\u00e4t\".<\/h3>\n\n\n\n<p>Um dieses Problem zu l\u00f6sen, bitten wir Sie, die folgenden Schritte zu befolgen: Stellen Sie zun\u00e4chst sicher, dass das Betriebssystem Ihres Ger\u00e4ts auf dem neuesten Stand ist. Suchen Sie nach verf\u00fcgbaren System-Updates und installieren Sie diese gegebenenfalls. \u00dcberpr\u00fcfen Sie anschlie\u00dfend, ob die Google Play Store-App selbst auf dem neuesten Stand ist. \u00d6ffnen Sie die Google Play Store-App. Tippen Sie oben rechts auf das Profilsymbol. Tippen Sie auf . <strong>Einstellungen<\/strong> und dann <strong>\u00dcber<\/strong> und dann <strong>Play Store-Version<\/strong>. Sie erhalten eine Meldung, die Ihnen mitteilt, ob der Play Store auf dem neuesten Stand ist. Tippen Sie auf . <strong>Verstanden<\/strong>. Wenn das Problem weiterhin besteht, versuchen Sie, die Google Play Store-App zwangsweise zu schlie\u00dfen. L\u00f6schen Sie dann den Cache der App, indem Sie zu <strong>Einstellungen&gt; Apps&gt; Google Play Store&gt; Speicher&gt; Cache l\u00f6schen<\/strong>. L\u00f6schen Sie anschlie\u00dfend die Daten der App, indem Sie \"<strong>Daten l\u00f6schen<\/strong>\" oder \"<strong>Klarer Speicher<\/strong>\" im selben Men\u00fc. Wenn die vorherigen Schritte das Problem nicht l\u00f6sen, empfehlen wir, sich direkt an den Google Play-Support zu wenden. <\/p>\n\n\n\n<h3 class=\"wp-block-heading\">Ist die App f\u00fcr immer kostenlos?<\/h3>\n\n\n\n<p>Ja! Unser Ziel ist es, die wichtigsten Ideen der besten Sachb\u00fccher f\u00fcr alle zug\u00e4nglich zu machen. <strong style=\"user-select: auto;\">alle<\/strong>. Ein Teenager im l\u00e4ndlichen Indien sollte den gleichen Zugang zu den Lehren dieser gro\u00dfartigen B\u00fccher haben wie ein Hedgefondsmanager in New York. Daher werden wir immer eine kostenlose, werbegest\u00fctzte Ebene haben.<\/p>\n\n\n\n<h3 class=\"wp-block-heading\">Ist StoryShots eine Alternative zum Lesen von B\u00fcchern?<\/h3>\n\n\n\n<p>Nein. Nichts ersetzt das Lesen eines guten Buches von vorne bis hinten. Aber StoryShots hilft Ihnen, die Schl\u00fcsselideen der B\u00fccher zu lernen, die in Ihrem B\u00fccherregal verstauben, oder neue spannende Lekt\u00fcre zu entdecken. Sie k\u00f6nnen es auch nutzen, um die wichtigsten Lektionen der B\u00fccher, die Sie bereits gelesen haben, zu wiederholen und Ihr Ged\u00e4chtnis aufzufrischen. Unsere Buchbesprechungen k\u00f6nnen nur an der Oberfl\u00e4che der B\u00fccher kratzen, in die Autoren jahrelange Arbeit gesteckt haben.<\/p>\n\n\n\n<h3 class=\"wp-block-heading\">Meine Karte \/ UPI funktioniert nicht. Was soll ich tun?<\/h3>\n\n\n\n<p>Google wickelt die Zahlungen ab und erh\u00e4lt im Gegenzug einen Anteil an unseren Verk\u00e4ufen. Wir haben keinen Zugriff auf Ihre finanziellen Daten. Sie k\u00f6nnen sich wenden an <a href=\"https:\/\/support.google.com\/googleplay\/?hl=en#topic=3364260\" data-type=\"URL\" data-id=\"https:\/\/support.google.com\/googleplay\/?hl=en#topic=3364260\" target=\"_blank\" rel=\"noreferrer noopener\">Unterst\u00fctzung des Google Play Store<\/a> oder Ihre Bank. <\/p>\n\n\n\n<h3 class=\"wp-block-heading\">Wie viele B\u00fccher werden Sie hinzuf\u00fcgen? Wie oft werden Sie neue B\u00fccher hinzuf\u00fcgen?<\/h3>\n\n\n\n<p>Wir verbringen viel Zeit damit, die besten Inhalte herauszusuchen oder von Grund auf neu zu erstellen (und alles kostenlos zu verschenken, w\u00e4hrend unsere Konkurrenten 10-15 USD\/Monat verlangen). Das ist ein langwieriger und teurer Prozess, aber es lohnt sich! Wir f\u00fcgen jede Woche 1-2 neue B\u00fccher hinzu. Wir stellen 1 Buch pro Woche vor, indem wir Push-Benachrichtigungen versenden, einen Newsletter verschicken oder als <a style=\"user-select: auto;\" href=\"https:\/\/www.getstoryshots.com\/de\/social-media\/\">Social-Media-Beitrag<\/a>. <\/p>\n\n\n\n<h3 class=\"wp-block-heading\">Muss ich einen Profi engagieren oder kann ich das, was ich mit StoryShots lerne, selbst anwenden?<\/h3>\n\n\n\n<p>Wie in unseren Nutzungsbedingungen erw\u00e4hnt, k\u00f6nnen unsere Inhalte Fehler oder Ungereimtheiten enthalten. Wir raten Ihnen, zuerst einen Fachmann zu konsultieren, bevor Sie das, was Sie \u00fcber StoryShots lernen, anwenden (insbesondere bei Gesundheits- oder Finanzthemen).<\/p>\n\n\n\n<h3 class=\"wp-block-heading\">Ich habe bereits bezahlt, aber die App fordert mich auf, erneut zu bezahlen. Warum?<\/h3>\n\n\n\n<p>Versuchen Sie, Ihren Kauf \u00fcber den Kaufbildschirm wiederherzustellen. Wenn das nicht hilft, handelt es sich m\u00f6glicherweise um eine vor\u00fcbergehende St\u00f6rung auf Seiten von Apple und Google. Wenn Sie es in ein paar Stunden erneut versuchen und das Problem weiterhin besteht, <a href=\"mailto:support@getstoryshots.com\">kontaktieren Sie unseren Support.<\/a><\/p>\n\n\n\n<h3 class=\"wp-block-heading\">Einige B\u00fccher, die bereits in Ihrer Sammlung waren, wurden entfernt. Warum?<\/h3>\n\n\n\n<p>Wir haben einige B\u00fccher entfernt <em>vor\u00fcbergehend<\/em> um die Qualit\u00e4t ihrer Inhalte zu verbessern. Bleiben Sie auf dem Laufenden, wenn wir Sie \u00fcber unseren Newsletter oder \u00fcber Push-Benachrichtigungen \u00fcber die Wiederver\u00f6ffentlichung informieren.<\/p>\n\n\n\n<h3 class=\"wp-block-heading\">Wie kann ich zu Ihrem Auftrag beitragen?<\/h3>\n\n\n\n<p>Helfen Sie uns dabei, dass alle Menschen leicht aus Sachb\u00fcchern lernen k\u00f6nnen, indem Sie <a style=\"user-select: auto;\" href=\"https:\/\/www.getstoryshots.com\/de\/contribute\/\">Ihre eigenen \"Sch\u00fcsse\" beisteuern<\/a>, eine Premium-Mitgliedschaft, das Schreiben einer Rezension oder einfach die Verbreitung von Informationen. ?<\/p>\n\n\n\n<h3 class=\"wp-block-heading\">Unterst\u00fctzen Sie die Ideen der B\u00fccher in Ihrer Sammlung?<\/h3>\n\n\n\n<p>Nicht unbedingt. Aber wir unterst\u00fctzen die Meinungsfreiheit und einen offenen und neugierigen Geist.<\/p>\n\n\n\n<h3 class=\"wp-block-heading\">Wie kann ich nach B\u00fcchern filtern, je nachdem, wie viel Freizeit ich habe?<\/h3>\n\n\n\n<p>Suchen Sie unter den Suchbildschirmen auf Android und den Kategorien auf iOS nach Kategorien von Audioaufnahmen unter 10, 20, 30 und 40 Minuten. B\u00fccher unter 15, 25, 35, 45 und 50 Minuten finden Sie, wenn Sie nach <em>#15m, #25m, #35, #45, #50<\/em>.<\/p>\n\n\n\n<h3 class=\"wp-block-heading\">Wie ist Ihr Verh\u00e4ltnis zu Amazon?<\/h3>\n\n\n\n<p>StoryShots ist ein anerkannter Amazon Associates Partner. Das bedeutet, dass die Links in unserer App und auf unserer Website Affiliate-Links sein k\u00f6nnen. Wenn Sie \u00fcber einen unserer Links kaufen, erhalten wir m\u00f6glicherweise eine kleine Provision. Diese Provisionen helfen uns, die App kostenlos zu halten und den Inhalt zu verbessern. <\/p>\n\n\n\n<h3 class=\"wp-block-heading\">Kann ich StoryShots auf dem Desktop verwenden (Microsoft Windows \/ PC oder Mac)?<\/h3>\n\n\n\n<p>F\u00fcr unsere Mitglieder auf Lebenszeit steht eine einfache Web-App zur Verf\u00fcgung, die auch zus\u00e4tzliche Textaufnahmen enth\u00e4lt, die nicht in den Apps enthalten sind. <\/p>\n\n\n\n<p>Wir haben keine offizielle Unterst\u00fctzung f\u00fcr die native Desktop-App. Aber ausgew\u00e4hlte Samsung-Benutzer k\u00f6nnen die App heute unter Windows ausf\u00fchren. <a href=\"https:\/\/support.microsoft.com\/en-us\/topic\/supported-devices-for-your-phone-app-experiences-cb044172-87aa-9e41-d446-c4ac83ce8807\" data-type=\"URL\" data-id=\"https:\/\/support.microsoft.com\/en-us\/topic\/supported-devices-for-your-phone-app-experiences-cb044172-87aa-9e41-d446-c4ac83ce8807\" target=\"_blank\" rel=\"noreferrer noopener\">F\u00fcr weitere Informationen siehe hier.<\/a> Sie k\u00f6nnen auch Folgendes verwenden <a href=\"https:\/\/www.bluestacks.com\/\" data-type=\"URL\" data-id=\"https:\/\/www.bluestacks.com\/\" target=\"_blank\" rel=\"noreferrer noopener\">BlueStacks<\/a> oder <a href=\"https:\/\/www.bignox.com\/\" data-type=\"URL\" data-id=\"https:\/\/www.bignox.com\/\" target=\"_blank\" rel=\"noreferrer noopener\">NoxPlayer<\/a> um Android-Anwendungen unter Windows auszuf\u00fchren. <\/p>\n\n\n\n<p>Die gute Nachricht ist, dass Microsoft vor kurzem angek\u00fcndigt hat, dass Windows 11 es erm\u00f6glichen wird, Android-Apps auch unter Windows auszuf\u00fchren. <\/p>\n\n\n\n<p>Apple M1 Mac-Benutzer k\u00f6nnen unsere Anwendung auch auf ihren Rechnern ausf\u00fchren. Diese Unterst\u00fctzung ist experimentell.<\/p>\n\n\n\n<p>Bitte <a href=\"mailto:support@getstoryshots.com\">Kontakt zu unserem Support<\/a> wenn Sie weitere Fragen haben.<\/p>\n\n\n\n<h3 class=\"wp-block-heading\">Wie kann ich mein StoryShots-Konto l\u00f6schen?<\/h3>\n\n\n\n<p>Danke, dass Sie uns eine Chance gegeben haben. Sie k\u00f6nnen Ihr Konto unter dem Bildschirm \"Einstellungen\" in der mobilen App l\u00f6schen. Wir w\u00fcrden uns freuen, wenn Sie auch unseren Support kontaktieren und uns Feedback geben k\u00f6nnten.<\/p>\n\n\n\n<h3 class=\"wp-block-heading\">Was soll ich tun, wenn ich keine neuen B\u00fccher oder Ihre Angebote verpassen m\u00f6chte?<\/h3>\n\n\n\n<p>Einfach. Der beste Weg ist, Benachrichtigungen in der App zuzulassen und <a href=\"https:\/\/www.getstoryshots.com\/de\/updates\/\">f\u00fcr unseren Newsletter anmelden<\/a>. Wir verschicken 1-2 Benachrichtigungen pro Woche und 4-6 E-Mails pro Monat. Die zweitbeste M\u00f6glichkeit ist, unsere <a href=\"https:\/\/www.getstoryshots.com\/de\/updates\/\">Seite \"Was ist neu?<\/a> regelm\u00e4\u00dfig und folgen Sie uns auf <a href=\"https:\/\/www.getstoryshots.com\/de\/social-media\/\">soziale Medien<\/a>.<\/p>\n\n\n\n<h3 class=\"wp-block-heading\">Bieten Sie Rabatte an?<\/h3>\n\n\n\n<p>Wir bieten derzeit den g\u00fcnstigsten Service der Branche an, da es unsere oberste Priorit\u00e4t ist, das Lernen aus B\u00fcchern f\u00fcr jedermann einfach zu machen. Achten Sie auf unsere Sonderangebote, indem Sie Benachrichtigungen in der App zulassen, sich f\u00fcr unseren Newsletter anmelden und uns folgen auf <a href=\"https:\/\/www.getstoryshots.com\/de\/social-media\/\" data-type=\"page\" data-id=\"535\">soziale Medien<\/a>. <\/p>\n\n\n\n<p>Wenn Sie einen Online-Artikel mit mehr als 400 W\u00f6rtern \u00fcber StoryShots schreiben oder einen 3-min\u00fctigen Videobericht auf YouTube erstellen, k\u00f6nnen wir Ihnen einen kostenlosen lebenslangen Zugang gew\u00e4hren. Ihr Blog sollte mindestens 5.000 monatliche Besucher haben und Ihr YouTube-Kanal sollte mindestens 2000 Abonnenten haben. <a href=\"mailto:hello@getstoryshots.com\">Senden Sie uns eine E-Mail, um sich zu bewerben.<\/a><\/p>\n\n\n\n<h3 class=\"wp-block-heading\">Ich bin ein Autor. K\u00f6nnen Sie mein Buch hinzuf\u00fcgen?<\/h3>\n\n\n\n<p>Es kommt darauf an. Wenn Sie der Meinung sind, dass Ihr Buch einen Mehrwert f\u00fcr unsere globale Gemeinschaft von lebenslang Lernenden darstellt, sollten Sie sich bewerben, indem Sie <a href=\"mailto:hello@getstoryshots.com\">E-Mail an uns<\/a>.<\/p>\n\n\n\n<h3 class=\"wp-block-heading\">K\u00f6nnen Sie H\u00f6rb\u00fccher f\u00fcr ALLE B\u00fccher hinzuf\u00fcgen?<\/h3>\n\n\n\n<p>Unser Ziel ist es, die <strong>wichtige Lehren<\/strong> von Bestsellern, die f\u00fcr <strong>alle<\/strong>. Wenn wir jedoch ein \u00f6ffentliches H\u00f6rbuch finden, werden wir es verlinken. Nicht alle B\u00fccher haben \u00f6ffentliche Versionen. Um H\u00f6rbuchversionen f\u00fcr alle B\u00fccher hinzuzuf\u00fcgen, m\u00fcssen wir unsere Abonnementgeb\u00fchren erh\u00f6hen, um f\u00fcr Verwaltung, Server, Lizenzgeb\u00fchren usw. zu zahlen. Es gibt auch gro\u00dfartige Apps wie Audible, die gro\u00dfz\u00fcgige <em>kostenlos<\/em> Probeangebote. Zum jetzigen Zeitpunkt sind wir der Meinung, dass die Aufnahme von H\u00f6rb\u00fcchern in die App uns von unserer Hauptaufgabe ablenken w\u00fcrde.<br><br>Wenn Sie es vorziehen, mehr f\u00fcr ein anderes Abonnement zu bezahlen und Zugang zur hochwertigen H\u00f6rbuchversion ALLER B\u00fccher zu haben, oder wenn Sie B\u00fccher direkt in StoryShots kaufen m\u00f6chten, k\u00f6nnen Sie diese Funktion gerne \u00fcber unser Formular \"Vote for new features\" unter Einstellungen hochstufen, damit wir sie priorisieren k\u00f6nnen.<\/p>\n\n\n\n<h3 class=\"wp-block-heading\">Kann ich den Inhalt \u00fcbersetzen, erz\u00e4hlen oder animieren?<\/h3>\n\n\n\n<p>Ja! Siehe <a href=\"https:\/\/www.getstoryshots.com\/de\/contribute\/\">eigene Aufnahmen beisteuern<\/a>.<\/p>\n\n\n\n<h3 class=\"wp-block-heading\">Was ist dieser Serendipity Feed?<\/h3>\n\n\n\n<p>Es ist im Grunde unser Versuch, die \u00dcberpersonalisierung zu bek\u00e4mpfen, die uns von Google, Facebook und vielen anderen Unternehmen auferlegt wird. Wir glauben, dass wir dadurch einen Tunnelblick und Vorurteile bekommen. Daher werden die B\u00fccher hin und wieder zuf\u00e4llig gemischt, um B\u00fccher an die Oberfl\u00e4che zu bringen, auf die man sonst vielleicht nicht st\u00f6\u00dft.<\/p>\n\n\n\n<h3 class=\"wp-block-heading\">Warum kann ich keine Audiodateien anh\u00f6ren, w\u00e4hrend ich in anderen B\u00fcchern bl\u00e4ttere? Ich m\u00f6chte einen schwebenden Miniplayer.<\/h3>\n\n\n\n<p>Wir sind uns bewusst, dass viele Podcast- und Video-Apps diese Funktion unterst\u00fctzen. Aber wir glauben an Single-Tasking und Konzentration. Wenn du denkst, dass wir falsch liegen, stimme f\u00fcr diese Funktion in der Umfrage \"Vote for new features\" innerhalb der App.<\/p>","protected":false},"excerpt":{"rendered":"<p>StoryShots AI Was bewirken AI-Credits? Derzeit k\u00f6nnen Sie mit den KI-Credits f\u00fcr fast jedes Buch, das nicht in unserer Sammlung enthalten ist, wichtige Erkenntnisse gewinnen. Damit haben Sie praktisch Zugang zu \u00fcber 300.000 B\u00fcchern. In Zukunft werden wir Sie vielleicht in die Lage versetzen, mithilfe von AI.... spontan Quiz, Aktionsschritte, Kurse usw. zu erstellen.<\/p>","protected":false},"author":1,"featured_media":0,"parent":0,"menu_order":0,"comment_status":"closed","ping_status":"closed","template":"","meta":{"_acf_changed":false,"_kad_blocks_custom_css":"","_kad_blocks_head_custom_js":"","_kad_blocks_body_custom_js":"","_kad_blocks_footer_custom_js":"","_kadence_starter_templates_imported_post":false,"_kad_post_transparent":"","_kad_post_title":"","_kad_post_layout":"","_kad_post_sidebar_id":"","_kad_post_content_style":"","_kad_post_vertical_padding":"","_kad_post_feature":"","_kad_post_feature_position":"","_kad_post_header":false,"_kad_post_footer":false,"yasr_overall_rating":0,"yasr_post_is_review":"","yasr_auto_insert_disabled":"","yasr_review_type":"","footnotes":""},"class_list":["post-1470","page","type-page","status-publish","hentry"],"acf":[],"yasr_visitor_votes":{"stars_attributes":{"read_only":false,"span_bottom":false},"number_of_votes":0,"sum_votes":0},"taxonomy_info":[],"featured_image_src_large":false,"author_info":{"display_name":"StoryShots - Free Book Summaries","author_link":"https:\/\/www.getstoryshots.com\/de\/books\/author\/storyshotsadmin\/"},"comment_info":0,"_links":{"self":[{"href":"https:\/\/www.getstoryshots.com\/de\/wp-json\/wp\/v2\/pages\/1470","targetHints":{"allow":["GET"]}}],"collection":[{"href":"https:\/\/www.getstoryshots.com\/de\/wp-json\/wp\/v2\/pages"}],"about":[{"href":"https:\/\/www.getstoryshots.com\/de\/wp-json\/wp\/v2\/types\/page"}],"author":[{"embeddable":true,"href":"https:\/\/www.getstoryshots.com\/de\/wp-json\/wp\/v2\/users\/1"}],"replies":[{"embeddable":true,"href":"https:\/\/www.getstoryshots.com\/de\/wp-json\/wp\/v2\/comments?post=1470"}],"version-history":[{"count":24,"href":"https:\/\/www.getstoryshots.com\/de\/wp-json\/wp\/v2\/pages\/1470\/revisions"}],"predecessor-version":[{"id":94375,"href":"https:\/\/www.getstoryshots.com\/de\/wp-json\/wp\/v2\/pages\/1470\/revisions\/94375"}],"wp:attachment":[{"href":"https:\/\/www.getstoryshots.com\/de\/wp-json\/wp\/v2\/media?parent=1470"}],"curies":[{"name":"wp","href":"https:\/\/api.w.org\/{rel}","templated":true}]}}