{"id":50657,"date":"2021-03-23T07:12:22","date_gmt":"2021-03-23T07:12:22","guid":{"rendered":"https:\/\/www.getstoryshots.com\/?page_id=50657"},"modified":"2021-11-15T12:52:44","modified_gmt":"2021-11-15T12:52:44","slug":"presskit","status":"publish","type":"page","link":"https:\/\/www.getstoryshots.com\/de\/presskit\/","title":{"rendered":"Pressemappe"},"content":{"rendered":"<h2 class=\"wp-block-heading\">Unser Auftrag<\/h2>\n\n\n\n<p>Gute Sachb\u00fccher k\u00f6nnen das Leben ver\u00e4ndern. Aber Statistiken zeigen, dass 90% von ihnen nie \u00fcber das erste Kapitel hinaus gelesen werden. Die Ablenkungen nehmen zu, und unser Leben wird immer hektischer. Hinzu kommt, dass jeder Mensch \u00fcber unterschiedlich viel Freizeit, ein unterschiedliches Budget und unterschiedliche Lernvorlieben verf\u00fcgt. StoryShots ist hier, um das zu \u00e4ndern. Wir sind ein soziales Startup-Unternehmen, das es sich zur Aufgabe gemacht hat, die wichtigsten Erkenntnisse von Sachbuch-Bestsellern zug\u00e4nglich zu machen f\u00fcr <strong>alle <\/strong>(unabh\u00e4ngig von ihrem Budget, ihrer Zeit oder ihrem Lernstil). Wir glauben daran, dass wir einem Teenager im l\u00e4ndlichen Indien genauso viel helfen k\u00f6nnen wie einem zeitknappen Unternehmer im Silicon Valley. Jeder hat das Recht, aus den besten B\u00fcchern der Welt zu lernen.<\/p>\n\n\n\n<h2 class=\"wp-block-heading\">Gr\u00fcnder<\/h2>\n\n\n\n<p>Farid Behnia, der \u00fcber Erfahrungen in Fortune-100-Unternehmen und eine Partnerschaft mit Tim Ferriss verf\u00fcgt, gr\u00fcndete StoryShots im Jahr 2018. Er wollte es jedem erm\u00f6glichen, die gleichen Ver\u00e4nderungen in seinem Leben zu erleben, die er dank einiger Selbsthilfeb\u00fccher erfahren hat. <\/p>\n\n\n\n<p>Erreichen Sie <a href=\"mailto:hello@getstoryshots.com\">hello@getstoryshots.com<\/a> f\u00fcr alle Medienanfragen.<\/p>\n\n\n\n<h2 class=\"wp-block-heading\">Erw\u00e4hnungen in den Medien<\/h2>\n\n\n\n<p><a href=\"https:\/\/drive.google.com\/drive\/folders\/1QsDpKFMjIL4qn0ZKCkmV90TGBjIgrLqB?usp=sharing\" data-type=\"URL\" data-id=\"https:\/\/drive.google.com\/drive\/folders\/1QsDpKFMjIL4qn0ZKCkmV90TGBjIgrLqB?usp=sharing\" target=\"_blank\" rel=\"noopener\">The Guardian - 20 Apps zum Verbessern Ihrer F\u00e4higkeiten<\/a><\/p>\n\n\n\n<p><a href=\"https:\/\/drive.google.com\/file\/d\/1MNudA_ujEK4pXOhlHMrHw3pGLyEM8nSS\/view?usp=sharing\" data-type=\"URL\" data-id=\"https:\/\/drive.google.com\/file\/d\/1MNudA_ujEK4pXOhlHMrHw3pGLyEM8nSS\/view?usp=sharing\" target=\"_blank\" rel=\"noopener\">The Economist - Kann man mit Zusammenfassungen von Wirtschaftsb\u00fcchern Zeit sparen und trotzdem einen Einblick gewinnen?<\/a><\/p>\n\n\n\n<p><a href=\"https:\/\/beebom.com\/best-blinkist-alternatives\/\" data-type=\"URL\" data-id=\"https:\/\/beebom.com\/best-blinkist-alternatives\/\" target=\"_blank\" rel=\"noopener\">BeeBom - 12 beste Blinkist-Alternativen, die Sie verwenden sollten<\/a><\/p>\n\n\n\n<h2 class=\"wp-block-heading\">Auszeichnungen und andere Anerkennungen<\/h2>\n\n\n\n<p>StoryShots wurde von den folgenden Personen und Institutionen gelobt und empfohlen:<\/p>\n\n\n\n<p>Steven Pinker, PhD - Harvard Professor und Bill Gates Lieblingsautor aller Zeiten<\/p>\n\n\n\n<p>Steven Kotler - New York Times-Bestsellerautor, Pulitzer-Preis-Kandidat und High-Performance-Experte<\/p>\n\n\n\n<p>Nami Zarringhalam - Mitbegr\u00fcnderin von TrueCaller<\/p>\n\n\n\n<p>StoryShots erhielt den zweiten Platz beim United Nations World Summit Award for Social Impact in der Kategorie Bildung. <\/p>\n\n\n\n<p>Naithan Jones - Partner bei Andreessen Horowitz<\/p>\n\n\n\n<p><a href=\"https:\/\/www.youtube.com\/watch?v=7-7bpuWRjd4\" data-type=\"URL\" data-id=\"https:\/\/www.youtube.com\/watch?v=7-7bpuWRjd4\" target=\"_blank\" rel=\"noopener\">Puri Jagannadh - Ber\u00fchmter indischer Regisseur\u00a0<\/a><\/p>\n\n\n\n<div class=\"wp-block-buttons is-layout-flex wp-block-buttons-is-layout-flex\">\n<div class=\"wp-block-button\"><a class=\"wp-block-button__link has-background\" href=\"https:\/\/drive.google.com\/drive\/folders\/1QsDpKFMjIL4qn0ZKCkmV90TGBjIgrLqB?usp=sharing\" style=\"background-color:#ff3000\" target=\"_blank\" rel=\"noreferrer noopener\">Zum Media Kit gehen<\/a><\/div>\n<\/div>","protected":false},"excerpt":{"rendered":"<p>Unser Auftrag Gro\u00dfartige Sachb\u00fccher k\u00f6nnen Leben ver\u00e4ndern. Aber Statistiken zeigen, dass 90% der B\u00fccher nie \u00fcber das erste Kapitel hinaus gelesen werden. Die Ablenkungen nehmen zu, und unser Leben wird immer hektischer. Hinzu kommt, dass jeder Mensch \u00fcber unterschiedlich viel Freizeit, ein unterschiedliches Budget und unterschiedliche Lernvorlieben verf\u00fcgt. StoryShots ist hier, um das zu \u00e4ndern. Wir sind ein...<\/p>","protected":false},"author":13,"featured_media":0,"parent":0,"menu_order":0,"comment_status":"closed","ping_status":"closed","template":"","meta":{"_acf_changed":false,"_kad_blocks_custom_css":"","_kad_blocks_head_custom_js":"","_kad_blocks_body_custom_js":"","_kad_blocks_footer_custom_js":"","_kadence_starter_templates_imported_post":false,"_kad_post_transparent":"","_kad_post_title":"","_kad_post_layout":"","_kad_post_sidebar_id":"","_kad_post_content_style":"","_kad_post_vertical_padding":"","_kad_post_feature":"","_kad_post_feature_position":"","_kad_post_header":false,"_kad_post_footer":false,"yasr_overall_rating":0,"yasr_post_is_review":"","yasr_auto_insert_disabled":"","yasr_review_type":"","footnotes":""},"class_list":["post-50657","page","type-page","status-publish","hentry"],"acf":[],"yasr_visitor_votes":{"stars_attributes":{"read_only":false,"span_bottom":false},"number_of_votes":0,"sum_votes":0},"taxonomy_info":[],"featured_image_src_large":false,"author_info":{"display_name":"Team StoryShots","author_link":"https:\/\/www.getstoryshots.com\/de\/books\/author\/fuzr6koxtahlfjcigcjjuadpexy2\/"},"comment_info":0,"_links":{"self":[{"href":"https:\/\/www.getstoryshots.com\/de\/wp-json\/wp\/v2\/pages\/50657","targetHints":{"allow":["GET"]}}],"collection":[{"href":"https:\/\/www.getstoryshots.com\/de\/wp-json\/wp\/v2\/pages"}],"about":[{"href":"https:\/\/www.getstoryshots.com\/de\/wp-json\/wp\/v2\/types\/page"}],"author":[{"embeddable":true,"href":"https:\/\/www.getstoryshots.com\/de\/wp-json\/wp\/v2\/users\/13"}],"replies":[{"embeddable":true,"href":"https:\/\/www.getstoryshots.com\/de\/wp-json\/wp\/v2\/comments?post=50657"}],"version-history":[{"count":0,"href":"https:\/\/www.getstoryshots.com\/de\/wp-json\/wp\/v2\/pages\/50657\/revisions"}],"wp:attachment":[{"href":"https:\/\/www.getstoryshots.com\/de\/wp-json\/wp\/v2\/media?parent=50657"}],"curies":[{"name":"wp","href":"https:\/\/api.w.org\/{rel}","templated":true}]}}