{"id":52604,"date":"2021-04-19T12:07:07","date_gmt":"2021-04-19T12:07:07","guid":{"rendered":"https:\/\/www.getstoryshots.com\/?page_id=52604"},"modified":"2026-01-16T07:36:22","modified_gmt":"2026-01-16T07:36:22","slug":"premium-subscription","status":"publish","type":"page","link":"https:\/\/www.getstoryshots.com\/de\/premium-subscription\/","title":{"rendered":"Premium-Pl\u00e4ne"},"content":{"rendered":"<div class=\"mepr-price-menu clean pro-template\">\n\n      <div class=\"mepr-pricing-title\">\n                <h1>W\u00e4hlen Sie Ihren Plan<\/h1>\n                <p>Alle Preise sind in USD angegeben. Sie k\u00f6nnen Ihre wiederkehrende Mitgliedschaft jederzeit k\u00fcndigen oder innerhalb von 60 Tagen eine R\u00fcckerstattung f\u00fcr die lebenslange Mitgliedschaft beantragen.<\/p>\n    <\/div>\n  \n  <div class=\"mepr-price-boxes mepr-3-col\">\n            <div id=\"mepr-price-box-77559\" class=\"mepr-price-box\">\n                      <div class=\"mepr-price-box-content\">\n\n            <div class=\"mepr-price-box-head\">\n              <h2 class=\"mepr-price-box-title\">\n                J\u00e4hrliche Mitgliedschaft              <\/h2>\n                              <div class=\"mepr-price-box-price\">\n                  1 Day for free then <span class=\"mepr-price-box-price-currency\">$<\/span>29,99 <span class='mepr-price-box-price-term'>\/ Jahr<\/span>                <\/div>\n              \n\n              <div class=\"mepr-price-box-button\">\n                                                            <a href=\"https:\/\/www.getstoryshots.com\/de\/register\/annual-membership\/\" class=\"\" style=\"--tooltip-color: #da7e5a\">\n                        Kostenlose Testversion starten                      <span class=\"screen-reader-text\">J\u00e4hrlich<\/span>\n                  <\/a>\n                                  <\/div>\n                \n            <\/div>\n\n            <div class=\"mepr-price-box-benefits\">\n                <div class=\"mepr-price-box-benefits-list\"><div class=\"mepr-price-box-benefits-item\"><span class=\"mepr-price-box-benefits-icon\">    <\/span>Zugang zu den wichtigsten Erkenntnissen aus 300.000 B\u00fcchern<\/div><div class=\"mepr-price-box-benefits-item\"><span class=\"mepr-price-box-benefits-icon\">    <\/span>Hervorheben und Notizen machen (auch unterwegs)<\/div><div class=\"mepr-price-box-benefits-item\"><span class=\"mepr-price-box-benefits-icon\">    <\/span>Visuelles Lernen mit Infografiken, Mind Maps und Animationen<\/div><div class=\"mepr-price-box-benefits-item\"><span class=\"mepr-price-box-benefits-icon\">    <\/span>Anzeigen entfernen<\/div><div class=\"mepr-price-box-benefits-item\"><span class=\"mepr-price-box-benefits-icon\">    <\/span>PDF\/Kindle-Unterst\u00fctzung (auf dem Handy)<\/div><div class=\"mepr-price-box-benefits-item\"><span class=\"mepr-price-box-benefits-icon\">    <\/span>Vollst\u00e4ndige B\u00fccher und H\u00f6rb\u00fccher ausw\u00e4hlen (auf dem Handy)<\/div><\/div>            <\/div>\n\n            <div class=\"mepr-price-box-foot\">\n              <div class=\"mepr-price-box-footer\">\n                Jederzeit abbrechen.              <\/div>\n            <\/div>\n\n          <\/div>\n        <\/div>\n                    <div id=\"mepr-price-box-6115\" class=\"mepr-price-box highlighted\">\n                        <div class=\"mepr-most-popular\">\n                Am beliebtesten            <\/div>\n                      <div class=\"mepr-price-box-content\">\n\n            <div class=\"mepr-price-box-head\">\n              <h2 class=\"mepr-price-box-title\">\n                Einmalige Zahlung              <\/h2>\n                              <div class=\"mepr-price-box-price\">\n                  <span class=\"mepr-price-box-price-currency\">$<\/span>59,99                <\/div>\n              \n\n              <div class=\"mepr-price-box-button\">\n                                                            <a href=\"https:\/\/www.getstoryshots.com\/de\/register\/one-time-payment\/\" class=\"\" style=\"--tooltip-color: #da7e5a\">\n                        Los geht's                      <span class=\"screen-reader-text\">Einmalige Zahlung (Einmal zahlen, f\u00fcr immer nutzen)<\/span>\n                  <\/a>\n                                  <\/div>\n                                <div class=\"mepr-price-box-heading\">\n                    Einmal bezahlen. F\u00fcr immer nutzen.                <\/div>\n                \n            <\/div>\n\n            <div class=\"mepr-price-box-benefits\">\n                <div class=\"mepr-price-box-benefits-list\"><div class=\"mepr-price-box-benefits-item\"><span class=\"mepr-price-box-benefits-icon\">    <\/span>Alles in der Jahresmitgliedschaft enthalten<\/div><div class=\"mepr-price-box-benefits-item\"><span class=\"mepr-price-box-benefits-icon\">    <\/span>60 Tage Zufriedenheitsgarantie f\u00fcr Neukunden<\/div><\/div>            <\/div>\n\n            <div class=\"mepr-price-box-foot\">\n              <div class=\"mepr-price-box-footer\">\n                              <\/div>\n            <\/div>\n\n          <\/div>\n        <\/div>\n                    <div id=\"mepr-price-box-54956\" class=\"mepr-price-box\">\n                      <div class=\"mepr-price-box-content\">\n\n            <div class=\"mepr-price-box-head\">\n              <h2 class=\"mepr-price-box-title\">\n                Einmalige Zahlung (2-f\u00fcr-1-Angebot)              <\/h2>\n                              <div class=\"mepr-price-box-price\">\n                  <span class=\"mepr-price-box-price-currency\">$<\/span>99,99                <\/div>\n              \n\n              <div class=\"mepr-price-box-button\">\n                                                            <a href=\"https:\/\/www.getstoryshots.com\/de\/register\/buy-one-gift-one-lifetime\/\" class=\"\" style=\"--tooltip-color: #da7e5a\">\n                        Los geht's                      <span class=\"screen-reader-text\">Verschenken Sie einen lebenslangen Zugang. Erhalten Sie einen gratis.<\/span>\n                  <\/a>\n                                  <\/div>\n                \n            <\/div>\n\n            <div class=\"mepr-price-box-benefits\">\n                <div class=\"mepr-price-box-benefits-list\"><div class=\"mepr-price-box-benefits-item\"><span class=\"mepr-price-box-benefits-icon\">    <\/span>Alles auf Jahresbasis und auf Lebenszeit.<\/div><div class=\"mepr-price-box-benefits-item\"><span class=\"mepr-price-box-benefits-icon\">    <\/span>Einmal zahlen. Sie erhalten zwei lebenslange Mitgliedschaften.<\/div><\/div>            <\/div>\n\n            <div class=\"mepr-price-box-foot\">\n              <div class=\"mepr-price-box-footer\">\n                              <\/div>\n            <\/div>\n\n          <\/div>\n        <\/div>\n              <\/div>\n<\/div>\n \n\n\n<p>* Wenn Sie ein <em>neu<\/em> Kunde, <a href=\"mailto:support@getstoryshots.com\" data-type=\"mailto\" data-id=\"mailto:support@getstoryshots.com\">Kontakt zu unserem Support<\/a> innerhalb von 60 Tagen, um eine vollst\u00e4ndige R\u00fcckerstattung zu beantragen. Wir bedanken uns einfach daf\u00fcr, dass Sie uns eine Chance gegeben haben. Sie k\u00f6nnen auch ein Monats- oder Jahresabonnement abschlie\u00dfen oder StoryShots ausprobieren f\u00fcr <em>kostenlos<\/em> und sehen Sie sich unsere B\u00fcchersammlung an, indem Sie unser kostenloses <a href=\"https:\/\/go.getstoryshots.com\/free\" data-type=\"URL\" data-id=\"https:\/\/go.getstoryshots.com\/free\">app<\/a>.<\/p>\n\n\n\n<p>Wenn Sie die Premium-Mitgliedschaft an mehrere Personen verschenken oder eine gr\u00f6\u00dfere Bestellung aufgeben m\u00f6chten, werfen Sie einen Blick auf unsere g\u00fcnstigen <a href=\"https:\/\/www.getstoryshots.com\/de\/business-and-group-accounts\/\" data-type=\"URL\" data-id=\"https:\/\/www.getstoryshots.com\/business-and-group-accounts\/\">Pl\u00e4ne des Teams<\/a>.<\/p>\n\n\n<div class=\"elfsight-app-2244a2f0-86ed-4e44-9e19-1627120c6ac4\" data-elfsight-app-lazy><\/div><script src='https:\/\/apps.elfsight.com\/p\/platform.js' defer><\/script>","protected":false},"excerpt":{"rendered":"<p>* Wenn Sie ein neuer Kunde sind, wenden Sie sich innerhalb von 60 Tagen an unseren Support, um eine vollst\u00e4ndige R\u00fcckerstattung zu beantragen. Wir danken Ihnen einfach daf\u00fcr, dass Sie uns eine Chance gegeben haben. Sie k\u00f6nnen auch ein Monats- oder Jahresabonnement abschlie\u00dfen oder StoryShots kostenlos testen und unsere Buchsammlung durch Herunterladen unserer kostenlosen App ansehen. Premium-Mitgliedschaft verschenken...<\/p>","protected":false},"author":1,"featured_media":0,"parent":0,"menu_order":0,"comment_status":"closed","ping_status":"closed","template":"","meta":{"_acf_changed":false,"_kad_blocks_custom_css":"","_kad_blocks_head_custom_js":"","_kad_blocks_body_custom_js":"","_kad_blocks_footer_custom_js":"","_kadence_starter_templates_imported_post":false,"_kad_post_transparent":"","_kad_post_title":"","_kad_post_layout":"","_kad_post_sidebar_id":"","_kad_post_content_style":"","_kad_post_vertical_padding":"","_kad_post_feature":"","_kad_post_feature_position":"","_kad_post_header":false,"_kad_post_footer":false,"yasr_overall_rating":0,"yasr_post_is_review":"","yasr_auto_insert_disabled":"","yasr_review_type":"","footnotes":""},"class_list":["post-52604","page","type-page","status-publish","hentry"],"acf":[],"yasr_visitor_votes":{"stars_attributes":{"read_only":false,"span_bottom":false},"number_of_votes":0,"sum_votes":0},"taxonomy_info":[],"featured_image_src_large":false,"author_info":{"display_name":"StoryShots - Free Book Summaries","author_link":"https:\/\/www.getstoryshots.com\/de\/books\/author\/storyshotsadmin\/"},"comment_info":0,"_links":{"self":[{"href":"https:\/\/www.getstoryshots.com\/de\/wp-json\/wp\/v2\/pages\/52604","targetHints":{"allow":["GET"]}}],"collection":[{"href":"https:\/\/www.getstoryshots.com\/de\/wp-json\/wp\/v2\/pages"}],"about":[{"href":"https:\/\/www.getstoryshots.com\/de\/wp-json\/wp\/v2\/types\/page"}],"author":[{"embeddable":true,"href":"https:\/\/www.getstoryshots.com\/de\/wp-json\/wp\/v2\/users\/1"}],"replies":[{"embeddable":true,"href":"https:\/\/www.getstoryshots.com\/de\/wp-json\/wp\/v2\/comments?post=52604"}],"version-history":[{"count":60,"href":"https:\/\/www.getstoryshots.com\/de\/wp-json\/wp\/v2\/pages\/52604\/revisions"}],"predecessor-version":[{"id":98383,"href":"https:\/\/www.getstoryshots.com\/de\/wp-json\/wp\/v2\/pages\/52604\/revisions\/98383"}],"wp:attachment":[{"href":"https:\/\/www.getstoryshots.com\/de\/wp-json\/wp\/v2\/media?parent=52604"}],"curies":[{"name":"wp","href":"https:\/\/api.w.org\/{rel}","templated":true}]}}