{"id":85888,"date":"2022-11-30T14:23:01","date_gmt":"2022-11-30T14:23:01","guid":{"rendered":"https:\/\/www.getstoryshots.com\/?page_id=85888"},"modified":"2024-08-07T10:34:54","modified_gmt":"2024-08-07T10:34:54","slug":"public-roadmap","status":"publish","type":"page","link":"https:\/\/www.getstoryshots.com\/de\/public-roadmap\/","title":{"rendered":"StoryShots \u00d6ffentlicher Fahrplan"},"content":{"rendered":"<p id=\"block-b0bd3297-34fe-487a-affd-38f391820786\"><strong>Auffrischen<\/strong>&nbsp;die Seite, um die neuesten Updates zu sehen. <\/p>\n\n\n\n<p id=\"block-b0bd3297-34fe-487a-affd-38f391820786\">Wir f\u00fcgen regelm\u00e4\u00dfig neue Inhalte hinzu. Helfen Sie uns, neue Inhalte zu priorisieren, indem Sie sie \u00fcber die&nbsp;<em>F\u00fcr neue B\u00fccher abstimmen<\/em>&nbsp;Funktion unter dem Bildschirm Einstellungen <a href=\"https:\/\/www.getstoryshots.com\/de\/\" data-type=\"link\" data-id=\"https:\/\/www.getstoryshots.com\">in der App<\/a>. Diese Funktion ist exklusiv f\u00fcr Premium-Mitglieder. <\/p>\n\n\n\n<p>Um uns bei der Priorisierung neuer Funktionen zu helfen, verwenden Sie <em>Stimmen Sie f\u00fcr neue Funktionen<\/em> auf dem Bildschirm Einstellungen in der App.<\/p>\n\n\n\n<ul class=\"wp-block-list\">\n<li>K\u00dcNFTIGES FEATURE (Q4, 2024) - 30-Tage-Herausforderung zur Selbstverwirklichung<\/li>\n\n\n\n<li><s>K\u00dcNFTIGES FEATURE (Q1-2, 2024) - Wiedergabelisten f\u00fcr die Audioaufnahmen<\/s><\/li>\n\n\n\n<li>UPCOMING FEATURE (2025) - Chromecast-Unterst\u00fctzung f\u00fcr Android<\/li>\n\n\n\n<li><span style=\"color: initial; font-family: -apple-system, BlinkMacSystemFont, &quot;Segoe UI&quot;, Roboto, Oxygen-Sans, Ubuntu, Cantarell, &quot;Helvetica Neue&quot;, sans-serif;\">K\u00dcNFTIGES FEATURE (2025) - Die Benutzeroberfl\u00e4che der App in Spanisch, Portugiesisch, Deutsch, Franz\u00f6sisch und Schwedisch<\/span><\/li>\n\n\n\n<li>K\u00dcNFTIGES FEATURE (2024) - Habit Tracking<\/li>\n\n\n\n<li>K\u00dcNFTIGES FEATURE\/CONTENT (Q3-Q4, 2024) - Alle unsere B\u00fccher werden eine Infografik\/Mind Map enthalten<\/li>\n\n\n\n<li>K\u00dcNFTIGES FEATURE\/CONTENT (Q1, 2025) - Alle unsere B\u00fccher werden StoryShots original animierte Videoaufnahmen haben<\/li>\n\n\n\n<li><s>K\u00dcNFTIGES FEATURE (Q4, 2023) - Erhalten Sie eine Zusammenfassung von fast jedem Buch (mit KI)<\/s> \ud83e\udd16<\/li>\n\n\n\n<li><s>K\u00dcNFTIGES FEATURE\/CONTENT (Januar 2023) - Alle unsere B\u00fccher werden mit einer Original-Audioaufnahme versehen, die es Ihnen erm\u00f6glicht, alle B\u00fccher zu lesen, w\u00e4hrend Sie sie anh\u00f6ren<\/s><br><\/li>\n<\/ul>\n\n\n\n<h2 class=\"wp-block-heading\">Kommende Inhalte (2024):<\/h2>\n\n\n\n<ul class=\"wp-block-list\">\n<li><s>How Will You Measure Your Life?<\/s><\/li>\n\n\n\n<li><s>Das Hindernis ist der Weg<\/s><\/li>\n\n\n\n<li>Teilen Sie niemals die Differenz<\/li>\n\n\n\n<li>Antifragil<\/li>\n\n\n\n<li>Langsame Produktivit\u00e4t<\/li>\n\n\n\n<li><s>Wie man keine Di\u00e4t macht<\/s><\/li>\n\n\n\n<li><s>Der pers\u00f6nliche MBA<\/s><\/li>\n\n\n\n<li>Der Reichtum der Nationen<\/li>\n\n\n\n<li>Das Manifest der Checkliste<\/li>\n\n\n\n<li>Meditationen<\/li>\n\n\n\n<li><s>Die 5 Sprachen der Liebe<\/s><\/li>\n\n\n\n<li>Der kreative Akt<\/li>\n\n\n\n<li>Eine kurze Geschichte der Zeit<\/li>\n\n\n\n<li>Sapiens<\/li>\n\n\n\n<li>Atlas Shrugged<\/li>\n\n\n\n<li>Modelle<\/li>\n\n\n\n<li>Einflussnahme<\/li>\n\n\n\n<li>Hundeschuhe<\/li>\n\n\n\n<li>Von Null auf Eins<\/li>\n\n\n\n<li><s>Wie man mit jedem spricht<\/s><\/li>\n\n\n\n<li><s>Die schwierige Sache mit den schwierigen Dingen<\/s><\/li>\n<\/ul>\n\n\n\n<h2 class=\"wp-block-heading\">KOMMENDE INHALTE (Q4, 2023):<\/h2>\n\n\n\n<ul class=\"wp-block-list\">\n<li><s>Der intelligente Investor<\/s><\/li>\n\n\n\n<li><s>Schnell wie ein M\u00e4dchen<\/s><\/li>\n\n\n\n<li><s>\u00dcberleben<\/s><\/li>\n\n\n\n<li><s>Freunde, Liebhaber und die gro\u00dfe, schreckliche Sache<\/s><\/li>\n\n\n\n<li><s>Unwiderstehlich<\/s><\/li>\n\n\n\n<li><s>Der Alchimist<\/s><\/li>\n\n\n\n<li><s>Der Gl\u00fccksvorteil<\/s><\/li>\n\n\n\n<li><s>Die Psychologie des Geldes<\/s><\/li>\n<\/ul>\n\n\n\n<h2 class=\"wp-block-heading\">K\u00dcNFTIGE INHALTE (Q3, 2023) - Sommerpause:<\/h2>\n\n\n\n<ul class=\"wp-block-list\">\n<li><s>\u00dcbernat\u00fcrlich werden<\/s><\/li>\n\n\n\n<li><s>Gebildet<\/s><\/li>\n\n\n\n<li><s>Das gemeinste Buch aller Zeiten<\/s><\/li>\n<\/ul>\n\n\n\n<h2 class=\"wp-block-heading\">KOMMENDE INHALTE (Q2, 2023):<\/h2>\n\n\n\n<ul id=\"block-0fa3248c-5634-448e-8176-8e2ffd50e762\" class=\"wp-block-list\">\n<li><s>Die Macht des Jetzt<\/s><\/li>\n\n\n\n<li><s>Nie fertiggestellt<\/s><\/li>\n\n\n\n<li><s>Das Gesch\u00e4ft des 21. Jahrhunderts<\/s><\/li>\n\n\n\n<li><s>Die Suche des Menschen nach dem Sinn<\/s><\/li>\n\n\n\n<li><s>Tiefe Arbeit<\/s><\/li>\n\n\n\n<li><s>Neu denken<\/s><\/li>\n\n\n\n<li><s>Wie man ein Stoiker wird<\/s><\/li>\n\n\n\n<li><s>Der 4-Stunden-K\u00f6rper<\/s><\/li>\n\n\n\n<li><s>anstupsen<\/s><\/li>\n\n\n\n<li><span style=\"color: initial; font-family: -apple-system, BlinkMacSystemFont, &quot;Segoe UI&quot;, Roboto, Oxygen-Sans, Ubuntu, Cantarell, &quot;Helvetica Neue&quot;, sans-serif;\"><s>Ich werde dich lehren, reich zu sein<\/s><\/span><\/li>\n\n\n\n<li><s style=\"color: initial; font-family: -apple-system, BlinkMacSystemFont, &quot;Segoe UI&quot;, Roboto, Oxygen-Sans, Ubuntu, Cantarell, &quot;Helvetica Neue&quot;, sans-serif;\">Der E-Mythos revidiert<\/s><\/li>\n\n\n\n<li><s>Reden wie TED<\/s><\/li>\n\n\n\n<li><s>Das schlanke Startup<\/s><\/li>\n<\/ul>\n\n\n\n<h2 class=\"wp-block-heading\">KOMMENDE B\u00dcCHER (Q1, 2023):<span style=\"color: initial; font-family: -apple-system, BlinkMacSystemFont, &quot;Segoe UI&quot;, Roboto, Oxygen-Sans, Ubuntu, Cantarell, &quot;Helvetica Neue&quot;, sans-serif;\"><\/span><\/h2>\n\n\n\n<ul class=\"wp-block-list\">\n<li><s><span style=\"color: initial; font-family: -apple-system, BlinkMacSystemFont, &quot;Segoe UI&quot;, Roboto, Oxygen-Sans, Ubuntu, Cantarell, &quot;Helvetica Neue&quot;, sans-serif;\">Aufbau eines zweiten Gehirns<\/span><\/s><\/li>\n\n\n\n<li><s>Wie Sie Ihre Meinung \u00e4ndern k\u00f6nnen<\/s><\/li>\n\n\n\n<li><s>Verkaufen wie verr\u00fcckt<\/s><\/li>\n\n\n\n<li><s>Winzige Gewohnheiten<\/s><\/li>\n\n\n\n<li><s>Die ersten 20 Stunden<\/s><\/li>\n\n\n\n<li><s>Die vier Vereinbarungen<\/s><\/li>\n\n\n\n<li><s>Der Adipositas-Code<\/s><\/li>\n\n\n\n<li><s>Der t\u00e4gliche Stoiker<\/s><\/li>\n\n\n\n<li><s>Die Gewohnheit brechen, man selbst zu sein<\/s><\/li>\n\n\n\n<li><s>Wie man sich nicht irrt<\/s><\/li>\n\n\n\n<li><s style=\"color: initial; font-family: -apple-system, BlinkMacSystemFont, &quot;Segoe UI&quot;, Roboto, Oxygen-Sans, Ubuntu, Cantarell, &quot;Helvetica Neue&quot;, sans-serif;\">Ersatz<\/s><\/li>\n\n\n\n<li><s>Das Geheimnis<\/s><\/li>\n\n\n\n<li><s>Wie man nicht stirbt<\/s><\/li>\n\n\n\n<li><span style=\"color: initial; font-family: -apple-system, BlinkMacSystemFont, &quot;Segoe UI&quot;, Roboto, Oxygen-Sans, Ubuntu, Cantarell, &quot;Helvetica Neue&quot;, sans-serif;\"><s>Elon Musk<\/s><\/span><\/li>\n\n\n\n<li><s>Neu denken<\/s><\/li>\n\n\n\n<li><s style=\"color: initial; font-family: -apple-system, BlinkMacSystemFont, &quot;Segoe UI&quot;, Roboto, Oxygen-Sans, Ubuntu, Cantarell, &quot;Helvetica Neue&quot;, sans-serif;\">Million\u00e4r Fastlane<\/s><\/li>\n\n\n\n<li><s>Die Kunst der Verf\u00fchrung<\/s><\/li>\n\n\n\n<li><s style=\"color: initial; font-family: -apple-system, BlinkMacSystemFont, &quot;Segoe UI&quot;, Roboto, Oxygen-Sans, Ubuntu, Cantarell, &quot;Helvetica Neue&quot;, sans-serif;\">Der Weg des \u00fcberlegenen Menschen<\/s><\/li>\n\n\n\n<li><s>Zum Verkaufen gebaut<\/s><\/li>\n<\/ul>","protected":false},"excerpt":{"rendered":"<p>Aktualisieren Sie die Seite, um die neuesten Updates zu sehen. Wir f\u00fcgen regelm\u00e4\u00dfig neue Inhalte hinzu. Helfen Sie uns, neue Inhalte zu priorisieren, indem Sie sie mit der Funktion \"F\u00fcr neue B\u00fccher abstimmen\" auf dem Bildschirm \"Einstellungen\" in der App bewerten. Diese Funktion ist exklusiv f\u00fcr Premium-Mitglieder. Um uns bei der Priorisierung neuer Funktionen zu helfen, verwenden Sie die Funktion Vote for new features unter...<\/p>","protected":false},"author":13,"featured_media":0,"parent":0,"menu_order":0,"comment_status":"closed","ping_status":"closed","template":"","meta":{"_acf_changed":false,"_kad_blocks_custom_css":"","_kad_blocks_head_custom_js":"","_kad_blocks_body_custom_js":"","_kad_blocks_footer_custom_js":"","_kadence_starter_templates_imported_post":false,"_kad_post_transparent":"","_kad_post_title":"","_kad_post_layout":"","_kad_post_sidebar_id":"","_kad_post_content_style":"","_kad_post_vertical_padding":"","_kad_post_feature":"","_kad_post_feature_position":"","_kad_post_header":false,"_kad_post_footer":false,"yasr_overall_rating":0,"yasr_post_is_review":"","yasr_auto_insert_disabled":"","yasr_review_type":"","footnotes":""},"class_list":["post-85888","page","type-page","status-publish","hentry"],"acf":[],"yasr_visitor_votes":{"stars_attributes":{"read_only":false,"span_bottom":false},"number_of_votes":0,"sum_votes":0},"taxonomy_info":[],"featured_image_src_large":false,"author_info":{"display_name":"Team StoryShots","author_link":"https:\/\/www.getstoryshots.com\/de\/books\/author\/fuzr6koxtahlfjcigcjjuadpexy2\/"},"comment_info":0,"_links":{"self":[{"href":"https:\/\/www.getstoryshots.com\/de\/wp-json\/wp\/v2\/pages\/85888","targetHints":{"allow":["GET"]}}],"collection":[{"href":"https:\/\/www.getstoryshots.com\/de\/wp-json\/wp\/v2\/pages"}],"about":[{"href":"https:\/\/www.getstoryshots.com\/de\/wp-json\/wp\/v2\/types\/page"}],"author":[{"embeddable":true,"href":"https:\/\/www.getstoryshots.com\/de\/wp-json\/wp\/v2\/users\/13"}],"replies":[{"embeddable":true,"href":"https:\/\/www.getstoryshots.com\/de\/wp-json\/wp\/v2\/comments?post=85888"}],"version-history":[{"count":106,"href":"https:\/\/www.getstoryshots.com\/de\/wp-json\/wp\/v2\/pages\/85888\/revisions"}],"predecessor-version":[{"id":95432,"href":"https:\/\/www.getstoryshots.com\/de\/wp-json\/wp\/v2\/pages\/85888\/revisions\/95432"}],"wp:attachment":[{"href":"https:\/\/www.getstoryshots.com\/de\/wp-json\/wp\/v2\/media?parent=85888"}],"curies":[{"name":"wp","href":"https:\/\/api.w.org\/{rel}","templated":true}]}}