{"id":92618,"date":"2023-10-24T08:21:52","date_gmt":"2023-10-24T08:21:52","guid":{"rendered":"https:\/\/www.getstoryshots.com\/?page_id=92618"},"modified":"2026-01-29T09:19:23","modified_gmt":"2026-01-29T09:19:23","slug":"storyshots-articles","status":"publish","type":"page","link":"https:\/\/www.getstoryshots.com\/de\/storyshots-articles\/","title":{"rendered":"StoryShots f\u00fcr Artikel"},"content":{"rendered":"<p>Verwandeln Sie Ihre lesenswerten Artikel in unterhaltsame Audiozusammenfassungen.<\/p>\n\n\n\n<h2 class=\"wp-block-heading\">Eine neue Art, Artikel zu konsumieren<\/h2>\n\n\n\n<p>Mit StoryShots for Articles k\u00f6nnen Sie die Art und Weise, wie Sie Informationen konsumieren, revolutionieren. Ganz gleich, ob Sie unterwegs sind, Sport treiben oder einfach nur auf der Suche nach einer bequemeren M\u00f6glichkeit sind, sich auf dem Laufenden zu halten - StoryShots for Articles macht Schluss mit dem m\u00fchsamen Lesen langer Artikel, indem es sie in unterhaltsame, lehrreiche und leicht verst\u00e4ndliche Audiodiskussionen umwandelt.<\/p>\n\n\n\n<p class=\"has-text-align-center\"><strong>Melden Sie sich an, wenn Sie es noch nicht getan haben, damit Sie nichts verpassen, wenn wir unsere neue Begleit-App einf\u00fchren.<\/strong><\/p>\n\n\n\n<p class=\"has-text-align-center\">Oder wenden Sie sich an <a href=\"mailto:support@getstoryshots.com?subject=StoryShots%20for%20Articles%20Inquiry\">unser Support-Team<\/a> wenn Sie mehr \u00fcber StoryShots f\u00fcr Artikel erfahren m\u00f6chten.<\/p>\n\n\n\n<p><\/p>","protected":false},"excerpt":{"rendered":"<p>Verwandeln Sie Ihre lesenswerten Artikel in unterhaltsame Audiozusammenfassungen. Eine neue Art, Artikel zu lesen Mit StoryShots for Articles k\u00f6nnen Sie die Art und Weise, wie Sie Informationen konsumieren, revolutionieren. Ganz gleich, ob Sie unterwegs sind, Sport treiben oder einfach nur auf der Suche nach einer bequemeren M\u00f6glichkeit sind, sich auf dem Laufenden zu halten - StoryShots for Articles macht Schluss mit dem m\u00fchsamen Lesen langer Artikel, indem es sie in...<\/p>","protected":false},"author":13,"featured_media":0,"parent":0,"menu_order":0,"comment_status":"open","ping_status":"closed","template":"","meta":{"_acf_changed":false,"_kad_blocks_custom_css":"","_kad_blocks_head_custom_js":"","_kad_blocks_body_custom_js":"","_kad_blocks_footer_custom_js":"","_kadence_starter_templates_imported_post":false,"_kad_post_transparent":"","_kad_post_title":"","_kad_post_layout":"","_kad_post_sidebar_id":"","_kad_post_content_style":"","_kad_post_vertical_padding":"","_kad_post_feature":"","_kad_post_feature_position":"","_kad_post_header":false,"_kad_post_footer":false,"yasr_overall_rating":0,"yasr_post_is_review":"","yasr_auto_insert_disabled":"","yasr_review_type":"","footnotes":""},"class_list":["post-92618","page","type-page","status-publish","hentry"],"acf":[],"yasr_visitor_votes":{"stars_attributes":{"read_only":false,"span_bottom":false},"number_of_votes":0,"sum_votes":0},"taxonomy_info":[],"featured_image_src_large":false,"author_info":{"display_name":"Team StoryShots","author_link":"https:\/\/www.getstoryshots.com\/de\/books\/author\/fuzr6koxtahlfjcigcjjuadpexy2\/"},"comment_info":0,"_links":{"self":[{"href":"https:\/\/www.getstoryshots.com\/de\/wp-json\/wp\/v2\/pages\/92618","targetHints":{"allow":["GET"]}}],"collection":[{"href":"https:\/\/www.getstoryshots.com\/de\/wp-json\/wp\/v2\/pages"}],"about":[{"href":"https:\/\/www.getstoryshots.com\/de\/wp-json\/wp\/v2\/types\/page"}],"author":[{"embeddable":true,"href":"https:\/\/www.getstoryshots.com\/de\/wp-json\/wp\/v2\/users\/13"}],"replies":[{"embeddable":true,"href":"https:\/\/www.getstoryshots.com\/de\/wp-json\/wp\/v2\/comments?post=92618"}],"version-history":[{"count":4,"href":"https:\/\/www.getstoryshots.com\/de\/wp-json\/wp\/v2\/pages\/92618\/revisions"}],"predecessor-version":[{"id":98410,"href":"https:\/\/www.getstoryshots.com\/de\/wp-json\/wp\/v2\/pages\/92618\/revisions\/98410"}],"wp:attachment":[{"href":"https:\/\/www.getstoryshots.com\/de\/wp-json\/wp\/v2\/media?parent=92618"}],"curies":[{"name":"wp","href":"https:\/\/api.w.org\/{rel}","templated":true}]}}