{"id":50657,"date":"2021-03-23T07:12:22","date_gmt":"2021-03-23T07:12:22","guid":{"rendered":"https:\/\/www.getstoryshots.com\/?page_id=50657"},"modified":"2021-11-15T12:52:44","modified_gmt":"2021-11-15T12:52:44","slug":"presskit","status":"publish","type":"page","link":"https:\/\/www.getstoryshots.com\/es\/presskit\/","title":{"rendered":"Kit de prensa"},"content":{"rendered":"<h2 class=\"wp-block-heading\">Nuestra misi\u00f3n<\/h2>\n\n\n\n<p>Los grandes libros de no ficci\u00f3n pueden cambiar vidas. Pero las estad\u00edsticas muestran que 90% de ellos nunca se leen m\u00e1s all\u00e1 del primer cap\u00edtulo. Las distracciones son cada vez mayores y nuestra vida es cada vez m\u00e1s ajetreada. Por si fuera poco, cada persona tiene una cantidad de tiempo libre, un presupuesto y unas preferencias de aprendizaje diferentes. StoryShots est\u00e1 aqu\u00ed para cambiar eso. Somos una empresa emergente de impacto social, con la misi\u00f3n de hacer accesibles las ideas clave de los libros de no ficci\u00f3n m\u00e1s vendidos a <strong>todo el mundo <\/strong>(sin importar su presupuesto, tiempo o estilo de aprendizaje). Creemos que un adolescente de la India rural puede aprender lo mismo que un empresario de Silicon Valley. Todo el mundo tiene derecho a aprender de los mejores libros del mundo.<\/p>\n\n\n\n<h2 class=\"wp-block-heading\">Fundador<\/h2>\n\n\n\n<p>Farid Behnia, con experiencia de trabajo en empresas de la lista Fortune 100 y asociaci\u00f3n con Tim Ferriss, fund\u00f3 StoryShots en 2018. Quer\u00eda hacer posible que todo el mundo tuviera las mismas transformaciones que \u00e9l tuvo en la vida gracias a unos cuantos libros de autoayuda. <\/p>\n\n\n\n<p>Ac\u00e9rcate a <a href=\"mailto:hello@getstoryshots.com\">hello@getstoryshots.com<\/a> para cualquier consulta de los medios de comunicaci\u00f3n.<\/p>\n\n\n\n<h2 class=\"wp-block-heading\">Menciones en los medios de comunicaci\u00f3n<\/h2>\n\n\n\n<p><a href=\"https:\/\/drive.google.com\/drive\/folders\/1QsDpKFMjIL4qn0ZKCkmV90TGBjIgrLqB?usp=sharing\" data-type=\"URL\" data-id=\"https:\/\/drive.google.com\/drive\/folders\/1QsDpKFMjIL4qn0ZKCkmV90TGBjIgrLqB?usp=sharing\" target=\"_blank\" rel=\"noopener\">The Guardian - 20 aplicaciones para mejorar tus habilidades<\/a><\/p>\n\n\n\n<p><a href=\"https:\/\/drive.google.com\/file\/d\/1MNudA_ujEK4pXOhlHMrHw3pGLyEM8nSS\/view?usp=sharing\" data-type=\"URL\" data-id=\"https:\/\/drive.google.com\/file\/d\/1MNudA_ujEK4pXOhlHMrHw3pGLyEM8nSS\/view?usp=sharing\" target=\"_blank\" rel=\"noopener\">The Economist - \u00bfPueden los res\u00famenes de libros de negocios ahorrarle tiempo sin dejar de proporcionarle informaci\u00f3n?<\/a><\/p>\n\n\n\n<p><a href=\"https:\/\/beebom.com\/best-blinkist-alternatives\/\" data-type=\"URL\" data-id=\"https:\/\/beebom.com\/best-blinkist-alternatives\/\" target=\"_blank\" rel=\"noopener\">BeeBom - 12 mejores alternativas a Blinkist que deber\u00edas usar<\/a><\/p>\n\n\n\n<h2 class=\"wp-block-heading\">Premios y otros reconocimientos<\/h2>\n\n\n\n<p>StoryShots ha sido elogiado y recomendado por las siguientes personas e instituciones:<\/p>\n\n\n\n<p>Steven Pinker, PhD - Profesor de Harvard y autor favorito de Bill Gates de todos los tiempos<\/p>\n\n\n\n<p>Steven Kotler - Autor de bestsellers del New York Times, nominado al Premio Pulitzer y experto en Alto Rendimiento<\/p>\n\n\n\n<p>Nami Zarringhalam - Cofundadora de TrueCaller<\/p>\n\n\n\n<p>StoryShots fue el subcampe\u00f3n del Premio de la Cumbre Mundial de las Naciones Unidas al Impacto Social dentro de la categor\u00eda de Educaci\u00f3n. <\/p>\n\n\n\n<p>Naithan Jones - Socio de Andreessen Horowitz<\/p>\n\n\n\n<p><a href=\"https:\/\/www.youtube.com\/watch?v=7-7bpuWRjd4\" data-type=\"URL\" data-id=\"https:\/\/www.youtube.com\/watch?v=7-7bpuWRjd4\" target=\"_blank\" rel=\"noopener\">Puri Jagannadh - Famoso director indio\u00a0<\/a><\/p>\n\n\n\n<div class=\"wp-block-buttons is-layout-flex wp-block-buttons-is-layout-flex\">\n<div class=\"wp-block-button\"><a class=\"wp-block-button__link has-background\" href=\"https:\/\/drive.google.com\/drive\/folders\/1QsDpKFMjIL4qn0ZKCkmV90TGBjIgrLqB?usp=sharing\" style=\"background-color:#ff3000\" target=\"_blank\" rel=\"noreferrer noopener\">Ir al kit de prensa<\/a><\/div>\n<\/div>","protected":false},"excerpt":{"rendered":"<p>Nuestra misi\u00f3n Los grandes libros de no ficci\u00f3n pueden cambiar vidas. Pero las estad\u00edsticas muestran que 90% de ellos nunca se leen m\u00e1s all\u00e1 del primer cap\u00edtulo. Las distracciones aumentan y cada vez vivimos m\u00e1s ocupados. Adem\u00e1s, cada persona dispone de un tiempo libre, un presupuesto y unas preferencias de aprendizaje diferentes. StoryShots est\u00e1 aqu\u00ed para cambiar eso. Somos un...<\/p>","protected":false},"author":13,"featured_media":0,"parent":0,"menu_order":0,"comment_status":"closed","ping_status":"closed","template":"","meta":{"_acf_changed":false,"_kad_blocks_custom_css":"","_kad_blocks_head_custom_js":"","_kad_blocks_body_custom_js":"","_kad_blocks_footer_custom_js":"","_kadence_starter_templates_imported_post":false,"_kad_post_transparent":"","_kad_post_title":"","_kad_post_layout":"","_kad_post_sidebar_id":"","_kad_post_content_style":"","_kad_post_vertical_padding":"","_kad_post_feature":"","_kad_post_feature_position":"","_kad_post_header":false,"_kad_post_footer":false,"yasr_overall_rating":0,"yasr_post_is_review":"","yasr_auto_insert_disabled":"","yasr_review_type":"","footnotes":""},"class_list":["post-50657","page","type-page","status-publish","hentry"],"acf":[],"yasr_visitor_votes":{"stars_attributes":{"read_only":false,"span_bottom":false},"number_of_votes":0,"sum_votes":0},"taxonomy_info":[],"featured_image_src_large":false,"author_info":{"display_name":"Team StoryShots","author_link":"https:\/\/www.getstoryshots.com\/es\/books\/author\/fuzr6koxtahlfjcigcjjuadpexy2\/"},"comment_info":0,"_links":{"self":[{"href":"https:\/\/www.getstoryshots.com\/es\/wp-json\/wp\/v2\/pages\/50657","targetHints":{"allow":["GET"]}}],"collection":[{"href":"https:\/\/www.getstoryshots.com\/es\/wp-json\/wp\/v2\/pages"}],"about":[{"href":"https:\/\/www.getstoryshots.com\/es\/wp-json\/wp\/v2\/types\/page"}],"author":[{"embeddable":true,"href":"https:\/\/www.getstoryshots.com\/es\/wp-json\/wp\/v2\/users\/13"}],"replies":[{"embeddable":true,"href":"https:\/\/www.getstoryshots.com\/es\/wp-json\/wp\/v2\/comments?post=50657"}],"version-history":[{"count":0,"href":"https:\/\/www.getstoryshots.com\/es\/wp-json\/wp\/v2\/pages\/50657\/revisions"}],"wp:attachment":[{"href":"https:\/\/www.getstoryshots.com\/es\/wp-json\/wp\/v2\/media?parent=50657"}],"curies":[{"name":"wp","href":"https:\/\/api.w.org\/{rel}","templated":true}]}}