{"id":85888,"date":"2022-11-30T14:23:01","date_gmt":"2022-11-30T14:23:01","guid":{"rendered":"https:\/\/www.getstoryshots.com\/?page_id=85888"},"modified":"2024-08-07T10:34:54","modified_gmt":"2024-08-07T10:34:54","slug":"public-roadmap","status":"publish","type":"page","link":"https:\/\/www.getstoryshots.com\/es\/public-roadmap\/","title":{"rendered":"Hoja de ruta p\u00fablica de StoryShots"},"content":{"rendered":"<p id=\"block-b0bd3297-34fe-487a-affd-38f391820786\"><strong>Actualizar<\/strong>&nbsp;la p\u00e1gina para ver las \u00faltimas actualizaciones. <\/p>\n\n\n\n<p id=\"block-b0bd3297-34fe-487a-affd-38f391820786\">A\u00f1adimos nuevos contenidos con regularidad. Ay\u00fadanos a dar prioridad a los nuevos contenidos vot\u00e1ndolos con el bot\u00f3n&nbsp;<em>Vote por los nuevos libros<\/em>&nbsp;en la pantalla de Configuraci\u00f3n <a href=\"https:\/\/www.getstoryshots.com\/es\/\" data-type=\"link\" data-id=\"https:\/\/www.getstoryshots.com\">en la aplicaci\u00f3n<\/a>. Esta funci\u00f3n es exclusiva de los usuarios Premium. <\/p>\n\n\n\n<p>Para ayudarnos a priorizar nuevas funciones, utilice <em>Vote por las nuevas caracter\u00edsticas<\/em> en la pantalla de Ajustes de la aplicaci\u00f3n.<\/p>\n\n\n\n<ul class=\"wp-block-list\">\n<li>CARACTER\u00cdSTICAS PR\u00d3XIMAS (cuarto trimestre de 2024) - Reto de 30 d\u00edas de crecimiento personal<\/li>\n\n\n\n<li><s>CARACTER\u00cdSTICA PROXIMA (Q1-2, 2024) - Listas de reproducci\u00f3n para las tomas de audio<\/s><\/li>\n\n\n\n<li>CARACTER\u00cdSTICA PROXIMA (2025) - Compatibilidad con Chromecast en Android<\/li>\n\n\n\n<li><span style=\"color: initial; font-family: -apple-system, BlinkMacSystemFont, &quot;Segoe UI&quot;, Roboto, Oxygen-Sans, Ubuntu, Cantarell, &quot;Helvetica Neue&quot;, sans-serif;\">CARACTER\u00cdSTICAS PROXIMAS (2025) - Interfaz de usuario de la aplicaci\u00f3n en espa\u00f1ol, portugu\u00e9s, alem\u00e1n, franc\u00e9s y sueco.<\/span><\/li>\n\n\n\n<li>CARACTER\u00cdSTICA PROXIMA (2024) - Seguimiento de h\u00e1bitos<\/li>\n\n\n\n<li>PR\u00d3XIMA CARACTER\u00cdSTICA\/CONTEMPLIMIENTO (Q3-Q4, 2024) - Todos nuestros libros tendr\u00e1n una infograf\u00eda\/mapa mental<\/li>\n\n\n\n<li>PR\u00d3XIMA CARACTER\u00cdSTICA\/CONTEMPLIMIENTO (primer trimestre de 2025) - Todos nuestros libros contar\u00e1n con tomas de v\u00eddeo animadas originales de StoryShots.<\/li>\n\n\n\n<li><s>CARACTER\u00cdSTICAS PROXIMAS (4T, 2023) - Obtenga un resumen de casi cualquier libro (con IA)<\/s> \ud83e\udd16<\/li>\n\n\n\n<li><s>PR\u00d3XIMA CARACTER\u00cdSTICA\/CONTEMPLIMIENTO (enero de 2023) - Todos nuestros libros tendr\u00e1n una toma de audio original que le permitir\u00e1 leer mientras escucha todos los libros.<\/s><br><\/li>\n<\/ul>\n\n\n\n<h2 class=\"wp-block-heading\">Pr\u00f3ximos contenidos (2024):<\/h2>\n\n\n\n<ul class=\"wp-block-list\">\n<li><s>How Will You Measure Your Life?<\/s><\/li>\n\n\n\n<li><s>El obst\u00e1culo es el camino<\/s><\/li>\n\n\n\n<li>Nunca dividir la diferencia<\/li>\n\n\n\n<li>Antifr\u00e1gil<\/li>\n\n\n\n<li>Productividad lenta<\/li>\n\n\n\n<li><s>C\u00f3mo no hacer dieta<\/s><\/li>\n\n\n\n<li><s>El MBA personal<\/s><\/li>\n\n\n\n<li>La riqueza de las naciones<\/li>\n\n\n\n<li>El Manifiesto de la Lista de Control<\/li>\n\n\n\n<li>Meditaciones<\/li>\n\n\n\n<li><s>Los 5 lenguajes del amor<\/s><\/li>\n\n\n\n<li>El acto creativo<\/li>\n\n\n\n<li>Una breve historia del tiempo<\/li>\n\n\n\n<li>Sapiens<\/li>\n\n\n\n<li>Atlas Shrugged<\/li>\n\n\n\n<li>Modelos<\/li>\n\n\n\n<li>Influencia<\/li>\n\n\n\n<li>Perro zapatero<\/li>\n\n\n\n<li>De cero a uno<\/li>\n\n\n\n<li><s>C\u00f3mo hablar con cualquiera<\/s><\/li>\n\n\n\n<li><s>Lo dif\u00edcil de las cosas dif\u00edciles<\/s><\/li>\n<\/ul>\n\n\n\n<h2 class=\"wp-block-heading\">PR\u00d3XIMOS CONTENIDOS (Q4, 2023):<\/h2>\n\n\n\n<ul class=\"wp-block-list\">\n<li><s>El inversor inteligente<\/s><\/li>\n\n\n\n<li><s>R\u00e1pido como una chica<\/s><\/li>\n\n\n\n<li><s>Sobrevive a<\/s><\/li>\n\n\n\n<li><s>Amigos, amantes y la gran cosa terrible<\/s><\/li>\n\n\n\n<li><s>Indistractible<\/s><\/li>\n\n\n\n<li><s>El Alquimista<\/s><\/li>\n\n\n\n<li><s>La ventaja de la felicidad<\/s><\/li>\n\n\n\n<li><s>La psicolog\u00eda del dinero<\/s><\/li>\n<\/ul>\n\n\n\n<h2 class=\"wp-block-heading\">PR\u00d3XIMOS CONTENIDOS (Q3, 2023) - Vacaciones de verano:<\/h2>\n\n\n\n<ul class=\"wp-block-list\">\n<li><s>Volverse sobrenatural<\/s><\/li>\n\n\n\n<li><s>Educado<\/s><\/li>\n\n\n\n<li><s>El libro m\u00e1s grosero<\/s><\/li>\n<\/ul>\n\n\n\n<h2 class=\"wp-block-heading\">PR\u00d3XIMOS CONTENIDOS (Q2, 2023):<\/h2>\n\n\n\n<ul id=\"block-0fa3248c-5634-448e-8176-8e2ffd50e762\" class=\"wp-block-list\">\n<li><s>El poder del ahora<\/s><\/li>\n\n\n\n<li><s>Sin terminar<\/s><\/li>\n\n\n\n<li><s>El negocio del siglo XXI<\/s><\/li>\n\n\n\n<li><s>La b\u00fasqueda de sentido del hombre<\/s><\/li>\n\n\n\n<li><s>Trabajo en profundidad<\/s><\/li>\n\n\n\n<li><s>Pi\u00e9nsalo de nuevo<\/s><\/li>\n\n\n\n<li><s>C\u00f3mo ser un estoico<\/s><\/li>\n\n\n\n<li><s>El cuerpo de 4 horas<\/s><\/li>\n\n\n\n<li><s>Un empuj\u00f3n a<\/s><\/li>\n\n\n\n<li><span style=\"color: initial; font-family: -apple-system, BlinkMacSystemFont, &quot;Segoe UI&quot;, Roboto, Oxygen-Sans, Ubuntu, Cantarell, &quot;Helvetica Neue&quot;, sans-serif;\"><s>Te ense\u00f1ar\u00e9 a ser rico<\/s><\/span><\/li>\n\n\n\n<li><s style=\"color: initial; font-family: -apple-system, BlinkMacSystemFont, &quot;Segoe UI&quot;, Roboto, Oxygen-Sans, Ubuntu, Cantarell, &quot;Helvetica Neue&quot;, sans-serif;\">El Mito de la Emisi\u00f3n revisado<\/s><\/li>\n\n\n\n<li><s>Habla como TED<\/s><\/li>\n\n\n\n<li><s>El Lean Startup<\/s><\/li>\n<\/ul>\n\n\n\n<h2 class=\"wp-block-heading\">PR\u00d3XIMOS LIBROS (Q1, 2023):<span style=\"color: initial; font-family: -apple-system, BlinkMacSystemFont, &quot;Segoe UI&quot;, Roboto, Oxygen-Sans, Ubuntu, Cantarell, &quot;Helvetica Neue&quot;, sans-serif;\"><\/span><\/h2>\n\n\n\n<ul class=\"wp-block-list\">\n<li><s><span style=\"color: initial; font-family: -apple-system, BlinkMacSystemFont, &quot;Segoe UI&quot;, Roboto, Oxygen-Sans, Ubuntu, Cantarell, &quot;Helvetica Neue&quot;, sans-serif;\">Construir un segundo cerebro<\/span><\/s><\/li>\n\n\n\n<li><s>C\u00f3mo cambiar de opini\u00f3n<\/s><\/li>\n\n\n\n<li><s>Vender como un loco<\/s><\/li>\n\n\n\n<li><s>Peque\u00f1os h\u00e1bitos<\/s><\/li>\n\n\n\n<li><s>Las primeras 20 horas<\/s><\/li>\n\n\n\n<li><s>Los cuatro acuerdos<\/s><\/li>\n\n\n\n<li><s>El c\u00f3digo de la obesidad<\/s><\/li>\n\n\n\n<li><s>El estoico diario<\/s><\/li>\n\n\n\n<li><s>Romper el h\u00e1bito de ser uno mismo<\/s><\/li>\n\n\n\n<li><s>C\u00f3mo no equivocarse<\/s><\/li>\n\n\n\n<li><s style=\"color: initial; font-family: -apple-system, BlinkMacSystemFont, &quot;Segoe UI&quot;, Roboto, Oxygen-Sans, Ubuntu, Cantarell, &quot;Helvetica Neue&quot;, sans-serif;\">Recambio<\/s><\/li>\n\n\n\n<li><s>El secreto<\/s><\/li>\n\n\n\n<li><s>C\u00f3mo no morir<\/s><\/li>\n\n\n\n<li><span style=\"color: initial; font-family: -apple-system, BlinkMacSystemFont, &quot;Segoe UI&quot;, Roboto, Oxygen-Sans, Ubuntu, Cantarell, &quot;Helvetica Neue&quot;, sans-serif;\"><s>Elon Musk<\/s><\/span><\/li>\n\n\n\n<li><s>Pi\u00e9nsalo de nuevo<\/s><\/li>\n\n\n\n<li><s style=\"color: initial; font-family: -apple-system, BlinkMacSystemFont, &quot;Segoe UI&quot;, Roboto, Oxygen-Sans, Ubuntu, Cantarell, &quot;Helvetica Neue&quot;, sans-serif;\">Millionaire Fastlane<\/s><\/li>\n\n\n\n<li><s>El arte de la seducci\u00f3n<\/s><\/li>\n\n\n\n<li><s style=\"color: initial; font-family: -apple-system, BlinkMacSystemFont, &quot;Segoe UI&quot;, Roboto, Oxygen-Sans, Ubuntu, Cantarell, &quot;Helvetica Neue&quot;, sans-serif;\">El camino del hombre superior<\/s><\/li>\n\n\n\n<li><s>Dise\u00f1ado para vender<\/s><\/li>\n<\/ul>","protected":false},"excerpt":{"rendered":"<p>Actualice la p\u00e1gina para ver las \u00faltimas actualizaciones. A\u00f1adimos nuevos contenidos con regularidad. Ay\u00fadanos a dar prioridad a los nuevos contenidos vot\u00e1ndolos mediante la funci\u00f3n Votar nuevos libros en la pantalla Configuraci\u00f3n de la aplicaci\u00f3n. Esta funci\u00f3n es exclusiva para usuarios Premium. Para ayudarnos a dar prioridad a las nuevas funciones, utiliza la funci\u00f3n Votar por...<\/p>","protected":false},"author":13,"featured_media":0,"parent":0,"menu_order":0,"comment_status":"closed","ping_status":"closed","template":"","meta":{"_acf_changed":false,"_kad_blocks_custom_css":"","_kad_blocks_head_custom_js":"","_kad_blocks_body_custom_js":"","_kad_blocks_footer_custom_js":"","_kadence_starter_templates_imported_post":false,"_kad_post_transparent":"","_kad_post_title":"","_kad_post_layout":"","_kad_post_sidebar_id":"","_kad_post_content_style":"","_kad_post_vertical_padding":"","_kad_post_feature":"","_kad_post_feature_position":"","_kad_post_header":false,"_kad_post_footer":false,"yasr_overall_rating":0,"yasr_post_is_review":"","yasr_auto_insert_disabled":"","yasr_review_type":"","footnotes":""},"class_list":["post-85888","page","type-page","status-publish","hentry"],"acf":[],"yasr_visitor_votes":{"stars_attributes":{"read_only":false,"span_bottom":false},"number_of_votes":0,"sum_votes":0},"taxonomy_info":[],"featured_image_src_large":false,"author_info":{"display_name":"Team StoryShots","author_link":"https:\/\/www.getstoryshots.com\/es\/books\/author\/fuzr6koxtahlfjcigcjjuadpexy2\/"},"comment_info":0,"_links":{"self":[{"href":"https:\/\/www.getstoryshots.com\/es\/wp-json\/wp\/v2\/pages\/85888","targetHints":{"allow":["GET"]}}],"collection":[{"href":"https:\/\/www.getstoryshots.com\/es\/wp-json\/wp\/v2\/pages"}],"about":[{"href":"https:\/\/www.getstoryshots.com\/es\/wp-json\/wp\/v2\/types\/page"}],"author":[{"embeddable":true,"href":"https:\/\/www.getstoryshots.com\/es\/wp-json\/wp\/v2\/users\/13"}],"replies":[{"embeddable":true,"href":"https:\/\/www.getstoryshots.com\/es\/wp-json\/wp\/v2\/comments?post=85888"}],"version-history":[{"count":106,"href":"https:\/\/www.getstoryshots.com\/es\/wp-json\/wp\/v2\/pages\/85888\/revisions"}],"predecessor-version":[{"id":95432,"href":"https:\/\/www.getstoryshots.com\/es\/wp-json\/wp\/v2\/pages\/85888\/revisions\/95432"}],"wp:attachment":[{"href":"https:\/\/www.getstoryshots.com\/es\/wp-json\/wp\/v2\/media?parent=85888"}],"curies":[{"name":"wp","href":"https:\/\/api.w.org\/{rel}","templated":true}]}}