{"id":92618,"date":"2023-10-24T08:21:52","date_gmt":"2023-10-24T08:21:52","guid":{"rendered":"https:\/\/www.getstoryshots.com\/?page_id=92618"},"modified":"2026-01-29T09:19:23","modified_gmt":"2026-01-29T09:19:23","slug":"storyshots-articles","status":"publish","type":"page","link":"https:\/\/www.getstoryshots.com\/es\/storyshots-articles\/","title":{"rendered":"StoryShots para art\u00edculos"},"content":{"rendered":"<p>Convierta los art\u00edculos que desea leer en ricos res\u00famenes de audio conversacionales.<\/p>\n\n\n\n<h2 class=\"wp-block-heading\">Una nueva forma de consumir art\u00edculos<\/h2>\n\n\n\n<p>Puedes revolucionar tu forma de consumir informaci\u00f3n con StoryShots for Articles. Tanto si se desplaza, hace ejercicio o simplemente busca una forma m\u00e1s c\u00f3moda de mantenerse al d\u00eda, StoryShots for Articles elimina la dificultad de leer art\u00edculos largos convirti\u00e9ndolos en debates de audio amenos, educativos y f\u00e1cilmente comprensibles.<\/p>\n\n\n\n<p class=\"has-text-align-center\"><strong>Reg\u00edstrese si a\u00fan no lo ha hecho para no perderse nada cuando lancemos nuestra nueva aplicaci\u00f3n complementaria.<\/strong><\/p>\n\n\n\n<p class=\"has-text-align-center\">O p\u00f3ngase en contacto con <a href=\"mailto:support@getstoryshots.com?subject=StoryShots%20for%20Articles%20Inquiry\">nuestro equipo de asistencia<\/a> si desea obtener m\u00e1s informaci\u00f3n sobre StoryShots para art\u00edculos.<\/p>\n\n\n\n<p><\/p>","protected":false},"excerpt":{"rendered":"<p>Convierta los art\u00edculos que desea leer en ricos res\u00famenes de audio conversacionales. Una nueva forma de consumir art\u00edculos Puede revolucionar su forma de consumir informaci\u00f3n con StoryShots para art\u00edculos. Ya sea que est\u00e9 en movimiento, haciendo ejercicio, o simplemente buscando una manera m\u00e1s conveniente de mantenerse actualizado, StoryShots para Art\u00edculos elimina la dificultad de leer art\u00edculos largos convirti\u00e9ndolos en...<\/p>","protected":false},"author":13,"featured_media":0,"parent":0,"menu_order":0,"comment_status":"open","ping_status":"closed","template":"","meta":{"_acf_changed":false,"_kad_blocks_custom_css":"","_kad_blocks_head_custom_js":"","_kad_blocks_body_custom_js":"","_kad_blocks_footer_custom_js":"","_kadence_starter_templates_imported_post":false,"_kad_post_transparent":"","_kad_post_title":"","_kad_post_layout":"","_kad_post_sidebar_id":"","_kad_post_content_style":"","_kad_post_vertical_padding":"","_kad_post_feature":"","_kad_post_feature_position":"","_kad_post_header":false,"_kad_post_footer":false,"yasr_overall_rating":0,"yasr_post_is_review":"","yasr_auto_insert_disabled":"","yasr_review_type":"","footnotes":""},"class_list":["post-92618","page","type-page","status-publish","hentry"],"acf":[],"yasr_visitor_votes":{"stars_attributes":{"read_only":false,"span_bottom":false},"number_of_votes":0,"sum_votes":0},"taxonomy_info":[],"featured_image_src_large":false,"author_info":{"display_name":"Team StoryShots","author_link":"https:\/\/www.getstoryshots.com\/es\/books\/author\/fuzr6koxtahlfjcigcjjuadpexy2\/"},"comment_info":0,"_links":{"self":[{"href":"https:\/\/www.getstoryshots.com\/es\/wp-json\/wp\/v2\/pages\/92618","targetHints":{"allow":["GET"]}}],"collection":[{"href":"https:\/\/www.getstoryshots.com\/es\/wp-json\/wp\/v2\/pages"}],"about":[{"href":"https:\/\/www.getstoryshots.com\/es\/wp-json\/wp\/v2\/types\/page"}],"author":[{"embeddable":true,"href":"https:\/\/www.getstoryshots.com\/es\/wp-json\/wp\/v2\/users\/13"}],"replies":[{"embeddable":true,"href":"https:\/\/www.getstoryshots.com\/es\/wp-json\/wp\/v2\/comments?post=92618"}],"version-history":[{"count":4,"href":"https:\/\/www.getstoryshots.com\/es\/wp-json\/wp\/v2\/pages\/92618\/revisions"}],"predecessor-version":[{"id":98410,"href":"https:\/\/www.getstoryshots.com\/es\/wp-json\/wp\/v2\/pages\/92618\/revisions\/98410"}],"wp:attachment":[{"href":"https:\/\/www.getstoryshots.com\/es\/wp-json\/wp\/v2\/media?parent=92618"}],"curies":[{"name":"wp","href":"https:\/\/api.w.org\/{rel}","templated":true}]}}