{"id":97763,"date":"2025-05-29T15:27:10","date_gmt":"2025-05-29T15:27:10","guid":{"rendered":"https:\/\/www.getstoryshots.com\/?page_id=97763"},"modified":"2025-05-29T15:27:12","modified_gmt":"2025-05-29T15:27:12","slug":"cookie-policy","status":"publish","type":"page","link":"https:\/\/www.getstoryshots.com\/es\/cookie-policy\/","title":{"rendered":"Pol\u00edtica de cookies"},"content":{"rendered":"<p><strong>\u00daltima actualizaci\u00f3n:<\/strong> 29\/5\/2025<\/p>\n\n\n\n<h2 class=\"wp-block-heading\">Qu\u00e9 son las cookies<\/h2>\n\n\n\n<p>Las cookies son peque\u00f1os archivos de texto que se colocan en su dispositivo cuando visita nuestro sitio web. Nos ayudan a ofrecerle una mejor experiencia al recordar sus preferencias y analizar c\u00f3mo utiliza nuestro sitio.<\/p>\n\n\n\n<h2 class=\"wp-block-heading\">C\u00f3mo utilizamos las cookies<\/h2>\n\n\n\n<h3 class=\"wp-block-heading\">Galletas esenciales<\/h3>\n\n\n\n<p>Estas cookies son necesarias para que nuestro sitio web funcione correctamente. Permiten funciones b\u00e1sicas como la navegaci\u00f3n por las p\u00e1ginas y el acceso a zonas seguras.<\/p>\n\n\n\n<ul class=\"wp-block-list\">\n<li>Gesti\u00f3n de sesiones<\/li>\n\n\n\n<li>Elementos de seguridad<\/li>\n\n\n\n<li>Equilibrio de la carga<\/li>\n<\/ul>\n\n\n\n<h3 class=\"wp-block-heading\">Cookies anal\u00edticas<\/h3>\n\n\n\n<p>Utilizamos estas cookies para comprender c\u00f3mo interact\u00faan los visitantes con nuestro sitio web.<\/p>\n\n\n\n<h4 class=\"wp-block-heading\">Google Analytics<\/h4>\n\n\n\n<p><strong>Prop\u00f3sito:<\/strong> An\u00e1lisis del tr\u00e1fico del sitio web y seguimiento del comportamiento de los usuarios<\/p>\n\n\n\n<p><strong>Duraci\u00f3n:<\/strong> Hasta 2 a\u00f1os<\/p>\n\n\n\n<p><strong>Exclusi\u00f3n voluntaria:<\/strong> <a href=\"https:\/\/tools.google.com\/dlpage\/gaoptout\" target=\"_blank\" rel=\"noreferrer noopener\">Inhabilitaci\u00f3n de Google Analytics<\/a><\/p>\n\n\n\n<h4 class=\"wp-block-heading\">Amplitud<\/h4>\n\n\n\n<p><strong>Prop\u00f3sito:<\/strong> Optimizaci\u00f3n de la experiencia del usuario y an\u00e1lisis de productos<\/p>\n\n\n\n<p><strong>Duraci\u00f3n:<\/strong> Hasta 1 a\u00f1o<\/p>\n\n\n\n<p><strong>Exclusi\u00f3n voluntaria:<\/strong> P\u00f3ngase en contacto con nosotros en <a href=\"mailto:support@getstoryshots.com\" data-type=\"mailto\" data-id=\"mailto:support@getstoryshots.com\">support@getstoryshots.com<\/a><\/p>\n\n\n\n<h3 class=\"wp-block-heading\">Cookies de marketing<\/h3>\n\n\n\n<p>Estas cookies rastrean su actividad para ayudarnos a mostrarle contenidos m\u00e1s relevantes.<\/p>\n\n\n\n<ul class=\"wp-block-list\">\n<li>Seguimiento de suscripciones por correo electr\u00f3nico<\/li>\n\n\n\n<li>Preferencias del bolet\u00edn<\/li>\n\n\n\n<li>Eficacia de las campa\u00f1as de marketing<\/li>\n<\/ul>\n\n\n\n<h2 class=\"wp-block-heading\">Gesti\u00f3n de sus preferencias de cookies<\/h2>\n\n\n\n<h3 class=\"wp-block-heading\">Configuraci\u00f3n del navegador<\/h3>\n\n\n\n<p>Puede controlar las cookies a trav\u00e9s de la configuraci\u00f3n de su navegador:<\/p>\n\n\n\n<ul class=\"wp-block-list\">\n<li><strong>Cromo:<\/strong> Configuraci\u00f3n \u2192 Privacidad y seguridad \u2192 Cookies y otros datos del sitio.<\/li>\n\n\n\n<li><strong>Firefox:<\/strong> Configuraci\u00f3n \u2192 Privacidad y seguridad \u2192 Cookies y datos del sitio.<\/li>\n\n\n\n<li><strong>Safari:<\/strong> Preferencias \u2192 Privacidad \u2192 Gestionar datos del sitio web<\/li>\n\n\n\n<li><strong>Borde:<\/strong> Configuraci\u00f3n \u2192 Cookies y permisos del sitio<\/li>\n<\/ul>\n\n\n\n<h3 class=\"wp-block-heading\">Herramientas de exclusi\u00f3n<\/h3>\n\n\n\n<ul class=\"wp-block-list\">\n<li><a href=\"https:\/\/tools.google.com\/dlpage\/gaoptout\" target=\"_blank\" rel=\"noreferrer noopener\">Complemento de inhabilitaci\u00f3n para navegadores de Google Analytics<\/a><\/li>\n\n\n\n<li><a href=\"https:\/\/optout.networkadvertising.org\/\" target=\"_blank\" rel=\"noreferrer noopener\">Exclusi\u00f3n voluntaria de la Network Advertising Initiative<\/a><\/li>\n\n\n\n<li><a href=\"http:\/\/www.aboutads.info\/choices\/\" target=\"_blank\" rel=\"noreferrer noopener\">Exclusi\u00f3n voluntaria de la Digital Advertising Alliance<\/a><\/li>\n<\/ul>\n\n\n\n<h2 class=\"wp-block-heading\">Contacto<\/h2>\n\n\n\n<p>Si tiene alguna pregunta sobre nuestra pol\u00edtica de cookies, p\u00f3ngase en contacto con nosotros:<\/p>\n\n\n\n<ul class=\"wp-block-list\">\n<li><strong>Correo electr\u00f3nico:<\/strong> <a href=\"mailto:support@getstoryshots.com\" target=\"_blank\" rel=\"noreferrer noopener\">support@getstoryshots.com<\/a><\/li>\n\n\n\n<li><strong>Direcci\u00f3n:<\/strong> Parsida AB, Kindstugatan 3, 111 31 Estocolmo, Suecia<\/li>\n<\/ul>","protected":false},"excerpt":{"rendered":"<p>\u00daltima actualizaci\u00f3n: 29\/5\/2025 Qu\u00e9 son las cookies Las cookies son peque\u00f1os archivos de texto que se colocan en su dispositivo cuando visita nuestro sitio web. Nos ayudan a ofrecerle una mejor experiencia recordando sus preferencias y analizando c\u00f3mo utiliza nuestro sitio. C\u00f3mo utilizamos las cookies Cookies esenciales Estas cookies son necesarias para que nuestro sitio web...<\/p>","protected":false},"author":13,"featured_media":0,"parent":0,"menu_order":0,"comment_status":"closed","ping_status":"closed","template":"","meta":{"_acf_changed":false,"_kad_blocks_custom_css":"","_kad_blocks_head_custom_js":"","_kad_blocks_body_custom_js":"","_kad_blocks_footer_custom_js":"","_kadence_starter_templates_imported_post":false,"_kad_post_transparent":"","_kad_post_title":"","_kad_post_layout":"","_kad_post_sidebar_id":"","_kad_post_content_style":"","_kad_post_vertical_padding":"","_kad_post_feature":"","_kad_post_feature_position":"","_kad_post_header":false,"_kad_post_footer":false,"yasr_overall_rating":0,"yasr_post_is_review":"","yasr_auto_insert_disabled":"","yasr_review_type":"","footnotes":""},"class_list":["post-97763","page","type-page","status-publish","hentry"],"acf":[],"yasr_visitor_votes":{"stars_attributes":{"read_only":false,"span_bottom":false},"number_of_votes":0,"sum_votes":0},"taxonomy_info":[],"featured_image_src_large":false,"author_info":{"display_name":"Team StoryShots","author_link":"https:\/\/www.getstoryshots.com\/es\/books\/author\/fuzr6koxtahlfjcigcjjuadpexy2\/"},"comment_info":0,"_links":{"self":[{"href":"https:\/\/www.getstoryshots.com\/es\/wp-json\/wp\/v2\/pages\/97763","targetHints":{"allow":["GET"]}}],"collection":[{"href":"https:\/\/www.getstoryshots.com\/es\/wp-json\/wp\/v2\/pages"}],"about":[{"href":"https:\/\/www.getstoryshots.com\/es\/wp-json\/wp\/v2\/types\/page"}],"author":[{"embeddable":true,"href":"https:\/\/www.getstoryshots.com\/es\/wp-json\/wp\/v2\/users\/13"}],"replies":[{"embeddable":true,"href":"https:\/\/www.getstoryshots.com\/es\/wp-json\/wp\/v2\/comments?post=97763"}],"version-history":[{"count":1,"href":"https:\/\/www.getstoryshots.com\/es\/wp-json\/wp\/v2\/pages\/97763\/revisions"}],"predecessor-version":[{"id":97764,"href":"https:\/\/www.getstoryshots.com\/es\/wp-json\/wp\/v2\/pages\/97763\/revisions\/97764"}],"wp:attachment":[{"href":"https:\/\/www.getstoryshots.com\/es\/wp-json\/wp\/v2\/media?parent=97763"}],"curies":[{"name":"wp","href":"https:\/\/api.w.org\/{rel}","templated":true}]}}