{"id":1470,"date":"2021-08-01T09:13:51","date_gmt":"2021-08-01T09:13:51","guid":{"rendered":"https:\/\/www.getstoryshots.com\/?page_id=1470"},"modified":"2024-05-30T13:01:42","modified_gmt":"2024-05-30T13:01:42","slug":"faq","status":"publish","type":"page","link":"https:\/\/www.getstoryshots.com\/fr\/faq\/","title":{"rendered":"Questions fr\u00e9quemment pos\u00e9es"},"content":{"rendered":"<h2 class=\"wp-block-heading\">StoryShots AI<\/h2>\n\n\n\n<h3 class=\"wp-block-heading\">Que font les cr\u00e9dits d'IA ?<\/h3>\n\n\n\n<p>\u00c0 l'heure actuelle, les cr\u00e9dits d'IA vous permettent de g\u00e9n\u00e9rer des informations cl\u00e9s pour pratiquement n'importe quel livre \"en dehors\" de notre collection existante. Cela vous donnera pratiquement acc\u00e8s \u00e0 plus de 300 000 livres. \u00c0 l'avenir, nous pourrons vous permettre de g\u00e9n\u00e9rer des quiz, des \u00e9tapes d'action, des cours, etc. \u00e0 la vol\u00e9e \u00e0 l'aide de l'IA.<\/p>\n\n\n\n<h2 class=\"wp-block-heading\">Probl\u00e8mes de connexion<\/h2>\n\n\n\n<h3 class=\"wp-block-heading\">Je ne peux pas me connecter. J'obtiens un chargeur en boucle lorsque j'essaie de me connecter par courrier \u00e9lectronique. J'obtiens l'erreur \"Invalid Dynamic Link\" lorsque j'essaie de me connecter par courriel.<\/h3>\n\n\n\n<p>Veillez \u00e0 ouvrir le lien dans la m\u00eame fen\u00eatre de navigateur que celle o\u00f9 vous avez tent\u00e9 de vous connecter. Si vous recevez l'e-mail dans un autre navigateur, cliquez avec le bouton droit de la souris sur le lien contenu dans l'e-mail, copiez son adresse et collez-la dans le m\u00eame onglet du navigateur.<\/p>\n\n\n\n<p>Si vous vous connectez aux applications, assurez-vous que l'e-mail est ouvert dans votre navigateur mobile (et non dans l'\"application\" de messagerie mobile). Appuyez longuement sur le lien, puis choisissez de l'ouvrir dans l'application native. Si vous recevez l'e-mail sur un autre appareil, envoyez-vous l'adresse du lien via les applications de m\u00e9dias sociaux et ouvrez-le sur votre appareil mobile.<\/p>\n\n\n\n<p>Si le probl\u00e8me persiste, veuillez envoyer un simple enregistrement d'\u00e9cran \u00e0 <a href=\"mailto:support@getstoryshots.com\" data-type=\"mailto\" data-id=\"mailto:support@getstoryshots.com\">notre soutien<\/a> ou fournir plus de d\u00e9tails et des captures d'\u00e9cran.<\/p>\n\n\n\n<h3 class=\"wp-block-heading\">J'ai \u00e9chang\u00e9 mon code AppSumo mais je n'ai pas encore d'acc\u00e8s premium. Que dois-je faire ?<\/h3>\n\n\n\n<p>Essayez de vous d\u00e9connecter et de revenir ou de r\u00e9installer l'application. Assurez-vous d'utiliser les m\u00eames informations d'identification et la m\u00eame m\u00e9thode de connexion que sur le site. Pour tout autre probl\u00e8me, n'h\u00e9sitez pas \u00e0 contacter notre <a href=\"mailto:support@getstoryshots.com\" data-type=\"mailto\" data-id=\"mailto:support@getstoryshots.com\">soutien<\/a>.<\/p>\n\n\n\n<h3 class=\"wp-block-heading\">Je suis bloqu\u00e9 sur l'\u00e9cran de connexion. Que dois-je faire ?<\/h3>\n\n\n\n<p>Ouvrez l'application Param\u00e8tres. Appuyez sur <strong>Apps<\/strong> et ensuite <strong>Voir toutes les applications<\/strong>. Faites d\u00e9filer vers le bas jusqu'\u00e0 \"Google Play Services\". Appuyez sur <strong>Services Google Play<\/strong>. Tapez <strong>Stockage<\/strong> et ensuite <strong>Effacer le cache<\/strong>. R\u00e9p\u00e9tez les m\u00eames \u00e9tapes pour \"<strong>Google Play Store<\/strong>\". Notez que vous devrez peut-\u00eatre <strong>Force Stop<\/strong> l'application avant de vider son cache. R\u00e9p\u00e9tez les m\u00eames \u00e9tapes pour \"<strong>StoryShots<\/strong>\u201c.<\/p>\n\n\n\n<h2 class=\"wp-block-heading\">Questions relatives aux achats<\/h2>\n\n\n\n<h3 class=\"wp-block-heading\">Je re\u00e7ois le message suivant : \"Votre transaction ne peut \u00eatre achev\u00e9e. Veuillez vous assurer que votre pays de jeu est correct.\"<\/h3>\n\n\n\n<p>Selon le <a href=\"https:\/\/support.google.com\/googleplay\/contact\/fx_block\" data-type=\"link\" data-id=\"https:\/\/support.google.com\/googleplay\/contact\/fx_block\" target=\"_blank\" rel=\"noopener\">Google<\/a>Si vous recevez ce message d'erreur lors d'une tentative d'achat in-app,&nbsp;<strong>Veuillez vous assurer que votre pays Play est correct<\/strong>. Si vous avez r\u00e9cemment d\u00e9m\u00e9nag\u00e9 dans un autre pays,&nbsp;<a href=\"https:\/\/support.google.com\/googleplay\/answer\/7431675\" target=\"_blank\" rel=\"noopener\"><u>voir ici<\/u><\/a>&nbsp;des instructions sur la mani\u00e8re de modifier vos param\u00e8tres.&nbsp;<br><br>Si votre pays est correct dans vos param\u00e8tres Play, mais que vous voyez toujours l'erreur, veuillez soumettre votre cas pour examen en cliquant sur le bouton \"Soumettre\" ci-dessous. Veuillez vous assurer que vous utilisez la m\u00eame adresse \u00e9lectronique que celle de votre compte Play.&nbsp;<br><br>Une fois votre dossier examin\u00e9, l'\u00e9quipe charg\u00e9e des enqu\u00eates vous contactera, g\u00e9n\u00e9ralement dans les trois jours ouvrables.&nbsp;<strong>Ne pas<\/strong>&nbsp;ne remplissez pas plusieurs formulaires, car cela pourrait prolonger la proc\u00e9dure.<\/p>\n\n\n\n<h2 class=\"wp-block-heading\">Autres questions<\/h2>\n\n\n\n<h3 class=\"wp-block-heading\">Pourquoi certains livres portent-ils la mention \"Premiere Q1 2023\" ou \"Coming Soon\" ?<\/h3>\n\n\n\n<p>M\u00eame si certains livres de notre collection ont d\u00e9j\u00e0 un bon contenu, nous les avons marqu\u00e9s de cette fa\u00e7on parce que nous voulons les rendre excellents ! Nous fournissons le contenu le plus diversifi\u00e9 au monde pour chaque livre et nous l'offrons au prix le plus abordable. Cela signifie que nous devons consacrer des semaines et des milliers de dollars de plus \u00e0 chaque livre (par rapport \u00e0 nos concurrents, qui peuvent ne fournir que du texte et un contenu audio robotis\u00e9 de synth\u00e8se vocale). En outre, nous pouvons recueillir des commentaires sur le contenu existant afin de l'am\u00e9liorer. C'est un peu comme si nous lancions le contenu en version b\u00eata au lieu de le perfectionner d'abord et de le cacher \u00e0 nos utilisateurs.<\/p>\n\n\n\n<h3 class=\"wp-block-heading\">Je ne peux pas installer l'application. J'obtiens \"This app won't work for your device\" (Cette application ne fonctionne pas sur votre appareil).<\/h3>\n\n\n\n<p>Pour r\u00e9soudre ce probl\u00e8me, nous vous demandons de suivre les \u00e9tapes suivantes : Tout d'abord, assurez-vous que le syst\u00e8me d'exploitation de votre appareil est \u00e0 jour. V\u00e9rifiez si des mises \u00e0 jour du syst\u00e8me sont disponibles et installez-les le cas \u00e9ch\u00e9ant. Ensuite, v\u00e9rifiez que l'application Google Play Store elle-m\u00eame est \u00e0 jour. Ouvrez l'application Google Play Store. En haut \u00e0 droite, appuyez sur l'ic\u00f4ne de profil. Appuyez sur <strong>Param\u00e8tres<\/strong> et ensuite <strong>A propos de<\/strong> et ensuite <strong>Version Play Store<\/strong>. Un message vous indique si le Play Store est \u00e0 jour. Appuyez sur <strong>Je l'ai<\/strong>. Si le probl\u00e8me persiste, essayez de forcer la fermeture de l'application Google Play Store. Ensuite, videz le cache de l'application en allant sur <strong>Param\u00e8tres&gt; Apps&gt; Google Play Store&gt; Stockage&gt; Vider le cache<\/strong>. Ensuite, effacez les donn\u00e9es de l'application en s\u00e9lectionnant \"<strong>Effacer les donn\u00e9es<\/strong>\" ou \"<strong>Stockage clair<\/strong>\"dans le m\u00eame menu. Si les \u00e9tapes pr\u00e9c\u00e9dentes ne permettent pas de r\u00e9soudre le probl\u00e8me, nous vous recommandons de contacter directement le service d'assistance de Google Play. <\/p>\n\n\n\n<h3 class=\"wp-block-heading\">L'application est-elle gratuite pour toujours ?<\/h3>\n\n\n\n<p>Oui ! Notre mission est de rendre les id\u00e9es cl\u00e9s des meilleurs livres de non-fiction accessibles \u00e0 tous. <strong style=\"user-select: auto;\">tout le monde<\/strong>. Un adolescent de l'Inde rurale devrait avoir le m\u00eame acc\u00e8s aux le\u00e7ons de ces grands livres qu'un gestionnaire de fonds sp\u00e9culatifs \u00e0 New York. Par cons\u00e9quent, nous aurons toujours un niveau gratuit avec support publicitaire.<\/p>\n\n\n\n<h3 class=\"wp-block-heading\">StoryShots est-il une alternative \u00e0 la lecture de livres ?<\/h3>\n\n\n\n<p>Non. Rien ne remplace la lecture d'un grand livre de bout en bout. Mais StoryShots vous aide \u00e0 apprendre les id\u00e9es cl\u00e9s des livres qui prennent la poussi\u00e8re sur votre \u00e9tag\u00e8re ou \u00e0 d\u00e9couvrir de nouvelles lectures passionnantes. Vous pouvez \u00e9galement l'utiliser pour revoir les le\u00e7ons cl\u00e9s des livres que vous avez d\u00e9j\u00e0 lus afin de vous rafra\u00eechir la m\u00e9moire. Nos critiques de livres ne peuvent qu'effleurer la surface des livres dans lesquels les auteurs ont mis des ann\u00e9es de travail.<\/p>\n\n\n\n<h3 class=\"wp-block-heading\">Ma carte \/ UPI ne fonctionne pas. Que dois-je faire ?<\/h3>\n\n\n\n<p>Google g\u00e8re les paiements et prend une part de nos ventes en \u00e9change. Nous n'avons pas acc\u00e8s \u00e0 vos donn\u00e9es financi\u00e8res. Vous pouvez contacter <a href=\"https:\/\/support.google.com\/googleplay\/?hl=en#topic=3364260\" data-type=\"URL\" data-id=\"https:\/\/support.google.com\/googleplay\/?hl=en#topic=3364260\" target=\"_blank\" rel=\"noreferrer noopener\">Prise en charge de Google Play Store<\/a> ou votre banque. <\/p>\n\n\n\n<h3 class=\"wp-block-heading\">Combien de livres allez-vous ajouter ? \u00c0 quelle fr\u00e9quence allez-vous ajouter de nouveaux livres ?<\/h3>\n\n\n\n<p>Nous passons beaucoup de temps \u00e0 s\u00e9lectionner les meilleurs contenus existants ou \u00e0 cr\u00e9er des contenus originaux \u00e0 partir de z\u00e9ro (et nous offrons tout gratuitement alors que nos concurrents facturent 10-15 USD\/mois). C'est un processus long et co\u00fbteux, mais qui en vaut la peine ! Nous ajoutons 1 \u00e0 2 nouveaux livres par semaine. Nous pr\u00e9sentons 1 livre par semaine en envoyant des notifications push, en envoyant une newsletter, ou en tant que <a style=\"user-select: auto;\" href=\"https:\/\/www.getstoryshots.com\/fr\/social-media\/\">post de m\u00e9dia social<\/a>. <\/p>\n\n\n\n<h3 class=\"wp-block-heading\">Dois-je faire appel \u00e0 un professionnel ou puis-je utiliser moi-m\u00eame ce que j'ai appris avec StoryShots ?<\/h3>\n\n\n\n<p>Comme mentionn\u00e9 dans nos conditions d'utilisation, notre contenu peut contenir des erreurs ou des incoh\u00e9rences. Nous vous conseillons de consulter d'abord un professionnel avant d'appliquer ce que vous apprenez via StoryShots (notamment pour les sujets li\u00e9s \u00e0 la sant\u00e9 ou aux finances).<\/p>\n\n\n\n<h3 class=\"wp-block-heading\">J'ai d\u00e9j\u00e0 pay\u00e9 mais l'application me demande de payer \u00e0 nouveau. Pourquoi ?<\/h3>\n\n\n\n<p>Essayez de restaurer votre achat \u00e0 partir de l'\u00e9cran d'achat. Si cela n'aide pas, il peut s'agir d'un probl\u00e8me temporaire du c\u00f4t\u00e9 d'Apple et de Google. Si vous essayez quelques heures plus tard et que le probl\u00e8me persiste, <a href=\"mailto:support@getstoryshots.com\">contactez notre support.<\/a><\/p>\n\n\n\n<h3 class=\"wp-block-heading\">Certains livres qui faisaient d\u00e9j\u00e0 partie de votre collection ont \u00e9t\u00e9 retir\u00e9s. Pourquoi ?<\/h3>\n\n\n\n<p>Nous avons retir\u00e9 certains livres <em>temporairement<\/em> pour am\u00e9liorer la qualit\u00e9 de leur contenu. Restez \u00e0 l'aff\u00fbt des nouvelles concernant leur republication via notre newsletter ou nos notifications push.<\/p>\n\n\n\n<h3 class=\"wp-block-heading\">Comment puis-je contribuer \u00e0 votre mission ?<\/h3>\n\n\n\n<p>Vous pouvez vous joindre \u00e0 nous pour faciliter l'acc\u00e8s de tous aux livres de non-fiction en <a style=\"user-select: auto;\" href=\"https:\/\/www.getstoryshots.com\/fr\/contribute\/\">contribuer \u00e0 vos propres \"coups\"<\/a>En devenant un membre premium, en \u00e9crivant une critique ou simplement en faisant passer le mot. ?<\/p>\n\n\n\n<h3 class=\"wp-block-heading\">Soutenez-vous les id\u00e9es des livres de votre collection ?<\/h3>\n\n\n\n<p>Pas n\u00e9cessairement. Mais nous soutenons la libert\u00e9 d'expression et le fait de garder un esprit ouvert et curieux.<\/p>\n\n\n\n<h3 class=\"wp-block-heading\">Comment puis-je filtrer les livres en fonction du temps libre dont je dispose ?<\/h3>\n\n\n\n<p>Cherchez dans les \u00e9crans de recherche sur Android et dans les cat\u00e9gories sur iOS des cat\u00e9gories de plans audio de moins de 10, 20, 30 et 40 minutes. Les livres de moins de 15, 25, 35, 45 et 50 minutes peuvent \u00eatre trouv\u00e9s en recherchant <em>#15m, #25m, #35, #45, #50<\/em>.<\/p>\n\n\n\n<h3 class=\"wp-block-heading\">Quelle est votre relation avec Amazon ?<\/h3>\n\n\n\n<p>StoryShots est un affili\u00e9 approuv\u00e9 d'Amazon Associates. Cela signifie que les liens de notre application et de notre site Web peuvent \u00eatre des liens affili\u00e9s. Si vous effectuez un achat par le biais de l'un de nos liens, nous pouvons recevoir une petite commission. Ces commissions nous aident \u00e0 maintenir l'application gratuite et \u00e0 am\u00e9liorer le contenu. <\/p>\n\n\n\n<h3 class=\"wp-block-heading\">Puis-je utiliser StoryShots sur un ordinateur de bureau (Microsoft Windows \/ PC ou Mac) ?<\/h3>\n\n\n\n<p>Nous disposons d'une application web simple pour nos membres \u00e0 vie, qui comprend \u00e9galement des clich\u00e9s suppl\u00e9mentaires qui ne figurent pas dans les applications. <\/p>\n\n\n\n<p>Nous n'avons pas de support officiel pour l'application native de bureau. Mais certains utilisateurs de Samsung peuvent ex\u00e9cuter l'application sur Windows aujourd'hui. <a href=\"https:\/\/support.microsoft.com\/en-us\/topic\/supported-devices-for-your-phone-app-experiences-cb044172-87aa-9e41-d446-c4ac83ce8807\" data-type=\"URL\" data-id=\"https:\/\/support.microsoft.com\/en-us\/topic\/supported-devices-for-your-phone-app-experiences-cb044172-87aa-9e41-d446-c4ac83ce8807\" target=\"_blank\" rel=\"noreferrer noopener\">Voir ici pour plus d'informations.<\/a> Vous pouvez \u00e9galement utiliser <a href=\"https:\/\/www.bluestacks.com\/\" data-type=\"URL\" data-id=\"https:\/\/www.bluestacks.com\/\" target=\"_blank\" rel=\"noreferrer noopener\">BlueStacks<\/a> ou <a href=\"https:\/\/www.bignox.com\/\" data-type=\"URL\" data-id=\"https:\/\/www.bignox.com\/\" target=\"_blank\" rel=\"noreferrer noopener\">NoxPlayer<\/a> pour ex\u00e9cuter des applications Android sur Windows. <\/p>\n\n\n\n<p>La bonne nouvelle est que Microsoft a r\u00e9cemment annonc\u00e9 que Windows 11 permettra aux applications Android de fonctionner en mode natif sur Windows \u00e9galement. <\/p>\n\n\n\n<p>Les utilisateurs de Mac M1 d'Apple peuvent \u00e9galement ex\u00e9cuter notre application sur leurs machines. Ce support est exp\u00e9rimental.<\/p>\n\n\n\n<p>S'il vous pla\u00eet <a href=\"mailto:support@getstoryshots.com\">contactez notre support<\/a> si vous avez d'autres questions.<\/p>\n\n\n\n<h3 class=\"wp-block-heading\">Comment puis-je supprimer mon compte StoryShots ?<\/h3>\n\n\n\n<p>Merci de nous avoir donn\u00e9 une chance. Vous pouvez supprimer votre compte \u00e0 partir de l'\u00e9cran Param\u00e8tres de l'application mobile. Nous vous serions reconnaissants de bien vouloir contacter notre service d'assistance et de nous faire part de vos commentaires.<\/p>\n\n\n\n<h3 class=\"wp-block-heading\">Que dois-je faire si je ne veux pas manquer les nouveaux livres ou vos offres ?<\/h3>\n\n\n\n<p>C'est simple. Le meilleur moyen est d'autoriser les notifications dans l'application et... <a href=\"https:\/\/www.getstoryshots.com\/fr\/updates\/\">s'inscrire \u00e0 notre newsletter<\/a>. Nous envoyons 1 \u00e0 2 notifications par semaine et 4 \u00e0 6 courriels par mois. Le deuxi\u00e8me meilleur moyen est de v\u00e9rifier notre <a href=\"https:\/\/www.getstoryshots.com\/fr\/updates\/\">Page Quoi de neuf<\/a> r\u00e9guli\u00e8rement et suivez-nous sur <a href=\"https:\/\/www.getstoryshots.com\/fr\/social-media\/\">m\u00e9dias sociaux<\/a>.<\/p>\n\n\n\n<h3 class=\"wp-block-heading\">Offrez-vous des rabais ?<\/h3>\n\n\n\n<p>Nous proposons actuellement le service le moins cher du secteur, car notre priorit\u00e9 absolue est de faciliter l'acc\u00e8s de tous \u00e0 l'apprentissage dans les livres. Cela dit, restez \u00e0 l'aff\u00fbt de nos promotions en autorisant les notifications dans l'application, en vous inscrivant \u00e0 notre newsletter et en nous suivant sur <a href=\"https:\/\/www.getstoryshots.com\/fr\/social-media\/\" data-type=\"page\" data-id=\"535\">m\u00e9dias sociaux<\/a>. <\/p>\n\n\n\n<p>Si vous \u00e9crivez un article en ligne de plus de 400 mots sur StoryShots ou si vous faites une critique vid\u00e9o de 3 minutes sur YouTube, nous pouvons vous fournir un acc\u00e8s gratuit \u00e0 vie. Votre blog doit avoir au moins 5 000 visiteurs mensuels et votre cha\u00eene YouTube doit avoir au moins 2 000 abonn\u00e9s. <a href=\"mailto:hello@getstoryshots.com\">Envoyez-nous un courriel pour postuler.<\/a><\/p>\n\n\n\n<h3 class=\"wp-block-heading\">Je suis un auteur. Pouvez-vous ajouter mon livre ?<\/h3>\n\n\n\n<p>Cela d\u00e9pend. Si vous pensez que votre livre apporte une valeur ajout\u00e9e \u00e0 notre communaut\u00e9 mondiale d'apprenants tout au long de la vie, vous devriez poser votre candidature en <a href=\"mailto:hello@getstoryshots.com\">en nous envoyant un courriel<\/a>.<\/p>\n\n\n\n<h3 class=\"wp-block-heading\">Pouvez-vous ajouter des livres audio pour TOUS les livres ?<\/h3>\n\n\n\n<p>Notre mission est de faire de la <strong>le\u00e7ons cl\u00e9s<\/strong> de livres \u00e0 succ\u00e8s accessibles \u00e0 <strong>tout le monde<\/strong>. Toutefois, si nous trouvons un livre audio public, nous \u00e9tablirons un lien vers celui-ci. Tous les livres n'ont pas de version publique. Pour ajouter des versions de livres audio pour tous les livres, nous devrons augmenter nos frais d'abonnement pour payer les frais d'administration, de serveur, de licence, etc. Il existe \u00e9galement d'excellentes applications telles qu'Audible, qui offrent de g\u00e9n\u00e9reux avantages. <em>gratuit<\/em> offres d'essai. Pour l'instant, nous pensons que l'ajout de livres audio \u00e0 l'application nous d\u00e9tournerait de notre mission principale.<br><br>Si vous pr\u00e9f\u00e9rez payer plus cher pour un abonnement diff\u00e9rent et avoir acc\u00e8s \u00e0 la version audiobook de haute qualit\u00e9 de TOUS les livres, ou si vous souhaitez acheter des livres directement dans StoryShots, n'h\u00e9sitez pas \u00e0 voter en faveur de cette fonctionnalit\u00e9 \u00e0 l'aide de notre formulaire \"Votez pour les nouvelles fonctionnalit\u00e9s\" sous l'\u00e9cran Param\u00e8tres afin que nous puissions lui donner la priorit\u00e9.<\/p>\n\n\n\n<h3 class=\"wp-block-heading\">Puis-je traduire, raconter ou animer le contenu ?<\/h3>\n\n\n\n<p>Oui ! Voir <a href=\"https:\/\/www.getstoryshots.com\/fr\/contribute\/\">contribuer \u00e0 vos propres prises de vue<\/a>.<\/p>\n\n\n\n<h3 class=\"wp-block-heading\">Qu'est-ce que ce fil de s\u00e9rendipit\u00e9 ?<\/h3>\n\n\n\n<p>Il s'agit essentiellement de notre tentative de lutter contre la surpersonnalisation qui nous est impos\u00e9e par Google, Facebook et bien d'autres entreprises. Nous pensons que cela nous donne une vision \u00e9troite et des pr\u00e9jug\u00e9s. Ainsi, les livres sont m\u00e9lang\u00e9s al\u00e9atoirement de temps en temps pour faire remonter \u00e0 la surface des livres que vous n'auriez peut-\u00eatre pas trouv\u00e9s autrement.<\/p>\n\n\n\n<h3 class=\"wp-block-heading\">Pourquoi ne puis-je pas \u00e9couter des fichiers audio tout en parcourant d'autres livres ? Je veux un mini-lecteur flottant.<\/h3>\n\n\n\n<p>Nous sommes conscients que de nombreuses applications de podcast et de vid\u00e9o prennent en charge cette fonctionnalit\u00e9. Mais nous croyons \u00e0 la monot\u00e2che et \u00e0 la concentration. Si vous pensez que nous avons tort, votez pour cette fonctionnalit\u00e9 en utilisant le sondage \"Votez pour les nouvelles fonctionnalit\u00e9s\" dans l'application.<\/p>","protected":false},"excerpt":{"rendered":"<p>StoryShots AI \u00c0 quoi servent les cr\u00e9dits AI ? \u00c0 l'heure actuelle, les cr\u00e9dits AI vous permettent de g\u00e9n\u00e9rer des informations cl\u00e9s pour presque tous les livres \"en dehors\" de notre collection existante. Cela vous donne pratiquement acc\u00e8s \u00e0 plus de 300 000 livres. \u00c0 l'avenir, nous pourrons vous permettre de g\u00e9n\u00e9rer des quiz, des \u00e9tapes d'action, des cours, etc. \u00e0 la vol\u00e9e \u00e0 l'aide de AI.....<\/p>","protected":false},"author":1,"featured_media":0,"parent":0,"menu_order":0,"comment_status":"closed","ping_status":"closed","template":"","meta":{"_acf_changed":false,"_kad_blocks_custom_css":"","_kad_blocks_head_custom_js":"","_kad_blocks_body_custom_js":"","_kad_blocks_footer_custom_js":"","_kadence_starter_templates_imported_post":false,"_kad_post_transparent":"","_kad_post_title":"","_kad_post_layout":"","_kad_post_sidebar_id":"","_kad_post_content_style":"","_kad_post_vertical_padding":"","_kad_post_feature":"","_kad_post_feature_position":"","_kad_post_header":false,"_kad_post_footer":false,"yasr_overall_rating":0,"yasr_post_is_review":"","yasr_auto_insert_disabled":"","yasr_review_type":"","footnotes":""},"class_list":["post-1470","page","type-page","status-publish","hentry"],"acf":[],"yasr_visitor_votes":{"stars_attributes":{"read_only":false,"span_bottom":false},"number_of_votes":0,"sum_votes":0},"taxonomy_info":[],"featured_image_src_large":false,"author_info":{"display_name":"StoryShots - Free Book Summaries","author_link":"https:\/\/www.getstoryshots.com\/fr\/books\/author\/storyshotsadmin\/"},"comment_info":0,"_links":{"self":[{"href":"https:\/\/www.getstoryshots.com\/fr\/wp-json\/wp\/v2\/pages\/1470","targetHints":{"allow":["GET"]}}],"collection":[{"href":"https:\/\/www.getstoryshots.com\/fr\/wp-json\/wp\/v2\/pages"}],"about":[{"href":"https:\/\/www.getstoryshots.com\/fr\/wp-json\/wp\/v2\/types\/page"}],"author":[{"embeddable":true,"href":"https:\/\/www.getstoryshots.com\/fr\/wp-json\/wp\/v2\/users\/1"}],"replies":[{"embeddable":true,"href":"https:\/\/www.getstoryshots.com\/fr\/wp-json\/wp\/v2\/comments?post=1470"}],"version-history":[{"count":24,"href":"https:\/\/www.getstoryshots.com\/fr\/wp-json\/wp\/v2\/pages\/1470\/revisions"}],"predecessor-version":[{"id":94375,"href":"https:\/\/www.getstoryshots.com\/fr\/wp-json\/wp\/v2\/pages\/1470\/revisions\/94375"}],"wp:attachment":[{"href":"https:\/\/www.getstoryshots.com\/fr\/wp-json\/wp\/v2\/media?parent=1470"}],"curies":[{"name":"wp","href":"https:\/\/api.w.org\/{rel}","templated":true}]}}