{"id":50657,"date":"2021-03-23T07:12:22","date_gmt":"2021-03-23T07:12:22","guid":{"rendered":"https:\/\/www.getstoryshots.com\/?page_id=50657"},"modified":"2021-11-15T12:52:44","modified_gmt":"2021-11-15T12:52:44","slug":"presskit","status":"publish","type":"page","link":"https:\/\/www.getstoryshots.com\/fr\/presskit\/","title":{"rendered":"Dossier de presse"},"content":{"rendered":"<h2 class=\"wp-block-heading\">Notre mission<\/h2>\n\n\n\n<p>Les grands livres de non-fiction peuvent changer des vies. Mais les statistiques montrent que 90% d'entre eux ne sont jamais lus au-del\u00e0 du premier chapitre. Les distractions sont de plus en plus nombreuses et nos vies sont de plus en plus charg\u00e9es. En outre, chaque personne dispose d'un temps libre, d'un budget et de pr\u00e9f\u00e9rences d'apprentissage diff\u00e9rents. StoryShots est l\u00e0 pour changer cela. Nous sommes une startup \u00e0 impact social en phase d'amor\u00e7age, dont la mission est de rendre les id\u00e9es cl\u00e9s des livres de non-fiction \u00e0 succ\u00e8s accessibles \u00e0 tous. <strong>tout le monde <\/strong>(quels que soient leur budget, leur temps ou leur style d'apprentissage). Nous croyons qu'il faut donner du pouvoir \u00e0 un adolescent de l'Inde rurale comme \u00e0 un entrepreneur de la Silicon Valley en manque de temps. Tout le monde a le droit d'apprendre des plus grands livres du monde.<\/p>\n\n\n\n<h2 class=\"wp-block-heading\">Fondateur<\/h2>\n\n\n\n<p>Farid Behnia, fort de son exp\u00e9rience dans des entreprises du Fortune 100 et de son partenariat avec Tim Ferriss, a fond\u00e9 StoryShots en 2018. Il voulait permettre \u00e0 tout le monde d'avoir les m\u00eames transformations qu'il a eues dans la vie gr\u00e2ce \u00e0 quelques livres de d\u00e9veloppement personnel. <\/p>\n\n\n\n<p>Tendez la main \u00e0 <a href=\"mailto:hello@getstoryshots.com\">hello@getstoryshots.com<\/a> pour toute question relative aux m\u00e9dias.<\/p>\n\n\n\n<h2 class=\"wp-block-heading\">Mentions dans les m\u00e9dias<\/h2>\n\n\n\n<p><a href=\"https:\/\/drive.google.com\/drive\/folders\/1QsDpKFMjIL4qn0ZKCkmV90TGBjIgrLqB?usp=sharing\" data-type=\"URL\" data-id=\"https:\/\/drive.google.com\/drive\/folders\/1QsDpKFMjIL4qn0ZKCkmV90TGBjIgrLqB?usp=sharing\" target=\"_blank\" rel=\"noopener\">The Guardian - 20 applications pour am\u00e9liorer vos comp\u00e9tences<\/a><\/p>\n\n\n\n<p><a href=\"https:\/\/drive.google.com\/file\/d\/1MNudA_ujEK4pXOhlHMrHw3pGLyEM8nSS\/view?usp=sharing\" data-type=\"URL\" data-id=\"https:\/\/drive.google.com\/file\/d\/1MNudA_ujEK4pXOhlHMrHw3pGLyEM8nSS\/view?usp=sharing\" target=\"_blank\" rel=\"noopener\">The Economist - Les r\u00e9sum\u00e9s de livres d'affaires peuvent-ils vous faire gagner du temps tout en vous \u00e9clairant ?<\/a><\/p>\n\n\n\n<p><a href=\"https:\/\/beebom.com\/best-blinkist-alternatives\/\" data-type=\"URL\" data-id=\"https:\/\/beebom.com\/best-blinkist-alternatives\/\" target=\"_blank\" rel=\"noopener\">BeeBom - 12 meilleures alternatives \u00e0 Blinkist que vous devriez utiliser<\/a><\/p>\n\n\n\n<h2 class=\"wp-block-heading\">Prix et autres reconnaissances<\/h2>\n\n\n\n<p>StoryShots a \u00e9t\u00e9 lou\u00e9 et recommand\u00e9 par les personnes et institutions suivantes :<\/p>\n\n\n\n<p>Steven Pinker, PhD - Professeur \u00e0 Harvard et auteur pr\u00e9f\u00e9r\u00e9 de Bill Gates de tous les temps<\/p>\n\n\n\n<p>Steven Kotler - Auteur \u00e0 succ\u00e8s du New York Times, candidat au prix Pulitzer et expert en haute performance.<\/p>\n\n\n\n<p>Nami Zarringhalam - Cofondatrice de TrueCaller<\/p>\n\n\n\n<p>StoryShots a \u00e9t\u00e9 finaliste du prix du Sommet mondial des Nations unies pour l'impact social dans la cat\u00e9gorie \"\u00c9ducation\". <\/p>\n\n\n\n<p>Naithan Jones - Associ\u00e9 chez Andreessen Horowitz<\/p>\n\n\n\n<p><a href=\"https:\/\/www.youtube.com\/watch?v=7-7bpuWRjd4\" data-type=\"URL\" data-id=\"https:\/\/www.youtube.com\/watch?v=7-7bpuWRjd4\" target=\"_blank\" rel=\"noopener\">Puri Jagannadh - C\u00e9l\u00e8bre r\u00e9alisateur indien\u00a0<\/a><\/p>\n\n\n\n<div class=\"wp-block-buttons is-layout-flex wp-block-buttons-is-layout-flex\">\n<div class=\"wp-block-button\"><a class=\"wp-block-button__link has-background\" href=\"https:\/\/drive.google.com\/drive\/folders\/1QsDpKFMjIL4qn0ZKCkmV90TGBjIgrLqB?usp=sharing\" style=\"background-color:#ff3000\" target=\"_blank\" rel=\"noreferrer noopener\">Aller au kit m\u00e9dia<\/a><\/div>\n<\/div>","protected":false},"excerpt":{"rendered":"<p>Notre mission Les grands livres de non-fiction peuvent changer des vies. Mais les statistiques montrent que 90% d'entre eux ne sont jamais lus au-del\u00e0 du premier chapitre. Les distractions sont de plus en plus nombreuses et nous vivons de plus en plus occup\u00e9s. De plus, le temps libre, le budget et les pr\u00e9f\u00e9rences d'apprentissage varient d'une personne \u00e0 l'autre. StoryShots est l\u00e0 pour changer cela. Nous sommes un...<\/p>","protected":false},"author":13,"featured_media":0,"parent":0,"menu_order":0,"comment_status":"closed","ping_status":"closed","template":"","meta":{"_acf_changed":false,"_kad_blocks_custom_css":"","_kad_blocks_head_custom_js":"","_kad_blocks_body_custom_js":"","_kad_blocks_footer_custom_js":"","_kadence_starter_templates_imported_post":false,"_kad_post_transparent":"","_kad_post_title":"","_kad_post_layout":"","_kad_post_sidebar_id":"","_kad_post_content_style":"","_kad_post_vertical_padding":"","_kad_post_feature":"","_kad_post_feature_position":"","_kad_post_header":false,"_kad_post_footer":false,"yasr_overall_rating":0,"yasr_post_is_review":"","yasr_auto_insert_disabled":"","yasr_review_type":"","footnotes":""},"class_list":["post-50657","page","type-page","status-publish","hentry"],"acf":[],"yasr_visitor_votes":{"stars_attributes":{"read_only":false,"span_bottom":false},"number_of_votes":0,"sum_votes":0},"taxonomy_info":[],"featured_image_src_large":false,"author_info":{"display_name":"Team StoryShots","author_link":"https:\/\/www.getstoryshots.com\/fr\/books\/author\/fuzr6koxtahlfjcigcjjuadpexy2\/"},"comment_info":0,"_links":{"self":[{"href":"https:\/\/www.getstoryshots.com\/fr\/wp-json\/wp\/v2\/pages\/50657","targetHints":{"allow":["GET"]}}],"collection":[{"href":"https:\/\/www.getstoryshots.com\/fr\/wp-json\/wp\/v2\/pages"}],"about":[{"href":"https:\/\/www.getstoryshots.com\/fr\/wp-json\/wp\/v2\/types\/page"}],"author":[{"embeddable":true,"href":"https:\/\/www.getstoryshots.com\/fr\/wp-json\/wp\/v2\/users\/13"}],"replies":[{"embeddable":true,"href":"https:\/\/www.getstoryshots.com\/fr\/wp-json\/wp\/v2\/comments?post=50657"}],"version-history":[{"count":0,"href":"https:\/\/www.getstoryshots.com\/fr\/wp-json\/wp\/v2\/pages\/50657\/revisions"}],"wp:attachment":[{"href":"https:\/\/www.getstoryshots.com\/fr\/wp-json\/wp\/v2\/media?parent=50657"}],"curies":[{"name":"wp","href":"https:\/\/api.w.org\/{rel}","templated":true}]}}