{"id":52604,"date":"2021-04-19T12:07:07","date_gmt":"2021-04-19T12:07:07","guid":{"rendered":"https:\/\/www.getstoryshots.com\/?page_id=52604"},"modified":"2026-01-16T07:36:22","modified_gmt":"2026-01-16T07:36:22","slug":"premium-subscription","status":"publish","type":"page","link":"https:\/\/www.getstoryshots.com\/fr\/premium-subscription\/","title":{"rendered":"Plans Premium"},"content":{"rendered":"<div class=\"mepr-price-menu clean pro-template\">\n\n      <div class=\"mepr-pricing-title\">\n                <h1>Choisissez votre plan<\/h1>\n                <p>Tous les prix sont exprim\u00e9s en USD. Vous pouvez annuler votre abonnement r\u00e9current \u00e0 tout moment ou demander un remboursement dans les 60 jours pour l'abonnement \u00e0 vie.<\/p>\n    <\/div>\n  \n  <div class=\"mepr-price-boxes mepr-3-col\">\n            <div id=\"mepr-price-box-77559\" class=\"mepr-price-box\">\n                      <div class=\"mepr-price-box-content\">\n\n            <div class=\"mepr-price-box-head\">\n              <h2 class=\"mepr-price-box-title\">\n                Adh\u00e9sion annuelle              <\/h2>\n                              <div class=\"mepr-price-box-price\">\n                  1 Day for free then <span class=\"mepr-price-box-price-currency\">$<\/span>29,99 <span class='mepr-price-box-price-term'>\/ Ann\u00e9e<\/span>                <\/div>\n              \n\n              <div class=\"mepr-price-box-button\">\n                                                            <a href=\"https:\/\/www.getstoryshots.com\/fr\/register\/annual-membership\/\" class=\"\" style=\"--tooltip-color: #da7e5a\">\n                        D\u00e9marrer l'essai gratuit                      <span class=\"screen-reader-text\">Annuel<\/span>\n                  <\/a>\n                                  <\/div>\n                \n            <\/div>\n\n            <div class=\"mepr-price-box-benefits\">\n                <div class=\"mepr-price-box-benefits-list\"><div class=\"mepr-price-box-benefits-item\"><span class=\"mepr-price-box-benefits-icon\">    <\/span>Acc\u00e9der aux informations cl\u00e9s de 300 000 livres<\/div><div class=\"mepr-price-box-benefits-item\"><span class=\"mepr-price-box-benefits-icon\">    <\/span>Surligner et prendre des notes (en d\u00e9placement)<\/div><div class=\"mepr-price-box-benefits-item\"><span class=\"mepr-price-box-benefits-icon\">    <\/span>Apprendre visuellement avec des infographies, des cartes heuristiques et des animations<\/div><div class=\"mepr-price-box-benefits-item\"><span class=\"mepr-price-box-benefits-icon\">    <\/span>Supprimer les publicit\u00e9s<\/div><div class=\"mepr-price-box-benefits-item\"><span class=\"mepr-price-box-benefits-icon\">    <\/span>Prise en charge des PDF\/Kindle (sur mobile)<\/div><div class=\"mepr-price-box-benefits-item\"><span class=\"mepr-price-box-benefits-icon\">    <\/span>S\u00e9lectionner des livres complets et des livres audio (sur mobile)<\/div><\/div>            <\/div>\n\n            <div class=\"mepr-price-box-foot\">\n              <div class=\"mepr-price-box-footer\">\n                Annuler \u00e0 tout moment.              <\/div>\n            <\/div>\n\n          <\/div>\n        <\/div>\n                    <div id=\"mepr-price-box-6115\" class=\"mepr-price-box highlighted\">\n                        <div class=\"mepr-most-popular\">\n                Les plus populaires            <\/div>\n                      <div class=\"mepr-price-box-content\">\n\n            <div class=\"mepr-price-box-head\">\n              <h2 class=\"mepr-price-box-title\">\n                Paiement unique              <\/h2>\n                              <div class=\"mepr-price-box-price\">\n                  <span class=\"mepr-price-box-price-currency\">$<\/span>59,99                <\/div>\n              \n\n              <div class=\"mepr-price-box-button\">\n                                                            <a href=\"https:\/\/www.getstoryshots.com\/fr\/register\/one-time-payment\/\" class=\"\" style=\"--tooltip-color: #da7e5a\">\n                        Commencez                      <span class=\"screen-reader-text\">Paiement unique (payer une fois, utiliser pour toujours)<\/span>\n                  <\/a>\n                                  <\/div>\n                                <div class=\"mepr-price-box-heading\">\n                    Payez une fois. Utilisez-le pour toujours.                <\/div>\n                \n            <\/div>\n\n            <div class=\"mepr-price-box-benefits\">\n                <div class=\"mepr-price-box-benefits-list\"><div class=\"mepr-price-box-benefits-item\"><span class=\"mepr-price-box-benefits-icon\">    <\/span>L'adh\u00e9sion annuelle comprend tout ce qui suit<\/div><div class=\"mepr-price-box-benefits-item\"><span class=\"mepr-price-box-benefits-icon\">    <\/span>Garantie de satisfaction de 60 jours pour les nouveaux clients<\/div><\/div>            <\/div>\n\n            <div class=\"mepr-price-box-foot\">\n              <div class=\"mepr-price-box-footer\">\n                              <\/div>\n            <\/div>\n\n          <\/div>\n        <\/div>\n                    <div id=\"mepr-price-box-54956\" class=\"mepr-price-box\">\n                      <div class=\"mepr-price-box-content\">\n\n            <div class=\"mepr-price-box-head\">\n              <h2 class=\"mepr-price-box-title\">\n                Paiement unique (offre 2 pour 1)              <\/h2>\n                              <div class=\"mepr-price-box-price\">\n                  <span class=\"mepr-price-box-price-currency\">$<\/span>99,99                <\/div>\n              \n\n              <div class=\"mepr-price-box-button\">\n                                                            <a href=\"https:\/\/www.getstoryshots.com\/fr\/register\/buy-one-gift-one-lifetime\/\" class=\"\" style=\"--tooltip-color: #da7e5a\">\n                        Commencez                      <span class=\"screen-reader-text\">Offrez un acc\u00e8s \u00e0 vie. Obtenez-en un gratuitement.<\/span>\n                  <\/a>\n                                  <\/div>\n                \n            <\/div>\n\n            <div class=\"mepr-price-box-benefits\">\n                <div class=\"mepr-price-box-benefits-list\"><div class=\"mepr-price-box-benefits-item\"><span class=\"mepr-price-box-benefits-icon\">    <\/span>Tout en annuel et \u00e0 vie.<\/div><div class=\"mepr-price-box-benefits-item\"><span class=\"mepr-price-box-benefits-icon\">    <\/span>Payez une fois. Obtenez deux adh\u00e9sions \u00e0 vie.<\/div><\/div>            <\/div>\n\n            <div class=\"mepr-price-box-foot\">\n              <div class=\"mepr-price-box-footer\">\n                              <\/div>\n            <\/div>\n\n          <\/div>\n        <\/div>\n              <\/div>\n<\/div>\n \n\n\n<p>* Si vous \u00eates un <em>nouveau<\/em> client, <a href=\"mailto:support@getstoryshots.com\" data-type=\"mailto\" data-id=\"mailto:support@getstoryshots.com\">contactez notre support<\/a> dans les 60 jours pour demander un remboursement complet. Nous vous remercierons simplement de nous avoir donn\u00e9 une chance. Vous pouvez \u00e9galement vous abonner mensuellement et annuellement ou essayer StoryShots pour <em>gratuit<\/em> et consultez notre collection de livres en t\u00e9l\u00e9chargeant notre brochure gratuite <a href=\"https:\/\/go.getstoryshots.com\/free\" data-type=\"URL\" data-id=\"https:\/\/go.getstoryshots.com\/free\">application<\/a>.<\/p>\n\n\n\n<p>Pour offrir un abonnement premium \u00e0 plusieurs personnes ou pour passer une commande plus importante, consultez nos tarifs comp\u00e9titifs. <a href=\"https:\/\/www.getstoryshots.com\/fr\/business-and-group-accounts\/\" data-type=\"URL\" data-id=\"https:\/\/www.getstoryshots.com\/business-and-group-accounts\/\">Plans d'\u00e9quipe<\/a>.<\/p>\n\n\n<div class=\"elfsight-app-2244a2f0-86ed-4e44-9e19-1627120c6ac4\" data-elfsight-app-lazy><\/div><script src='https:\/\/apps.elfsight.com\/p\/platform.js' defer><\/script>","protected":false},"excerpt":{"rendered":"<p>* Si vous \u00eates un nouveau client, contactez notre service d'assistance dans les 60 jours pour demander un remboursement complet. Nous vous remercierons simplement de nous avoir donn\u00e9 une chance. Vous pouvez \u00e9galement vous abonner mensuellement et annuellement ou essayer StoryShots gratuitement et voir notre collection de livres en t\u00e9l\u00e9chargeant notre application gratuite. Pour offrir un abonnement premium...<\/p>","protected":false},"author":1,"featured_media":0,"parent":0,"menu_order":0,"comment_status":"closed","ping_status":"closed","template":"","meta":{"_acf_changed":false,"_kad_blocks_custom_css":"","_kad_blocks_head_custom_js":"","_kad_blocks_body_custom_js":"","_kad_blocks_footer_custom_js":"","_kadence_starter_templates_imported_post":false,"_kad_post_transparent":"","_kad_post_title":"","_kad_post_layout":"","_kad_post_sidebar_id":"","_kad_post_content_style":"","_kad_post_vertical_padding":"","_kad_post_feature":"","_kad_post_feature_position":"","_kad_post_header":false,"_kad_post_footer":false,"yasr_overall_rating":0,"yasr_post_is_review":"","yasr_auto_insert_disabled":"","yasr_review_type":"","footnotes":""},"class_list":["post-52604","page","type-page","status-publish","hentry"],"acf":[],"yasr_visitor_votes":{"stars_attributes":{"read_only":false,"span_bottom":false},"number_of_votes":0,"sum_votes":0},"taxonomy_info":[],"featured_image_src_large":false,"author_info":{"display_name":"StoryShots - Free Book Summaries","author_link":"https:\/\/www.getstoryshots.com\/fr\/books\/author\/storyshotsadmin\/"},"comment_info":0,"_links":{"self":[{"href":"https:\/\/www.getstoryshots.com\/fr\/wp-json\/wp\/v2\/pages\/52604","targetHints":{"allow":["GET"]}}],"collection":[{"href":"https:\/\/www.getstoryshots.com\/fr\/wp-json\/wp\/v2\/pages"}],"about":[{"href":"https:\/\/www.getstoryshots.com\/fr\/wp-json\/wp\/v2\/types\/page"}],"author":[{"embeddable":true,"href":"https:\/\/www.getstoryshots.com\/fr\/wp-json\/wp\/v2\/users\/1"}],"replies":[{"embeddable":true,"href":"https:\/\/www.getstoryshots.com\/fr\/wp-json\/wp\/v2\/comments?post=52604"}],"version-history":[{"count":60,"href":"https:\/\/www.getstoryshots.com\/fr\/wp-json\/wp\/v2\/pages\/52604\/revisions"}],"predecessor-version":[{"id":98383,"href":"https:\/\/www.getstoryshots.com\/fr\/wp-json\/wp\/v2\/pages\/52604\/revisions\/98383"}],"wp:attachment":[{"href":"https:\/\/www.getstoryshots.com\/fr\/wp-json\/wp\/v2\/media?parent=52604"}],"curies":[{"name":"wp","href":"https:\/\/api.w.org\/{rel}","templated":true}]}}