{"id":85888,"date":"2022-11-30T14:23:01","date_gmt":"2022-11-30T14:23:01","guid":{"rendered":"https:\/\/www.getstoryshots.com\/?page_id=85888"},"modified":"2024-08-07T10:34:54","modified_gmt":"2024-08-07T10:34:54","slug":"public-roadmap","status":"publish","type":"page","link":"https:\/\/www.getstoryshots.com\/fr\/public-roadmap\/","title":{"rendered":"Feuille de route publique de StoryShots"},"content":{"rendered":"<p id=\"block-b0bd3297-34fe-487a-affd-38f391820786\"><strong>Rafra\u00eechir<\/strong>&nbsp;la page pour voir les derni\u00e8res mises \u00e0 jour. <\/p>\n\n\n\n<p id=\"block-b0bd3297-34fe-487a-affd-38f391820786\">Nous ajoutons r\u00e9guli\u00e8rement de nouveaux contenus. Aidez-nous \u00e0 donner la priorit\u00e9 aux nouveaux contenus en les votant \u00e0 l'aide du bouton&nbsp;<em>Votez pour les nouveaux livres<\/em>&nbsp;dans l'\u00e9cran Param\u00e8tres <a href=\"https:\/\/www.getstoryshots.com\/fr\/\" data-type=\"link\" data-id=\"https:\/\/www.getstoryshots.com\">dans l'application<\/a>. Cette fonction est exclusive aux membres premium. <\/p>\n\n\n\n<p>Pour nous aider \u00e0 donner la priorit\u00e9 aux nouvelles fonctionnalit\u00e9s, utilisez <em>Votez pour de nouvelles fonctionnalit\u00e9s<\/em> dans l'\u00e9cran R\u00e9glages de l'application.<\/p>\n\n\n\n<ul class=\"wp-block-list\">\n<li>\u00c9L\u00c9MENTS \u00c0 VENIR (T4, 2024) - D\u00e9fi de croissance personnelle en 30 jours<\/li>\n\n\n\n<li><s>\u00c9L\u00c9MENTS \u00c0 VENIR (T1-2, 2024) - Listes de lecture pour les prises de vue audio<\/s><\/li>\n\n\n\n<li>\u00c9L\u00c9MENTS \u00c0 VENIR (2025) - Prise en charge de Chromecast sur Android<\/li>\n\n\n\n<li><span style=\"color: initial; font-family: -apple-system, BlinkMacSystemFont, &quot;Segoe UI&quot;, Roboto, Oxygen-Sans, Ubuntu, Cantarell, &quot;Helvetica Neue&quot;, sans-serif;\">FONCTIONNEMENT \u00c0 VENIR (2025) - Interface utilisateur de l'application en espagnol, portugais, allemand, fran\u00e7ais et su\u00e9dois.<\/span><\/li>\n\n\n\n<li>\u00c9L\u00c9MENTS \u00c0 VENIR (2024) - Suivi des habitudes<\/li>\n\n\n\n<li>\u00c9L\u00c9MENT\/CONTENU \u00c0 VENIR (T3-T4, 2024) - Tous nos livres comporteront une infographie\/carte mentale.<\/li>\n\n\n\n<li>\u00c9L\u00c9MENT\/CONTENU \u00c0 VENIR (T1, 2025) - Tous nos livres seront dot\u00e9s de plans vid\u00e9o anim\u00e9s originaux StoryShots.<\/li>\n\n\n\n<li><s>\u00c9L\u00c9MENTS \u00c0 VENIR (T4, 2023) - Obtenir un r\u00e9sum\u00e9 de presque n'importe quel livre (avec l'IA)<\/s> \ud83e\udd16<\/li>\n\n\n\n<li><s>FONCTIONNEMENT\/CONTENU \u00c0 VENIR (janvier 2023) - Tous nos livres auront un plan audio original vous permettant de lire tout en \u00e9coutant tous les livres.<\/s><br><\/li>\n<\/ul>\n\n\n\n<h2 class=\"wp-block-heading\">Contenu \u00e0 venir (2024) :<\/h2>\n\n\n\n<ul class=\"wp-block-list\">\n<li><s>How Will You Measure Your Life?<\/s><\/li>\n\n\n\n<li><s>L'obstacle est le chemin<\/s><\/li>\n\n\n\n<li>Ne jamais diviser la diff\u00e9rence<\/li>\n\n\n\n<li>Antifragile<\/li>\n\n\n\n<li>Productivit\u00e9 lente<\/li>\n\n\n\n<li><s>Comment ne pas faire de r\u00e9gime<\/s><\/li>\n\n\n\n<li><s>Le MBA personnel<\/s><\/li>\n\n\n\n<li>La richesse des nations<\/li>\n\n\n\n<li>Le manifeste de la liste de contr\u00f4le<\/li>\n\n\n\n<li>M\u00e9ditations<\/li>\n\n\n\n<li><s>Les 5 langages de l'amour<\/s><\/li>\n\n\n\n<li>L'acte cr\u00e9atif<\/li>\n\n\n\n<li>Une br\u00e8ve histoire du temps<\/li>\n\n\n\n<li>Sapiens<\/li>\n\n\n\n<li>Atlas Shrugged<\/li>\n\n\n\n<li>Mod\u00e8les<\/li>\n\n\n\n<li>Influence<\/li>\n\n\n\n<li>Chien \u00e0 chaussures<\/li>\n\n\n\n<li>De z\u00e9ro \u00e0 un<\/li>\n\n\n\n<li><s>Comment parler \u00e0 n'importe qui<\/s><\/li>\n\n\n\n<li><s>La chose difficile \u00e0 propos des choses difficiles<\/s><\/li>\n<\/ul>\n\n\n\n<h2 class=\"wp-block-heading\">CONTENU \u00c0 VENIR (Q4, 2023) :<\/h2>\n\n\n\n<ul class=\"wp-block-list\">\n<li><s>L'investisseur intelligent<\/s><\/li>\n\n\n\n<li><s>Rapide comme une fille<\/s><\/li>\n\n\n\n<li><s>Survivre<\/s><\/li>\n\n\n\n<li><s>Les amis, les amants et la grande chose terrible<\/s><\/li>\n\n\n\n<li><s>Ind\u00e9crottable<\/s><\/li>\n\n\n\n<li><s>L'Alchimiste<\/s><\/li>\n\n\n\n<li><s>L'avantage du bonheur<\/s><\/li>\n\n\n\n<li><s>La psychologie de l'argent<\/s><\/li>\n<\/ul>\n\n\n\n<h2 class=\"wp-block-heading\">CONTENU \u00c0 VENIR (T3, 2023) - Vacances d'\u00e9t\u00e9 :<\/h2>\n\n\n\n<ul class=\"wp-block-list\">\n<li><s>Devenir surnaturel<\/s><\/li>\n\n\n\n<li><s>Instruit<\/s><\/li>\n\n\n\n<li><s>Le livre le plus grossier de tous les temps<\/s><\/li>\n<\/ul>\n\n\n\n<h2 class=\"wp-block-heading\">CONTENU \u00c0 VENIR (T2, 2023) :<\/h2>\n\n\n\n<ul id=\"block-0fa3248c-5634-448e-8176-8e2ffd50e762\" class=\"wp-block-list\">\n<li><s>Le pouvoir de l'instant pr\u00e9sent<\/s><\/li>\n\n\n\n<li><s>Jamais termin\u00e9<\/s><\/li>\n\n\n\n<li><s>Le business du 21\u00e8me si\u00e8cle<\/s><\/li>\n\n\n\n<li><s>La qu\u00eate de sens de l'homme<\/s><\/li>\n\n\n\n<li><s>Travail en profondeur<\/s><\/li>\n\n\n\n<li><s>R\u00e9fl\u00e9chissez-y \u00e0 nouveau<\/s><\/li>\n\n\n\n<li><s>Comment \u00eatre un sto\u00efcien<\/s><\/li>\n\n\n\n<li><s>Le corps en 4 heures<\/s><\/li>\n\n\n\n<li><s>Coup de coude<\/s><\/li>\n\n\n\n<li><span style=\"color: initial; font-family: -apple-system, BlinkMacSystemFont, &quot;Segoe UI&quot;, Roboto, Oxygen-Sans, Ubuntu, Cantarell, &quot;Helvetica Neue&quot;, sans-serif;\"><s>Je vous apprendrai \u00e0 \u00eatre riche<\/s><\/span><\/li>\n\n\n\n<li><s style=\"color: initial; font-family: -apple-system, BlinkMacSystemFont, &quot;Segoe UI&quot;, Roboto, Oxygen-Sans, Ubuntu, Cantarell, &quot;Helvetica Neue&quot;, sans-serif;\">Le E-Myth revisit\u00e9<\/s><\/li>\n\n\n\n<li><s>Parler comme TED<\/s><\/li>\n\n\n\n<li><s>Le Lean Startup<\/s><\/li>\n<\/ul>\n\n\n\n<h2 class=\"wp-block-heading\">LIVRES \u00c0 VENIR (T1, 2023) :<span style=\"color: initial; font-family: -apple-system, BlinkMacSystemFont, &quot;Segoe UI&quot;, Roboto, Oxygen-Sans, Ubuntu, Cantarell, &quot;Helvetica Neue&quot;, sans-serif;\"><\/span><\/h2>\n\n\n\n<ul class=\"wp-block-list\">\n<li><s><span style=\"color: initial; font-family: -apple-system, BlinkMacSystemFont, &quot;Segoe UI&quot;, Roboto, Oxygen-Sans, Ubuntu, Cantarell, &quot;Helvetica Neue&quot;, sans-serif;\">Construire un second cerveau<\/span><\/s><\/li>\n\n\n\n<li><s>Comment changer d'avis<\/s><\/li>\n\n\n\n<li><s>Vendre comme un fou<\/s><\/li>\n\n\n\n<li><s>Les petites habitudes<\/s><\/li>\n\n\n\n<li><s>Les 20 premi\u00e8res heures<\/s><\/li>\n\n\n\n<li><s>Les quatre accords<\/s><\/li>\n\n\n\n<li><s>Le code de l'ob\u00e9sit\u00e9<\/s><\/li>\n\n\n\n<li><s>Le sto\u00efcien quotidien<\/s><\/li>\n\n\n\n<li><s>Rompre avec l'habitude d'\u00eatre soi-m\u00eame<\/s><\/li>\n\n\n\n<li><s>Comment ne pas se tromper<\/s><\/li>\n\n\n\n<li><s style=\"color: initial; font-family: -apple-system, BlinkMacSystemFont, &quot;Segoe UI&quot;, Roboto, Oxygen-Sans, Ubuntu, Cantarell, &quot;Helvetica Neue&quot;, sans-serif;\">Pi\u00e8ce de rechange<\/s><\/li>\n\n\n\n<li><s>Le secret<\/s><\/li>\n\n\n\n<li><s>Comment ne pas mourir<\/s><\/li>\n\n\n\n<li><span style=\"color: initial; font-family: -apple-system, BlinkMacSystemFont, &quot;Segoe UI&quot;, Roboto, Oxygen-Sans, Ubuntu, Cantarell, &quot;Helvetica Neue&quot;, sans-serif;\"><s>Elon Musk<\/s><\/span><\/li>\n\n\n\n<li><s>R\u00e9fl\u00e9chissez-y \u00e0 nouveau<\/s><\/li>\n\n\n\n<li><s style=\"color: initial; font-family: -apple-system, BlinkMacSystemFont, &quot;Segoe UI&quot;, Roboto, Oxygen-Sans, Ubuntu, Cantarell, &quot;Helvetica Neue&quot;, sans-serif;\">Millionaire Fastlane<\/s><\/li>\n\n\n\n<li><s>L'art de la s\u00e9duction<\/s><\/li>\n\n\n\n<li><s style=\"color: initial; font-family: -apple-system, BlinkMacSystemFont, &quot;Segoe UI&quot;, Roboto, Oxygen-Sans, Ubuntu, Cantarell, &quot;Helvetica Neue&quot;, sans-serif;\">La voie de l'homme sup\u00e9rieur<\/s><\/li>\n\n\n\n<li><s>Construit pour vendre<\/s><\/li>\n<\/ul>","protected":false},"excerpt":{"rendered":"<p>Actualisez la page pour voir les derni\u00e8res mises \u00e0 jour. Nous ajoutons r\u00e9guli\u00e8rement de nouveaux contenus. Aidez-nous \u00e0 donner la priorit\u00e9 aux nouveaux contenus en votant pour eux \u00e0 l'aide de la fonction Vote pour les nouveaux livres dans l'\u00e9cran Param\u00e8tres de l'application. Cette fonction est exclusive aux membres premium. Pour nous aider \u00e0 prioriser les nouvelles fonctionnalit\u00e9s, utilisez la fonction Vote pour les nouvelles fonctionnalit\u00e9s sous l'\u00e9cran Param\u00e8tres dans...<\/p>","protected":false},"author":13,"featured_media":0,"parent":0,"menu_order":0,"comment_status":"closed","ping_status":"closed","template":"","meta":{"_acf_changed":false,"_kad_blocks_custom_css":"","_kad_blocks_head_custom_js":"","_kad_blocks_body_custom_js":"","_kad_blocks_footer_custom_js":"","_kadence_starter_templates_imported_post":false,"_kad_post_transparent":"","_kad_post_title":"","_kad_post_layout":"","_kad_post_sidebar_id":"","_kad_post_content_style":"","_kad_post_vertical_padding":"","_kad_post_feature":"","_kad_post_feature_position":"","_kad_post_header":false,"_kad_post_footer":false,"yasr_overall_rating":0,"yasr_post_is_review":"","yasr_auto_insert_disabled":"","yasr_review_type":"","footnotes":""},"class_list":["post-85888","page","type-page","status-publish","hentry"],"acf":[],"yasr_visitor_votes":{"stars_attributes":{"read_only":false,"span_bottom":false},"number_of_votes":0,"sum_votes":0},"taxonomy_info":[],"featured_image_src_large":false,"author_info":{"display_name":"Team StoryShots","author_link":"https:\/\/www.getstoryshots.com\/fr\/books\/author\/fuzr6koxtahlfjcigcjjuadpexy2\/"},"comment_info":0,"_links":{"self":[{"href":"https:\/\/www.getstoryshots.com\/fr\/wp-json\/wp\/v2\/pages\/85888","targetHints":{"allow":["GET"]}}],"collection":[{"href":"https:\/\/www.getstoryshots.com\/fr\/wp-json\/wp\/v2\/pages"}],"about":[{"href":"https:\/\/www.getstoryshots.com\/fr\/wp-json\/wp\/v2\/types\/page"}],"author":[{"embeddable":true,"href":"https:\/\/www.getstoryshots.com\/fr\/wp-json\/wp\/v2\/users\/13"}],"replies":[{"embeddable":true,"href":"https:\/\/www.getstoryshots.com\/fr\/wp-json\/wp\/v2\/comments?post=85888"}],"version-history":[{"count":106,"href":"https:\/\/www.getstoryshots.com\/fr\/wp-json\/wp\/v2\/pages\/85888\/revisions"}],"predecessor-version":[{"id":95432,"href":"https:\/\/www.getstoryshots.com\/fr\/wp-json\/wp\/v2\/pages\/85888\/revisions\/95432"}],"wp:attachment":[{"href":"https:\/\/www.getstoryshots.com\/fr\/wp-json\/wp\/v2\/media?parent=85888"}],"curies":[{"name":"wp","href":"https:\/\/api.w.org\/{rel}","templated":true}]}}