{"id":92618,"date":"2023-10-24T08:21:52","date_gmt":"2023-10-24T08:21:52","guid":{"rendered":"https:\/\/www.getstoryshots.com\/?page_id=92618"},"modified":"2026-01-29T09:19:23","modified_gmt":"2026-01-29T09:19:23","slug":"storyshots-articles","status":"publish","type":"page","link":"https:\/\/www.getstoryshots.com\/fr\/storyshots-articles\/","title":{"rendered":"StoryShots pour les articles"},"content":{"rendered":"<p>Transformez vos articles \u00e0 lire en de riches r\u00e9sum\u00e9s audio conversationnels.<\/p>\n\n\n\n<h2 class=\"wp-block-heading\">Une nouvelle fa\u00e7on de consommer les articles<\/h2>\n\n\n\n<p>Vous pouvez r\u00e9volutionner la fa\u00e7on dont vous consommez l'information avec StoryShots for Articles. Que vous soyez en d\u00e9placement, que vous fassiez de l'exercice ou que vous recherchiez simplement un moyen plus pratique de rester inform\u00e9, StoryShots for Articles \u00e9limine la difficult\u00e9 de lire de longs articles en les convertissant en discussions audio agr\u00e9ables, \u00e9ducatives et facilement compr\u00e9hensibles.<\/p>\n\n\n\n<p class=\"has-text-align-center\"><strong>Inscrivez-vous si vous ne l'avez pas encore fait, afin de ne rien manquer lorsque nous lancerons notre nouvelle application compagnon.<\/strong><\/p>\n\n\n\n<p class=\"has-text-align-center\">Ou contactez <a href=\"mailto:support@getstoryshots.com?subject=StoryShots%20for%20Articles%20Inquiry\">notre \u00e9quipe de soutien<\/a> si vous souhaitez en savoir plus sur StoryShots for Articles.<\/p>\n\n\n\n<p><\/p>","protected":false},"excerpt":{"rendered":"<p>Transformez les articles que vous souhaitez lire en de riches r\u00e9sum\u00e9s audio conversationnels. Une nouvelle fa\u00e7on de lire les articles Vous pouvez r\u00e9volutionner la fa\u00e7on dont vous consommez l'information avec StoryShots for Articles. Que vous soyez en d\u00e9placement, que vous fassiez de l'exercice ou que vous recherchiez simplement un moyen plus pratique de rester inform\u00e9, StoryShots for Articles \u00e9limine la difficult\u00e9 de lire de longs articles en les convertissant en...<\/p>","protected":false},"author":13,"featured_media":0,"parent":0,"menu_order":0,"comment_status":"open","ping_status":"closed","template":"","meta":{"_acf_changed":false,"_kad_blocks_custom_css":"","_kad_blocks_head_custom_js":"","_kad_blocks_body_custom_js":"","_kad_blocks_footer_custom_js":"","_kadence_starter_templates_imported_post":false,"_kad_post_transparent":"","_kad_post_title":"","_kad_post_layout":"","_kad_post_sidebar_id":"","_kad_post_content_style":"","_kad_post_vertical_padding":"","_kad_post_feature":"","_kad_post_feature_position":"","_kad_post_header":false,"_kad_post_footer":false,"yasr_overall_rating":0,"yasr_post_is_review":"","yasr_auto_insert_disabled":"","yasr_review_type":"","footnotes":""},"class_list":["post-92618","page","type-page","status-publish","hentry"],"acf":[],"yasr_visitor_votes":{"stars_attributes":{"read_only":false,"span_bottom":false},"number_of_votes":0,"sum_votes":0},"taxonomy_info":[],"featured_image_src_large":false,"author_info":{"display_name":"Team StoryShots","author_link":"https:\/\/www.getstoryshots.com\/fr\/books\/author\/fuzr6koxtahlfjcigcjjuadpexy2\/"},"comment_info":0,"_links":{"self":[{"href":"https:\/\/www.getstoryshots.com\/fr\/wp-json\/wp\/v2\/pages\/92618","targetHints":{"allow":["GET"]}}],"collection":[{"href":"https:\/\/www.getstoryshots.com\/fr\/wp-json\/wp\/v2\/pages"}],"about":[{"href":"https:\/\/www.getstoryshots.com\/fr\/wp-json\/wp\/v2\/types\/page"}],"author":[{"embeddable":true,"href":"https:\/\/www.getstoryshots.com\/fr\/wp-json\/wp\/v2\/users\/13"}],"replies":[{"embeddable":true,"href":"https:\/\/www.getstoryshots.com\/fr\/wp-json\/wp\/v2\/comments?post=92618"}],"version-history":[{"count":4,"href":"https:\/\/www.getstoryshots.com\/fr\/wp-json\/wp\/v2\/pages\/92618\/revisions"}],"predecessor-version":[{"id":98410,"href":"https:\/\/www.getstoryshots.com\/fr\/wp-json\/wp\/v2\/pages\/92618\/revisions\/98410"}],"wp:attachment":[{"href":"https:\/\/www.getstoryshots.com\/fr\/wp-json\/wp\/v2\/media?parent=92618"}],"curies":[{"name":"wp","href":"https:\/\/api.w.org\/{rel}","templated":true}]}}