{"id":97763,"date":"2025-05-29T15:27:10","date_gmt":"2025-05-29T15:27:10","guid":{"rendered":"https:\/\/www.getstoryshots.com\/?page_id=97763"},"modified":"2025-05-29T15:27:12","modified_gmt":"2025-05-29T15:27:12","slug":"cookie-policy","status":"publish","type":"page","link":"https:\/\/www.getstoryshots.com\/fr\/cookie-policy\/","title":{"rendered":"Politique en mati\u00e8re de cookies"},"content":{"rendered":"<p><strong>Derni\u00e8re mise \u00e0 jour :<\/strong> 29\/5\/2025<\/p>\n\n\n\n<h2 class=\"wp-block-heading\">Qu'est-ce qu'un cookie ?<\/h2>\n\n\n\n<p>Les cookies sont de petits fichiers texte qui sont plac\u00e9s sur votre appareil lorsque vous visitez notre site web. Ils nous aident \u00e0 vous offrir une meilleure exp\u00e9rience en m\u00e9morisant vos pr\u00e9f\u00e9rences et en analysant la fa\u00e7on dont vous utilisez notre site.<\/p>\n\n\n\n<h2 class=\"wp-block-heading\">Comment nous utilisons les cookies<\/h2>\n\n\n\n<h3 class=\"wp-block-heading\">Biscuits essentiels<\/h3>\n\n\n\n<p>Ces cookies sont n\u00e9cessaires au bon fonctionnement de notre site web. Ils permettent des fonctions de base telles que la navigation sur les pages et l'acc\u00e8s aux zones s\u00e9curis\u00e9es.<\/p>\n\n\n\n<ul class=\"wp-block-list\">\n<li>Gestion des sessions<\/li>\n\n\n\n<li>Caract\u00e9ristiques de s\u00e9curit\u00e9<\/li>\n\n\n\n<li>\u00c9quilibrage de la charge<\/li>\n<\/ul>\n\n\n\n<h3 class=\"wp-block-heading\">Cookies analytiques<\/h3>\n\n\n\n<p>Nous utilisons ces cookies pour comprendre comment les visiteurs interagissent avec notre site web.<\/p>\n\n\n\n<h4 class=\"wp-block-heading\">Google Analytics<\/h4>\n\n\n\n<p><strong>Objet :<\/strong> Analyse du trafic sur le site web et suivi du comportement des utilisateurs<\/p>\n\n\n\n<p><strong>Dur\u00e9e de l'enqu\u00eate :<\/strong> Jusqu'\u00e0 2 ans<\/p>\n\n\n\n<p><strong>Opt-out :<\/strong> <a href=\"https:\/\/tools.google.com\/dlpage\/gaoptout\" target=\"_blank\" rel=\"noreferrer noopener\">D\u00e9sactivation de Google Analytics<\/a><\/p>\n\n\n\n<h4 class=\"wp-block-heading\">Amplitude<\/h4>\n\n\n\n<p><strong>Objet :<\/strong> Optimisation de l'exp\u00e9rience utilisateur et analyse des produits<\/p>\n\n\n\n<p><strong>Dur\u00e9e de l'enqu\u00eate :<\/strong> Jusqu'\u00e0 1 an<\/p>\n\n\n\n<p><strong>Opt-out :<\/strong> Contactez-nous \u00e0 l'adresse suivante <a href=\"mailto:support@getstoryshots.com\" data-type=\"mailto\" data-id=\"mailto:support@getstoryshots.com\">support@getstoryshots.com<\/a><\/p>\n\n\n\n<h3 class=\"wp-block-heading\">Cookies de marketing<\/h3>\n\n\n\n<p>Ces cookies suivent votre activit\u00e9 pour nous aider \u00e0 vous pr\u00e9senter un contenu plus pertinent.<\/p>\n\n\n\n<ul class=\"wp-block-list\">\n<li>Suivi des inscriptions par courrier \u00e9lectronique<\/li>\n\n\n\n<li>Pr\u00e9f\u00e9rences pour le bulletin d'information<\/li>\n\n\n\n<li>Efficacit\u00e9 des campagnes de marketing<\/li>\n<\/ul>\n\n\n\n<h2 class=\"wp-block-heading\">G\u00e9rer vos pr\u00e9f\u00e9rences en mati\u00e8re de cookies<\/h2>\n\n\n\n<h3 class=\"wp-block-heading\">Param\u00e8tres du navigateur<\/h3>\n\n\n\n<p>Vous pouvez contr\u00f4ler les cookies par le biais des param\u00e8tres de votre navigateur :<\/p>\n\n\n\n<ul class=\"wp-block-list\">\n<li><strong>Chrome :<\/strong> Param\u00e8tres \u2192 Confidentialit\u00e9 et s\u00e9curit\u00e9 \u2192 Cookies et autres donn\u00e9es du site<\/li>\n\n\n\n<li><strong>Firefox :<\/strong> Param\u00e8tres \u2192 Confidentialit\u00e9 et s\u00e9curit\u00e9 \u2192 Cookies et donn\u00e9es du site<\/li>\n\n\n\n<li><strong>Safari :<\/strong> Pr\u00e9f\u00e9rences \u2192 Confidentialit\u00e9 \u2192 G\u00e9rer les donn\u00e9es du site web<\/li>\n\n\n\n<li><strong>Bord :<\/strong> Param\u00e8tres \u2192 Cookies et autorisations du site<\/li>\n<\/ul>\n\n\n\n<h3 class=\"wp-block-heading\">Outils d'opt-out<\/h3>\n\n\n\n<ul class=\"wp-block-list\">\n<li><a href=\"https:\/\/tools.google.com\/dlpage\/gaoptout\" target=\"_blank\" rel=\"noreferrer noopener\">Module compl\u00e9mentaire de navigateur pour la d\u00e9sactivation de Google Analytics<\/a><\/li>\n\n\n\n<li><a href=\"https:\/\/optout.networkadvertising.org\/\" target=\"_blank\" rel=\"noreferrer noopener\">Option de retrait de l'initiative pour la publicit\u00e9 en r\u00e9seau (Network Advertising Initiative)<\/a><\/li>\n\n\n\n<li><a href=\"http:\/\/www.aboutads.info\/choices\/\" target=\"_blank\" rel=\"noreferrer noopener\">Refus de l'alliance pour la publicit\u00e9 num\u00e9rique (Digital Advertising Alliance)<\/a><\/li>\n<\/ul>\n\n\n\n<h2 class=\"wp-block-heading\">Nous contacter<\/h2>\n\n\n\n<p>Si vous avez des questions concernant notre politique en mati\u00e8re de cookies, veuillez nous contacter :<\/p>\n\n\n\n<ul class=\"wp-block-list\">\n<li><strong>Courriel :<\/strong> <a href=\"mailto:support@getstoryshots.com\" target=\"_blank\" rel=\"noreferrer noopener\">support@getstoryshots.com<\/a><\/li>\n\n\n\n<li><strong>Adresse :<\/strong> Parsida AB, Kindstugatan 3, 111 31 Stockholm, Su\u00e8de<\/li>\n<\/ul>","protected":false},"excerpt":{"rendered":"<p>Derni\u00e8re mise \u00e0 jour : 29\/5\/2025 Que sont les cookies Les cookies sont de petits fichiers texte qui sont plac\u00e9s sur votre appareil lorsque vous visitez notre site web. Ils nous aident \u00e0 vous offrir une meilleure exp\u00e9rience en m\u00e9morisant vos pr\u00e9f\u00e9rences et en analysant la fa\u00e7on dont vous utilisez notre site. Comment nous utilisons les cookies Cookies essentiels Ces cookies sont n\u00e9cessaires pour que notre site...<\/p>","protected":false},"author":13,"featured_media":0,"parent":0,"menu_order":0,"comment_status":"closed","ping_status":"closed","template":"","meta":{"_acf_changed":false,"_kad_blocks_custom_css":"","_kad_blocks_head_custom_js":"","_kad_blocks_body_custom_js":"","_kad_blocks_footer_custom_js":"","_kadence_starter_templates_imported_post":false,"_kad_post_transparent":"","_kad_post_title":"","_kad_post_layout":"","_kad_post_sidebar_id":"","_kad_post_content_style":"","_kad_post_vertical_padding":"","_kad_post_feature":"","_kad_post_feature_position":"","_kad_post_header":false,"_kad_post_footer":false,"yasr_overall_rating":0,"yasr_post_is_review":"","yasr_auto_insert_disabled":"","yasr_review_type":"","footnotes":""},"class_list":["post-97763","page","type-page","status-publish","hentry"],"acf":[],"yasr_visitor_votes":{"stars_attributes":{"read_only":false,"span_bottom":false},"number_of_votes":0,"sum_votes":0},"taxonomy_info":[],"featured_image_src_large":false,"author_info":{"display_name":"Team StoryShots","author_link":"https:\/\/www.getstoryshots.com\/fr\/books\/author\/fuzr6koxtahlfjcigcjjuadpexy2\/"},"comment_info":0,"_links":{"self":[{"href":"https:\/\/www.getstoryshots.com\/fr\/wp-json\/wp\/v2\/pages\/97763","targetHints":{"allow":["GET"]}}],"collection":[{"href":"https:\/\/www.getstoryshots.com\/fr\/wp-json\/wp\/v2\/pages"}],"about":[{"href":"https:\/\/www.getstoryshots.com\/fr\/wp-json\/wp\/v2\/types\/page"}],"author":[{"embeddable":true,"href":"https:\/\/www.getstoryshots.com\/fr\/wp-json\/wp\/v2\/users\/13"}],"replies":[{"embeddable":true,"href":"https:\/\/www.getstoryshots.com\/fr\/wp-json\/wp\/v2\/comments?post=97763"}],"version-history":[{"count":1,"href":"https:\/\/www.getstoryshots.com\/fr\/wp-json\/wp\/v2\/pages\/97763\/revisions"}],"predecessor-version":[{"id":97764,"href":"https:\/\/www.getstoryshots.com\/fr\/wp-json\/wp\/v2\/pages\/97763\/revisions\/97764"}],"wp:attachment":[{"href":"https:\/\/www.getstoryshots.com\/fr\/wp-json\/wp\/v2\/media?parent=97763"}],"curies":[{"name":"wp","href":"https:\/\/api.w.org\/{rel}","templated":true}]}}