{"id":2,"date":"2019-07-14T12:57:20","date_gmt":"2019-07-14T12:57:20","guid":{"rendered":"https:\/\/www.getstoryshots.com\/?page_id=2"},"modified":"2019-07-14T12:57:20","modified_gmt":"2019-07-14T12:57:20","slug":"sample-page","status":"publish","type":"page","link":"https:\/\/www.getstoryshots.com\/it\/sample-page\/","title":{"rendered":"Pagina campione"},"content":{"rendered":"<p>Questa \u00e8 una pagina di esempio. \u00c8 diversa da un post di blog perch\u00e9 rimarr\u00e0 in un posto e apparir\u00e0 nella navigazione del tuo sito (nella maggior parte dei temi). La maggior parte delle persone inizia con una pagina About che li presenta ai potenziali visitatori del sito. Potrebbe dire qualcosa del genere:<\/p>\n\n\n\n<blockquote class=\"wp-block-quote is-layout-flow wp-block-quote-is-layout-flow\"><p>Ciao a tutti! Sono un corriere in bicicletta di giorno, aspirante attore di notte, e questo \u00e8 il mio sito web. Vivo a Los Angeles, ho un cane fantastico di nome Jack e mi piace la pi\u00f1a colada. (E farsi prendere dalla pioggia).<\/p><\/blockquote>\n\n\n\n<p>...o qualcosa del genere:<\/p>\n\n\n\n<blockquote class=\"wp-block-quote is-layout-flow wp-block-quote-is-layout-flow\"><p>La XYZ Doohickey Company \u00e8 stata fondata nel 1971 e da allora fornisce al pubblico doohickey di qualit\u00e0. Situata a Gotham City, la XYZ impiega oltre 2.000 persone e fa ogni genere di cose fantastiche per la comunit\u00e0 di Gotham.<\/p><\/blockquote>\n\n\n\n<p>Come nuovo utente di WordPress, dovresti andare su <a href=\"https:\/\/www.getstoryshots.com\/wp-admin\/\">il tuo cruscotto<\/a> per cancellare questa pagina e creare nuove pagine per il tuo contenuto. Buon divertimento!<\/p>","protected":false},"excerpt":{"rendered":"<p>Questa \u00e8 una pagina di esempio. \u00c8 diversa da un post del blog perch\u00e9 rimarr\u00e0 in un unico posto e apparir\u00e0 nella navigazione del sito (nella maggior parte dei temi). La maggior parte delle persone inizia con una pagina About che li presenta ai potenziali visitatori del sito. Potrebbe dire qualcosa del genere: Ciao a tutti! Sono un corriere in bicicletta...<\/p>","protected":false},"author":1,"featured_media":0,"parent":0,"menu_order":0,"comment_status":"closed","ping_status":"open","template":"","meta":{"_acf_changed":false,"_kad_blocks_custom_css":"","_kad_blocks_head_custom_js":"","_kad_blocks_body_custom_js":"","_kad_blocks_footer_custom_js":"","_kadence_starter_templates_imported_post":false,"_kad_post_transparent":"","_kad_post_title":"","_kad_post_layout":"","_kad_post_sidebar_id":"","_kad_post_content_style":"","_kad_post_vertical_padding":"","_kad_post_feature":"","_kad_post_feature_position":"","_kad_post_header":false,"_kad_post_footer":false,"yasr_overall_rating":0,"yasr_post_is_review":"","yasr_auto_insert_disabled":"","yasr_review_type":"","footnotes":""},"class_list":["post-2","page","type-page","status-publish","hentry"],"acf":[],"yasr_visitor_votes":{"stars_attributes":{"read_only":false,"span_bottom":false},"number_of_votes":0,"sum_votes":0},"taxonomy_info":[],"featured_image_src_large":false,"author_info":{"display_name":"StoryShots - Free Book Summaries","author_link":"https:\/\/www.getstoryshots.com\/it\/books\/author\/storyshotsadmin\/"},"comment_info":0,"_links":{"self":[{"href":"https:\/\/www.getstoryshots.com\/it\/wp-json\/wp\/v2\/pages\/2","targetHints":{"allow":["GET"]}}],"collection":[{"href":"https:\/\/www.getstoryshots.com\/it\/wp-json\/wp\/v2\/pages"}],"about":[{"href":"https:\/\/www.getstoryshots.com\/it\/wp-json\/wp\/v2\/types\/page"}],"author":[{"embeddable":true,"href":"https:\/\/www.getstoryshots.com\/it\/wp-json\/wp\/v2\/users\/1"}],"replies":[{"embeddable":true,"href":"https:\/\/www.getstoryshots.com\/it\/wp-json\/wp\/v2\/comments?post=2"}],"version-history":[{"count":0,"href":"https:\/\/www.getstoryshots.com\/it\/wp-json\/wp\/v2\/pages\/2\/revisions"}],"wp:attachment":[{"href":"https:\/\/www.getstoryshots.com\/it\/wp-json\/wp\/v2\/media?parent=2"}],"curies":[{"name":"wp","href":"https:\/\/api.w.org\/{rel}","templated":true}]}}