{"id":50657,"date":"2021-03-23T07:12:22","date_gmt":"2021-03-23T07:12:22","guid":{"rendered":"https:\/\/www.getstoryshots.com\/?page_id=50657"},"modified":"2021-11-15T12:52:44","modified_gmt":"2021-11-15T12:52:44","slug":"presskit","status":"publish","type":"page","link":"https:\/\/www.getstoryshots.com\/it\/presskit\/","title":{"rendered":"Kit per la stampa"},"content":{"rendered":"<h2 class=\"wp-block-heading\">La nostra missione<\/h2>\n\n\n\n<p>I grandi libri di saggistica possono cambiare la vita. Ma le statistiche mostrano che il 90% di essi non viene mai letto oltre il primo capitolo. Le distrazioni aumentano e la nostra vita \u00e8 sempre pi\u00f9 frenetica. Per aggiungere a questo, persone diverse hanno diverse quantit\u00e0 di tempo libero, budget e preferenze di apprendimento. StoryShots \u00e8 qui per cambiare questo. Siamo una startup a impatto sociale in fase di bootstrapping, con la missione di rendere le intuizioni chiave dei libri di saggistica pi\u00f9 venduti accessibili a <strong>tutti <\/strong>(indipendentemente dal loro budget, tempo o stile di apprendimento). Crediamo nel dare potere a un adolescente nell'India rurale tanto quanto a un imprenditore affamato di tempo nella Silicon Valley. Tutti hanno il diritto di imparare dai pi\u00f9 grandi libri del mondo.<\/p>\n\n\n\n<h2 class=\"wp-block-heading\">Fondatore<\/h2>\n\n\n\n<p>Farid Behnia, con esperienza di lavoro in aziende Fortune 100 e partnership con Tim Ferriss, ha fondato StoryShots nel 2018. Voleva rendere possibile a tutti di avere le stesse trasformazioni che lui ha avuto nella vita grazie ad alcuni libri di auto-aiuto. <\/p>\n\n\n\n<p>Raggiungere <a href=\"mailto:hello@getstoryshots.com\">hello@getstoryshots.com<\/a> per qualsiasi richiesta dei media.<\/p>\n\n\n\n<h2 class=\"wp-block-heading\">Menzioni dei media<\/h2>\n\n\n\n<p><a href=\"https:\/\/drive.google.com\/drive\/folders\/1QsDpKFMjIL4qn0ZKCkmV90TGBjIgrLqB?usp=sharing\" data-type=\"URL\" data-id=\"https:\/\/drive.google.com\/drive\/folders\/1QsDpKFMjIL4qn0ZKCkmV90TGBjIgrLqB?usp=sharing\" target=\"_blank\" rel=\"noopener\">The Guardian - 20 app per migliorare le tue abilit\u00e0<\/a><\/p>\n\n\n\n<p><a href=\"https:\/\/drive.google.com\/file\/d\/1MNudA_ujEK4pXOhlHMrHw3pGLyEM8nSS\/view?usp=sharing\" data-type=\"URL\" data-id=\"https:\/\/drive.google.com\/file\/d\/1MNudA_ujEK4pXOhlHMrHw3pGLyEM8nSS\/view?usp=sharing\" target=\"_blank\" rel=\"noopener\">The Economist - I riassunti dei libri di business possono farvi risparmiare tempo e allo stesso tempo fornire approfondimenti?<\/a><\/p>\n\n\n\n<p><a href=\"https:\/\/beebom.com\/best-blinkist-alternatives\/\" data-type=\"URL\" data-id=\"https:\/\/beebom.com\/best-blinkist-alternatives\/\" target=\"_blank\" rel=\"noopener\">BeeBom - 12 migliori alternative a Blinkist che dovresti usare<\/a><\/p>\n\n\n\n<h2 class=\"wp-block-heading\">Premi e altri riconoscimenti<\/h2>\n\n\n\n<p>StoryShots \u00e8 stato lodato e raccomandato dalle seguenti persone e istituzioni:<\/p>\n\n\n\n<p>Steven Pinker, PhD - Professore di Harvard e autore preferito di Bill Gates di tutti i tempi<\/p>\n\n\n\n<p>Steven Kotler - autore di bestseller del New York Times, candidato al premio Pulitzer ed esperto di alte prestazioni<\/p>\n\n\n\n<p>Nami Zarringhalam - Co-fondatore di TrueCaller<\/p>\n\n\n\n<p>StoryShots \u00e8 stato il secondo classificato al Premio del Vertice Mondiale delle Nazioni Unite per l'Impatto Sociale nella categoria Educazione. <\/p>\n\n\n\n<p>Naithan Jones - Partner di Andreessen Horowitz<\/p>\n\n\n\n<p><a href=\"https:\/\/www.youtube.com\/watch?v=7-7bpuWRjd4\" data-type=\"URL\" data-id=\"https:\/\/www.youtube.com\/watch?v=7-7bpuWRjd4\" target=\"_blank\" rel=\"noopener\">Puri Jagannadh - Famoso regista indiano\u00a0<\/a><\/p>\n\n\n\n<div class=\"wp-block-buttons is-layout-flex wp-block-buttons-is-layout-flex\">\n<div class=\"wp-block-button\"><a class=\"wp-block-button__link has-background\" href=\"https:\/\/drive.google.com\/drive\/folders\/1QsDpKFMjIL4qn0ZKCkmV90TGBjIgrLqB?usp=sharing\" style=\"background-color:#ff3000\" target=\"_blank\" rel=\"noreferrer noopener\">Vai al Media Kit<\/a><\/div>\n<\/div>","protected":false},"excerpt":{"rendered":"<p>La nostra missione I grandi libri di saggistica possono cambiare la vita. Ma le statistiche mostrano che 90% di essi non vengono mai letti oltre il primo capitolo. Le distrazioni aumentano e la nostra vita \u00e8 sempre pi\u00f9 frenetica. A ci\u00f2 si aggiunge il fatto che persone diverse hanno quantit\u00e0 diverse di tempo libero, budget e preferenze di apprendimento. StoryShots \u00e8 qui per cambiare le cose. Siamo un...<\/p>","protected":false},"author":13,"featured_media":0,"parent":0,"menu_order":0,"comment_status":"closed","ping_status":"closed","template":"","meta":{"_acf_changed":false,"_kad_blocks_custom_css":"","_kad_blocks_head_custom_js":"","_kad_blocks_body_custom_js":"","_kad_blocks_footer_custom_js":"","_kadence_starter_templates_imported_post":false,"_kad_post_transparent":"","_kad_post_title":"","_kad_post_layout":"","_kad_post_sidebar_id":"","_kad_post_content_style":"","_kad_post_vertical_padding":"","_kad_post_feature":"","_kad_post_feature_position":"","_kad_post_header":false,"_kad_post_footer":false,"yasr_overall_rating":0,"yasr_post_is_review":"","yasr_auto_insert_disabled":"","yasr_review_type":"","footnotes":""},"class_list":["post-50657","page","type-page","status-publish","hentry"],"acf":[],"yasr_visitor_votes":{"stars_attributes":{"read_only":false,"span_bottom":false},"number_of_votes":0,"sum_votes":0},"taxonomy_info":[],"featured_image_src_large":false,"author_info":{"display_name":"Team StoryShots","author_link":"https:\/\/www.getstoryshots.com\/it\/books\/author\/fuzr6koxtahlfjcigcjjuadpexy2\/"},"comment_info":0,"_links":{"self":[{"href":"https:\/\/www.getstoryshots.com\/it\/wp-json\/wp\/v2\/pages\/50657","targetHints":{"allow":["GET"]}}],"collection":[{"href":"https:\/\/www.getstoryshots.com\/it\/wp-json\/wp\/v2\/pages"}],"about":[{"href":"https:\/\/www.getstoryshots.com\/it\/wp-json\/wp\/v2\/types\/page"}],"author":[{"embeddable":true,"href":"https:\/\/www.getstoryshots.com\/it\/wp-json\/wp\/v2\/users\/13"}],"replies":[{"embeddable":true,"href":"https:\/\/www.getstoryshots.com\/it\/wp-json\/wp\/v2\/comments?post=50657"}],"version-history":[{"count":0,"href":"https:\/\/www.getstoryshots.com\/it\/wp-json\/wp\/v2\/pages\/50657\/revisions"}],"wp:attachment":[{"href":"https:\/\/www.getstoryshots.com\/it\/wp-json\/wp\/v2\/media?parent=50657"}],"curies":[{"name":"wp","href":"https:\/\/api.w.org\/{rel}","templated":true}]}}