{"id":85888,"date":"2022-11-30T14:23:01","date_gmt":"2022-11-30T14:23:01","guid":{"rendered":"https:\/\/www.getstoryshots.com\/?page_id=85888"},"modified":"2024-08-07T10:34:54","modified_gmt":"2024-08-07T10:34:54","slug":"public-roadmap","status":"publish","type":"page","link":"https:\/\/www.getstoryshots.com\/it\/public-roadmap\/","title":{"rendered":"StoryShots Roadmap pubblica"},"content":{"rendered":"<p id=\"block-b0bd3297-34fe-487a-affd-38f391820786\"><strong>Aggiorna<\/strong>&nbsp;la pagina per vedere gli ultimi aggiornamenti. <\/p>\n\n\n\n<p id=\"block-b0bd3297-34fe-487a-affd-38f391820786\">Aggiungiamo regolarmente nuovi contenuti. Aiutateci a dare priorit\u00e0 ai nuovi contenuti votandoli con il tasto&nbsp;<em>Vota i nuovi libri<\/em>&nbsp;nella schermata Impostazioni <a href=\"https:\/\/www.getstoryshots.com\/it\/\" data-type=\"link\" data-id=\"https:\/\/www.getstoryshots.com\">nell'app<\/a>. Questa funzione \u00e8 esclusiva dei membri premium. <\/p>\n\n\n\n<p>Per aiutarci a stabilire le priorit\u00e0 delle nuove funzionalit\u00e0, utilizzare <em>Vota per le nuove caratteristiche<\/em> nella schermata Impostazioni dell'applicazione.<\/p>\n\n\n\n<ul class=\"wp-block-list\">\n<li>FEATURE IN ARRIVO (4\u00b0 trimestre 2024) - Sfida di autocrescita di 30 giorni<\/li>\n\n\n\n<li><s>FUNZIONALIT\u00c0 IN ARRIVO (1\u00b0-2\u00b0 trimestre, 2024) - Playlist per le riprese audio<\/s><\/li>\n\n\n\n<li>FUNZIONALIT\u00c0 IN ARRIVO (2025) - Supporto Chromecast su Android<\/li>\n\n\n\n<li><span style=\"color: initial; font-family: -apple-system, BlinkMacSystemFont, &quot;Segoe UI&quot;, Roboto, Oxygen-Sans, Ubuntu, Cantarell, &quot;Helvetica Neue&quot;, sans-serif;\">FUNZIONALIT\u00c0 IN ARRIVO (2025) - Interfaccia utente dell'app in spagnolo, portoghese, tedesco, francese e svedese.<\/span><\/li>\n\n\n\n<li>FUNZIONE IN ARRIVO (2024) - Tracciamento delle abitudini<\/li>\n\n\n\n<li>CARATTERE\/CONTENUTO IN ARRIVO (3\u00b0-4\u00b0 trimestre, 2024) - Tutti i nostri libri avranno un'infografica\/mappa mentale.<\/li>\n\n\n\n<li>CARATTERE\/CONTENUTO IN ARRIVO (1\u00b0 trimestre 2025) - Tutti i nostri libri saranno dotati di video animati originali StoryShots.<\/li>\n\n\n\n<li><s>FUNZIONE IN ARRIVO (4\u00b0 trimestre, 2023) - Ottenere un riassunto di quasi tutti i libri (con l'intelligenza artificiale)<\/s> \ud83e\udd16<\/li>\n\n\n\n<li><s>CARATTERISTICA\/CONTENUTO IN ARRIVO (gennaio 2023) - Tutti i nostri libri avranno una ripresa audio originale che vi permetter\u00e0 di leggere mentre ascoltate tutti i libri.<\/s><br><\/li>\n<\/ul>\n\n\n\n<h2 class=\"wp-block-heading\">Contenuti in arrivo (2024):<\/h2>\n\n\n\n<ul class=\"wp-block-list\">\n<li><s>How Will You Measure Your Life?<\/s><\/li>\n\n\n\n<li><s>L'ostacolo \u00e8 la via<\/s><\/li>\n\n\n\n<li>Mai dividere la differenza<\/li>\n\n\n\n<li>Antifragile<\/li>\n\n\n\n<li>Produttivit\u00e0 lenta<\/li>\n\n\n\n<li><s>Come non fare la dieta<\/s><\/li>\n\n\n\n<li><s>L'MBA personale<\/s><\/li>\n\n\n\n<li>La ricchezza delle nazioni<\/li>\n\n\n\n<li>Il manifesto della lista di controllo<\/li>\n\n\n\n<li>Meditazioni<\/li>\n\n\n\n<li><s>I 5 linguaggi dell'amore<\/s><\/li>\n\n\n\n<li>L'atto creativo<\/li>\n\n\n\n<li>Una breve storia del tempo<\/li>\n\n\n\n<li>Sapiens<\/li>\n\n\n\n<li>Atlas Shrugged<\/li>\n\n\n\n<li>Modelli<\/li>\n\n\n\n<li>Influenza<\/li>\n\n\n\n<li>Cane da scarpe<\/li>\n\n\n\n<li>Da zero a uno<\/li>\n\n\n\n<li><s>Come parlare con chiunque<\/s><\/li>\n\n\n\n<li><s>La cosa difficile delle cose difficili<\/s><\/li>\n<\/ul>\n\n\n\n<h2 class=\"wp-block-heading\">CONTENUTI IN ARRIVO (4\u00b0 TRIMESTRE 2023):<\/h2>\n\n\n\n<ul class=\"wp-block-list\">\n<li><s>L'investitore intelligente<\/s><\/li>\n\n\n\n<li><s>Veloce come una ragazza<\/s><\/li>\n\n\n\n<li><s>Sopravvivere<\/s><\/li>\n\n\n\n<li><s>Amici, amanti e la grande cosa terribile<\/s><\/li>\n\n\n\n<li><s>Indistruttibile<\/s><\/li>\n\n\n\n<li><s>L'alchimista<\/s><\/li>\n\n\n\n<li><s>Il vantaggio della felicit\u00e0<\/s><\/li>\n\n\n\n<li><s>La psicologia del denaro<\/s><\/li>\n<\/ul>\n\n\n\n<h2 class=\"wp-block-heading\">CONTENUTI IN ARRIVO (3\u00b0 trimestre 2023) - Pausa estiva:<\/h2>\n\n\n\n<ul class=\"wp-block-list\">\n<li><s>Diventare soprannaturale<\/s><\/li>\n\n\n\n<li><s>Educato<\/s><\/li>\n\n\n\n<li><s>Il libro pi\u00f9 crudo di sempre<\/s><\/li>\n<\/ul>\n\n\n\n<h2 class=\"wp-block-heading\">CONTENUTI IN ARRIVO (Q2, 2023):<\/h2>\n\n\n\n<ul id=\"block-0fa3248c-5634-448e-8176-8e2ffd50e762\" class=\"wp-block-list\">\n<li><s>Il potere di adesso<\/s><\/li>\n\n\n\n<li><s>Mai finito<\/s><\/li>\n\n\n\n<li><s>Il business del 21\u00b0 secolo<\/s><\/li>\n\n\n\n<li><s>La ricerca di significato dell'uomo<\/s><\/li>\n\n\n\n<li><s>Lavoro profondo<\/s><\/li>\n\n\n\n<li><s>Ripensaci<\/s><\/li>\n\n\n\n<li><s>Come essere uno stoico<\/s><\/li>\n\n\n\n<li><s>Il corpo a 4 ore<\/s><\/li>\n\n\n\n<li><s>Dai una gomitata a<\/s><\/li>\n\n\n\n<li><span style=\"color: initial; font-family: -apple-system, BlinkMacSystemFont, &quot;Segoe UI&quot;, Roboto, Oxygen-Sans, Ubuntu, Cantarell, &quot;Helvetica Neue&quot;, sans-serif;\"><s>Ti insegner\u00f2 a essere ricco<\/s><\/span><\/li>\n\n\n\n<li><s style=\"color: initial; font-family: -apple-system, BlinkMacSystemFont, &quot;Segoe UI&quot;, Roboto, Oxygen-Sans, Ubuntu, Cantarell, &quot;Helvetica Neue&quot;, sans-serif;\">L'e-mito rivisitato<\/s><\/li>\n\n\n\n<li><s>Parlare come TED<\/s><\/li>\n\n\n\n<li><s>Il Lean Startup<\/s><\/li>\n<\/ul>\n\n\n\n<h2 class=\"wp-block-heading\">LIBRI IN USCITA (1\u00b0 TRIMESTRE 2023):<span style=\"color: initial; font-family: -apple-system, BlinkMacSystemFont, &quot;Segoe UI&quot;, Roboto, Oxygen-Sans, Ubuntu, Cantarell, &quot;Helvetica Neue&quot;, sans-serif;\"><\/span><\/h2>\n\n\n\n<ul class=\"wp-block-list\">\n<li><s><span style=\"color: initial; font-family: -apple-system, BlinkMacSystemFont, &quot;Segoe UI&quot;, Roboto, Oxygen-Sans, Ubuntu, Cantarell, &quot;Helvetica Neue&quot;, sans-serif;\">Costruire un secondo cervello<\/span><\/s><\/li>\n\n\n\n<li><s>Come cambiare idea<\/s><\/li>\n\n\n\n<li><s>Vendere come matti<\/s><\/li>\n\n\n\n<li><s>Piccole abitudini<\/s><\/li>\n\n\n\n<li><s>Le prime 20 ore<\/s><\/li>\n\n\n\n<li><s>I quattro accordi<\/s><\/li>\n\n\n\n<li><s>Il codice dell'obesit\u00e0<\/s><\/li>\n\n\n\n<li><s>Lo stoico quotidiano<\/s><\/li>\n\n\n\n<li><s>Rompere l'abitudine di essere se stessi<\/s><\/li>\n\n\n\n<li><s>Come non sbagliare<\/s><\/li>\n\n\n\n<li><s style=\"color: initial; font-family: -apple-system, BlinkMacSystemFont, &quot;Segoe UI&quot;, Roboto, Oxygen-Sans, Ubuntu, Cantarell, &quot;Helvetica Neue&quot;, sans-serif;\">Ricambio<\/s><\/li>\n\n\n\n<li><s>Il segreto<\/s><\/li>\n\n\n\n<li><s>Come non morire<\/s><\/li>\n\n\n\n<li><span style=\"color: initial; font-family: -apple-system, BlinkMacSystemFont, &quot;Segoe UI&quot;, Roboto, Oxygen-Sans, Ubuntu, Cantarell, &quot;Helvetica Neue&quot;, sans-serif;\"><s>Elon Musk<\/s><\/span><\/li>\n\n\n\n<li><s>Ripensaci<\/s><\/li>\n\n\n\n<li><s style=\"color: initial; font-family: -apple-system, BlinkMacSystemFont, &quot;Segoe UI&quot;, Roboto, Oxygen-Sans, Ubuntu, Cantarell, &quot;Helvetica Neue&quot;, sans-serif;\">Millionaire Fastlane<\/s><\/li>\n\n\n\n<li><s>L'arte della seduzione<\/s><\/li>\n\n\n\n<li><s style=\"color: initial; font-family: -apple-system, BlinkMacSystemFont, &quot;Segoe UI&quot;, Roboto, Oxygen-Sans, Ubuntu, Cantarell, &quot;Helvetica Neue&quot;, sans-serif;\">La via dell'uomo superiore<\/s><\/li>\n\n\n\n<li><s>Costruito per vendere<\/s><\/li>\n<\/ul>","protected":false},"excerpt":{"rendered":"<p>Aggiornare la pagina per vedere gli ultimi aggiornamenti. Aggiungiamo regolarmente nuovi contenuti. Aiutateci a dare priorit\u00e0 ai nuovi contenuti votandoli utilizzando la funzione Vota i nuovi libri nella schermata Impostazioni dell'app. Questa funzione \u00e8 esclusiva dei membri premium. Per aiutarci a dare priorit\u00e0 alle nuove funzionalit\u00e0, utilizzare la funzione Vota nuove funzionalit\u00e0 nella schermata Impostazioni...<\/p>","protected":false},"author":13,"featured_media":0,"parent":0,"menu_order":0,"comment_status":"closed","ping_status":"closed","template":"","meta":{"_acf_changed":false,"_kad_blocks_custom_css":"","_kad_blocks_head_custom_js":"","_kad_blocks_body_custom_js":"","_kad_blocks_footer_custom_js":"","_kadence_starter_templates_imported_post":false,"_kad_post_transparent":"","_kad_post_title":"","_kad_post_layout":"","_kad_post_sidebar_id":"","_kad_post_content_style":"","_kad_post_vertical_padding":"","_kad_post_feature":"","_kad_post_feature_position":"","_kad_post_header":false,"_kad_post_footer":false,"yasr_overall_rating":0,"yasr_post_is_review":"","yasr_auto_insert_disabled":"","yasr_review_type":"","footnotes":""},"class_list":["post-85888","page","type-page","status-publish","hentry"],"acf":[],"yasr_visitor_votes":{"stars_attributes":{"read_only":false,"span_bottom":false},"number_of_votes":0,"sum_votes":0},"taxonomy_info":[],"featured_image_src_large":false,"author_info":{"display_name":"Team StoryShots","author_link":"https:\/\/www.getstoryshots.com\/it\/books\/author\/fuzr6koxtahlfjcigcjjuadpexy2\/"},"comment_info":0,"_links":{"self":[{"href":"https:\/\/www.getstoryshots.com\/it\/wp-json\/wp\/v2\/pages\/85888","targetHints":{"allow":["GET"]}}],"collection":[{"href":"https:\/\/www.getstoryshots.com\/it\/wp-json\/wp\/v2\/pages"}],"about":[{"href":"https:\/\/www.getstoryshots.com\/it\/wp-json\/wp\/v2\/types\/page"}],"author":[{"embeddable":true,"href":"https:\/\/www.getstoryshots.com\/it\/wp-json\/wp\/v2\/users\/13"}],"replies":[{"embeddable":true,"href":"https:\/\/www.getstoryshots.com\/it\/wp-json\/wp\/v2\/comments?post=85888"}],"version-history":[{"count":106,"href":"https:\/\/www.getstoryshots.com\/it\/wp-json\/wp\/v2\/pages\/85888\/revisions"}],"predecessor-version":[{"id":95432,"href":"https:\/\/www.getstoryshots.com\/it\/wp-json\/wp\/v2\/pages\/85888\/revisions\/95432"}],"wp:attachment":[{"href":"https:\/\/www.getstoryshots.com\/it\/wp-json\/wp\/v2\/media?parent=85888"}],"curies":[{"name":"wp","href":"https:\/\/api.w.org\/{rel}","templated":true}]}}