{"id":1470,"date":"2021-08-01T09:13:51","date_gmt":"2021-08-01T09:13:51","guid":{"rendered":"https:\/\/www.getstoryshots.com\/?page_id=1470"},"modified":"2024-05-30T13:01:42","modified_gmt":"2024-05-30T13:01:42","slug":"faq","status":"publish","type":"page","link":"https:\/\/www.getstoryshots.com\/pl\/faq\/","title":{"rendered":"Najcz\u0119\u015bciej zadawane pytania"},"content":{"rendered":"<h2 class=\"wp-block-heading\">StoryShots AI<\/h2>\n\n\n\n<h3 class=\"wp-block-heading\">Co robi\u0105 kredyty AI?<\/h3>\n\n\n\n<p>W tej chwili kredyty AI pozwalaj\u0105 na generowanie kluczowych wniosk\u00f3w dla prawie ka\u017cdej ksi\u0105\u017cki \"spoza\" naszej istniej\u0105cej kolekcji. W praktyce daje to dost\u0119p do ponad 300 000 ksi\u0105\u017cek. W przysz\u0142o\u015bci mo\u017cemy umo\u017cliwi\u0107 generowanie quiz\u00f3w, krok\u00f3w dzia\u0142ania, kurs\u00f3w itp. w locie przy u\u017cyciu sztucznej inteligencji.<\/p>\n\n\n\n<h2 class=\"wp-block-heading\">Problemy z logowaniem<\/h2>\n\n\n\n<h3 class=\"wp-block-heading\">Nie mog\u0119 si\u0119 zalogowa\u0107. Otrzymuj\u0119 ci\u0105g\u0142e zap\u0119tlanie si\u0119 programu \u0142aduj\u0105cego, gdy pr\u00f3buj\u0119 zalogowa\u0107 si\u0119 przez e-mail. Otrzymuj\u0119 b\u0142\u0105d \"Nieprawid\u0142owe \u0142\u0105cze dynamiczne\", gdy pr\u00f3buj\u0119 zalogowa\u0107 si\u0119 przez e-mail.<\/h3>\n\n\n\n<p>Upewnij si\u0119, \u017ce otwierasz link w tym samym oknie przegl\u0105darki, w kt\u00f3rym pr\u00f3bowa\u0142e\u015b si\u0119 zalogowa\u0107. Je\u015bli otrzymasz wiadomo\u015b\u0107 e-mail w innej przegl\u0105darce, kliknij prawym przyciskiem myszy \u0142\u0105cze w wiadomo\u015bci e-mail, skopiuj jego adres i wklej go w tej samej karcie przegl\u0105darki.<\/p>\n\n\n\n<p>Je\u015bli logujesz si\u0119 do aplikacji, upewnij si\u0119, \u017ce wiadomo\u015b\u0107 e-mail zosta\u0142a otwarta w przegl\u0105darce mobilnej (a nie w \"aplikacji\" mobilnej poczty e-mail). Naci\u015bnij i przytrzymaj \u0142\u0105cze, a nast\u0119pnie otw\u00f3rz je w aplikacji natywnej. Je\u015bli otrzymasz wiadomo\u015b\u0107 e-mail na innym urz\u0105dzeniu, wy\u015blij sobie adres linku za po\u015brednictwem aplikacji spo\u0142eczno\u015bciowych i otw\u00f3rz go na urz\u0105dzeniu mobilnym.<\/p>\n\n\n\n<p>Je\u015bli problem nie ust\u0105pi, prosimy o przes\u0142anie prostego nagrania ekranu na adres <a href=\"mailto:support@getstoryshots.com\" data-type=\"mailto\" data-id=\"mailto:support@getstoryshots.com\">nasze wsparcie<\/a> lub poda\u0107 wi\u0119cej szczeg\u00f3\u0142\u00f3w i zrzut\u00f3w ekranu.<\/p>\n\n\n\n<h3 class=\"wp-block-heading\">Zrealizowa\u0142em kod AppSumo, ale nie mam jeszcze dost\u0119pu premium. Co powinienem zrobi\u0107?<\/h3>\n\n\n\n<p>Spr\u00f3buj wylogowa\u0107 si\u0119 i wr\u00f3ci\u0107 lub ponownie zainstalowa\u0107 aplikacj\u0119. Upewnij si\u0119, \u017ce u\u017cywasz tych samych po\u015bwiadcze\u0144 i metody logowania, co na stronie. W przypadku dalszych problem\u00f3w prosimy o kontakt z naszym <a href=\"mailto:support@getstoryshots.com\" data-type=\"mailto\" data-id=\"mailto:support@getstoryshots.com\">wsparcie<\/a>.<\/p>\n\n\n\n<h3 class=\"wp-block-heading\">Utkn\u0105\u0142em na ekranie logowania. Co mam zrobi\u0107?<\/h3>\n\n\n\n<p>Otw\u00f3rz aplikacj\u0119 Ustawienia. Dotknij . <strong>Apps<\/strong> a nast\u0119pnie <strong>Zobacz wszystkie aplikacje<\/strong>. Przewi\u0144 w d\u00f3\u0142 do \"Us\u0142ugi Google Play\". Stuknij <strong>Us\u0142ugi Google Play<\/strong>. Tap <strong>Przechowywanie<\/strong> a nast\u0119pnie <strong>Wyczy\u015b\u0107 pami\u0119\u0107 podr\u0119czn\u0105<\/strong>. Powt\u00f3rz te same kroki dla \"<strong>Sklep Google Play<\/strong>\". Nale\u017cy pami\u0119ta\u0107, \u017ce mo\u017ce by\u0107 konieczne <strong>Force Stop<\/strong> aplikacji przed wyczyszczeniem jej pami\u0119ci podr\u0119cznej. Powt\u00f3rz te same kroki dla \"<strong>StoryShots<\/strong>\u201c.<\/p>\n\n\n\n<h2 class=\"wp-block-heading\">Kwestie zakupu<\/h2>\n\n\n\n<h3 class=\"wp-block-heading\">Otrzymuj\u0119 komunikat \"Transakcja nie mo\u017ce zosta\u0107 zako\u0144czona. Upewnij si\u0119, \u017ce kraj gry jest prawid\u0142owy\".<\/h3>\n\n\n\n<p>Wed\u0142ug <a href=\"https:\/\/support.google.com\/googleplay\/contact\/fx_block\" data-type=\"link\" data-id=\"https:\/\/support.google.com\/googleplay\/contact\/fx_block\" target=\"_blank\" rel=\"noopener\">Google<\/a>je\u015bli otrzymasz ten b\u0142\u0105d podczas pr\u00f3by dokonania zakupu w aplikacji,&nbsp;<strong>Upewnij si\u0119, \u017ce kraj gry jest prawid\u0142owy<\/strong>. Je\u015bli niedawno przeprowadzi\u0142e\u015b si\u0119 do innego kraju,&nbsp;<a href=\"https:\/\/support.google.com\/googleplay\/answer\/7431675\" target=\"_blank\" rel=\"noopener\"><u>zobacz tutaj<\/u><\/a>&nbsp;instrukcje dotycz\u0105ce zmiany ustawie\u0144.&nbsp;<br><br>Je\u015bli Tw\u00f3j kraj w ustawieniach Play jest prawid\u0142owy, ale nadal widzisz b\u0142\u0105d, prze\u015blij spraw\u0119 do sprawdzenia, klikaj\u0105c przycisk przesy\u0142ania poni\u017cej. Upewnij si\u0119, \u017ce u\u017cywasz tego samego adresu e-mail, co konto Play.&nbsp;<br><br>Po przeanalizowaniu sprawy zesp\u00f3\u0142 dochodzeniowy skontaktuje si\u0119 z Tob\u0105, zazwyczaj w ci\u0105gu 3 dni roboczych.&nbsp;<strong>Nie<\/strong>&nbsp;wype\u0142niania wielu formularzy, poniewa\u017c mo\u017ce to wyd\u0142u\u017cy\u0107 proces.<\/p>\n\n\n\n<h2 class=\"wp-block-heading\">Inne kwestie<\/h2>\n\n\n\n<h3 class=\"wp-block-heading\">Dlaczego niekt\u00f3re ksi\u0105\u017cki s\u0105 oznaczone jako \"Premiera Q1 2023\" lub \"Wkr\u00f3tce\"?<\/h3>\n\n\n\n<p>Nawet je\u015bli niekt\u00f3re ksi\u0105\u017cki w naszej kolekcji maj\u0105 ju\u017c dobr\u0105 zawarto\u015b\u0107, oznaczyli\u015bmy je w ten spos\u00f3b, poniewa\u017c chcemy, aby by\u0142y \u015bwietne! Zapewniamy najbardziej zr\u00f3\u017cnicowan\u0105 zawarto\u015b\u0107 ka\u017cdej ksi\u0105\u017cki na \u015bwiecie i oferujemy j\u0105 w najbardziej przyst\u0119pnych cenach. Oznacza to, \u017ce musimy po\u015bwi\u0119ci\u0107 tygodnie i tysi\u0105ce dolar\u00f3w wi\u0119cej na ka\u017cd\u0105 ksi\u0105\u017ck\u0119 (w por\u00f3wnaniu do naszych konkurent\u00f3w, kt\u00f3rzy mog\u0105 dostarcza\u0107 tylko tekst i zrobotyzowan\u0105 tre\u015b\u0107 audio). Ponadto mo\u017cemy zebra\u0107 opinie na temat istniej\u0105cej tre\u015bci, aby j\u0105 ulepszy\u0107. Potraktujmy to jako wypuszczenie tre\u015bci w wersji beta, zamiast najpierw j\u0105 udoskonala\u0107 i ukrywa\u0107 przed u\u017cytkownikami.<\/p>\n\n\n\n<h3 class=\"wp-block-heading\">Nie mog\u0119 zainstalowa\u0107 aplikacji. Otrzymuj\u0119 komunikat \"Ta aplikacja nie dzia\u0142a na Twoim urz\u0105dzeniu\".<\/h3>\n\n\n\n<p>Aby rozwi\u0105za\u0107 t\u0119 kwesti\u0119, prosimy o wykonanie nast\u0119puj\u0105cych krok\u00f3w: Po pierwsze, upewnij si\u0119, \u017ce system operacyjny urz\u0105dzenia jest aktualny. Sprawd\u017a dost\u0119pne aktualizacje systemu i zainstaluj je, je\u015bli dotyczy. Nast\u0119pnie sprawd\u017a, czy sama aplikacja Sklep Google Play jest aktualna. Otw\u00f3rz aplikacj\u0119 Sklep Google Play. W prawym g\u00f3rnym rogu stuknij ikon\u0119 profilu. Stuknij ikon\u0119 <strong>Ustawienia<\/strong> a nast\u0119pnie <strong>O<\/strong> a nast\u0119pnie <strong>Wersja ze Sklepu Play<\/strong>. Pojawi si\u0119 komunikat z informacj\u0105, czy Sklep Play jest aktualny. Stuknij <strong>Rozumiem<\/strong>. Je\u015bli problem nadal wyst\u0119puje, spr\u00f3buj wymusi\u0107 zamkni\u0119cie aplikacji Sklep Google Play. Nast\u0119pnie wyczy\u015b\u0107 pami\u0119\u0107 podr\u0119czn\u0105 aplikacji, przechodz\u0105c do sekcji <strong>Ustawienia&gt; Aplikacje&gt; Sklep Google Play&gt; Pami\u0119\u0107&gt; Wyczy\u015b\u0107 pami\u0119\u0107 podr\u0119czn\u0105<\/strong>. Nast\u0119pnie wyczy\u015b\u0107 dane aplikacji, wybieraj\u0105c \"<strong>Wyczy\u015b\u0107 dane<\/strong>\" lub \"<strong>Przejrzyste przechowywanie<\/strong>\" w tym samym menu. Je\u015bli poprzednie kroki nie rozwi\u0105\u017c\u0105 problemu, zalecamy skontaktowanie si\u0119 bezpo\u015brednio z pomoc\u0105 techniczn\u0105 Google Play. <\/p>\n\n\n\n<h3 class=\"wp-block-heading\">Czy aplikacja jest darmowa na zawsze?<\/h3>\n\n\n\n<p>Tak! Nasz\u0105 misj\u0105 jest udost\u0119pnienie kluczowych idei najlepszych ksi\u0105\u017cek nonfiction <strong style=\"user-select: auto;\">wszyscy<\/strong>. Nastolatek w wiejskich Indiach powinien mie\u0107 taki sam dost\u0119p do lekcji tych wspania\u0142ych ksi\u0105\u017cek, jak mened\u017cer funduszu hedgingowego w Nowym Jorku. W zwi\u0105zku z tym zawsze b\u0119dziemy mieli darmowy ad-supported tier.<\/p>\n\n\n\n<h3 class=\"wp-block-heading\">Czy StoryShots jest alternatyw\u0105 dla czytania ksi\u0105\u017cek?<\/h3>\n\n\n\n<p>Nic nie zast\u0105pi przeczytania \u015bwietnej ksi\u0105\u017cki od deski do deski. Ale StoryShots pomaga pozna\u0107 kluczowe idee ksi\u0105\u017cek, kt\u00f3re zbieraj\u0105 kurz na p\u00f3\u0142ce lub odkry\u0107 nowe ekscytuj\u0105ce lektury. Mo\u017cesz r\u00f3wnie\u017c u\u017cy\u0107 go do przejrzenia kluczowych lekcji z ksi\u0105\u017cek, kt\u00f3re przeczyta\u0142e\u015b wcze\u015bniej, aby od\u015bwie\u017cy\u0107 pami\u0119\u0107. Nasze recenzje ksi\u0105\u017cek mog\u0105 jedynie zarysowa\u0107 powierzchni\u0119 ksi\u0105\u017cek, w kt\u00f3re autorzy w\u0142o\u017cyli lata pracy.<\/p>\n\n\n\n<h3 class=\"wp-block-heading\">Moja karta \/ UPI nie dzia\u0142a. Co powinienem zrobi\u0107?<\/h3>\n\n\n\n<p>Google obs\u0142uguje p\u0142atno\u015bci, a w zamian pobiera prowizj\u0119 od sprzeda\u017cy. Nie mamy dost\u0119pu do danych finansowych u\u017cytkownika. Mo\u017cesz skontaktowa\u0107 si\u0119 z <a href=\"https:\/\/support.google.com\/googleplay\/?hl=en#topic=3364260\" data-type=\"URL\" data-id=\"https:\/\/support.google.com\/googleplay\/?hl=en#topic=3364260\" target=\"_blank\" rel=\"noreferrer noopener\">Obs\u0142uga sklepu Google Play<\/a> lub tw\u00f3j bank. <\/p>\n\n\n\n<h3 class=\"wp-block-heading\">Ile ksi\u0105\u017cek b\u0119dziesz dodawa\u0107? Jak cz\u0119sto b\u0119dziesz dodawa\u0107 nowe ksi\u0105\u017cki?<\/h3>\n\n\n\n<p>Sp\u0119dzamy du\u017co czasu na r\u0119cznym wybieraniu najlepszych tre\u015bci lub tworzeniu oryginalnych tre\u015bci od podstaw (i rozdawaniu wszystkiego za darmo, podczas gdy nasi konkurenci pobieraj\u0105 10-15 USD miesi\u0119cznie). To d\u0142ugi i kosztowny proces, ale warto! Dodajemy 1-2 nowe ksi\u0105\u017cki tygodniowo. Przedstawiamy 1 ksi\u0105\u017ck\u0119 tygodniowo, wysy\u0142aj\u0105c powiadomienia push, newsletter lub jako <a style=\"user-select: auto;\" href=\"https:\/\/www.getstoryshots.com\/pl\/social-media\/\">wpis w mediach spo\u0142eczno\u015bciowych<\/a>. <\/p>\n\n\n\n<h3 class=\"wp-block-heading\">Czy musz\u0119 zatrudni\u0107 profesjonalist\u0119, czy te\u017c mog\u0119 samodzielnie wykorzysta\u0107 to, czego naucz\u0119 si\u0119 dzi\u0119ki StoryShots?<\/h3>\n\n\n\n<p>Jak wspomniano w naszych warunkach u\u017cytkowania, nasze tre\u015bci mog\u0105 zawiera\u0107 b\u0142\u0119dy lub niesp\u00f3jno\u015bci. Zalecamy, aby\u015b przed zastosowaniem czegokolwiek, czego nauczysz si\u0119 za po\u015brednictwem StoryShots (zw\u0142aszcza w przypadku temat\u00f3w zdrowotnych lub finansowych), skonsultowa\u0142 si\u0119 najpierw z profesjonalist\u0105.<\/p>\n\n\n\n<h3 class=\"wp-block-heading\">Ju\u017c zap\u0142aci\u0142em, ale aplikacja prosi mnie o ponowne zap\u0142acenie. Dlaczego?<\/h3>\n\n\n\n<p>Spr\u00f3buj przywr\u00f3ci\u0107 zakup z ekranu zakupu. Je\u015bli to nie pomo\u017ce, mo\u017ce to by\u0107 tymczasowa usterka po stronie Apple i Google. Je\u015bli spr\u00f3bujesz za kilka godzin, a problem nadal b\u0119dzie wyst\u0119powa\u0142, <a href=\"mailto:support@getstoryshots.com\">skontaktuj si\u0119 z naszym wsparciem.<\/a><\/p>\n\n\n\n<h3 class=\"wp-block-heading\">Niekt\u00f3re ksi\u0105\u017cki, kt\u00f3re by\u0142y ju\u017c w Twojej kolekcji zosta\u0142y usuni\u0119te. Dlaczego?<\/h3>\n\n\n\n<p>Usun\u0119li\u015bmy niekt\u00f3re ksi\u0105\u017cki <em>przej\u015bciowo<\/em> aby poprawi\u0107 jako\u015b\u0107 ich tre\u015bci. B\u0105d\u017acie na bie\u017c\u0105co z wiadomo\u015bciami o ich republikacji poprzez nasz newsletter lub powiadomienia push.<\/p>\n\n\n\n<h3 class=\"wp-block-heading\">Jak mog\u0119 przyczyni\u0107 si\u0119 do realizacji waszej misji?<\/h3>\n\n\n\n<p>Mo\u017cesz przy\u0142\u0105czy\u0107 si\u0119 do nas, aby u\u0142atwi\u0107 wszystkim nauk\u0119 z ksi\u0105\u017cek nonfiction poprzez <a style=\"user-select: auto;\" href=\"https:\/\/www.getstoryshots.com\/pl\/contribute\/\">dodawanie w\u0142asnych \"uj\u0119\u0107\"<\/a>, zostaj\u0105c cz\u0142onkiem premium, pisz\u0105c recenzj\u0119 lub po prostu rozprzestrzeniaj\u0105c s\u0142owo. ?<\/p>\n\n\n\n<h3 class=\"wp-block-heading\">Czy popierasz idee ksi\u0105\u017cek z Twojej kolekcji?<\/h3>\n\n\n\n<p>Niekoniecznie. Ale popieramy wolno\u015b\u0107 s\u0142owa i zachowanie otwartego i ciekawego umys\u0142u.<\/p>\n\n\n\n<h3 class=\"wp-block-heading\">Jak mog\u0119 filtrowa\u0107 ksi\u0105\u017cki na podstawie tego, ile mam wolnego czasu?<\/h3>\n\n\n\n<p>Szukaj pod ekranami Szukaj w systemie Android i Kategorie w systemie iOS dla kategorii uj\u0119\u0107 audio poni\u017cej 10, 20, 30 i 40 minut. Ksi\u0105\u017cki poni\u017cej 15, 25, 35, 45 i 50 minut mo\u017cna znale\u017a\u0107 wyszukuj\u0105c <em>#15m, #25m, #35, #45, #50<\/em>.<\/p>\n\n\n\n<h3 class=\"wp-block-heading\">Jakie s\u0105 twoje relacje z Amazon?<\/h3>\n\n\n\n<p>StoryShots jest zatwierdzonym partnerem Amazon Associates. Oznacza to, \u017ce linki w naszej aplikacji i na stronie internetowej mog\u0105 by\u0107 linkami afiliacyjnymi. Je\u015bli dokonasz zakupu za po\u015brednictwem kt\u00f3rego\u015b z naszych link\u00f3w, mo\u017cemy otrzyma\u0107 niewielk\u0105 prowizj\u0119. Te prowizje pomagaj\u0105 nam utrzyma\u0107 aplikacj\u0119 za darmo i poprawi\u0107 jej zawarto\u015b\u0107. <\/p>\n\n\n\n<h3 class=\"wp-block-heading\">Czy mog\u0119 u\u017cywa\u0107 StoryShots na komputerze stacjonarnym (Microsoft Windows \/ PC lub Mac)?<\/h3>\n\n\n\n<p>Mamy prost\u0105 aplikacj\u0119 internetow\u0105 dost\u0119pn\u0105 dla naszych do\u017cywotnich cz\u0142onk\u00f3w, kt\u00f3ra zawiera r\u00f3wnie\u017c dodatkowe uj\u0119cia tekstu, kt\u00f3rych nie ma w aplikacjach. <\/p>\n\n\n\n<p>Nie mamy oficjalnego wsparcia dla natywnej aplikacji desktopowej. Ale wybrani u\u017cytkownicy Samsunga mog\u0105 dzi\u015b uruchomi\u0107 aplikacj\u0119 w systemie Windows. <a href=\"https:\/\/support.microsoft.com\/en-us\/topic\/supported-devices-for-your-phone-app-experiences-cb044172-87aa-9e41-d446-c4ac83ce8807\" data-type=\"URL\" data-id=\"https:\/\/support.microsoft.com\/en-us\/topic\/supported-devices-for-your-phone-app-experiences-cb044172-87aa-9e41-d446-c4ac83ce8807\" target=\"_blank\" rel=\"noreferrer noopener\">Zobacz tutaj, aby uzyska\u0107 wi\u0119cej informacji.<\/a> Mo\u017cesz r\u00f3wnie\u017c u\u017cy\u0107 <a href=\"https:\/\/www.bluestacks.com\/\" data-type=\"URL\" data-id=\"https:\/\/www.bluestacks.com\/\" target=\"_blank\" rel=\"noreferrer noopener\">BlueStacks<\/a> lub <a href=\"https:\/\/www.bignox.com\/\" data-type=\"URL\" data-id=\"https:\/\/www.bignox.com\/\" target=\"_blank\" rel=\"noreferrer noopener\">NoxPlayer<\/a> do uruchamiania aplikacji z Androida na Windowsie. <\/p>\n\n\n\n<p>Dobra wiadomo\u015b\u0107 jest taka, \u017ce Microsoft niedawno zapowiedzia\u0142, \u017ce Windows 11 pozwoli na natywne uruchamianie aplikacji z Androida r\u00f3wnie\u017c na Windowsie. <\/p>\n\n\n\n<p>U\u017cytkownicy komputer\u00f3w Apple M1 Mac mog\u0105 r\u00f3wnie\u017c uruchomi\u0107 nasz\u0105 aplikacj\u0119 na swoich maszynach. To wsparcie jest eksperymentalne.<\/p>\n\n\n\n<p>Prosz\u0119 <a href=\"mailto:support@getstoryshots.com\">skontaktuj si\u0119 z naszym wsparciem<\/a> je\u015bli masz jakie\u015b inne pytania.<\/p>\n\n\n\n<h3 class=\"wp-block-heading\">Jak mog\u0119 usun\u0105\u0107 moje konto StoryShots?<\/h3>\n\n\n\n<p>Dzi\u0119kujemy, \u017ce da\u0142e\u015b nam szans\u0119. Konto mo\u017cna usun\u0105\u0107 na ekranie Ustawienia w aplikacji mobilnej. B\u0119dziemy wdzi\u0119czni, je\u015bli skontaktujesz si\u0119 z naszym dzia\u0142em wsparcia i przeka\u017cesz nam swoj\u0105 opini\u0119.<\/p>\n\n\n\n<h3 class=\"wp-block-heading\">Co powinienem zrobi\u0107, je\u015bli nie chc\u0119 przegapi\u0107 nowych ksi\u0105\u017cek lub ofert?<\/h3>\n\n\n\n<p>Proste. Najlepszym sposobem jest zezwolenie na powiadomienia w aplikacji i <a href=\"https:\/\/www.getstoryshots.com\/pl\/updates\/\">zapisz si\u0119 do naszego newslettera<\/a>. Wysy\u0142amy 1-2 powiadomienia w tygodniu i 4-6 maili w miesi\u0105cu. Drugim najlepszym sposobem jest sprawdzenie naszego <a href=\"https:\/\/www.getstoryshots.com\/pl\/updates\/\">Strona Co nowego<\/a> regularnie i \u015bled\u017a nas na <a href=\"https:\/\/www.getstoryshots.com\/pl\/social-media\/\">media spo\u0142eczno\u015bciowe<\/a>.<\/p>\n\n\n\n<h3 class=\"wp-block-heading\">Czy oferujecie jakie\u015b zni\u017cki?<\/h3>\n\n\n\n<p>Obecnie oferujemy us\u0142ug\u0119 w najni\u017cszej cenie w bran\u017cy, poniewa\u017c u\u0142atwienie wszystkim nauki z ksi\u0105\u017cek jest naszym najwy\u017cszym priorytetem. Niemniej jednak, miej oko na nasze promocje, zezwalaj\u0105c na powiadomienia w aplikacji, zapisuj\u0105c si\u0119 do naszego newslettera i \u015bledz\u0105c nas na <a href=\"https:\/\/www.getstoryshots.com\/pl\/social-media\/\" data-type=\"page\" data-id=\"535\">media spo\u0142eczno\u015bciowe<\/a>. <\/p>\n\n\n\n<p>Je\u015bli napiszesz 400+ s\u0142\u00f3w artyku\u0142u online o StoryShots lub zrobisz 3-minutow\u0105 recenzj\u0119 wideo na YouTube, mo\u017cemy zapewni\u0107 Ci darmowy do\u017cywotni dost\u0119p. Tw\u00f3j blog powinien mie\u0107 co najmniej 5,000 miesi\u0119cznych odwiedzaj\u0105cych, a Tw\u00f3j kana\u0142 na YouTube powinien mie\u0107 co najmniej 2000 subskrybent\u00f3w. <a href=\"mailto:hello@getstoryshots.com\">Wy\u015blij nam e-mail, aby z\u0142o\u017cy\u0107 wniosek.<\/a><\/p>\n\n\n\n<h3 class=\"wp-block-heading\">Jestem autorem. Czy mo\u017cesz doda\u0107 moj\u0105 ksi\u0105\u017ck\u0119?<\/h3>\n\n\n\n<p>To zale\u017cy. Je\u015bli uwa\u017casz, \u017ce Twoja ksi\u0105\u017cka stanowi warto\u015b\u0107 dodan\u0105 dla naszej globalnej spo\u0142eczno\u015bci ucz\u0105cych si\u0119 przez ca\u0142e \u017cycie, powiniene\u015b z\u0142o\u017cy\u0107 wniosek poprzez <a href=\"mailto:hello@getstoryshots.com\">pisz\u0105c do nas e-mail<\/a>.<\/p>\n\n\n\n<h3 class=\"wp-block-heading\">Czy mo\u017cna doda\u0107 audiobooki do WSZYSTKICH ksi\u0105\u017cek?<\/h3>\n\n\n\n<p>Nasz\u0105 misj\u0105 jest, aby. <strong>g\u0142\u00f3wne wnioski<\/strong> bestsellerowych ksi\u0105\u017cek dost\u0119pnych dla <strong>wszyscy<\/strong>. Je\u015bli jednak znajdziemy publiczny audiobook, umie\u015bcimy do niego link. Nie wszystkie ksi\u0105\u017cki maj\u0105 publiczne wersje. Aby doda\u0107 wersje audiobook\u00f3w dla wszystkich ksi\u0105\u017cek, b\u0119dziemy musieli zwi\u0119kszy\u0107 nasze op\u0142aty subskrypcyjne, aby zap\u0142aci\u0107 za administratora, serwer, op\u0142aty licencyjne itp. Istniej\u0105 r\u00f3wnie\u017c \u015bwietne aplikacje, takie jak Audible, kt\u00f3re maj\u0105 hojne <em>bezp\u0142atny<\/em> oferty pr\u00f3bne. W tej chwili uwa\u017camy, \u017ce dodanie audiobook\u00f3w do aplikacji odci\u0105gnie nas od naszej g\u0142\u00f3wnej misji.<br><br>Je\u015bli wolisz zap\u0142aci\u0107 wi\u0119cej za inn\u0105 subskrypcj\u0119 i mie\u0107 dost\u0119p do wysokiej jako\u015bci wersji audiobook\u00f3w WSZYSTKICH ksi\u0105\u017cek lub je\u015bli chcesz kupowa\u0107 ksi\u0105\u017cki bezpo\u015brednio w StoryShots, zach\u0119camy do g\u0142osowania na t\u0119 funkcj\u0119 za pomoc\u0105 naszego formularza \"G\u0142osuj na nowe funkcje\" na ekranie Ustawienia, aby\u015bmy mogli nada\u0107 jej priorytet.<\/p>\n\n\n\n<h3 class=\"wp-block-heading\">Czy mog\u0119 t\u0142umaczy\u0107, narrowa\u0107 lub animowa\u0107 tre\u015b\u0107?<\/h3>\n\n\n\n<p>Tak! Zobacz <a href=\"https:\/\/www.getstoryshots.com\/pl\/contribute\/\">dodawanie w\u0142asnych uj\u0119\u0107<\/a>.<\/p>\n\n\n\n<h3 class=\"wp-block-heading\">Co to jest to Serendipity Feed?<\/h3>\n\n\n\n<p>To w zasadzie nasza pr\u00f3ba walki z nadmiern\u0105 personalizacj\u0105 narzucon\u0105 nam przez Google, Facebooka i wiele innych firm. Uwa\u017camy, \u017ce powoduje to tunelowe widzenie i uprzedzenia. Tak wi\u0119c, ksi\u0105\u017cki s\u0105 losowo tasowane od czasu do czasu, aby wydoby\u0107 na powierzchni\u0119 ksi\u0105\u017cki, na kt\u00f3re w innym przypadku mo\u017cna by nie wpa\u015b\u0107.<\/p>\n\n\n\n<h3 class=\"wp-block-heading\">Dlaczego nie mog\u0119 s\u0142ucha\u0107 audio podczas przegl\u0105dania innych ksi\u0105\u017cek? Chc\u0119 mie\u0107 p\u0142ywaj\u0105cy mini-odtwarzacz.<\/h3>\n\n\n\n<p>Zdajemy sobie spraw\u0119, \u017ce wiele aplikacji do podcast\u00f3w i wideo obs\u0142uguje t\u0119 funkcj\u0119. My jednak wierzymy w jednozadaniowo\u015b\u0107 i skupienie. Je\u015bli uwa\u017casz, \u017ce si\u0119 mylimy, zag\u0142osuj na t\u0119 funkcj\u0119, korzystaj\u0105c z ankiety \"G\u0142osuj na nowe funkcje\" w aplikacji.<\/p>","protected":false},"excerpt":{"rendered":"<p>StoryShots AI Do czego s\u0142u\u017c\u0105 kredyty AI? W tej chwili kredyty AI pozwalaj\u0105 na generowanie kluczowych spostrze\u017ce\u0144 dla prawie ka\u017cdej ksi\u0105\u017cki \"spoza\" naszej istniej\u0105cej kolekcji. W praktyce daje to dost\u0119p do ponad 300 000 ksi\u0105\u017cek. W przysz\u0142o\u015bci mo\u017cemy umo\u017cliwi\u0107 generowanie quiz\u00f3w, krok\u00f3w dzia\u0142ania, kurs\u00f3w itp. w locie za pomoc\u0105 AI....<\/p>","protected":false},"author":1,"featured_media":0,"parent":0,"menu_order":0,"comment_status":"closed","ping_status":"closed","template":"","meta":{"_acf_changed":false,"_kad_blocks_custom_css":"","_kad_blocks_head_custom_js":"","_kad_blocks_body_custom_js":"","_kad_blocks_footer_custom_js":"","_kadence_starter_templates_imported_post":false,"_kad_post_transparent":"","_kad_post_title":"","_kad_post_layout":"","_kad_post_sidebar_id":"","_kad_post_content_style":"","_kad_post_vertical_padding":"","_kad_post_feature":"","_kad_post_feature_position":"","_kad_post_header":false,"_kad_post_footer":false,"yasr_overall_rating":0,"yasr_post_is_review":"","yasr_auto_insert_disabled":"","yasr_review_type":"","footnotes":""},"class_list":["post-1470","page","type-page","status-publish","hentry"],"acf":[],"yasr_visitor_votes":{"stars_attributes":{"read_only":false,"span_bottom":false},"number_of_votes":0,"sum_votes":0},"taxonomy_info":[],"featured_image_src_large":false,"author_info":{"display_name":"StoryShots - Free Book Summaries","author_link":"https:\/\/www.getstoryshots.com\/pl\/books\/author\/storyshotsadmin\/"},"comment_info":0,"_links":{"self":[{"href":"https:\/\/www.getstoryshots.com\/pl\/wp-json\/wp\/v2\/pages\/1470","targetHints":{"allow":["GET"]}}],"collection":[{"href":"https:\/\/www.getstoryshots.com\/pl\/wp-json\/wp\/v2\/pages"}],"about":[{"href":"https:\/\/www.getstoryshots.com\/pl\/wp-json\/wp\/v2\/types\/page"}],"author":[{"embeddable":true,"href":"https:\/\/www.getstoryshots.com\/pl\/wp-json\/wp\/v2\/users\/1"}],"replies":[{"embeddable":true,"href":"https:\/\/www.getstoryshots.com\/pl\/wp-json\/wp\/v2\/comments?post=1470"}],"version-history":[{"count":24,"href":"https:\/\/www.getstoryshots.com\/pl\/wp-json\/wp\/v2\/pages\/1470\/revisions"}],"predecessor-version":[{"id":94375,"href":"https:\/\/www.getstoryshots.com\/pl\/wp-json\/wp\/v2\/pages\/1470\/revisions\/94375"}],"wp:attachment":[{"href":"https:\/\/www.getstoryshots.com\/pl\/wp-json\/wp\/v2\/media?parent=1470"}],"curies":[{"name":"wp","href":"https:\/\/api.w.org\/{rel}","templated":true}]}}