{"id":2,"date":"2019-07-14T12:57:20","date_gmt":"2019-07-14T12:57:20","guid":{"rendered":"https:\/\/www.getstoryshots.com\/?page_id=2"},"modified":"2019-07-14T12:57:20","modified_gmt":"2019-07-14T12:57:20","slug":"sample-page","status":"publish","type":"page","link":"https:\/\/www.getstoryshots.com\/pl\/sample-page\/","title":{"rendered":"Przyk\u0142adowa strona"},"content":{"rendered":"<p>To jest przyk\u0142adowa strona. R\u00f3\u017cni si\u0119 ona od wpisu na blogu, poniewa\u017c pozostanie w jednym miejscu i b\u0119dzie widoczna w nawigacji witryny (w wi\u0119kszo\u015bci motyw\u00f3w). Wi\u0119kszo\u015b\u0107 ludzi zaczyna od strony About, kt\u00f3ra przedstawia ich potencjalnym odwiedzaj\u0105cym witryn\u0119. Mo\u017ce to by\u0107 co\u015b takiego:<\/p>\n\n\n\n<blockquote class=\"wp-block-quote is-layout-flow wp-block-quote-is-layout-flow\"><p>Cze\u015b\u0107! Jestem pos\u0142a\u0144cem rowerowym za dnia, aspiruj\u0105cym aktorem w nocy, a to jest moja strona internetowa. Mieszkam w Los Angeles, mam wspania\u0142ego psa o imieniu Jack i lubi\u0119 pi\u00f1a colad\u0119. (I da\u0107 si\u0119 z\u0142apa\u0107 w deszczu).<\/p><\/blockquote>\n\n\n\n<p>...lub co\u015b w tym stylu:<\/p>\n\n\n\n<blockquote class=\"wp-block-quote is-layout-flow wp-block-quote-is-layout-flow\"><p>Firma XYZ Doohickey Company zosta\u0142a za\u0142o\u017cona w 1971 roku i od tego czasu dostarcza wysokiej jako\u015bci doohickeys. Zlokalizowana w Gotham City, firma XYZ zatrudnia ponad 2000 os\u00f3b i robi r\u00f3\u017cne niesamowite rzeczy dla spo\u0142eczno\u015bci Gotham.<\/p><\/blockquote>\n\n\n\n<p>Jako nowy u\u017cytkownik WordPressa, powiniene\u015b przej\u015b\u0107 do <a href=\"https:\/\/www.getstoryshots.com\/wp-admin\/\">tablica rozdzielcza<\/a> aby usun\u0105\u0107 t\u0119 stron\u0119 i stworzy\u0107 nowe strony dla swojej zawarto\u015bci. Mi\u0142ej zabawy!<\/p>","protected":false},"excerpt":{"rendered":"<p>To jest przyk\u0142adowa strona. R\u00f3\u017cni si\u0119 ona od wpisu na blogu, poniewa\u017c pozostanie w jednym miejscu i b\u0119dzie widoczna w nawigacji witryny (w wi\u0119kszo\u015bci motyw\u00f3w). Wi\u0119kszo\u015b\u0107 os\u00f3b zaczyna od strony Informacje, kt\u00f3ra przedstawia ich potencjalnym odwiedzaj\u0105cym witryn\u0119. Mo\u017ce ona wygl\u0105da\u0107 mniej wi\u0119cej tak: Cze\u015b\u0107! Jestem kurierem rowerowym...<\/p>","protected":false},"author":1,"featured_media":0,"parent":0,"menu_order":0,"comment_status":"closed","ping_status":"open","template":"","meta":{"_acf_changed":false,"_kad_blocks_custom_css":"","_kad_blocks_head_custom_js":"","_kad_blocks_body_custom_js":"","_kad_blocks_footer_custom_js":"","_kadence_starter_templates_imported_post":false,"_kad_post_transparent":"","_kad_post_title":"","_kad_post_layout":"","_kad_post_sidebar_id":"","_kad_post_content_style":"","_kad_post_vertical_padding":"","_kad_post_feature":"","_kad_post_feature_position":"","_kad_post_header":false,"_kad_post_footer":false,"yasr_overall_rating":0,"yasr_post_is_review":"","yasr_auto_insert_disabled":"","yasr_review_type":"","footnotes":""},"class_list":["post-2","page","type-page","status-publish","hentry"],"acf":[],"yasr_visitor_votes":{"stars_attributes":{"read_only":false,"span_bottom":false},"number_of_votes":0,"sum_votes":0},"taxonomy_info":[],"featured_image_src_large":false,"author_info":{"display_name":"StoryShots - Free Book Summaries","author_link":"https:\/\/www.getstoryshots.com\/pl\/books\/author\/storyshotsadmin\/"},"comment_info":0,"_links":{"self":[{"href":"https:\/\/www.getstoryshots.com\/pl\/wp-json\/wp\/v2\/pages\/2","targetHints":{"allow":["GET"]}}],"collection":[{"href":"https:\/\/www.getstoryshots.com\/pl\/wp-json\/wp\/v2\/pages"}],"about":[{"href":"https:\/\/www.getstoryshots.com\/pl\/wp-json\/wp\/v2\/types\/page"}],"author":[{"embeddable":true,"href":"https:\/\/www.getstoryshots.com\/pl\/wp-json\/wp\/v2\/users\/1"}],"replies":[{"embeddable":true,"href":"https:\/\/www.getstoryshots.com\/pl\/wp-json\/wp\/v2\/comments?post=2"}],"version-history":[{"count":0,"href":"https:\/\/www.getstoryshots.com\/pl\/wp-json\/wp\/v2\/pages\/2\/revisions"}],"wp:attachment":[{"href":"https:\/\/www.getstoryshots.com\/pl\/wp-json\/wp\/v2\/media?parent=2"}],"curies":[{"name":"wp","href":"https:\/\/api.w.org\/{rel}","templated":true}]}}