{"id":47485,"date":"2020-07-17T12:09:57","date_gmt":"2020-07-17T12:09:57","guid":{"rendered":"https:\/\/www.getstoryshots.com\/?page_id=47485"},"modified":"2024-03-20T11:37:08","modified_gmt":"2024-03-20T11:37:08","slug":"sign-in","status":"publish","type":"page","link":"https:\/\/www.getstoryshots.com\/pl\/sign-in\/","title":{"rendered":"Zaloguj si\u0119, aby zacz\u0105\u0107"},"content":{"rendered":"<h2 class=\"wp-block-heading has-text-align-center\">Kilka sekund dzieli Ci\u0119 od przeczytania ksi\u0105\u017cki w kilka minut. Na swoich warunkach.<\/h2>\n\n\n\n<h2 class=\"wp-block-heading\"><\/h2>\n\n\n\n<p><\/p>\n\n\n<div\r\n        id='firebaseui-auth-container'\r\n        data-redirect='\/premium-subscription'\r\n        data-send-email-confirmation='false'\r\n        data-email-verify-landing-page=''\r\n        data-skip-default-email=''\r\n        >\r\n      <\/div>\n\n<button class='button' id='firebase-signout' data-logout='https:\/\/www.getstoryshots.com\/wp-login.php?action=logout&amp;_wpnonce=98292b918e' data-redirect=''>Wypisa\u0107 si\u0119<\/button>\n\n\n\n<p><\/p>","protected":false},"excerpt":{"rendered":"<p>Kilka sekund dzieli Ci\u0119 od przeczytania ksi\u0105\u017cki w kilka minut. Na swoich warunkach.<\/p>","protected":false},"author":1,"featured_media":0,"parent":0,"menu_order":0,"comment_status":"closed","ping_status":"closed","template":"","meta":{"_acf_changed":false,"_kad_blocks_custom_css":"","_kad_blocks_head_custom_js":"","_kad_blocks_body_custom_js":"","_kad_blocks_footer_custom_js":"","_kadence_starter_templates_imported_post":false,"_kad_post_transparent":"","_kad_post_title":"","_kad_post_layout":"","_kad_post_sidebar_id":"","_kad_post_content_style":"","_kad_post_vertical_padding":"","_kad_post_feature":"","_kad_post_feature_position":"","_kad_post_header":false,"_kad_post_footer":false,"yasr_overall_rating":0,"yasr_post_is_review":"","yasr_auto_insert_disabled":"","yasr_review_type":"","footnotes":""},"class_list":["post-47485","page","type-page","status-publish","hentry"],"acf":[],"yasr_visitor_votes":{"stars_attributes":{"read_only":false,"span_bottom":false},"number_of_votes":0,"sum_votes":0},"taxonomy_info":[],"featured_image_src_large":false,"author_info":{"display_name":"StoryShots - Free Book Summaries","author_link":"https:\/\/www.getstoryshots.com\/pl\/books\/author\/storyshotsadmin\/"},"comment_info":0,"_links":{"self":[{"href":"https:\/\/www.getstoryshots.com\/pl\/wp-json\/wp\/v2\/pages\/47485","targetHints":{"allow":["GET"]}}],"collection":[{"href":"https:\/\/www.getstoryshots.com\/pl\/wp-json\/wp\/v2\/pages"}],"about":[{"href":"https:\/\/www.getstoryshots.com\/pl\/wp-json\/wp\/v2\/types\/page"}],"author":[{"embeddable":true,"href":"https:\/\/www.getstoryshots.com\/pl\/wp-json\/wp\/v2\/users\/1"}],"replies":[{"embeddable":true,"href":"https:\/\/www.getstoryshots.com\/pl\/wp-json\/wp\/v2\/comments?post=47485"}],"version-history":[{"count":11,"href":"https:\/\/www.getstoryshots.com\/pl\/wp-json\/wp\/v2\/pages\/47485\/revisions"}],"predecessor-version":[{"id":94210,"href":"https:\/\/www.getstoryshots.com\/pl\/wp-json\/wp\/v2\/pages\/47485\/revisions\/94210"}],"wp:attachment":[{"href":"https:\/\/www.getstoryshots.com\/pl\/wp-json\/wp\/v2\/media?parent=47485"}],"curies":[{"name":"wp","href":"https:\/\/api.w.org\/{rel}","templated":true}]}}