{"id":50657,"date":"2021-03-23T07:12:22","date_gmt":"2021-03-23T07:12:22","guid":{"rendered":"https:\/\/www.getstoryshots.com\/?page_id=50657"},"modified":"2021-11-15T12:52:44","modified_gmt":"2021-11-15T12:52:44","slug":"presskit","status":"publish","type":"page","link":"https:\/\/www.getstoryshots.com\/pl\/presskit\/","title":{"rendered":"Press Kit"},"content":{"rendered":"<h2 class=\"wp-block-heading\">Nasza misja<\/h2>\n\n\n\n<p>\u015awietne ksi\u0105\u017cki nonfiction mog\u0105 zmieni\u0107 \u017cycie. Ale statystyki pokazuj\u0105, \u017ce 90% z nich nigdy nie jest czytane poza pierwszym rozdzia\u0142em. Rozproszenie uwagi ro\u015bnie, a my \u017cyjemy coraz bardziej zaj\u0119ci. Na dodatek, r\u00f3\u017cni ludzie maj\u0105 r\u00f3\u017cn\u0105 ilo\u015b\u0107 wolnego czasu, bud\u017cet i preferencje dotycz\u0105ce nauki. StoryShots jest tutaj, aby to zmieni\u0107. Jeste\u015bmy startupem, kt\u00f3rego misj\u0105 jest udost\u0119pnienie kluczowych informacji zawartych w bestsellerowych ksi\u0105\u017ckach non-fiction. <strong>wszyscy <\/strong>(bez wzgl\u0119du na ich bud\u017cet, czas czy styl nauki). Wierzymy w umo\u017cliwienie nauki nastolatkowi w wiejskiej cz\u0119\u015bci Indii, tak samo jak przedsi\u0119biorcy w Dolinie Krzemowej. Ka\u017cdy ma prawo uczy\u0107 si\u0119 z najwi\u0119kszych ksi\u0105\u017cek \u015bwiata.<\/p>\n\n\n\n<h2 class=\"wp-block-heading\">Za\u0142o\u017cyciel<\/h2>\n\n\n\n<p>Farid Behnia, z do\u015bwiadczeniem w pracy w firmach z listy Fortune 100 i partnerstwie z Timem Ferrissem, za\u0142o\u017cy\u0142 StoryShots w 2018 roku. Chcia\u0142, aby ka\u017cdy m\u00f3g\u0142 mie\u0107 takie same transformacje, jakie on mia\u0142 w \u017cyciu dzi\u0119ki kilku ksi\u0105\u017ckom samopomocowym. <\/p>\n\n\n\n<p>Dotrze\u0107 do <a href=\"mailto:hello@getstoryshots.com\">hello@getstoryshots.com<\/a> dla wszelkich zapyta\u0144 medi\u00f3w.<\/p>\n\n\n\n<h2 class=\"wp-block-heading\">Wzmianki w mediach<\/h2>\n\n\n\n<p><a href=\"https:\/\/drive.google.com\/drive\/folders\/1QsDpKFMjIL4qn0ZKCkmV90TGBjIgrLqB?usp=sharing\" data-type=\"URL\" data-id=\"https:\/\/drive.google.com\/drive\/folders\/1QsDpKFMjIL4qn0ZKCkmV90TGBjIgrLqB?usp=sharing\" target=\"_blank\" rel=\"noopener\">The Guardian - 20 aplikacji, dzi\u0119ki kt\u00f3rym podniesiesz swoje umiej\u0119tno\u015bci<\/a><\/p>\n\n\n\n<p><a href=\"https:\/\/drive.google.com\/file\/d\/1MNudA_ujEK4pXOhlHMrHw3pGLyEM8nSS\/view?usp=sharing\" data-type=\"URL\" data-id=\"https:\/\/drive.google.com\/file\/d\/1MNudA_ujEK4pXOhlHMrHw3pGLyEM8nSS\/view?usp=sharing\" target=\"_blank\" rel=\"noopener\">The Economist - Czy streszczenia ksi\u0105\u017cek biznesowych mog\u0105 zaoszcz\u0119dzi\u0107 czas, a jednocze\u015bnie zapewni\u0107 wgl\u0105d?<\/a><\/p>\n\n\n\n<p><a href=\"https:\/\/beebom.com\/best-blinkist-alternatives\/\" data-type=\"URL\" data-id=\"https:\/\/beebom.com\/best-blinkist-alternatives\/\" target=\"_blank\" rel=\"noopener\">BeeBom - 12 najlepszych alternatyw Blinkist, kt\u00f3rych powiniene\u015b u\u017cywa\u0107<\/a><\/p>\n\n\n\n<h2 class=\"wp-block-heading\">Nagrody i inne wyr\u00f3\u017cnienia<\/h2>\n\n\n\n<p>StoryShots zosta\u0142 pochwalony i polecony przez nast\u0119puj\u0105ce osoby i instytucje:<\/p>\n\n\n\n<p>Steven Pinker, PhD - profesor Harvardu i ulubiony autor wszech czas\u00f3w Billa Gatesa<\/p>\n\n\n\n<p>Steven Kotler - autor bestseller\u00f3w New York Timesa, nominowany do Nagrody Pulitzera, ekspert w dziedzinie High-Performance<\/p>\n\n\n\n<p>Nami Zarringhalam - wsp\u00f3\u0142za\u0142o\u017cycielka TrueCaller<\/p>\n\n\n\n<p>Firma StoryShots zaj\u0119\u0142a drugie miejsce w konkursie United Nations World Summit Award for Social Impact w kategorii Edukacja. <\/p>\n\n\n\n<p>Naithan Jones - partner w Andreessen Horowitz<\/p>\n\n\n\n<p><a href=\"https:\/\/www.youtube.com\/watch?v=7-7bpuWRjd4\" data-type=\"URL\" data-id=\"https:\/\/www.youtube.com\/watch?v=7-7bpuWRjd4\" target=\"_blank\" rel=\"noopener\">Puri Jagannadh - s\u0142ynny indyjski re\u017cyser\u00a0<\/a><\/p>\n\n\n\n<div class=\"wp-block-buttons is-layout-flex wp-block-buttons-is-layout-flex\">\n<div class=\"wp-block-button\"><a class=\"wp-block-button__link has-background\" href=\"https:\/\/drive.google.com\/drive\/folders\/1QsDpKFMjIL4qn0ZKCkmV90TGBjIgrLqB?usp=sharing\" style=\"background-color:#ff3000\" target=\"_blank\" rel=\"noreferrer noopener\">Przejd\u017a do Media Kit<\/a><\/div>\n<\/div>","protected":false},"excerpt":{"rendered":"<p>Nasza misja \u015awietne ksi\u0105\u017cki non-fiction mog\u0105 zmieni\u0107 \u017cycie. Statystyki pokazuj\u0105 jednak, \u017ce 90% z nich nigdy nie czyta pierwszego rozdzia\u0142u. Coraz wi\u0119cej rzeczy rozprasza nasz\u0105 uwag\u0119 i prowadzimy coraz bardziej zabiegane \u017cycie. Co wi\u0119cej, r\u00f3\u017cni ludzie maj\u0105 r\u00f3\u017cn\u0105 ilo\u015b\u0107 wolnego czasu, bud\u017cet i preferencje dotycz\u0105ce nauki. StoryShots jest tutaj, aby to zmieni\u0107. Jeste\u015bmy...<\/p>","protected":false},"author":13,"featured_media":0,"parent":0,"menu_order":0,"comment_status":"closed","ping_status":"closed","template":"","meta":{"_acf_changed":false,"_kad_blocks_custom_css":"","_kad_blocks_head_custom_js":"","_kad_blocks_body_custom_js":"","_kad_blocks_footer_custom_js":"","_kadence_starter_templates_imported_post":false,"_kad_post_transparent":"","_kad_post_title":"","_kad_post_layout":"","_kad_post_sidebar_id":"","_kad_post_content_style":"","_kad_post_vertical_padding":"","_kad_post_feature":"","_kad_post_feature_position":"","_kad_post_header":false,"_kad_post_footer":false,"yasr_overall_rating":0,"yasr_post_is_review":"","yasr_auto_insert_disabled":"","yasr_review_type":"","footnotes":""},"class_list":["post-50657","page","type-page","status-publish","hentry"],"acf":[],"yasr_visitor_votes":{"stars_attributes":{"read_only":false,"span_bottom":false},"number_of_votes":0,"sum_votes":0},"taxonomy_info":[],"featured_image_src_large":false,"author_info":{"display_name":"Team StoryShots","author_link":"https:\/\/www.getstoryshots.com\/pl\/books\/author\/fuzr6koxtahlfjcigcjjuadpexy2\/"},"comment_info":0,"_links":{"self":[{"href":"https:\/\/www.getstoryshots.com\/pl\/wp-json\/wp\/v2\/pages\/50657","targetHints":{"allow":["GET"]}}],"collection":[{"href":"https:\/\/www.getstoryshots.com\/pl\/wp-json\/wp\/v2\/pages"}],"about":[{"href":"https:\/\/www.getstoryshots.com\/pl\/wp-json\/wp\/v2\/types\/page"}],"author":[{"embeddable":true,"href":"https:\/\/www.getstoryshots.com\/pl\/wp-json\/wp\/v2\/users\/13"}],"replies":[{"embeddable":true,"href":"https:\/\/www.getstoryshots.com\/pl\/wp-json\/wp\/v2\/comments?post=50657"}],"version-history":[{"count":0,"href":"https:\/\/www.getstoryshots.com\/pl\/wp-json\/wp\/v2\/pages\/50657\/revisions"}],"wp:attachment":[{"href":"https:\/\/www.getstoryshots.com\/pl\/wp-json\/wp\/v2\/media?parent=50657"}],"curies":[{"name":"wp","href":"https:\/\/api.w.org\/{rel}","templated":true}]}}