{"id":52604,"date":"2021-04-19T12:07:07","date_gmt":"2021-04-19T12:07:07","guid":{"rendered":"https:\/\/www.getstoryshots.com\/?page_id=52604"},"modified":"2026-01-16T07:36:22","modified_gmt":"2026-01-16T07:36:22","slug":"premium-subscription","status":"publish","type":"page","link":"https:\/\/www.getstoryshots.com\/pl\/premium-subscription\/","title":{"rendered":"Plany Premium"},"content":{"rendered":"<div class=\"mepr-price-menu clean pro-template\">\n\n      <div class=\"mepr-pricing-title\">\n                <h1>Wybierz sw\u00f3j plan<\/h1>\n                <p>Wszystkie ceny podane s\u0105 w USD. Mo\u017cesz anulowa\u0107 cz\u0142onkostwo cykliczne w dowolnym momencie lub poprosi\u0107 o zwrot pieni\u0119dzy w ci\u0105gu 60 dni w przypadku cz\u0142onkostwa do\u017cywotniego.<\/p>\n    <\/div>\n  \n  <div class=\"mepr-price-boxes mepr-3-col\">\n            <div id=\"mepr-price-box-77559\" class=\"mepr-price-box\">\n                      <div class=\"mepr-price-box-content\">\n\n            <div class=\"mepr-price-box-head\">\n              <h2 class=\"mepr-price-box-title\">\n                Cz\u0142onkostwo roczne              <\/h2>\n                              <div class=\"mepr-price-box-price\">\n                  1 Day for free then <span class=\"mepr-price-box-price-currency\">$<\/span>29,99 <span class='mepr-price-box-price-term'>\/ Rok<\/span>                <\/div>\n              \n\n              <div class=\"mepr-price-box-button\">\n                                                            <a href=\"https:\/\/www.getstoryshots.com\/pl\/register\/annual-membership\/\" class=\"\" style=\"--tooltip-color: #da7e5a\">\n                        Rozpocznij bezp\u0142atny okres pr\u00f3bny                      <span class=\"screen-reader-text\">Roczny<\/span>\n                  <\/a>\n                                  <\/div>\n                \n            <\/div>\n\n            <div class=\"mepr-price-box-benefits\">\n                <div class=\"mepr-price-box-benefits-list\"><div class=\"mepr-price-box-benefits-item\"><span class=\"mepr-price-box-benefits-icon\">    <\/span>Dost\u0119p do kluczowych informacji z 300 000 ksi\u0105\u017cek<\/div><div class=\"mepr-price-box-benefits-item\"><span class=\"mepr-price-box-benefits-icon\">    <\/span>Pod\u015bwietlanie i robienie notatek (w podr\u00f3\u017cy)<\/div><div class=\"mepr-price-box-benefits-item\"><span class=\"mepr-price-box-benefits-icon\">    <\/span>Ucz si\u0119 wizualnie dzi\u0119ki infografikom, mapom my\u015bli i animacjom<\/div><div class=\"mepr-price-box-benefits-item\"><span class=\"mepr-price-box-benefits-icon\">    <\/span>Usu\u0144 reklamy<\/div><div class=\"mepr-price-box-benefits-item\"><span class=\"mepr-price-box-benefits-icon\">    <\/span>Obs\u0142uga plik\u00f3w PDF\/Kindle (na urz\u0105dzeniach mobilnych)<\/div><div class=\"mepr-price-box-benefits-item\"><span class=\"mepr-price-box-benefits-icon\">    <\/span>Wybieranie pe\u0142nych ksi\u0105\u017cek i audiobook\u00f3w (na urz\u0105dzeniach mobilnych)<\/div><\/div>            <\/div>\n\n            <div class=\"mepr-price-box-foot\">\n              <div class=\"mepr-price-box-footer\">\n                Anuluj w dowolnym momencie.              <\/div>\n            <\/div>\n\n          <\/div>\n        <\/div>\n                    <div id=\"mepr-price-box-6115\" class=\"mepr-price-box highlighted\">\n                        <div class=\"mepr-most-popular\">\n                Najpopularniejsze            <\/div>\n                      <div class=\"mepr-price-box-content\">\n\n            <div class=\"mepr-price-box-head\">\n              <h2 class=\"mepr-price-box-title\">\n                P\u0142atno\u015b\u0107 jednorazowa              <\/h2>\n                              <div class=\"mepr-price-box-price\">\n                  <span class=\"mepr-price-box-price-currency\">$<\/span>59,99                <\/div>\n              \n\n              <div class=\"mepr-price-box-button\">\n                                                            <a href=\"https:\/\/www.getstoryshots.com\/pl\/register\/one-time-payment\/\" class=\"\" style=\"--tooltip-color: #da7e5a\">\n                        Rozpocznij                      <span class=\"screen-reader-text\">P\u0142atno\u015b\u0107 jednorazowa (zap\u0142a\u0107 raz, korzystaj wiecznie)<\/span>\n                  <\/a>\n                                  <\/div>\n                                <div class=\"mepr-price-box-heading\">\n                    Zap\u0142a\u0107 raz. Korzystaj na zawsze.                <\/div>\n                \n            <\/div>\n\n            <div class=\"mepr-price-box-benefits\">\n                <div class=\"mepr-price-box-benefits-list\"><div class=\"mepr-price-box-benefits-item\"><span class=\"mepr-price-box-benefits-icon\">    <\/span>Wszystko w ramach rocznego cz\u0142onkostwa obejmowa\u0142o<\/div><div class=\"mepr-price-box-benefits-item\"><span class=\"mepr-price-box-benefits-icon\">    <\/span>60-dniowa gwarancja satysfakcji dla nowych klient\u00f3w<\/div><\/div>            <\/div>\n\n            <div class=\"mepr-price-box-foot\">\n              <div class=\"mepr-price-box-footer\">\n                              <\/div>\n            <\/div>\n\n          <\/div>\n        <\/div>\n                    <div id=\"mepr-price-box-54956\" class=\"mepr-price-box\">\n                      <div class=\"mepr-price-box-content\">\n\n            <div class=\"mepr-price-box-head\">\n              <h2 class=\"mepr-price-box-title\">\n                P\u0142atno\u015b\u0107 jednorazowa (oferta 2 za 1)              <\/h2>\n                              <div class=\"mepr-price-box-price\">\n                  <span class=\"mepr-price-box-price-currency\">$<\/span>99,99                <\/div>\n              \n\n              <div class=\"mepr-price-box-button\">\n                                                            <a href=\"https:\/\/www.getstoryshots.com\/pl\/register\/buy-one-gift-one-lifetime\/\" class=\"\" style=\"--tooltip-color: #da7e5a\">\n                        Rozpocznij                      <span class=\"screen-reader-text\">Podaruj jeden do\u017cywotni dost\u0119p. Otrzymaj jeden za darmo.<\/span>\n                  <\/a>\n                                  <\/div>\n                \n            <\/div>\n\n            <div class=\"mepr-price-box-benefits\">\n                <div class=\"mepr-price-box-benefits-list\"><div class=\"mepr-price-box-benefits-item\"><span class=\"mepr-price-box-benefits-icon\">    <\/span>Wszystko w uj\u0119ciu rocznym i do\u017cywotnim.<\/div><div class=\"mepr-price-box-benefits-item\"><span class=\"mepr-price-box-benefits-icon\">    <\/span>Zap\u0142a\u0107 raz. Otrzymaj dwa do\u017cywotnie cz\u0142onkostwa.<\/div><\/div>            <\/div>\n\n            <div class=\"mepr-price-box-foot\">\n              <div class=\"mepr-price-box-footer\">\n                              <\/div>\n            <\/div>\n\n          <\/div>\n        <\/div>\n              <\/div>\n<\/div>\n \n\n\n<p>* If you are a <em>nowy<\/em> klient, <a href=\"mailto:support@getstoryshots.com\" data-type=\"mailto\" data-id=\"mailto:support@getstoryshots.com\">skontaktuj si\u0119 z naszym wsparciem<\/a> w ci\u0105gu 60 dni, aby poprosi\u0107 o pe\u0142ny zwrot pieni\u0119dzy. Po prostu podzi\u0119kujemy Ci za to, \u017ce da\u0142e\u015b nam szans\u0119. Mo\u017cesz r\u00f3wnie\u017c wykupi\u0107 miesi\u0119czn\u0105 i roczn\u0105 subskrypcj\u0119 lub wypr\u00f3bowa\u0107 StoryShots za <em>bezp\u0142atny<\/em> i zobacz nasz zbi\u00f3r ksi\u0105\u017cek, pobieraj\u0105c nasz darmowy <a href=\"https:\/\/go.getstoryshots.com\/free\" data-type=\"URL\" data-id=\"https:\/\/go.getstoryshots.com\/free\">aplikacja<\/a>.<\/p>\n\n\n\n<p>Aby podarowa\u0107 cz\u0142onkostwo premium wi\u0119kszej liczbie os\u00f3b lub z\u0142o\u017cy\u0107 wi\u0119ksze zam\u00f3wienie, zapoznaj si\u0119 z nasz\u0105 konkurencyjn\u0105 ofert\u0105 <a href=\"https:\/\/www.getstoryshots.com\/pl\/business-and-group-accounts\/\" data-type=\"URL\" data-id=\"https:\/\/www.getstoryshots.com\/business-and-group-accounts\/\">Plany zespo\u0142u<\/a>.<\/p>\n\n\n<div class=\"elfsight-app-2244a2f0-86ed-4e44-9e19-1627120c6ac4\" data-elfsight-app-lazy><\/div><script src='https:\/\/apps.elfsight.com\/p\/platform.js' defer><\/script>","protected":false},"excerpt":{"rendered":"<p>* Je\u015bli jeste\u015b nowym klientem, skontaktuj si\u0119 z naszym dzia\u0142em wsparcia w ci\u0105gu 60 dni, aby poprosi\u0107 o pe\u0142ny zwrot pieni\u0119dzy. Po prostu podzi\u0119kujemy za wypr\u00f3bowanie naszej us\u0142ugi. Mo\u017cesz r\u00f3wnie\u017c subskrybowa\u0107 miesi\u0119czne i roczne subskrypcje lub wypr\u00f3bowa\u0107 StoryShots za darmo i zobaczy\u0107 nasz\u0105 kolekcj\u0119 ksi\u0105\u017cek, pobieraj\u0105c nasz\u0105 bezp\u0142atn\u0105 aplikacj\u0119. Aby podarowa\u0107 cz\u0142onkostwo premium...<\/p>","protected":false},"author":1,"featured_media":0,"parent":0,"menu_order":0,"comment_status":"closed","ping_status":"closed","template":"","meta":{"_acf_changed":false,"_kad_blocks_custom_css":"","_kad_blocks_head_custom_js":"","_kad_blocks_body_custom_js":"","_kad_blocks_footer_custom_js":"","_kadence_starter_templates_imported_post":false,"_kad_post_transparent":"","_kad_post_title":"","_kad_post_layout":"","_kad_post_sidebar_id":"","_kad_post_content_style":"","_kad_post_vertical_padding":"","_kad_post_feature":"","_kad_post_feature_position":"","_kad_post_header":false,"_kad_post_footer":false,"yasr_overall_rating":0,"yasr_post_is_review":"","yasr_auto_insert_disabled":"","yasr_review_type":"","footnotes":""},"class_list":["post-52604","page","type-page","status-publish","hentry"],"acf":[],"yasr_visitor_votes":{"stars_attributes":{"read_only":false,"span_bottom":false},"number_of_votes":0,"sum_votes":0},"taxonomy_info":[],"featured_image_src_large":false,"author_info":{"display_name":"StoryShots - Free Book Summaries","author_link":"https:\/\/www.getstoryshots.com\/pl\/books\/author\/storyshotsadmin\/"},"comment_info":0,"_links":{"self":[{"href":"https:\/\/www.getstoryshots.com\/pl\/wp-json\/wp\/v2\/pages\/52604","targetHints":{"allow":["GET"]}}],"collection":[{"href":"https:\/\/www.getstoryshots.com\/pl\/wp-json\/wp\/v2\/pages"}],"about":[{"href":"https:\/\/www.getstoryshots.com\/pl\/wp-json\/wp\/v2\/types\/page"}],"author":[{"embeddable":true,"href":"https:\/\/www.getstoryshots.com\/pl\/wp-json\/wp\/v2\/users\/1"}],"replies":[{"embeddable":true,"href":"https:\/\/www.getstoryshots.com\/pl\/wp-json\/wp\/v2\/comments?post=52604"}],"version-history":[{"count":60,"href":"https:\/\/www.getstoryshots.com\/pl\/wp-json\/wp\/v2\/pages\/52604\/revisions"}],"predecessor-version":[{"id":98383,"href":"https:\/\/www.getstoryshots.com\/pl\/wp-json\/wp\/v2\/pages\/52604\/revisions\/98383"}],"wp:attachment":[{"href":"https:\/\/www.getstoryshots.com\/pl\/wp-json\/wp\/v2\/media?parent=52604"}],"curies":[{"name":"wp","href":"https:\/\/api.w.org\/{rel}","templated":true}]}}