{"id":85888,"date":"2022-11-30T14:23:01","date_gmt":"2022-11-30T14:23:01","guid":{"rendered":"https:\/\/www.getstoryshots.com\/?page_id=85888"},"modified":"2024-08-07T10:34:54","modified_gmt":"2024-08-07T10:34:54","slug":"public-roadmap","status":"publish","type":"page","link":"https:\/\/www.getstoryshots.com\/pl\/public-roadmap\/","title":{"rendered":"Publiczna mapa drogowa StoryShots"},"content":{"rendered":"<p id=\"block-b0bd3297-34fe-487a-affd-38f391820786\"><strong>Od\u015bwie\u017c<\/strong>&nbsp;aby zobaczy\u0107 najnowsze aktualizacje. <\/p>\n\n\n\n<p id=\"block-b0bd3297-34fe-487a-affd-38f391820786\">Regularnie dodajemy nowe tre\u015bci. Pom\u00f3\u017c nam nada\u0107 priorytet nowym tre\u015bciom, g\u0142osuj\u0105c na nie za pomoc\u0105 funkcji&nbsp;<em>G\u0142osuj na nowe ksi\u0105\u017cki<\/em>&nbsp;na ekranie Ustawienia <a href=\"https:\/\/www.getstoryshots.com\/pl\/\" data-type=\"link\" data-id=\"https:\/\/www.getstoryshots.com\">w aplikacji<\/a>. Ta funkcja jest dost\u0119pna wy\u0142\u0105cznie dla cz\u0142onk\u00f3w premium. <\/p>\n\n\n\n<p>Aby pom\u00f3c nam w ustaleniu priorytet\u00f3w nowych funkcji, u\u017cyj <em>G\u0142osowanie na nowe funkcje<\/em> na ekranie Ustawienia w aplikacji.<\/p>\n\n\n\n<ul class=\"wp-block-list\">\n<li>NADCHODZ\u0104CY WYDARZENIE (Q4, 2024) - 30-dniowe wyzwanie samorozwoju<\/li>\n\n\n\n<li><s>NADCHODZ\u0104CA FUNKCJA (Q1-2, 2024) - Listy odtwarzania dla uj\u0119\u0107 audio<\/s><\/li>\n\n\n\n<li>NADCHODZ\u0104CA FUNKCJA (2025) - Obs\u0142uga Chromecasta na Androidzie<\/li>\n\n\n\n<li><span style=\"color: initial; font-family: -apple-system, BlinkMacSystemFont, &quot;Segoe UI&quot;, Roboto, Oxygen-Sans, Ubuntu, Cantarell, &quot;Helvetica Neue&quot;, sans-serif;\">NADCHODZ\u0104CA FUNKCJA (2025) - Interfejs u\u017cytkownika aplikacji w j\u0119zyku hiszpa\u0144skim, portugalskim, niemieckim, francuskim i szwedzkim<\/span><\/li>\n\n\n\n<li>NADCHODZ\u0104CA FUNKCJA (2024) - \u015aledzenie nawyk\u00f3w<\/li>\n\n\n\n<li>NADCHODZ\u0104CA FUNKCJA\/ZMOWA (III-IV kw. 2024 r.) - Wszystkie nasze ksi\u0105\u017cki b\u0119d\u0105 zawiera\u0107 infografik\u0119\/map\u0119 my\u015bli.<\/li>\n\n\n\n<li>NADCHODZ\u0104CA FUNKCJA\/CONTENT (Q1, 2025) - Wszystkie nasze ksi\u0105\u017cki b\u0119d\u0105 zawiera\u0107 oryginalne animowane uj\u0119cia wideo StoryShots.<\/li>\n\n\n\n<li><s>NADCHODZ\u0104CA FUNKCJA (4. kwarta\u0142 2023 r.) - Uzyskaj streszczenie prawie ka\u017cdej ksi\u0105\u017cki (ze sztuczn\u0105 inteligencj\u0105)<\/s> \ud83e\udd16<\/li>\n\n\n\n<li><s>NADCHODZ\u0104CA FAKTURA\/CONTENT (stycze\u0144 2023) - Wszystkie nasze ksi\u0105\u017cki b\u0119d\u0105 mia\u0142y oryginalne uj\u0119cie audio pozwalaj\u0105ce na czytanie podczas s\u0142uchania wszystkich ksi\u0105\u017cek<\/s><br><\/li>\n<\/ul>\n\n\n\n<h2 class=\"wp-block-heading\">Nadchodz\u0105ca zawarto\u015b\u0107 (2024):<\/h2>\n\n\n\n<ul class=\"wp-block-list\">\n<li><s>How Will You Measure Your Life?<\/s><\/li>\n\n\n\n<li><s>Przeszkoda jest drog\u0105<\/s><\/li>\n\n\n\n<li>Nigdy nie dziel r\u00f3\u017cnicy<\/li>\n\n\n\n<li>Antifragile<\/li>\n\n\n\n<li>Niska produktywno\u015b\u0107<\/li>\n\n\n\n<li><s>Jak nie stosowa\u0107 diety<\/s><\/li>\n\n\n\n<li><s>Osobiste MBA<\/s><\/li>\n\n\n\n<li>Bogactwo narod\u00f3w<\/li>\n\n\n\n<li>Manifest listy kontrolnej<\/li>\n\n\n\n<li>Medytacje<\/li>\n\n\n\n<li><s>5 j\u0119zyk\u00f3w mi\u0142o\u015bci<\/s><\/li>\n\n\n\n<li>Akt tw\u00f3rczy<\/li>\n\n\n\n<li>Kr\u00f3tka historia czasu<\/li>\n\n\n\n<li>Sapiens<\/li>\n\n\n\n<li>Atlas Shrugged<\/li>\n\n\n\n<li>Modele<\/li>\n\n\n\n<li>Wp\u0142yw<\/li>\n\n\n\n<li>Shoe Dog<\/li>\n\n\n\n<li>Zero do jednego<\/li>\n\n\n\n<li><s>Jak rozmawia\u0107 z ka\u017cdym<\/s><\/li>\n\n\n\n<li><s>Trudna rzecz o trudnych rzeczach<\/s><\/li>\n<\/ul>\n\n\n\n<h2 class=\"wp-block-heading\">NADCHODZ\u0104CA ZAWARTO\u015a\u0106 (4. KWARTA\u0141 2023 R.):<\/h2>\n\n\n\n<ul class=\"wp-block-list\">\n<li><s>Inteligentny inwestor<\/s><\/li>\n\n\n\n<li><s>Szybka jak dziewczyna<\/s><\/li>\n\n\n\n<li><s>Prze\u017cyj<\/s><\/li>\n\n\n\n<li><s>Przyjaciele, kochankowie i wielka straszna rzecz<\/s><\/li>\n\n\n\n<li><s>Nieod\u0142\u0105czny<\/s><\/li>\n\n\n\n<li><s>Alchemik<\/s><\/li>\n\n\n\n<li><s>Przewaga szcz\u0119\u015bcia<\/s><\/li>\n\n\n\n<li><s>Psychologia pieni\u0119dzy<\/s><\/li>\n<\/ul>\n\n\n\n<h2 class=\"wp-block-heading\">NADCHODZ\u0104CA ZAWARTO\u015a\u0106 (3. kwarta\u0142 2023 r.) - Przerwa letnia:<\/h2>\n\n\n\n<ul class=\"wp-block-list\">\n<li><s>Staj\u0105c si\u0119 nadprzyrodzonym<\/s><\/li>\n\n\n\n<li><s>Wykszta\u0142cony<\/s><\/li>\n\n\n\n<li><s>Najgorsza ksi\u0105\u017cka w historii.<\/s><\/li>\n<\/ul>\n\n\n\n<h2 class=\"wp-block-heading\">NADCHODZ\u0104CA ZAWARTO\u015a\u0106 (2. KWARTA\u0141 2023 R.):<\/h2>\n\n\n\n<ul id=\"block-0fa3248c-5634-448e-8176-8e2ffd50e762\" class=\"wp-block-list\">\n<li><s>The Power of Now<\/s><\/li>\n\n\n\n<li><s>Nigdy nie uko\u0144czone<\/s><\/li>\n\n\n\n<li><s>Biznes XXI wieku<\/s><\/li>\n\n\n\n<li><s>Poszukiwanie sensu przez cz\u0142owieka<\/s><\/li>\n\n\n\n<li><s>G\u0142\u0119boka praca<\/s><\/li>\n\n\n\n<li><s>Zastan\u00f3w si\u0119 jeszcze raz<\/s><\/li>\n\n\n\n<li><s>Jak by\u0107 stoikiem<\/s><\/li>\n\n\n\n<li><s>4-godzinne cia\u0142o<\/s><\/li>\n\n\n\n<li><s>Uk\u0142on w stron\u0119<\/s><\/li>\n\n\n\n<li><span style=\"color: initial; font-family: -apple-system, BlinkMacSystemFont, &quot;Segoe UI&quot;, Roboto, Oxygen-Sans, Ubuntu, Cantarell, &quot;Helvetica Neue&quot;, sans-serif;\"><s>Naucz\u0119 ci\u0119 by\u0107 bogatym<\/s><\/span><\/li>\n\n\n\n<li><s style=\"color: initial; font-family: -apple-system, BlinkMacSystemFont, &quot;Segoe UI&quot;, Roboto, Oxygen-Sans, Ubuntu, Cantarell, &quot;Helvetica Neue&quot;, sans-serif;\">Mit E-Myth zrewidowany<\/s><\/li>\n\n\n\n<li><s>M\u00f3w jak TED<\/s><\/li>\n\n\n\n<li><s>The Lean Startup<\/s><\/li>\n<\/ul>\n\n\n\n<h2 class=\"wp-block-heading\">NADCHODZ\u0104CE KSI\u0104\u017bKI (Q1, 2023):<span style=\"color: initial; font-family: -apple-system, BlinkMacSystemFont, &quot;Segoe UI&quot;, Roboto, Oxygen-Sans, Ubuntu, Cantarell, &quot;Helvetica Neue&quot;, sans-serif;\"><\/span><\/h2>\n\n\n\n<ul class=\"wp-block-list\">\n<li><s><span style=\"color: initial; font-family: -apple-system, BlinkMacSystemFont, &quot;Segoe UI&quot;, Roboto, Oxygen-Sans, Ubuntu, Cantarell, &quot;Helvetica Neue&quot;, sans-serif;\">Budowanie drugiego m\u00f3zgu<\/span><\/s><\/li>\n\n\n\n<li><s>Jak zmieni\u0107 sw\u00f3j umys\u0142<\/s><\/li>\n\n\n\n<li><s>Sell Like Crazy<\/s><\/li>\n\n\n\n<li><s>Male\u0144kie nawyki<\/s><\/li>\n\n\n\n<li><s>Pierwsze 20 godzin<\/s><\/li>\n\n\n\n<li><s>Cztery porozumienia<\/s><\/li>\n\n\n\n<li><s>Kodeks oty\u0142o\u015bci<\/s><\/li>\n\n\n\n<li><s>Codzienny Stoik<\/s><\/li>\n\n\n\n<li><s>Prze\u0142amanie nawyku bycia sob\u0105<\/s><\/li>\n\n\n\n<li><s>Jak si\u0119 nie myli\u0107<\/s><\/li>\n\n\n\n<li><s style=\"color: initial; font-family: -apple-system, BlinkMacSystemFont, &quot;Segoe UI&quot;, Roboto, Oxygen-Sans, Ubuntu, Cantarell, &quot;Helvetica Neue&quot;, sans-serif;\">Zapasowa<\/s><\/li>\n\n\n\n<li><s>Sekret<\/s><\/li>\n\n\n\n<li><s>Jak nie umrze\u0107<\/s><\/li>\n\n\n\n<li><span style=\"color: initial; font-family: -apple-system, BlinkMacSystemFont, &quot;Segoe UI&quot;, Roboto, Oxygen-Sans, Ubuntu, Cantarell, &quot;Helvetica Neue&quot;, sans-serif;\"><s>Elon Musk<\/s><\/span><\/li>\n\n\n\n<li><s>Zastan\u00f3w si\u0119 jeszcze raz<\/s><\/li>\n\n\n\n<li><s style=\"color: initial; font-family: -apple-system, BlinkMacSystemFont, &quot;Segoe UI&quot;, Roboto, Oxygen-Sans, Ubuntu, Cantarell, &quot;Helvetica Neue&quot;, sans-serif;\">Millionaire Fastlane<\/s><\/li>\n\n\n\n<li><s>Sztuka uwodzenia<\/s><\/li>\n\n\n\n<li><s style=\"color: initial; font-family: -apple-system, BlinkMacSystemFont, &quot;Segoe UI&quot;, Roboto, Oxygen-Sans, Ubuntu, Cantarell, &quot;Helvetica Neue&quot;, sans-serif;\">Droga Cz\u0142owieka Najwy\u017cszego<\/s><\/li>\n\n\n\n<li><s>Built to Sell<\/s><\/li>\n<\/ul>","protected":false},"excerpt":{"rendered":"<p>Od\u015bwie\u017c stron\u0119, aby zobaczy\u0107 najnowsze aktualizacje. Regularnie dodajemy nowe tre\u015bci. Pom\u00f3\u017c nam nada\u0107 priorytet nowym tre\u015bciom, g\u0142osuj\u0105c na nie za pomoc\u0105 funkcji G\u0142osuj na nowe ksi\u0105\u017cki na ekranie Ustawienia w aplikacji. Ta funkcja jest dost\u0119pna wy\u0142\u0105cznie dla u\u017cytkownik\u00f3w premium. Aby pom\u00f3c nam nada\u0107 priorytet nowym funkcjom, u\u017cyj funkcji G\u0142osuj na nowe funkcje na ekranie Ustawienia w...<\/p>","protected":false},"author":13,"featured_media":0,"parent":0,"menu_order":0,"comment_status":"closed","ping_status":"closed","template":"","meta":{"_acf_changed":false,"_kad_blocks_custom_css":"","_kad_blocks_head_custom_js":"","_kad_blocks_body_custom_js":"","_kad_blocks_footer_custom_js":"","_kadence_starter_templates_imported_post":false,"_kad_post_transparent":"","_kad_post_title":"","_kad_post_layout":"","_kad_post_sidebar_id":"","_kad_post_content_style":"","_kad_post_vertical_padding":"","_kad_post_feature":"","_kad_post_feature_position":"","_kad_post_header":false,"_kad_post_footer":false,"yasr_overall_rating":0,"yasr_post_is_review":"","yasr_auto_insert_disabled":"","yasr_review_type":"","footnotes":""},"class_list":["post-85888","page","type-page","status-publish","hentry"],"acf":[],"yasr_visitor_votes":{"stars_attributes":{"read_only":false,"span_bottom":false},"number_of_votes":0,"sum_votes":0},"taxonomy_info":[],"featured_image_src_large":false,"author_info":{"display_name":"Team StoryShots","author_link":"https:\/\/www.getstoryshots.com\/pl\/books\/author\/fuzr6koxtahlfjcigcjjuadpexy2\/"},"comment_info":0,"_links":{"self":[{"href":"https:\/\/www.getstoryshots.com\/pl\/wp-json\/wp\/v2\/pages\/85888","targetHints":{"allow":["GET"]}}],"collection":[{"href":"https:\/\/www.getstoryshots.com\/pl\/wp-json\/wp\/v2\/pages"}],"about":[{"href":"https:\/\/www.getstoryshots.com\/pl\/wp-json\/wp\/v2\/types\/page"}],"author":[{"embeddable":true,"href":"https:\/\/www.getstoryshots.com\/pl\/wp-json\/wp\/v2\/users\/13"}],"replies":[{"embeddable":true,"href":"https:\/\/www.getstoryshots.com\/pl\/wp-json\/wp\/v2\/comments?post=85888"}],"version-history":[{"count":106,"href":"https:\/\/www.getstoryshots.com\/pl\/wp-json\/wp\/v2\/pages\/85888\/revisions"}],"predecessor-version":[{"id":95432,"href":"https:\/\/www.getstoryshots.com\/pl\/wp-json\/wp\/v2\/pages\/85888\/revisions\/95432"}],"wp:attachment":[{"href":"https:\/\/www.getstoryshots.com\/pl\/wp-json\/wp\/v2\/media?parent=85888"}],"curies":[{"name":"wp","href":"https:\/\/api.w.org\/{rel}","templated":true}]}}