{"id":92618,"date":"2023-10-24T08:21:52","date_gmt":"2023-10-24T08:21:52","guid":{"rendered":"https:\/\/www.getstoryshots.com\/?page_id=92618"},"modified":"2026-01-29T09:19:23","modified_gmt":"2026-01-29T09:19:23","slug":"storyshots-articles","status":"publish","type":"page","link":"https:\/\/www.getstoryshots.com\/pl\/storyshots-articles\/","title":{"rendered":"StoryShots dla artyku\u0142\u00f3w"},"content":{"rendered":"<p>Przekszta\u0142\u0107 swoje artyku\u0142y w bogate podsumowania audio.<\/p>\n\n\n\n<h2 class=\"wp-block-heading\">Nowy spos\u00f3b korzystania z artyku\u0142\u00f3w<\/h2>\n\n\n\n<p>Dzi\u0119ki StoryShots for Articles mo\u017cesz zrewolucjonizowa\u0107 spos\u00f3b, w jaki konsumujesz informacje. Niezale\u017cnie od tego, czy jeste\u015b w ruchu, \u0107wiczysz, czy po prostu szukasz wygodniejszego sposobu na bycie na bie\u017c\u0105co, StoryShots for Articles eliminuje trudno\u015bci zwi\u0105zane z czytaniem d\u0142ugich artyku\u0142\u00f3w, przekszta\u0142caj\u0105c je w przyjemne, edukacyjne i \u0142atwe do zrozumienia dyskusje audio.<\/p>\n\n\n\n<p class=\"has-text-align-center\"><strong>Zarejestruj si\u0119, je\u015bli jeszcze tego nie zrobi\u0142e\u015b, aby nie przegapi\u0107, kiedy wprowadzimy nasz\u0105 now\u0105 aplikacj\u0119 towarzysz\u0105c\u0105.<\/strong><\/p>\n\n\n\n<p class=\"has-text-align-center\">Lub skontaktuj si\u0119 z <a href=\"mailto:support@getstoryshots.com?subject=StoryShots%20for%20Articles%20Inquiry\">Nasz zesp\u00f3\u0142 wsparcia<\/a> je\u015bli chcesz dowiedzie\u0107 si\u0119 wi\u0119cej o StoryShots for Articles.<\/p>\n\n\n\n<p><\/p>","protected":false},"excerpt":{"rendered":"<p>Zamie\u0144 swoje artyku\u0142y w bogate podsumowania audio. Nowy spos\u00f3b konsumowania artyku\u0142\u00f3w Mo\u017cesz zrewolucjonizowa\u0107 spos\u00f3b konsumowania informacji dzi\u0119ki StoryShots for Articles. Niezale\u017cnie od tego, czy jeste\u015b w ruchu, \u0107wiczysz, czy po prostu szukasz wygodniejszego sposobu na bycie na bie\u017c\u0105co, StoryShots for Articles eliminuje trudno\u015bci z czytaniem d\u0142ugich artyku\u0142\u00f3w, przekszta\u0142caj\u0105c je w...<\/p>","protected":false},"author":13,"featured_media":0,"parent":0,"menu_order":0,"comment_status":"open","ping_status":"closed","template":"","meta":{"_acf_changed":false,"_kad_blocks_custom_css":"","_kad_blocks_head_custom_js":"","_kad_blocks_body_custom_js":"","_kad_blocks_footer_custom_js":"","_kadence_starter_templates_imported_post":false,"_kad_post_transparent":"","_kad_post_title":"","_kad_post_layout":"","_kad_post_sidebar_id":"","_kad_post_content_style":"","_kad_post_vertical_padding":"","_kad_post_feature":"","_kad_post_feature_position":"","_kad_post_header":false,"_kad_post_footer":false,"yasr_overall_rating":0,"yasr_post_is_review":"","yasr_auto_insert_disabled":"","yasr_review_type":"","footnotes":""},"class_list":["post-92618","page","type-page","status-publish","hentry"],"acf":[],"yasr_visitor_votes":{"stars_attributes":{"read_only":false,"span_bottom":false},"number_of_votes":0,"sum_votes":0},"taxonomy_info":[],"featured_image_src_large":false,"author_info":{"display_name":"Team StoryShots","author_link":"https:\/\/www.getstoryshots.com\/pl\/books\/author\/fuzr6koxtahlfjcigcjjuadpexy2\/"},"comment_info":0,"_links":{"self":[{"href":"https:\/\/www.getstoryshots.com\/pl\/wp-json\/wp\/v2\/pages\/92618","targetHints":{"allow":["GET"]}}],"collection":[{"href":"https:\/\/www.getstoryshots.com\/pl\/wp-json\/wp\/v2\/pages"}],"about":[{"href":"https:\/\/www.getstoryshots.com\/pl\/wp-json\/wp\/v2\/types\/page"}],"author":[{"embeddable":true,"href":"https:\/\/www.getstoryshots.com\/pl\/wp-json\/wp\/v2\/users\/13"}],"replies":[{"embeddable":true,"href":"https:\/\/www.getstoryshots.com\/pl\/wp-json\/wp\/v2\/comments?post=92618"}],"version-history":[{"count":4,"href":"https:\/\/www.getstoryshots.com\/pl\/wp-json\/wp\/v2\/pages\/92618\/revisions"}],"predecessor-version":[{"id":98410,"href":"https:\/\/www.getstoryshots.com\/pl\/wp-json\/wp\/v2\/pages\/92618\/revisions\/98410"}],"wp:attachment":[{"href":"https:\/\/www.getstoryshots.com\/pl\/wp-json\/wp\/v2\/media?parent=92618"}],"curies":[{"name":"wp","href":"https:\/\/api.w.org\/{rel}","templated":true}]}}