{"id":1470,"date":"2021-08-01T09:13:51","date_gmt":"2021-08-01T09:13:51","guid":{"rendered":"https:\/\/www.getstoryshots.com\/?page_id=1470"},"modified":"2024-05-30T13:01:42","modified_gmt":"2024-05-30T13:01:42","slug":"faq","status":"publish","type":"page","link":"https:\/\/www.getstoryshots.com\/pt\/faq\/","title":{"rendered":"Perguntas mais freq\u00fcentes"},"content":{"rendered":"<h2 class=\"wp-block-heading\">IA do StoryShots<\/h2>\n\n\n\n<h3 class=\"wp-block-heading\">O que os cr\u00e9ditos de IA fazem?<\/h3>\n\n\n\n<p>No momento, os cr\u00e9ditos de IA permitem que voc\u00ea gere insights importantes para praticamente qualquer livro \"fora\" de nossa cole\u00e7\u00e3o existente. Isso praticamente lhe dar\u00e1 acesso a mais de 300.000 livros. No futuro, poderemos capacit\u00e1-lo a gerar question\u00e1rios, etapas de a\u00e7\u00e3o, cursos etc. em tempo real usando IA.<\/p>\n\n\n\n<h2 class=\"wp-block-heading\">Quest\u00f5es de login<\/h2>\n\n\n\n<h3 class=\"wp-block-heading\">N\u00e3o consigo fazer login. Estou recebendo um carregador de looping cont\u00ednuo quando tento fazer login com e-mail. Estou recebendo o erro \"Invalid Dynamic Link\" quando tento fazer login por e-mail.<\/h3>\n\n\n\n<p>Certifique-se de abrir o link na mesma janela do navegador em que voc\u00ea tentou fazer login. Se voc\u00ea receber o e-mail em um navegador diferente, clique com o bot\u00e3o direito do mouse no link do e-mail, copie o endere\u00e7o e cole-o na mesma guia do navegador.<\/p>\n\n\n\n<p>Se voc\u00ea estiver fazendo login nos aplicativos, certifique-se de que o e-mail seja aberto no navegador do seu celular (n\u00e3o no \"aplicativo\" de e-mail do celular). Pressione longamente o link e, em seguida, escolha abri-lo no aplicativo nativo. Se voc\u00ea receber o e-mail em um dispositivo diferente, envie para si mesmo o endere\u00e7o do link por meio de aplicativos de m\u00eddia social e abra-o em seu dispositivo m\u00f3vel.<\/p>\n\n\n\n<p>Se o problema persistir, envie uma grava\u00e7\u00e3o de tela simples para <a href=\"mailto:support@getstoryshots.com\" data-type=\"mailto\" data-id=\"mailto:support@getstoryshots.com\">nosso apoio<\/a> ou fornecer mais detalhes e screenshots.<\/p>\n\n\n\n<h3 class=\"wp-block-heading\">Resgatei meu c\u00f3digo do AppSumo, mas ainda n\u00e3o tenho acesso premium. O que devo fazer?<\/h3>\n\n\n\n<p>Tente sair e voltar ou reinstalar o aplicativo. Certifique-se de que esteja usando as mesmas credenciais e o mesmo m\u00e9todo de login que usou no site. Para qualquer outro problema, entre em contato com o nosso <a href=\"mailto:support@getstoryshots.com\" data-type=\"mailto\" data-id=\"mailto:support@getstoryshots.com\">apoio<\/a>.<\/p>\n\n\n\n<h3 class=\"wp-block-heading\">Eu fico preso na tela de entrada. O que eu devo fazer?<\/h3>\n\n\n\n<p>Abra o aplicativo de configura\u00e7\u00f5es. Toque em <strong>Apps<\/strong> e ent\u00e3o <strong>Ver todas as aplica\u00e7\u00f5es<\/strong>. Role para baixo at\u00e9 \"Google Play Services\". Toque em <strong>Servi\u00e7os Google Play<\/strong>. Toque <strong>Armazenamento<\/strong> e ent\u00e3o <strong>Cache claro<\/strong>. Repita as mesmas etapas para \"<strong>Loja do Google Play<\/strong>\". Observe que talvez seja necess\u00e1rio <strong>Parada de for\u00e7a<\/strong> o aplicativo antes de limpar o cache. Repita as mesmas etapas para \"<strong>StoryShots<\/strong>\u201c.<\/p>\n\n\n\n<h2 class=\"wp-block-heading\">Problemas de compra<\/h2>\n\n\n\n<h3 class=\"wp-block-heading\">Estou recebendo a mensagem \"Sua transa\u00e7\u00e3o n\u00e3o pode ser conclu\u00edda. Verifique se o seu pa\u00eds de jogo est\u00e1 correto\".<\/h3>\n\n\n\n<p>De acordo com <a href=\"https:\/\/support.google.com\/googleplay\/contact\/fx_block\" data-type=\"link\" data-id=\"https:\/\/support.google.com\/googleplay\/contact\/fx_block\" target=\"_blank\" rel=\"noopener\">Google<\/a>Se voc\u00ea receber esse erro ao tentar fazer uma compra no aplicativo,&nbsp;<strong>Verifique se o pa\u00eds do Play est\u00e1 correto<\/strong>. Se voc\u00ea se mudou recentemente para outro pa\u00eds,&nbsp;<a href=\"https:\/\/support.google.com\/googleplay\/answer\/7431675\" target=\"_blank\" rel=\"noopener\"><u>veja aqui<\/u><\/a>&nbsp;instru\u00e7\u00f5es sobre como alterar suas configura\u00e7\u00f5es.&nbsp;<br><br>Se o seu pa\u00eds na configura\u00e7\u00e3o do Play estiver correto, mas voc\u00ea ainda estiver vendo o erro, envie seu caso para an\u00e1lise clicando no bot\u00e3o enviar abaixo. Verifique se voc\u00ea est\u00e1 usando o mesmo e-mail da sua conta do Play.&nbsp;<br><br>Depois que o seu caso for analisado, a equipe de investiga\u00e7\u00f5es entrar\u00e1 em contato com voc\u00ea, normalmente dentro de tr\u00eas dias \u00fateis.&nbsp;<strong>N\u00e3o<\/strong>&nbsp;preencher v\u00e1rios formul\u00e1rios, pois isso pode prolongar o processo.<\/p>\n\n\n\n<h2 class=\"wp-block-heading\">Outras Quest\u00f5es<\/h2>\n\n\n\n<h3 class=\"wp-block-heading\">Por que alguns livros est\u00e3o marcados como \"Premiere Q1 2023\" ou \"Coming Soon\"?<\/h3>\n\n\n\n<p>Embora alguns livros de nossa cole\u00e7\u00e3o j\u00e1 tenham um bom conte\u00fado, n\u00f3s os marcamos dessa forma porque queremos torn\u00e1-los excelentes! Fornecemos o conte\u00fado mais diversificado do mundo para cada livro e o oferecemos pelo pre\u00e7o mais acess\u00edvel. Isso significa que temos que gastar semanas e milhares de d\u00f3lares a mais em cada livro (em compara\u00e7\u00e3o com nossos concorrentes, que podem fornecer apenas texto e conte\u00fado de \u00e1udio rob\u00f3tico de convers\u00e3o de texto em fala). Al\u00e9m disso, podemos obter algum feedback sobre o conte\u00fado existente para aprimor\u00e1-lo. Pense nisso como se estiv\u00e9ssemos lan\u00e7ando o conte\u00fado em vers\u00e3o beta, em vez de aperfei\u00e7o\u00e1-lo primeiro e escond\u00ea-lo dos nossos usu\u00e1rios.<\/p>\n\n\n\n<h3 class=\"wp-block-heading\">N\u00e3o consigo instalar o aplicativo. Recebo a mensagem \"Este aplicativo n\u00e3o funciona no seu dispositivo\".<\/h3>\n\n\n\n<p>Para resolver esse problema, pedimos que voc\u00ea siga estas etapas: Primeiro, verifique se o sistema operacional do seu dispositivo est\u00e1 atualizado. Verifique se h\u00e1 atualiza\u00e7\u00f5es de sistema dispon\u00edveis e instale-as, se for o caso. Em seguida, verifique se o pr\u00f3prio aplicativo Google Play Store est\u00e1 atualizado. Abra o aplicativo Google Play Store. No canto superior direito, toque no \u00edcone de perfil. Toque em <strong>Configura\u00e7\u00f5es<\/strong> e ent\u00e3o <strong>Sobre<\/strong> e ent\u00e3o <strong>Vers\u00e3o da Play Store<\/strong>. Voc\u00ea receber\u00e1 uma mensagem informando se a Play Store est\u00e1 atualizada. Toque em <strong>Entendi<\/strong>. Se o problema persistir, tente for\u00e7ar o fechamento do aplicativo Google Play Store. Em seguida, limpe o cache do aplicativo acessando <strong>Configura\u00e7\u00f5es&gt; Aplicativos&gt; Google Play Store&gt; Armazenamento&gt; Limpar cache<\/strong>. Depois disso, limpe os dados do aplicativo selecionando \"<strong>Limpar dados<\/strong>\" ou \"<strong>Armazenamento transparente<\/strong>\" no mesmo menu. Se as etapas anteriores n\u00e3o resolverem o problema, recomendamos entrar em contato diretamente com o suporte do Google Play. <\/p>\n\n\n\n<h3 class=\"wp-block-heading\">O aplicativo est\u00e1 livre para sempre?<\/h3>\n\n\n\n<p>Sim! Nossa miss\u00e3o \u00e9 tornar as id\u00e9ias-chave dos melhores livros de n\u00e3o-fic\u00e7\u00e3o acess\u00edveis a <strong style=\"user-select: auto;\">todos<\/strong>. Um adolescente na \u00cdndia rural deve ter o mesmo acesso \u00e0s li\u00e7\u00f5es destes grandes livros que um gestor de fundos de hedge em Nova York. Como resultado, teremos sempre um n\u00edvel gratuito com suporte de an\u00fancios.<\/p>\n\n\n\n<h3 class=\"wp-block-heading\">StoryShots \u00e9 uma alternativa \u00e0 leitura de livros?<\/h3>\n\n\n\n<p>N\u00e3o. Nada substitui a leitura de uma grande capa de livro para cobrir. Mas StoryShots ajuda voc\u00ea a aprender as id\u00e9ias-chave dos livros que est\u00e3o ganhando p\u00f3 em sua estante ou a descobrir novas leituras emocionantes. Voc\u00ea tamb\u00e9m pode us\u00e1-lo para rever as principais li\u00e7\u00f5es dos livros que voc\u00ea j\u00e1 leu antes para refrescar sua mem\u00f3ria. Nossas resenhas de livros s\u00f3 podem riscar a superf\u00edcie dos livros nos quais os autores dedicaram anos de trabalho.<\/p>\n\n\n\n<h3 class=\"wp-block-heading\">Meu cart\u00e3o \/ UPI n\u00e3o funciona. O que eu devo fazer?<\/h3>\n\n\n\n<p>O Google trata dos pagamentos e retira uma parte de nossas vendas em troca. N\u00e3o temos acesso aos seus dados financeiros. Talvez voc\u00ea queira entrar em contato com <a href=\"https:\/\/support.google.com\/googleplay\/?hl=en#topic=3364260\" data-type=\"URL\" data-id=\"https:\/\/support.google.com\/googleplay\/?hl=en#topic=3364260\" target=\"_blank\" rel=\"noreferrer noopener\">Suporte da Loja do Google Play<\/a> ou seu banco. <\/p>\n\n\n\n<h3 class=\"wp-block-heading\">Quantos livros voc\u00ea vai acrescentar? Com que freq\u00fc\u00eancia voc\u00ea adicionar\u00e1 novos livros?<\/h3>\n\n\n\n<p>Passamos muito tempo selecionando o melhor conte\u00fado do mercado ou criando conte\u00fado original do zero (e oferecendo tudo gratuitamente, enquanto nossos concorrentes cobram de 10 a 15 d\u00f3lares por m\u00eas). \u00c9 um processo demorado e caro, mas vale a pena! Estamos adicionando de 1 a 2 novos livros por semana. Apresentamos 1 livro por semana enviando notifica\u00e7\u00f5es push, enviando um boletim informativo ou como um <a style=\"user-select: auto;\" href=\"https:\/\/www.getstoryshots.com\/pt\/social-media\/\">posto de m\u00eddia social<\/a>. <\/p>\n\n\n\n<h3 class=\"wp-block-heading\">Preciso contratar um profissional ou posso usar o que aprendi com StoryShots eu mesmo?<\/h3>\n\n\n\n<p>Como mencionado em nossos termos de uso, nosso conte\u00fado pode conter erros ou inconsist\u00eancias. Aconselhamos que voc\u00ea consulte primeiro um profissional antes de aplicar o que aprender atrav\u00e9s de StoryShots (esp. para assuntos de sa\u00fade ou financeiros).<\/p>\n\n\n\n<h3 class=\"wp-block-heading\">J\u00e1 paguei, mas o aplicativo est\u00e1 me pedindo para pagar novamente. Por qu\u00ea?<\/h3>\n\n\n\n<p>Tente restaurar sua compra a partir da tela de compra. Se isso n\u00e3o ajudar, pode ser uma falha tempor\u00e1ria do lado da Apple e do Google. Se voc\u00ea tentar dentro de algumas horas e o problema ainda estiver pendente, <a href=\"mailto:support@getstoryshots.com\">Entre em contato com nosso suporte.<\/a><\/p>\n\n\n\n<h3 class=\"wp-block-heading\">Alguns livros que j\u00e1 estavam em sua cole\u00e7\u00e3o foram retirados. Por qu\u00ea?<\/h3>\n\n\n\n<p>Retiramos alguns livros <em>temporariamente<\/em> para melhorar a qualidade de seu conte\u00fado. Fique atento \u00e0s not\u00edcias sobre sua republica\u00e7\u00e3o atrav\u00e9s de nossa newsletter ou notifica\u00e7\u00f5es push.<\/p>\n\n\n\n<h3 class=\"wp-block-heading\">Como posso contribuir para sua miss\u00e3o?<\/h3>\n\n\n\n<p>Voc\u00ea pode se juntar a n\u00f3s para facilitar a aprendizagem de todos com livros de n\u00e3o-fic\u00e7\u00e3o atrav\u00e9s <a style=\"user-select: auto;\" href=\"https:\/\/www.getstoryshots.com\/pt\/contribute\/\">contribuindo com seus pr\u00f3prios \"tiros<\/a>, tornar-se um membro premium, escrever uma resenha ou simplesmente espalhar a palavra. ?<\/p>\n\n\n\n<h3 class=\"wp-block-heading\">Voc\u00ea ap\u00f3ia as id\u00e9ias dos livros em sua cole\u00e7\u00e3o?<\/h3>\n\n\n\n<p>N\u00e3o necessariamente. Mas n\u00f3s apoiamos a liberdade de express\u00e3o e mantemos uma mente aberta e curiosa.<\/p>\n\n\n\n<h3 class=\"wp-block-heading\">Como posso filtrar para livros com base no tempo livre que tenho?<\/h3>\n\n\n\n<p>Veja em Telas de busca no Android e Categorias no iOS para categorias de tomadas de \u00e1udio abaixo de 10, 20, 30, e 40 minutos. Livros com menos de 15, 25, 35, 45, e 50 minutos podem ser encontrados procurando por <em>#15m, #25m, #35, #45, #50<\/em>.<\/p>\n\n\n\n<h3 class=\"wp-block-heading\">Qual \u00e9 a sua rela\u00e7\u00e3o com a Amaz\u00f4nia?<\/h3>\n\n\n\n<p>StoryShots \u00e9 uma afiliada aprovada da Amazon Associates. Isto significa que os links em nosso aplicativo e website podem ser links afiliados. Se voc\u00ea comprar atrav\u00e9s de qualquer um de nossos links, poderemos receber uma pequena comiss\u00e3o. Essas comiss\u00f5es nos ajudam a manter o aplicativo livre e a melhorar o conte\u00fado. <\/p>\n\n\n\n<h3 class=\"wp-block-heading\">Posso usar StoryShots no desktop (Microsoft Windows \/ PC ou Mac)?<\/h3>\n\n\n\n<p>Temos um simples aplicativo web dispon\u00edvel para nossos membros vital\u00edcios que tamb\u00e9m inclui imagens de texto adicionais que n\u00e3o est\u00e3o nos aplicativos. <\/p>\n\n\n\n<p>N\u00e3o temos suporte oficial para o aplicativo de desktop nativo. Mas usu\u00e1rios selecionados da Samsung podem executar o aplicativo no Windows hoje. <a href=\"https:\/\/support.microsoft.com\/en-us\/topic\/supported-devices-for-your-phone-app-experiences-cb044172-87aa-9e41-d446-c4ac83ce8807\" data-type=\"URL\" data-id=\"https:\/\/support.microsoft.com\/en-us\/topic\/supported-devices-for-your-phone-app-experiences-cb044172-87aa-9e41-d446-c4ac83ce8807\" target=\"_blank\" rel=\"noreferrer noopener\">Veja aqui para mais informa\u00e7\u00f5es.<\/a> Voc\u00ea tamb\u00e9m pode usar <a href=\"https:\/\/www.bluestacks.com\/\" data-type=\"URL\" data-id=\"https:\/\/www.bluestacks.com\/\" target=\"_blank\" rel=\"noreferrer noopener\">BlueStacks<\/a> ou <a href=\"https:\/\/www.bignox.com\/\" data-type=\"URL\" data-id=\"https:\/\/www.bignox.com\/\" target=\"_blank\" rel=\"noreferrer noopener\">NoxPlayer<\/a> para executar aplicativos Android no Windows. <\/p>\n\n\n\n<p>A boa not\u00edcia \u00e9 que a Microsoft anunciou recentemente que o Windows 11 permitir\u00e1 que aplicativos Android rodem tamb\u00e9m nativamente no Windows. <\/p>\n\n\n\n<p>Os usu\u00e1rios do Apple M1 Mac tamb\u00e9m podem executar nosso aplicativo em suas m\u00e1quinas. Este suporte \u00e9 experimental.<\/p>\n\n\n\n<p>Por favor <a href=\"mailto:support@getstoryshots.com\">entre em contato com nosso suporte<\/a> se voc\u00ea tiver qualquer outra pergunta.<\/p>\n\n\n\n<h3 class=\"wp-block-heading\">Como posso apagar minha conta StoryShots?<\/h3>\n\n\n\n<p>Obrigado por nos dar uma chance. Voc\u00ea pode excluir sua conta na tela Configura\u00e7\u00f5es do aplicativo m\u00f3vel. Agradecemos se puder tamb\u00e9m entrar em contato com nosso suporte e fornecer feedback.<\/p>\n\n\n\n<h3 class=\"wp-block-heading\">O que devo fazer se n\u00e3o quiser perder os novos livros ou seus neg\u00f3cios?<\/h3>\n\n\n\n<p>Simples. A melhor maneira \u00e9 permitir notifica\u00e7\u00f5es no aplicativo e <a href=\"https:\/\/www.getstoryshots.com\/pt\/updates\/\">cadastre-se em nosso boletim informativo<\/a>. Enviamos 1-2 notifica\u00e7\u00f5es por semana e 4-6 e-mails por m\u00eas. A segunda melhor maneira \u00e9 verificar nossas <a href=\"https:\/\/www.getstoryshots.com\/pt\/updates\/\">O que \u00e9 Nova p\u00e1gina<\/a> regularmente e nos siga em <a href=\"https:\/\/www.getstoryshots.com\/pt\/social-media\/\">m\u00eddia social<\/a>.<\/p>\n\n\n\n<h3 class=\"wp-block-heading\">Voc\u00eas oferecem algum desconto?<\/h3>\n\n\n\n<p>Atualmente, oferecemos o servi\u00e7o de pre\u00e7o mais baixo da ind\u00fastria, pois facilitar a aprendizagem dos livros para todos \u00e9 nossa principal prioridade. Dito isto, fique de olho em nossas promo\u00e7\u00f5es, permitindo notifica\u00e7\u00f5es no aplicativo, inscrevendo-se em nosso boletim informativo e nos acompanhando em <a href=\"https:\/\/www.getstoryshots.com\/pt\/social-media\/\" data-type=\"page\" data-id=\"535\">m\u00eddia social<\/a>. <\/p>\n\n\n\n<p>Se voc\u00ea escrever um artigo online de mais de 400 palavras sobre StoryShots ou fizer uma revis\u00e3o de v\u00eddeo de 3 minutos no YouTube, n\u00f3s podemos lhe fornecer acesso gratuito vital\u00edcio. Seu blog deve ter pelo menos 5.000 visitantes mensais e seu canal no YouTube deve ter pelo menos 2000 assinantes. <a href=\"mailto:hello@getstoryshots.com\">Envie-nos um e-mail para se candidatar.<\/a><\/p>\n\n\n\n<h3 class=\"wp-block-heading\">Eu sou um autor. Voc\u00ea pode acrescentar meu livro?<\/h3>\n\n\n\n<p>Depende. Se voc\u00ea acredita que seu livro agrega valor \u00e0 nossa comunidade global de alunos para toda a vida, voc\u00ea deve se inscrever por <a href=\"mailto:hello@getstoryshots.com\">nos enviando um e-mail<\/a>.<\/p>\n\n\n\n<h3 class=\"wp-block-heading\">Voc\u00ea pode adicionar audiolivros para TODOS os livros?<\/h3>\n\n\n\n<p>Nossa miss\u00e3o \u00e9 fazer o <strong>li\u00e7\u00f5es chave<\/strong> de livros mais vendidos acess\u00edveis a <strong>todos<\/strong>. No entanto, se encontrarmos um audiolivro p\u00fablico, n\u00f3s o ligaremos a ele. Nem todos os livros t\u00eam vers\u00f5es p\u00fablicas. Para adicionar vers\u00f5es de audiolivros para todos os livros, precisaremos aumentar nossas taxas de assinatura para pagar a administra\u00e7\u00e3o, servidor, taxas de licenciamento, etc. H\u00e1 tamb\u00e9m grandes aplicativos como o Audible que t\u00eam generosos <em>gr\u00e1tis<\/em> ofertas de teste. Neste momento, pensamos que acrescentar audiolivros ao aplicativo nos distrair\u00e1 de nossa miss\u00e3o principal.<br><br>Se voc\u00ea preferir pagar mais por uma assinatura diferente e ter acesso \u00e0 vers\u00e3o de alta qualidade de TODOS os livros, ou se voc\u00ea quiser comprar livros diretamente dentro de StoryShots, sinta-se \u00e0 vontade para atualizar este recurso usando nosso formul\u00e1rio \"Vote por novos recursos\" na tela Configura\u00e7\u00f5es para que possamos prioriz\u00e1-lo.<\/p>\n\n\n\n<h3 class=\"wp-block-heading\">Posso traduzir, narrar ou animar o conte\u00fado?<\/h3>\n\n\n\n<p>Sim! Ver <a href=\"https:\/\/www.getstoryshots.com\/pt\/contribute\/\">contribuindo com seus pr\u00f3prios tiros<\/a>.<\/p>\n\n\n\n<h3 class=\"wp-block-heading\">O que \u00e9 esta alimenta\u00e7\u00e3o de serendipity?<\/h3>\n\n\n\n<p>\u00c9 basicamente nossa tentativa de combater a superpersonaliza\u00e7\u00e3o imposta a n\u00f3s pelo Google, Facebook e muitas outras empresas. Acreditamos que isto nos d\u00e1 vis\u00e3o de t\u00fanel e preconceitos. Assim, os livros s\u00e3o embaralhados aleatoriamente de vez em quando para trazer os livros \u00e0 tona que, de outra forma, voc\u00ea n\u00e3o poderia esbarrar com eles.<\/p>\n\n\n\n<h3 class=\"wp-block-heading\">Por que n\u00e3o posso ouvir \u00e1udio enquanto navego em outros livros? Eu quero um mini-player flutuante.<\/h3>\n\n\n\n<p>Estamos cientes de que muitos podcast e aplicativos de v\u00eddeo suportam este recurso. Mas... acreditamos em uma \u00fanica tarefa e foco. Se voc\u00ea acha que estamos errados, vote neste recurso usando a pesquisa \"Vote em novos recursos\" dentro do aplicativo.<\/p>","protected":false},"excerpt":{"rendered":"<p>StoryShots AI O que os cr\u00e9ditos de IA fazem? No momento, os cr\u00e9ditos de IA permitem que voc\u00ea gere insights importantes para praticamente qualquer livro \"fora\" de nossa cole\u00e7\u00e3o existente. Isso praticamente lhe dar\u00e1 acesso a mais de 300.000 livros. No futuro, poderemos capacit\u00e1-lo a gerar question\u00e1rios, etapas de a\u00e7\u00e3o, cursos etc. em tempo real usando a IA....<\/p>","protected":false},"author":1,"featured_media":0,"parent":0,"menu_order":0,"comment_status":"closed","ping_status":"closed","template":"","meta":{"_acf_changed":false,"_kad_blocks_custom_css":"","_kad_blocks_head_custom_js":"","_kad_blocks_body_custom_js":"","_kad_blocks_footer_custom_js":"","_kadence_starter_templates_imported_post":false,"_kad_post_transparent":"","_kad_post_title":"","_kad_post_layout":"","_kad_post_sidebar_id":"","_kad_post_content_style":"","_kad_post_vertical_padding":"","_kad_post_feature":"","_kad_post_feature_position":"","_kad_post_header":false,"_kad_post_footer":false,"yasr_overall_rating":0,"yasr_post_is_review":"","yasr_auto_insert_disabled":"","yasr_review_type":"","footnotes":""},"class_list":["post-1470","page","type-page","status-publish","hentry"],"acf":[],"yasr_visitor_votes":{"stars_attributes":{"read_only":false,"span_bottom":false},"number_of_votes":0,"sum_votes":0},"taxonomy_info":[],"featured_image_src_large":false,"author_info":{"display_name":"StoryShots - Free Book Summaries","author_link":"https:\/\/www.getstoryshots.com\/pt\/books\/author\/storyshotsadmin\/"},"comment_info":0,"_links":{"self":[{"href":"https:\/\/www.getstoryshots.com\/pt\/wp-json\/wp\/v2\/pages\/1470","targetHints":{"allow":["GET"]}}],"collection":[{"href":"https:\/\/www.getstoryshots.com\/pt\/wp-json\/wp\/v2\/pages"}],"about":[{"href":"https:\/\/www.getstoryshots.com\/pt\/wp-json\/wp\/v2\/types\/page"}],"author":[{"embeddable":true,"href":"https:\/\/www.getstoryshots.com\/pt\/wp-json\/wp\/v2\/users\/1"}],"replies":[{"embeddable":true,"href":"https:\/\/www.getstoryshots.com\/pt\/wp-json\/wp\/v2\/comments?post=1470"}],"version-history":[{"count":24,"href":"https:\/\/www.getstoryshots.com\/pt\/wp-json\/wp\/v2\/pages\/1470\/revisions"}],"predecessor-version":[{"id":94375,"href":"https:\/\/www.getstoryshots.com\/pt\/wp-json\/wp\/v2\/pages\/1470\/revisions\/94375"}],"wp:attachment":[{"href":"https:\/\/www.getstoryshots.com\/pt\/wp-json\/wp\/v2\/media?parent=1470"}],"curies":[{"name":"wp","href":"https:\/\/api.w.org\/{rel}","templated":true}]}}