{"id":50657,"date":"2021-03-23T07:12:22","date_gmt":"2021-03-23T07:12:22","guid":{"rendered":"https:\/\/www.getstoryshots.com\/?page_id=50657"},"modified":"2021-11-15T12:52:44","modified_gmt":"2021-11-15T12:52:44","slug":"presskit","status":"publish","type":"page","link":"https:\/\/www.getstoryshots.com\/pt\/presskit\/","title":{"rendered":"Kit de imprensa"},"content":{"rendered":"<h2 class=\"wp-block-heading\">Nossa miss\u00e3o<\/h2>\n\n\n\n<p>Grandes livros de n\u00e3o-fic\u00e7\u00e3o podem mudar vidas. Mas as estat\u00edsticas mostram que 90% deles nunca s\u00e3o lidos depois do primeiro cap\u00edtulo. As distra\u00e7\u00f5es est\u00e3o crescendo e estamos vivendo vidas cada vez mais ocupadas. Al\u00e9m disso, pessoas diferentes t\u00eam diferentes quantidades de tempo livre, or\u00e7amento e prefer\u00eancias de aprendizado. StoryShots est\u00e1 aqui para mudar isso. Somos uma inicia\u00e7\u00e3o de impacto social, em uma miss\u00e3o de tornar as principais percep\u00e7\u00f5es dos livros de n\u00e3o-fic\u00e7\u00e3o mais vendidos acess\u00edveis a <strong>todos <\/strong>(n\u00e3o importa seu or\u00e7amento, tempo ou estilo de aprendizagem). Acreditamos em capacitar um adolescente na \u00cdndia rural tanto quanto um empres\u00e1rio faminto de tempo no Vale do Sil\u00edcio. Todos t\u00eam o direito de aprender com os maiores livros do mundo.<\/p>\n\n\n\n<h2 class=\"wp-block-heading\">Fundador<\/h2>\n\n\n\n<p>Farid Behnia, com experi\u00eancia trabalhando em empresas da Fortune 100 e parceria com Tim Ferriss, fundou a StoryShots em 2018. Ele queria possibilitar a todos as mesmas transforma\u00e7\u00f5es que ele teve na vida, gra\u00e7as a alguns livros de auto-ajuda. <\/p>\n\n\n\n<p>Chegar a <a href=\"mailto:hello@getstoryshots.com\">hello@getstoryshots.com<\/a> para qualquer consulta \u00e0 m\u00eddia.<\/p>\n\n\n\n<h2 class=\"wp-block-heading\">Men\u00e7\u00f5es da m\u00eddia<\/h2>\n\n\n\n<p><a href=\"https:\/\/drive.google.com\/drive\/folders\/1QsDpKFMjIL4qn0ZKCkmV90TGBjIgrLqB?usp=sharing\" data-type=\"URL\" data-id=\"https:\/\/drive.google.com\/drive\/folders\/1QsDpKFMjIL4qn0ZKCkmV90TGBjIgrLqB?usp=sharing\" target=\"_blank\" rel=\"noopener\">The Guardian - 20 aplicativos para aprimorar suas habilidades<\/a><\/p>\n\n\n\n<p><a href=\"https:\/\/drive.google.com\/file\/d\/1MNudA_ujEK4pXOhlHMrHw3pGLyEM8nSS\/view?usp=sharing\" data-type=\"URL\" data-id=\"https:\/\/drive.google.com\/file\/d\/1MNudA_ujEK4pXOhlHMrHw3pGLyEM8nSS\/view?usp=sharing\" target=\"_blank\" rel=\"noopener\">The Economist - Os resumos de livros de neg\u00f3cios podem economizar seu tempo enquanto ainda fornecem informa\u00e7\u00f5es?<\/a><\/p>\n\n\n\n<p><a href=\"https:\/\/beebom.com\/best-blinkist-alternatives\/\" data-type=\"URL\" data-id=\"https:\/\/beebom.com\/best-blinkist-alternatives\/\" target=\"_blank\" rel=\"noopener\">BeeBom - 12 Melhores Alternativas de Blinkist que Voc\u00ea Deve Utilizar<\/a><\/p>\n\n\n\n<h2 class=\"wp-block-heading\">Pr\u00eamios e outros reconhecimentos<\/h2>\n\n\n\n<p>StoryShots tem sido elogiado e recomendado pelas seguintes pessoas e institui\u00e7\u00f5es:<\/p>\n\n\n\n<p>Steven Pinker, PhD - Professor de Harvard e Bill Gates Autor favorito de todos os tempos<\/p>\n\n\n\n<p>Steven Kotler - autor best-seller do New York Times, indicado ao Pr\u00eamio Pulitzer e especialista em Alto Desempenho<\/p>\n\n\n\n<p>Nami Zarringhalam - Co-fundadora da TrueCaller<\/p>\n\n\n\n<p>StoryShots foi o vice-campe\u00e3o do Pr\u00eamio da C\u00fapula Mundial das Na\u00e7\u00f5es Unidas para o Impacto Social dentro da categoria Educa\u00e7\u00e3o. <\/p>\n\n\n\n<p>Naithan Jones - S\u00f3cio da Andreessen Horowitz<\/p>\n\n\n\n<p><a href=\"https:\/\/www.youtube.com\/watch?v=7-7bpuWRjd4\" data-type=\"URL\" data-id=\"https:\/\/www.youtube.com\/watch?v=7-7bpuWRjd4\" target=\"_blank\" rel=\"noopener\">Puri Jagannadh - Famoso diretor indiano\u00a0<\/a><\/p>\n\n\n\n<div class=\"wp-block-buttons is-layout-flex wp-block-buttons-is-layout-flex\">\n<div class=\"wp-block-button\"><a class=\"wp-block-button__link has-background\" href=\"https:\/\/drive.google.com\/drive\/folders\/1QsDpKFMjIL4qn0ZKCkmV90TGBjIgrLqB?usp=sharing\" style=\"background-color:#ff3000\" target=\"_blank\" rel=\"noreferrer noopener\">Ir para o kit de m\u00eddia<\/a><\/div>\n<\/div>","protected":false},"excerpt":{"rendered":"<p>Nossa miss\u00e3o Grandes livros de n\u00e3o fic\u00e7\u00e3o podem mudar vidas. Mas as estat\u00edsticas mostram que 90% deles nunca s\u00e3o lidos ap\u00f3s o primeiro cap\u00edtulo. As distra\u00e7\u00f5es est\u00e3o aumentando e estamos vivendo vidas cada vez mais ocupadas. Al\u00e9m disso, pessoas diferentes t\u00eam diferentes quantidades de tempo livre, or\u00e7amento e prefer\u00eancias de aprendizado. O StoryShots est\u00e1 aqui para mudar isso. Somos uma...<\/p>","protected":false},"author":13,"featured_media":0,"parent":0,"menu_order":0,"comment_status":"closed","ping_status":"closed","template":"","meta":{"_acf_changed":false,"_kad_blocks_custom_css":"","_kad_blocks_head_custom_js":"","_kad_blocks_body_custom_js":"","_kad_blocks_footer_custom_js":"","_kadence_starter_templates_imported_post":false,"_kad_post_transparent":"","_kad_post_title":"","_kad_post_layout":"","_kad_post_sidebar_id":"","_kad_post_content_style":"","_kad_post_vertical_padding":"","_kad_post_feature":"","_kad_post_feature_position":"","_kad_post_header":false,"_kad_post_footer":false,"yasr_overall_rating":0,"yasr_post_is_review":"","yasr_auto_insert_disabled":"","yasr_review_type":"","footnotes":""},"class_list":["post-50657","page","type-page","status-publish","hentry"],"acf":[],"yasr_visitor_votes":{"stars_attributes":{"read_only":false,"span_bottom":false},"number_of_votes":0,"sum_votes":0},"taxonomy_info":[],"featured_image_src_large":false,"author_info":{"display_name":"Team StoryShots","author_link":"https:\/\/www.getstoryshots.com\/pt\/books\/author\/fuzr6koxtahlfjcigcjjuadpexy2\/"},"comment_info":0,"_links":{"self":[{"href":"https:\/\/www.getstoryshots.com\/pt\/wp-json\/wp\/v2\/pages\/50657","targetHints":{"allow":["GET"]}}],"collection":[{"href":"https:\/\/www.getstoryshots.com\/pt\/wp-json\/wp\/v2\/pages"}],"about":[{"href":"https:\/\/www.getstoryshots.com\/pt\/wp-json\/wp\/v2\/types\/page"}],"author":[{"embeddable":true,"href":"https:\/\/www.getstoryshots.com\/pt\/wp-json\/wp\/v2\/users\/13"}],"replies":[{"embeddable":true,"href":"https:\/\/www.getstoryshots.com\/pt\/wp-json\/wp\/v2\/comments?post=50657"}],"version-history":[{"count":0,"href":"https:\/\/www.getstoryshots.com\/pt\/wp-json\/wp\/v2\/pages\/50657\/revisions"}],"wp:attachment":[{"href":"https:\/\/www.getstoryshots.com\/pt\/wp-json\/wp\/v2\/media?parent=50657"}],"curies":[{"name":"wp","href":"https:\/\/api.w.org\/{rel}","templated":true}]}}