{"id":52604,"date":"2021-04-19T12:07:07","date_gmt":"2021-04-19T12:07:07","guid":{"rendered":"https:\/\/www.getstoryshots.com\/?page_id=52604"},"modified":"2026-01-16T07:36:22","modified_gmt":"2026-01-16T07:36:22","slug":"premium-subscription","status":"publish","type":"page","link":"https:\/\/www.getstoryshots.com\/pt\/premium-subscription\/","title":{"rendered":"Planos Premium"},"content":{"rendered":"<div class=\"mepr-price-menu clean pro-template\">\n\n      <div class=\"mepr-pricing-title\">\n                <h1>Escolha seu plano<\/h1>\n                <p>Todos os pre\u00e7os est\u00e3o em d\u00f3lares americanos. Voc\u00ea pode cancelar sua associa\u00e7\u00e3o recorrente a qualquer momento ou solicitar um reembolso no prazo de 60 dias para a associa\u00e7\u00e3o vital\u00edcia.<\/p>\n    <\/div>\n  \n  <div class=\"mepr-price-boxes mepr-3-col\">\n            <div id=\"mepr-price-box-77559\" class=\"mepr-price-box\">\n                      <div class=\"mepr-price-box-content\">\n\n            <div class=\"mepr-price-box-head\">\n              <h2 class=\"mepr-price-box-title\">\n                Afilia\u00e7\u00e3o anual              <\/h2>\n                              <div class=\"mepr-price-box-price\">\n                  1 Day for free then <span class=\"mepr-price-box-price-currency\">$<\/span>29,99 <span class='mepr-price-box-price-term'>\/ Ano<\/span>                <\/div>\n              \n\n              <div class=\"mepr-price-box-button\">\n                                                            <a href=\"https:\/\/www.getstoryshots.com\/pt\/register\/annual-membership\/\" class=\"\" style=\"--tooltip-color: #da7e5a\">\n                        Iniciar avalia\u00e7\u00e3o gratuita                      <span class=\"screen-reader-text\">Anual<\/span>\n                  <\/a>\n                                  <\/div>\n                \n            <\/div>\n\n            <div class=\"mepr-price-box-benefits\">\n                <div class=\"mepr-price-box-benefits-list\"><div class=\"mepr-price-box-benefits-item\"><span class=\"mepr-price-box-benefits-icon\">    <\/span>Acesse as principais percep\u00e7\u00f5es de 300.000 livros<\/div><div class=\"mepr-price-box-benefits-item\"><span class=\"mepr-price-box-benefits-icon\">    <\/span>Destaque e fa\u00e7a anota\u00e7\u00f5es (em qualquer lugar)<\/div><div class=\"mepr-price-box-benefits-item\"><span class=\"mepr-price-box-benefits-icon\">    <\/span>Aprenda visualmente com infogr\u00e1ficos, mapas mentais e anima\u00e7\u00f5es<\/div><div class=\"mepr-price-box-benefits-item\"><span class=\"mepr-price-box-benefits-icon\">    <\/span>Remover an\u00fancios<\/div><div class=\"mepr-price-box-benefits-item\"><span class=\"mepr-price-box-benefits-icon\">    <\/span>Suporte a PDF\/Kindle (em dispositivos m\u00f3veis)<\/div><div class=\"mepr-price-box-benefits-item\"><span class=\"mepr-price-box-benefits-icon\">    <\/span>Selecione livros e audiolivros completos (no celular)<\/div><\/div>            <\/div>\n\n            <div class=\"mepr-price-box-foot\">\n              <div class=\"mepr-price-box-footer\">\n                Cancelar a qualquer momento.              <\/div>\n            <\/div>\n\n          <\/div>\n        <\/div>\n                    <div id=\"mepr-price-box-6115\" class=\"mepr-price-box highlighted\">\n                        <div class=\"mepr-most-popular\">\n                Mais populares            <\/div>\n                      <div class=\"mepr-price-box-content\">\n\n            <div class=\"mepr-price-box-head\">\n              <h2 class=\"mepr-price-box-title\">\n                Pagamento \u00fanico              <\/h2>\n                              <div class=\"mepr-price-box-price\">\n                  <span class=\"mepr-price-box-price-currency\">$<\/span>59,99                <\/div>\n              \n\n              <div class=\"mepr-price-box-button\">\n                                                            <a href=\"https:\/\/www.getstoryshots.com\/pt\/register\/one-time-payment\/\" class=\"\" style=\"--tooltip-color: #da7e5a\">\n                        Comece a trabalhar                      <span class=\"screen-reader-text\">Pagamento \u00fanico (Pague uma vez. Use para sempre)<\/span>\n                  <\/a>\n                                  <\/div>\n                                <div class=\"mepr-price-box-heading\">\n                    Pague uma vez. Use para sempre.                <\/div>\n                \n            <\/div>\n\n            <div class=\"mepr-price-box-benefits\">\n                <div class=\"mepr-price-box-benefits-list\"><div class=\"mepr-price-box-benefits-item\"><span class=\"mepr-price-box-benefits-icon\">    <\/span>Tudo inclu\u00eddo na associa\u00e7\u00e3o anual<\/div><div class=\"mepr-price-box-benefits-item\"><span class=\"mepr-price-box-benefits-icon\">    <\/span>Garantia de satisfa\u00e7\u00e3o de 60 dias para novos clientes<\/div><\/div>            <\/div>\n\n            <div class=\"mepr-price-box-foot\">\n              <div class=\"mepr-price-box-footer\">\n                              <\/div>\n            <\/div>\n\n          <\/div>\n        <\/div>\n                    <div id=\"mepr-price-box-54956\" class=\"mepr-price-box\">\n                      <div class=\"mepr-price-box-content\">\n\n            <div class=\"mepr-price-box-head\">\n              <h2 class=\"mepr-price-box-title\">\n                Pagamento \u00fanico (oferta 2 por 1)              <\/h2>\n                              <div class=\"mepr-price-box-price\">\n                  <span class=\"mepr-price-box-price-currency\">$<\/span>99,99                <\/div>\n              \n\n              <div class=\"mepr-price-box-button\">\n                                                            <a href=\"https:\/\/www.getstoryshots.com\/pt\/register\/buy-one-gift-one-lifetime\/\" class=\"\" style=\"--tooltip-color: #da7e5a\">\n                        Comece a trabalhar                      <span class=\"screen-reader-text\">Gift One Lifetime Access. Ganhe um de gra\u00e7a.<\/span>\n                  <\/a>\n                                  <\/div>\n                \n            <\/div>\n\n            <div class=\"mepr-price-box-benefits\">\n                <div class=\"mepr-price-box-benefits-list\"><div class=\"mepr-price-box-benefits-item\"><span class=\"mepr-price-box-benefits-icon\">    <\/span>Tudo em anual e vital\u00edcio.<\/div><div class=\"mepr-price-box-benefits-item\"><span class=\"mepr-price-box-benefits-icon\">    <\/span>Pague uma vez. Ganhe duas associa\u00e7\u00f5es vital\u00edcias.<\/div><\/div>            <\/div>\n\n            <div class=\"mepr-price-box-foot\">\n              <div class=\"mepr-price-box-footer\">\n                              <\/div>\n            <\/div>\n\n          <\/div>\n        <\/div>\n              <\/div>\n<\/div>\n \n\n\n<p>* Se voc\u00ea \u00e9 um <em>novo<\/em> cliente, <a href=\"mailto:support@getstoryshots.com\" data-type=\"mailto\" data-id=\"mailto:support@getstoryshots.com\">entre em contato com nosso suporte<\/a> dentro de 60 dias para solicitar um reembolso total. Agradecemos por nos dar uma chance. Voc\u00ea tamb\u00e9m pode se inscrever mensal e anualmente ou tentar StoryShots para <em>gr\u00e1tis<\/em> e veja nossa cole\u00e7\u00e3o de livros baixando nossa cole\u00e7\u00e3o gratuita <a href=\"https:\/\/go.getstoryshots.com\/free\" data-type=\"URL\" data-id=\"https:\/\/go.getstoryshots.com\/free\">app<\/a>.<\/p>\n\n\n\n<p>Para presentear uma associa\u00e7\u00e3o premium para at\u00e9 mais pessoas ou para fazer um pedido maior, d\u00ea uma olhada em nossos pre\u00e7os competitivos <a href=\"https:\/\/www.getstoryshots.com\/pt\/business-and-group-accounts\/\" data-type=\"URL\" data-id=\"https:\/\/www.getstoryshots.com\/business-and-group-accounts\/\">Planos de equipe<\/a>.<\/p>\n\n\n<div class=\"elfsight-app-2244a2f0-86ed-4e44-9e19-1627120c6ac4\" data-elfsight-app-lazy><\/div><script src='https:\/\/apps.elfsight.com\/p\/platform.js' defer><\/script>","protected":false},"excerpt":{"rendered":"<p>* Se voc\u00ea for um novo cliente, entre em contato com o nosso suporte dentro de 60 dias para solicitar o reembolso total. N\u00f3s apenas lhe agradeceremos por nos dar uma chance. Voc\u00ea tamb\u00e9m pode fazer uma assinatura mensal e anual ou experimentar o StoryShots gratuitamente e ver nossa cole\u00e7\u00e3o de livros baixando nosso aplicativo gratuito. Para presentear uma assinatura premium...<\/p>","protected":false},"author":1,"featured_media":0,"parent":0,"menu_order":0,"comment_status":"closed","ping_status":"closed","template":"","meta":{"_acf_changed":false,"_kad_blocks_custom_css":"","_kad_blocks_head_custom_js":"","_kad_blocks_body_custom_js":"","_kad_blocks_footer_custom_js":"","_kadence_starter_templates_imported_post":false,"_kad_post_transparent":"","_kad_post_title":"","_kad_post_layout":"","_kad_post_sidebar_id":"","_kad_post_content_style":"","_kad_post_vertical_padding":"","_kad_post_feature":"","_kad_post_feature_position":"","_kad_post_header":false,"_kad_post_footer":false,"yasr_overall_rating":0,"yasr_post_is_review":"","yasr_auto_insert_disabled":"","yasr_review_type":"","footnotes":""},"class_list":["post-52604","page","type-page","status-publish","hentry"],"acf":[],"yasr_visitor_votes":{"stars_attributes":{"read_only":false,"span_bottom":false},"number_of_votes":0,"sum_votes":0},"taxonomy_info":[],"featured_image_src_large":false,"author_info":{"display_name":"StoryShots - Free Book Summaries","author_link":"https:\/\/www.getstoryshots.com\/pt\/books\/author\/storyshotsadmin\/"},"comment_info":0,"_links":{"self":[{"href":"https:\/\/www.getstoryshots.com\/pt\/wp-json\/wp\/v2\/pages\/52604","targetHints":{"allow":["GET"]}}],"collection":[{"href":"https:\/\/www.getstoryshots.com\/pt\/wp-json\/wp\/v2\/pages"}],"about":[{"href":"https:\/\/www.getstoryshots.com\/pt\/wp-json\/wp\/v2\/types\/page"}],"author":[{"embeddable":true,"href":"https:\/\/www.getstoryshots.com\/pt\/wp-json\/wp\/v2\/users\/1"}],"replies":[{"embeddable":true,"href":"https:\/\/www.getstoryshots.com\/pt\/wp-json\/wp\/v2\/comments?post=52604"}],"version-history":[{"count":60,"href":"https:\/\/www.getstoryshots.com\/pt\/wp-json\/wp\/v2\/pages\/52604\/revisions"}],"predecessor-version":[{"id":98383,"href":"https:\/\/www.getstoryshots.com\/pt\/wp-json\/wp\/v2\/pages\/52604\/revisions\/98383"}],"wp:attachment":[{"href":"https:\/\/www.getstoryshots.com\/pt\/wp-json\/wp\/v2\/media?parent=52604"}],"curies":[{"name":"wp","href":"https:\/\/api.w.org\/{rel}","templated":true}]}}