{"id":85888,"date":"2022-11-30T14:23:01","date_gmt":"2022-11-30T14:23:01","guid":{"rendered":"https:\/\/www.getstoryshots.com\/?page_id=85888"},"modified":"2024-08-07T10:34:54","modified_gmt":"2024-08-07T10:34:54","slug":"public-roadmap","status":"publish","type":"page","link":"https:\/\/www.getstoryshots.com\/pt\/public-roadmap\/","title":{"rendered":"Hist\u00f3riasRoteiro P\u00fablico"},"content":{"rendered":"<p id=\"block-b0bd3297-34fe-487a-affd-38f391820786\"><strong>Atualiza\u00e7\u00e3o<\/strong>&nbsp;a p\u00e1gina para ver as atualiza\u00e7\u00f5es mais recentes. <\/p>\n\n\n\n<p id=\"block-b0bd3297-34fe-487a-affd-38f391820786\">Adicionamos novos conte\u00fados regularmente. Ajude-nos a priorizar novos conte\u00fados votando neles usando o bot\u00e3o&nbsp;<em>Vote em novos livros<\/em>&nbsp;na tela Settings (Configura\u00e7\u00f5es) <a href=\"https:\/\/www.getstoryshots.com\/pt\/\" data-type=\"link\" data-id=\"https:\/\/www.getstoryshots.com\">no aplicativo<\/a>. Esse recurso \u00e9 exclusivo para membros premium. <\/p>\n\n\n\n<p>Para nos ajudar a priorizar novos recursos, use <em>Vote em novos recursos<\/em> na tela Configura\u00e7\u00f5es do aplicativo.<\/p>\n\n\n\n<ul class=\"wp-block-list\">\n<li>RECURSO EM CURSO (4\u00ba trimestre de 2024) - Desafio de autocrescimento de 30 dias<\/li>\n\n\n\n<li><s>RECURSO ATUAL (1\u00ba e 2\u00ba trimestres de 2024) - Listas de reprodu\u00e7\u00e3o para as tomadas de \u00e1udio<\/s><\/li>\n\n\n\n<li>RECURSO ATUAL (2025) - Suporte ao Chromecast no Android<\/li>\n\n\n\n<li><span style=\"color: initial; font-family: -apple-system, BlinkMacSystemFont, &quot;Segoe UI&quot;, Roboto, Oxygen-Sans, Ubuntu, Cantarell, &quot;Helvetica Neue&quot;, sans-serif;\">RECURSO EM BREVE (2025) - Interface de usu\u00e1rio do aplicativo em espanhol, portugu\u00eas, alem\u00e3o, franc\u00eas e sueco<\/span><\/li>\n\n\n\n<li>RECURSO ATUAL (2024) - Rastreamento de h\u00e1bitos<\/li>\n\n\n\n<li>RECURSO\/CONTE\u00daDO ATUAL (T3-Q4, 2024) - Todos os nossos livros ter\u00e3o um infogr\u00e1fico\/mapa mental<\/li>\n\n\n\n<li>RECURSO\/CONTE\u00daDO ATUAL (1\u00ba trimestre de 2025) - Todos os nossos livros ter\u00e3o cenas de v\u00eddeo animadas originais do StoryShots<\/li>\n\n\n\n<li><s>RECURSO ATUAL (4\u00ba trimestre de 2023) - Obtenha um resumo de praticamente qualquer livro (com IA)<\/s> \ud83e\udd16<\/li>\n\n\n\n<li><s>CARACTER\u00cdSTICAS ANTERIORES\/CONTENTE (janeiro de 2023) - Todos os nossos livros ter\u00e3o uma imagem original de \u00e1udio que permitir\u00e1 que voc\u00ea leia enquanto ouve todos os livros<\/s><br><\/li>\n<\/ul>\n\n\n\n<h2 class=\"wp-block-heading\">Conte\u00fado futuro (2024):<\/h2>\n\n\n\n<ul class=\"wp-block-list\">\n<li><s>How Will You Measure Your Life?<\/s><\/li>\n\n\n\n<li><s>O Obst\u00e1culo \u00e9 O Caminho<\/s><\/li>\n\n\n\n<li>Nunca dividir a diferen\u00e7a<\/li>\n\n\n\n<li>Antifr\u00e1gil<\/li>\n\n\n\n<li>Produtividade lenta<\/li>\n\n\n\n<li><s>Como n\u00e3o fazer dieta<\/s><\/li>\n\n\n\n<li><s>O MBA Pessoal<\/s><\/li>\n\n\n\n<li>A Riqueza das Na\u00e7\u00f5es<\/li>\n\n\n\n<li>O Manifesto da Lista de Verifica\u00e7\u00e3o<\/li>\n\n\n\n<li>Medita\u00e7\u00f5es<\/li>\n\n\n\n<li><s>As 5 L\u00ednguas do Amor<\/s><\/li>\n\n\n\n<li>O Ato Criativo<\/li>\n\n\n\n<li>Uma Breve Hist\u00f3ria do Tempo<\/li>\n\n\n\n<li>Sapiens<\/li>\n\n\n\n<li>Atlas Shrugged<\/li>\n\n\n\n<li>Modelos<\/li>\n\n\n\n<li>Influ\u00eancia<\/li>\n\n\n\n<li>C\u00e3o Sapato<\/li>\n\n\n\n<li>Zero a Um<\/li>\n\n\n\n<li><s>Como falar com qualquer pessoa<\/s><\/li>\n\n\n\n<li><s>A Coisa Dif\u00edcil sobre Coisas Dif\u00edceis<\/s><\/li>\n<\/ul>\n\n\n\n<h2 class=\"wp-block-heading\">CONTE\u00daDO FUTURO (4T, 2023):<\/h2>\n\n\n\n<ul class=\"wp-block-list\">\n<li><s>O Investidor Inteligente<\/s><\/li>\n\n\n\n<li><s>R\u00e1pido como uma garota<\/s><\/li>\n\n\n\n<li><s>Sobreviver<\/s><\/li>\n\n\n\n<li><s>Amigos, amantes e a grande coisa terr\u00edvel<\/s><\/li>\n\n\n\n<li><s>Indistr\u00edvel<\/s><\/li>\n\n\n\n<li><s>O Alquimista<\/s><\/li>\n\n\n\n<li><s>A Vantagem da Felicidade<\/s><\/li>\n\n\n\n<li><s>A Psicologia do Dinheiro<\/s><\/li>\n<\/ul>\n\n\n\n<h2 class=\"wp-block-heading\">CONTE\u00daDO ATUAL (3\u00ba trimestre de 2023) - F\u00e9rias de ver\u00e3o:<\/h2>\n\n\n\n<ul class=\"wp-block-list\">\n<li><s>Tornando-se sobrenatural<\/s><\/li>\n\n\n\n<li><s>Educado<\/s><\/li>\n\n\n\n<li><s>O livro mais rude de todos os tempos<\/s><\/li>\n<\/ul>\n\n\n\n<h2 class=\"wp-block-heading\">CONTE\u00daDO FUTURO (2T, 2023):<\/h2>\n\n\n\n<ul id=\"block-0fa3248c-5634-448e-8176-8e2ffd50e762\" class=\"wp-block-list\">\n<li><s>O Poder do Agora<\/s><\/li>\n\n\n\n<li><s>Nunca Terminado<\/s><\/li>\n\n\n\n<li><s>Os Neg\u00f3cios do S\u00e9culo 21St<\/s><\/li>\n\n\n\n<li><s>A busca do homem pelo significado<\/s><\/li>\n\n\n\n<li><s>Trabalho profundo<\/s><\/li>\n\n\n\n<li><s>Pense novamente<\/s><\/li>\n\n\n\n<li><s>Como ser um est\u00f3ico<\/s><\/li>\n\n\n\n<li><s>O Corpo de 4 Horas<\/s><\/li>\n\n\n\n<li><s>Premir<\/s><\/li>\n\n\n\n<li><span style=\"color: initial; font-family: -apple-system, BlinkMacSystemFont, &quot;Segoe UI&quot;, Roboto, Oxygen-Sans, Ubuntu, Cantarell, &quot;Helvetica Neue&quot;, sans-serif;\"><s>Ensinar-te-ei a ser rico<\/s><\/span><\/li>\n\n\n\n<li><s style=\"color: initial; font-family: -apple-system, BlinkMacSystemFont, &quot;Segoe UI&quot;, Roboto, Oxygen-Sans, Ubuntu, Cantarell, &quot;Helvetica Neue&quot;, sans-serif;\">O E-Mito Revisitado<\/s><\/li>\n\n\n\n<li><s>Fale como o TED<\/s><\/li>\n\n\n\n<li><s>O Arranque Lean<\/s><\/li>\n<\/ul>\n\n\n\n<h2 class=\"wp-block-heading\">PR\u00d3XIMOS LIVROS (Q1, 2023):<span style=\"color: initial; font-family: -apple-system, BlinkMacSystemFont, &quot;Segoe UI&quot;, Roboto, Oxygen-Sans, Ubuntu, Cantarell, &quot;Helvetica Neue&quot;, sans-serif;\"><\/span><\/h2>\n\n\n\n<ul class=\"wp-block-list\">\n<li><s><span style=\"color: initial; font-family: -apple-system, BlinkMacSystemFont, &quot;Segoe UI&quot;, Roboto, Oxygen-Sans, Ubuntu, Cantarell, &quot;Helvetica Neue&quot;, sans-serif;\">Construindo um segundo c\u00e9rebro<\/span><\/s><\/li>\n\n\n\n<li><s>Como mudar sua mente<\/s><\/li>\n\n\n\n<li><s>Vender como louco<\/s><\/li>\n\n\n\n<li><s>H\u00e1bitos min\u00fasculos<\/s><\/li>\n\n\n\n<li><s>As primeiras 20 Horas<\/s><\/li>\n\n\n\n<li><s>Os Quatro Acordos<\/s><\/li>\n\n\n\n<li><s>O C\u00f3digo de Obesidade<\/s><\/li>\n\n\n\n<li><s>O Est\u00f3ico Di\u00e1rio<\/s><\/li>\n\n\n\n<li><s>Quebrando o h\u00e1bito de ser voc\u00ea mesmo<\/s><\/li>\n\n\n\n<li><s>Como N\u00e3o Estar Errado<\/s><\/li>\n\n\n\n<li><s style=\"color: initial; font-family: -apple-system, BlinkMacSystemFont, &quot;Segoe UI&quot;, Roboto, Oxygen-Sans, Ubuntu, Cantarell, &quot;Helvetica Neue&quot;, sans-serif;\">Sobressalente<\/s><\/li>\n\n\n\n<li><s>O Segredo<\/s><\/li>\n\n\n\n<li><s>Como n\u00e3o morrer<\/s><\/li>\n\n\n\n<li><span style=\"color: initial; font-family: -apple-system, BlinkMacSystemFont, &quot;Segoe UI&quot;, Roboto, Oxygen-Sans, Ubuntu, Cantarell, &quot;Helvetica Neue&quot;, sans-serif;\"><s>Elon Musk<\/s><\/span><\/li>\n\n\n\n<li><s>Pense novamente<\/s><\/li>\n\n\n\n<li><s style=\"color: initial; font-family: -apple-system, BlinkMacSystemFont, &quot;Segoe UI&quot;, Roboto, Oxygen-Sans, Ubuntu, Cantarell, &quot;Helvetica Neue&quot;, sans-serif;\">O milion\u00e1rio Fastlane<\/s><\/li>\n\n\n\n<li><s>A Arte da Sedu\u00e7\u00e3o<\/s><\/li>\n\n\n\n<li><s style=\"color: initial; font-family: -apple-system, BlinkMacSystemFont, &quot;Segoe UI&quot;, Roboto, Oxygen-Sans, Ubuntu, Cantarell, &quot;Helvetica Neue&quot;, sans-serif;\">O Caminho do Homem Superior<\/s><\/li>\n\n\n\n<li><s>Constru\u00eddo para Vender<\/s><\/li>\n<\/ul>","protected":false},"excerpt":{"rendered":"<p>Atualize a p\u00e1gina para ver as atualiza\u00e7\u00f5es mais recentes. Adicionamos novos conte\u00fados regularmente. Ajude-nos a priorizar novos conte\u00fados votando neles usando o recurso Votar em novos livros na tela Configura\u00e7\u00f5es do aplicativo. Esse recurso \u00e9 exclusivo para membros premium. Para nos ajudar a priorizar novos recursos, use o recurso Vote for new features na tela Settings (Configura\u00e7\u00f5es) do...<\/p>","protected":false},"author":13,"featured_media":0,"parent":0,"menu_order":0,"comment_status":"closed","ping_status":"closed","template":"","meta":{"_acf_changed":false,"_kad_blocks_custom_css":"","_kad_blocks_head_custom_js":"","_kad_blocks_body_custom_js":"","_kad_blocks_footer_custom_js":"","_kadence_starter_templates_imported_post":false,"_kad_post_transparent":"","_kad_post_title":"","_kad_post_layout":"","_kad_post_sidebar_id":"","_kad_post_content_style":"","_kad_post_vertical_padding":"","_kad_post_feature":"","_kad_post_feature_position":"","_kad_post_header":false,"_kad_post_footer":false,"yasr_overall_rating":0,"yasr_post_is_review":"","yasr_auto_insert_disabled":"","yasr_review_type":"","footnotes":""},"class_list":["post-85888","page","type-page","status-publish","hentry"],"acf":[],"yasr_visitor_votes":{"stars_attributes":{"read_only":false,"span_bottom":false},"number_of_votes":0,"sum_votes":0},"taxonomy_info":[],"featured_image_src_large":false,"author_info":{"display_name":"Team StoryShots","author_link":"https:\/\/www.getstoryshots.com\/pt\/books\/author\/fuzr6koxtahlfjcigcjjuadpexy2\/"},"comment_info":0,"_links":{"self":[{"href":"https:\/\/www.getstoryshots.com\/pt\/wp-json\/wp\/v2\/pages\/85888","targetHints":{"allow":["GET"]}}],"collection":[{"href":"https:\/\/www.getstoryshots.com\/pt\/wp-json\/wp\/v2\/pages"}],"about":[{"href":"https:\/\/www.getstoryshots.com\/pt\/wp-json\/wp\/v2\/types\/page"}],"author":[{"embeddable":true,"href":"https:\/\/www.getstoryshots.com\/pt\/wp-json\/wp\/v2\/users\/13"}],"replies":[{"embeddable":true,"href":"https:\/\/www.getstoryshots.com\/pt\/wp-json\/wp\/v2\/comments?post=85888"}],"version-history":[{"count":106,"href":"https:\/\/www.getstoryshots.com\/pt\/wp-json\/wp\/v2\/pages\/85888\/revisions"}],"predecessor-version":[{"id":95432,"href":"https:\/\/www.getstoryshots.com\/pt\/wp-json\/wp\/v2\/pages\/85888\/revisions\/95432"}],"wp:attachment":[{"href":"https:\/\/www.getstoryshots.com\/pt\/wp-json\/wp\/v2\/media?parent=85888"}],"curies":[{"name":"wp","href":"https:\/\/api.w.org\/{rel}","templated":true}]}}