{"id":92618,"date":"2023-10-24T08:21:52","date_gmt":"2023-10-24T08:21:52","guid":{"rendered":"https:\/\/www.getstoryshots.com\/?page_id=92618"},"modified":"2026-01-29T09:19:23","modified_gmt":"2026-01-29T09:19:23","slug":"storyshots-articles","status":"publish","type":"page","link":"https:\/\/www.getstoryshots.com\/pt\/storyshots-articles\/","title":{"rendered":"StoryShots para artigos"},"content":{"rendered":"<p>Transforme seus artigos de leitura obrigat\u00f3ria em resumos de \u00e1udio ricos em conversa\u00e7\u00e3o.<\/p>\n\n\n\n<h2 class=\"wp-block-heading\">Uma nova maneira de consumir artigos<\/h2>\n\n\n\n<p>Voc\u00ea pode revolucionar a maneira como consome informa\u00e7\u00f5es com o StoryShots for Articles. Se voc\u00ea estiver em tr\u00e2nsito, fazendo exerc\u00edcios ou simplesmente buscando uma maneira mais conveniente de se manter atualizado, o StoryShots for Articles elimina a dificuldade de ler artigos longos, convertendo-os em discuss\u00f5es em \u00e1udio agrad\u00e1veis, educativas e de f\u00e1cil compreens\u00e3o.<\/p>\n\n\n\n<p class=\"has-text-align-center\"><strong>Inscreva-se, caso ainda n\u00e3o o tenha feito, para n\u00e3o perder as informa\u00e7\u00f5es quando lan\u00e7armos nosso novo aplicativo complementar.<\/strong><\/p>\n\n\n\n<p class=\"has-text-align-center\">Ou entre em contato com <a href=\"mailto:support@getstoryshots.com?subject=StoryShots%20for%20Articles%20Inquiry\">nossa equipe de suporte<\/a> se voc\u00ea quiser saber mais sobre o StoryShots for Articles.<\/p>\n\n\n\n<p><\/p>","protected":false},"excerpt":{"rendered":"<p>Transforme seus artigos que voc\u00ea deseja ler em resumos de \u00e1udio ricos em conversas. Uma nova maneira de consumir artigos Voc\u00ea pode revolucionar a maneira como consome informa\u00e7\u00f5es com o StoryShots for Articles. Se voc\u00ea estiver em tr\u00e2nsito, fazendo exerc\u00edcios ou simplesmente buscando uma maneira mais conveniente de se manter atualizado, o StoryShots for Articles elimina a dificuldade de ler artigos longos, convertendo-os em...<\/p>","protected":false},"author":13,"featured_media":0,"parent":0,"menu_order":0,"comment_status":"open","ping_status":"closed","template":"","meta":{"_acf_changed":false,"_kad_blocks_custom_css":"","_kad_blocks_head_custom_js":"","_kad_blocks_body_custom_js":"","_kad_blocks_footer_custom_js":"","_kadence_starter_templates_imported_post":false,"_kad_post_transparent":"","_kad_post_title":"","_kad_post_layout":"","_kad_post_sidebar_id":"","_kad_post_content_style":"","_kad_post_vertical_padding":"","_kad_post_feature":"","_kad_post_feature_position":"","_kad_post_header":false,"_kad_post_footer":false,"yasr_overall_rating":0,"yasr_post_is_review":"","yasr_auto_insert_disabled":"","yasr_review_type":"","footnotes":""},"class_list":["post-92618","page","type-page","status-publish","hentry"],"acf":[],"yasr_visitor_votes":{"stars_attributes":{"read_only":false,"span_bottom":false},"number_of_votes":0,"sum_votes":0},"taxonomy_info":[],"featured_image_src_large":false,"author_info":{"display_name":"Team StoryShots","author_link":"https:\/\/www.getstoryshots.com\/pt\/books\/author\/fuzr6koxtahlfjcigcjjuadpexy2\/"},"comment_info":0,"_links":{"self":[{"href":"https:\/\/www.getstoryshots.com\/pt\/wp-json\/wp\/v2\/pages\/92618","targetHints":{"allow":["GET"]}}],"collection":[{"href":"https:\/\/www.getstoryshots.com\/pt\/wp-json\/wp\/v2\/pages"}],"about":[{"href":"https:\/\/www.getstoryshots.com\/pt\/wp-json\/wp\/v2\/types\/page"}],"author":[{"embeddable":true,"href":"https:\/\/www.getstoryshots.com\/pt\/wp-json\/wp\/v2\/users\/13"}],"replies":[{"embeddable":true,"href":"https:\/\/www.getstoryshots.com\/pt\/wp-json\/wp\/v2\/comments?post=92618"}],"version-history":[{"count":4,"href":"https:\/\/www.getstoryshots.com\/pt\/wp-json\/wp\/v2\/pages\/92618\/revisions"}],"predecessor-version":[{"id":98410,"href":"https:\/\/www.getstoryshots.com\/pt\/wp-json\/wp\/v2\/pages\/92618\/revisions\/98410"}],"wp:attachment":[{"href":"https:\/\/www.getstoryshots.com\/pt\/wp-json\/wp\/v2\/media?parent=92618"}],"curies":[{"name":"wp","href":"https:\/\/api.w.org\/{rel}","templated":true}]}}