{"id":97763,"date":"2025-05-29T15:27:10","date_gmt":"2025-05-29T15:27:10","guid":{"rendered":"https:\/\/www.getstoryshots.com\/?page_id=97763"},"modified":"2025-05-29T15:27:12","modified_gmt":"2025-05-29T15:27:12","slug":"cookie-policy","status":"publish","type":"page","link":"https:\/\/www.getstoryshots.com\/pt\/cookie-policy\/","title":{"rendered":"Pol\u00edtica de Biscoitos"},"content":{"rendered":"<p><strong>\u00daltima atualiza\u00e7\u00e3o:<\/strong> 29\/5\/2025<\/p>\n\n\n\n<h2 class=\"wp-block-heading\">O que s\u00e3o cookies<\/h2>\n\n\n\n<p>Cookies s\u00e3o pequenos arquivos de texto que s\u00e3o colocados em seu dispositivo quando voc\u00ea visita nosso site. Eles nos ajudam a oferecer uma experi\u00eancia melhor, lembrando suas prefer\u00eancias e analisando como voc\u00ea usa nosso site.<\/p>\n\n\n\n<h2 class=\"wp-block-heading\">Como usamos cookies<\/h2>\n\n\n\n<h3 class=\"wp-block-heading\">Cookies essenciais<\/h3>\n\n\n\n<p>Esses cookies s\u00e3o necess\u00e1rios para que nosso site funcione corretamente. Eles permitem recursos b\u00e1sicos, como navega\u00e7\u00e3o na p\u00e1gina e acesso a \u00e1reas seguras.<\/p>\n\n\n\n<ul class=\"wp-block-list\">\n<li>Gerenciamento de sess\u00f5es<\/li>\n\n\n\n<li>Recursos de seguran\u00e7a<\/li>\n\n\n\n<li>Balanceamento de carga<\/li>\n<\/ul>\n\n\n\n<h3 class=\"wp-block-heading\">Cookies anal\u00edticos<\/h3>\n\n\n\n<p>Usamos esses cookies para entender como os visitantes interagem com nosso site.<\/p>\n\n\n\n<h4 class=\"wp-block-heading\">Google Analytics<\/h4>\n\n\n\n<p><strong>Objetivo:<\/strong> An\u00e1lise de tr\u00e1fego do site e rastreamento do comportamento do usu\u00e1rio<\/p>\n\n\n\n<p><strong>Dura\u00e7\u00e3o:<\/strong> At\u00e9 2 anos<\/p>\n\n\n\n<p><strong>Desativa\u00e7\u00e3o:<\/strong> <a href=\"https:\/\/tools.google.com\/dlpage\/gaoptout\" target=\"_blank\" rel=\"noreferrer noopener\">Desativa\u00e7\u00e3o do Google Analytics<\/a><\/p>\n\n\n\n<h4 class=\"wp-block-heading\">Amplitude<\/h4>\n\n\n\n<p><strong>Objetivo:<\/strong> Otimiza\u00e7\u00e3o da experi\u00eancia do usu\u00e1rio e an\u00e1lise de produtos<\/p>\n\n\n\n<p><strong>Dura\u00e7\u00e3o:<\/strong> At\u00e9 1 ano<\/p>\n\n\n\n<p><strong>Desativa\u00e7\u00e3o:<\/strong> Entre em contato conosco em <a href=\"mailto:support@getstoryshots.com\" data-type=\"mailto\" data-id=\"mailto:support@getstoryshots.com\">support@getstoryshots.com<\/a><\/p>\n\n\n\n<h3 class=\"wp-block-heading\">Cookies de marketing<\/h3>\n\n\n\n<p>Esses cookies rastreiam sua atividade para nos ajudar a mostrar conte\u00fado mais relevante.<\/p>\n\n\n\n<ul class=\"wp-block-list\">\n<li>Rastreamento de registro de e-mail<\/li>\n\n\n\n<li>Prefer\u00eancias de boletim informativo<\/li>\n\n\n\n<li>Efic\u00e1cia da campanha de marketing<\/li>\n<\/ul>\n\n\n\n<h2 class=\"wp-block-heading\">Gerenciando suas prefer\u00eancias de cookies<\/h2>\n\n\n\n<h3 class=\"wp-block-heading\">Configura\u00e7\u00f5es do navegador<\/h3>\n\n\n\n<p>Voc\u00ea pode controlar os cookies por meio das configura\u00e7\u00f5es do seu navegador:<\/p>\n\n\n\n<ul class=\"wp-block-list\">\n<li><strong>Cromado:<\/strong> Configura\u00e7\u00f5es \u2192 Privacidade e seguran\u00e7a \u2192 Cookies e outros dados do site<\/li>\n\n\n\n<li><strong>Firefox:<\/strong> Configura\u00e7\u00f5es \u2192 Privacidade e seguran\u00e7a \u2192 Cookies e dados do site<\/li>\n\n\n\n<li><strong>Saf\u00e1ri:<\/strong> Prefer\u00eancias \u2192 Privacidade \u2192 Gerenciar dados do site<\/li>\n\n\n\n<li><strong>Borda:<\/strong> Configura\u00e7\u00f5es \u2192 Cookies e permiss\u00f5es do site<\/li>\n<\/ul>\n\n\n\n<h3 class=\"wp-block-heading\">Ferramentas de exclus\u00e3o<\/h3>\n\n\n\n<ul class=\"wp-block-list\">\n<li><a href=\"https:\/\/tools.google.com\/dlpage\/gaoptout\" target=\"_blank\" rel=\"noreferrer noopener\">Complemento do navegador para desativa\u00e7\u00e3o do Google Analytics<\/a><\/li>\n\n\n\n<li><a href=\"https:\/\/optout.networkadvertising.org\/\" target=\"_blank\" rel=\"noreferrer noopener\">Op\u00e7\u00e3o de exclus\u00e3o da Network Advertising Initiative<\/a><\/li>\n\n\n\n<li><a href=\"http:\/\/www.aboutads.info\/choices\/\" target=\"_blank\" rel=\"noreferrer noopener\">Op\u00e7\u00e3o de exclus\u00e3o da Digital Advertising Alliance<\/a><\/li>\n<\/ul>\n\n\n\n<h2 class=\"wp-block-heading\">Contate-nos<\/h2>\n\n\n\n<p>Se tiver d\u00favidas sobre nossa pol\u00edtica de cookies, entre em contato conosco:<\/p>\n\n\n\n<ul class=\"wp-block-list\">\n<li><strong>E-mail:<\/strong> <a href=\"mailto:support@getstoryshots.com\" target=\"_blank\" rel=\"noreferrer noopener\">support@getstoryshots.com<\/a><\/li>\n\n\n\n<li><strong>Endere\u00e7o:<\/strong> Parsida AB, Kindstugatan 3, 111 31 Estocolmo, Su\u00e9cia<\/li>\n<\/ul>","protected":false},"excerpt":{"rendered":"<p>\u00daltima atualiza\u00e7\u00e3o: 29\/5\/2025 O que s\u00e3o cookies Cookies s\u00e3o pequenos arquivos de texto que s\u00e3o colocados em seu dispositivo quando voc\u00ea visita nosso site. Eles nos ajudam a oferecer uma experi\u00eancia melhor, lembrando suas prefer\u00eancias e analisando como voc\u00ea usa nosso site. Como usamos cookies Cookies essenciais Esses cookies s\u00e3o necess\u00e1rios para o nosso site...<\/p>","protected":false},"author":13,"featured_media":0,"parent":0,"menu_order":0,"comment_status":"closed","ping_status":"closed","template":"","meta":{"_acf_changed":false,"_kad_blocks_custom_css":"","_kad_blocks_head_custom_js":"","_kad_blocks_body_custom_js":"","_kad_blocks_footer_custom_js":"","_kadence_starter_templates_imported_post":false,"_kad_post_transparent":"","_kad_post_title":"","_kad_post_layout":"","_kad_post_sidebar_id":"","_kad_post_content_style":"","_kad_post_vertical_padding":"","_kad_post_feature":"","_kad_post_feature_position":"","_kad_post_header":false,"_kad_post_footer":false,"yasr_overall_rating":0,"yasr_post_is_review":"","yasr_auto_insert_disabled":"","yasr_review_type":"","footnotes":""},"class_list":["post-97763","page","type-page","status-publish","hentry"],"acf":[],"yasr_visitor_votes":{"stars_attributes":{"read_only":false,"span_bottom":false},"number_of_votes":0,"sum_votes":0},"taxonomy_info":[],"featured_image_src_large":false,"author_info":{"display_name":"Team StoryShots","author_link":"https:\/\/www.getstoryshots.com\/pt\/books\/author\/fuzr6koxtahlfjcigcjjuadpexy2\/"},"comment_info":0,"_links":{"self":[{"href":"https:\/\/www.getstoryshots.com\/pt\/wp-json\/wp\/v2\/pages\/97763","targetHints":{"allow":["GET"]}}],"collection":[{"href":"https:\/\/www.getstoryshots.com\/pt\/wp-json\/wp\/v2\/pages"}],"about":[{"href":"https:\/\/www.getstoryshots.com\/pt\/wp-json\/wp\/v2\/types\/page"}],"author":[{"embeddable":true,"href":"https:\/\/www.getstoryshots.com\/pt\/wp-json\/wp\/v2\/users\/13"}],"replies":[{"embeddable":true,"href":"https:\/\/www.getstoryshots.com\/pt\/wp-json\/wp\/v2\/comments?post=97763"}],"version-history":[{"count":1,"href":"https:\/\/www.getstoryshots.com\/pt\/wp-json\/wp\/v2\/pages\/97763\/revisions"}],"predecessor-version":[{"id":97764,"href":"https:\/\/www.getstoryshots.com\/pt\/wp-json\/wp\/v2\/pages\/97763\/revisions\/97764"}],"wp:attachment":[{"href":"https:\/\/www.getstoryshots.com\/pt\/wp-json\/wp\/v2\/media?parent=97763"}],"curies":[{"name":"wp","href":"https:\/\/api.w.org\/{rel}","templated":true}]}}