{"id":1470,"date":"2021-08-01T09:13:51","date_gmt":"2021-08-01T09:13:51","guid":{"rendered":"https:\/\/www.getstoryshots.com\/?page_id=1470"},"modified":"2024-05-30T13:01:42","modified_gmt":"2024-05-30T13:01:42","slug":"faq","status":"publish","type":"page","link":"https:\/\/www.getstoryshots.com\/sv\/faq\/","title":{"rendered":"Ofta st\u00e4llda fr\u00e5gor"},"content":{"rendered":"<h2 class=\"wp-block-heading\">StoryShots AI<\/h2>\n\n\n\n<h3 class=\"wp-block-heading\">Vad g\u00f6r AI-krediter?<\/h3>\n\n\n\n<p>F\u00f6r n\u00e4rvarande kan du med hj\u00e4lp av AI-krediter generera viktiga insikter f\u00f6r n\u00e4stan alla b\u00f6cker \"utanf\u00f6r\" v\u00e5r befintliga samling. Detta ger dig i praktiken tillg\u00e5ng till \u00f6ver 300 000 b\u00f6cker. I framtiden kan vi ge dig m\u00f6jlighet att generera fr\u00e5gesporter, handlingssteg, kurser etc. i farten med hj\u00e4lp av AI.<\/p>\n\n\n\n<h2 class=\"wp-block-heading\">Problem med inloggning<\/h2>\n\n\n\n<h3 class=\"wp-block-heading\">Jag kan inte logga in. Jag f\u00e5r en kontinuerlig loopande laddare n\u00e4r jag f\u00f6rs\u00f6ker logga in med e-post. Jag f\u00e5r felet \"Ogiltig dynamisk l\u00e4nk\" n\u00e4r jag f\u00f6rs\u00f6ker logga in via e-post.<\/h3>\n\n\n\n<p>Se till att l\u00e4nken \u00f6ppnas i samma webbl\u00e4sarf\u00f6nster som du f\u00f6rs\u00f6kte logga in i. Om du f\u00e5r e-postmeddelandet i en annan webbl\u00e4sare h\u00f6gerklickar du p\u00e5 l\u00e4nken i e-postmeddelandet, kopierar adressen och klistrar in den i samma webbl\u00e4sarflik.<\/p>\n\n\n\n<p>Om du loggar in i apparna ska du se till att e-postmeddelandet \u00f6ppnas i din mobila webbl\u00e4sare (inte i \"appen\" f\u00f6r mobila e-postmeddelanden). Tryck l\u00e4nge p\u00e5 l\u00e4nken och v\u00e4lj sedan att \u00f6ppna den i den inbyggda appen. Om du f\u00e5r mejlet p\u00e5 en annan enhet kan du skicka l\u00e4nkens adress till dig sj\u00e4lv via sociala medier och \u00f6ppna den p\u00e5 din mobila enhet.<\/p>\n\n\n\n<p>Om problemet kvarst\u00e5r kan du skicka en enkel sk\u00e4rminspelning till <a href=\"mailto:support@getstoryshots.com\" data-type=\"mailto\" data-id=\"mailto:support@getstoryshots.com\">v\u00e5rt st\u00f6d<\/a> eller ge mer information och sk\u00e4rmdumpar.<\/p>\n\n\n\n<h3 class=\"wp-block-heading\">Jag har l\u00f6st in min AppSumo-kod men jag har inte premium\u00e5tkomst \u00e4n. Vad ska jag g\u00f6ra d\u00e5?<\/h3>\n\n\n\n<p>F\u00f6rs\u00f6k logga ut och tillbaka eller installera om appen. Se till att du anv\u00e4nder samma referenser och inloggningsmetod som du anv\u00e4nde p\u00e5 webbplatsen. Om du har ytterligare problem \u00e4r du v\u00e4lkommen att kontakta v\u00e5r <a href=\"mailto:support@getstoryshots.com\" data-type=\"mailto\" data-id=\"mailto:support@getstoryshots.com\">st\u00f6d<\/a>.<\/p>\n\n\n\n<h3 class=\"wp-block-heading\">Jag fastnar p\u00e5 inloggningssk\u00e4rmen. Vad ska jag g\u00f6ra?<\/h3>\n\n\n\n<p>\u00d6ppna appen Inst\u00e4llningar. Tryck p\u00e5 . <strong>Appar<\/strong> och sedan <strong>Se alla appar<\/strong>. Bl\u00e4ddra ner till \"Google Play-tj\u00e4nster\". Tryck p\u00e5 <strong>Google Play-tj\u00e4nster<\/strong>. Tryck p\u00e5 <strong>Lagring<\/strong> och sedan <strong>Rensa cacheminnet<\/strong>. Upprepa samma steg f\u00f6r \"<strong>Google Play Store<\/strong>\". Observera att du kan beh\u00f6va <strong>Kraftstopp<\/strong> appen innan du rensar dess cache. Upprepa samma steg f\u00f6r \"<strong>StoryShots<\/strong>\u201c.<\/p>\n\n\n\n<h2 class=\"wp-block-heading\">Fr\u00e5gor om ink\u00f6p<\/h2>\n\n\n\n<h3 class=\"wp-block-heading\">Jag f\u00e5r \"Din transaktion kan inte slutf\u00f6ras. V\u00e4nligen kontrollera att ditt Play Country \u00e4r korrekt.\"<\/h3>\n\n\n\n<p>Enligt <a href=\"https:\/\/support.google.com\/googleplay\/contact\/fx_block\" data-type=\"link\" data-id=\"https:\/\/support.google.com\/googleplay\/contact\/fx_block\" target=\"_blank\" rel=\"noopener\">Google<\/a>om du f\u00e5r detta fel n\u00e4r du f\u00f6rs\u00f6ker g\u00f6ra ett k\u00f6p i appen,&nbsp;<strong>Kontrollera att ditt Play-land \u00e4r korrekt<\/strong>. Om du nyligen har flyttat till ett annat land,&nbsp;<a href=\"https:\/\/support.google.com\/googleplay\/answer\/7431675\" target=\"_blank\" rel=\"noopener\"><u>se h\u00e4r<\/u><\/a>&nbsp;instruktioner om hur du \u00e4ndrar dina inst\u00e4llningar.&nbsp;<br><br>Om ditt land i din Play-inst\u00e4llning \u00e4r korrekt, men du fortfarande ser felet, v\u00e4nligen skicka ditt \u00e4rende f\u00f6r granskning genom att klicka p\u00e5 skicka-knappen nedan. Kontrollera att du anv\u00e4nder samma e-postadress som f\u00f6r ditt Play-konto.&nbsp;<br><br>N\u00e4r ditt \u00e4rende har granskats kommer utredningsteamet att kontakta dig, vanligtvis inom tre arbetsdagar.&nbsp;<strong>G\u00f6r inte<\/strong>&nbsp;fylla i flera formul\u00e4r eftersom det kan f\u00f6rl\u00e4nga processen.<\/p>\n\n\n\n<h2 class=\"wp-block-heading\">Andra fr\u00e5gor<\/h2>\n\n\n\n<h3 class=\"wp-block-heading\">Varf\u00f6r \u00e4r vissa b\u00f6cker m\u00e4rkta som \"Premiere Q1 2023\" eller \"Coming Soon\"?<\/h3>\n\n\n\n<p>\u00c4ven om vissa b\u00f6cker i v\u00e5r samling redan har ett bra inneh\u00e5ll har vi markerat dem p\u00e5 det h\u00e4r s\u00e4ttet eftersom vi vill g\u00f6ra dem fantastiska! Vi tillhandah\u00e5ller v\u00e4rldens mest varierade inneh\u00e5ll f\u00f6r varje bok och erbjuder det till det mest \u00f6verkomliga priset. Det inneb\u00e4r att vi m\u00e5ste l\u00e4gga ner veckor och tusentals kronor mer p\u00e5 varje bok (j\u00e4mf\u00f6rt med v\u00e5ra konkurrenter, som kanske bara tillhandah\u00e5ller text och robotiserat text-till-tal-ljudinneh\u00e5ll). Dessutom kan vi samla in feedback om det befintliga inneh\u00e5llet f\u00f6r att f\u00f6rb\u00e4ttra det. T\u00e4nk p\u00e5 det som att sl\u00e4ppa inneh\u00e5llet i betaversion i st\u00e4llet f\u00f6r att f\u00f6rst g\u00f6ra det perfekt och sedan undanh\u00e5lla det fr\u00e5n v\u00e5ra anv\u00e4ndare.<\/p>\n\n\n\n<h3 class=\"wp-block-heading\">Jag kan inte installera appen. Jag f\u00e5r \"Den h\u00e4r appen fungerar inte f\u00f6r din enhet\".<\/h3>\n\n\n\n<p>F\u00f6r att l\u00f6sa detta problem ber vi dig att f\u00f6lja dessa steg: Kontrollera f\u00f6rst att operativsystemet p\u00e5 din enhet \u00e4r uppdaterat. Kontrollera om det finns n\u00e5gra tillg\u00e4ngliga systemuppdateringar och installera dem i f\u00f6rekommande fall. Kontrollera sedan att Google Play Store-appen \u00e4r uppdaterad. \u00d6ppna Google Play Store-appen. L\u00e4ngst upp till h\u00f6ger trycker du p\u00e5 profilikonen. Tryck p\u00e5 <strong>Inst\u00e4llningar<\/strong> och sedan <strong>Om<\/strong> och sedan <strong>Version av Play Store<\/strong>. Du f\u00e5r ett meddelande som talar om f\u00f6r dig om Play Store \u00e4r uppdaterad. Tryck p\u00e5 <strong>Fick det<\/strong>. Om problemet kvarst\u00e5r kan du f\u00f6rs\u00f6ka tv\u00e5ngsst\u00e4nga Google Play Store-appen. Rensa sedan appens cache genom att g\u00e5 till <strong>Inst\u00e4llningar&gt; Appar&gt; Google Play Butik&gt; Lagring&gt; Rensa cache<\/strong>. D\u00e4refter rensar du appens data genom att v\u00e4lja \"<strong>Klara data<\/strong>\" eller \"<strong>Tydlig f\u00f6rvaring<\/strong>\" i samma meny. Om de tidigare stegen inte l\u00f6ser problemet rekommenderar vi att du kontaktar Google Plays support direkt. <\/p>\n\n\n\n<h3 class=\"wp-block-heading\">\u00c4r appen gratis f\u00f6r alltid?<\/h3>\n\n\n\n<p>Ja! V\u00e5rt uppdrag \u00e4r att g\u00f6ra de viktigaste id\u00e9erna i de b\u00e4sta facklitter\u00e4ra b\u00f6ckerna tillg\u00e4ngliga f\u00f6r <strong style=\"user-select: auto;\">alla<\/strong>. En ton\u00e5ring p\u00e5 den indiska landsbygden borde ha samma tillg\u00e5ng till l\u00e4rdomar fr\u00e5n dessa fantastiska b\u00f6cker som en hedgefondf\u00f6rvaltare i New York. D\u00e4rf\u00f6r kommer vi alltid att ha en gratis annonsfinansierad niv\u00e5.<\/p>\n\n\n\n<h3 class=\"wp-block-heading\">\u00c4r StoryShots ett alternativ till att l\u00e4sa b\u00f6cker?<\/h3>\n\n\n\n<p>Nej, ingenting ers\u00e4tter att l\u00e4sa en bra bok fr\u00e5n p\u00e4rm till p\u00e4rm. Men StoryShots hj\u00e4lper dig att l\u00e4ra dig de viktigaste id\u00e9erna i de b\u00f6cker som samlar damm i din bokhylla eller att uppt\u00e4cka nya sp\u00e4nnande l\u00e4supplevelser. Du kan ocks\u00e5 anv\u00e4nda den f\u00f6r att repetera de viktigaste l\u00e4rdomarna fr\u00e5n b\u00f6cker som du har l\u00e4st tidigare f\u00f6r att friska upp minnet. V\u00e5ra bokrecensioner kan bara skrapa p\u00e5 ytan av de b\u00f6cker som f\u00f6rfattarna har lagt ner \u00e5ratal av arbete p\u00e5.<\/p>\n\n\n\n<h3 class=\"wp-block-heading\">Mitt kort \/ UPI fungerar inte. Vad ska jag g\u00f6ra?<\/h3>\n\n\n\n<p>Google hanterar betalningarna och tar en del av v\u00e5r f\u00f6rs\u00e4ljning i utbyte. Vi har inte tillg\u00e5ng till dina finansiella uppgifter. Du kanske vill kontakta <a href=\"https:\/\/support.google.com\/googleplay\/?hl=en#topic=3364260\" data-type=\"URL\" data-id=\"https:\/\/support.google.com\/googleplay\/?hl=en#topic=3364260\" target=\"_blank\" rel=\"noreferrer noopener\">St\u00f6d f\u00f6r Google Play Store<\/a> eller din bank. <\/p>\n\n\n\n<h3 class=\"wp-block-heading\">Hur m\u00e5nga b\u00f6cker kommer du att l\u00e4gga till? Hur ofta kommer du att l\u00e4gga till nya b\u00f6cker?<\/h3>\n\n\n\n<p>Vi l\u00e4gger mycket tid p\u00e5 att handplocka det b\u00e4sta inneh\u00e5llet d\u00e4r ute eller skapa originalinneh\u00e5ll fr\u00e5n grunden (och ger bort allt gratis medan v\u00e5ra konkurrenter tar 10-15 USD\/m\u00e5nad). Det \u00e4r en l\u00e5ng och dyr process, men det \u00e4r v\u00e4rt det! Vi l\u00e4gger till 1-2 nya b\u00f6cker per vecka. Vi presenterar 1 bok per vecka genom att skicka ut push-meddelanden, skicka ett nyhetsbrev eller som en <a style=\"user-select: auto;\" href=\"https:\/\/www.getstoryshots.com\/sv\/social-media\/\">inl\u00e4gg i sociala medier<\/a>. <\/p>\n\n\n\n<h3 class=\"wp-block-heading\">M\u00e5ste jag anlita en professionell person eller kan jag anv\u00e4nda det jag l\u00e4r mig med StoryShots sj\u00e4lv?<\/h3>\n\n\n\n<p>Som n\u00e4mns i v\u00e5ra anv\u00e4ndarvillkor kan v\u00e5rt inneh\u00e5ll inneh\u00e5lla fel eller inkonsekvenser. Vi rekommenderar att du f\u00f6rst r\u00e5dfr\u00e5gar en professionell person innan du till\u00e4mpar det du l\u00e4r dig via StoryShots (s\u00e4rskilt n\u00e4r det g\u00e4ller h\u00e4lsa eller ekonomi).<\/p>\n\n\n\n<h3 class=\"wp-block-heading\">Jag har redan betalat, men appen ber mig att betala igen. Varf\u00f6r m\u00e5ste jag g\u00f6ra det?<\/h3>\n\n\n\n<p>F\u00f6rs\u00f6k att \u00e5terst\u00e4lla ditt k\u00f6p fr\u00e5n k\u00f6psk\u00e4rmen. Om det inte hj\u00e4lper kan det vara en tillf\u00e4llig glitch p\u00e5 Apple och Googles sida. Om du f\u00f6rs\u00f6ker om n\u00e5gra timmar och problemet fortfarande kvarst\u00e5r, <a href=\"mailto:support@getstoryshots.com\">kontakta v\u00e5r support.<\/a><\/p>\n\n\n\n<h3 class=\"wp-block-heading\">Vissa b\u00f6cker som redan fanns i din samling har tagits bort. Varf\u00f6r?<\/h3>\n\n\n\n<p>Vi har tagit bort n\u00e5gra b\u00f6cker <em>tillf\u00e4lligt<\/em> f\u00f6r att f\u00f6rb\u00e4ttra kvaliteten p\u00e5 sitt inneh\u00e5ll. H\u00e5ll \u00f6gonen \u00f6ppna f\u00f6r nyheter om deras \u00e5terpublicering via v\u00e5rt nyhetsbrev eller push-notiser.<\/p>\n\n\n\n<h3 class=\"wp-block-heading\">Hur kan jag bidra till ert uppdrag?<\/h3>\n\n\n\n<p>Du kan hj\u00e4lpa oss att g\u00f6ra det enkelt f\u00f6r alla att l\u00e4ra sig av fackb\u00f6cker genom att <a style=\"user-select: auto;\" href=\"https:\/\/www.getstoryshots.com\/sv\/contribute\/\">bidra med dina egna \"shots\"<\/a>, bli premiummedlem, skriva en recension eller helt enkelt sprida ordet. ?<\/p>\n\n\n\n<h3 class=\"wp-block-heading\">St\u00f6der du id\u00e9erna i b\u00f6ckerna i din samling?<\/h3>\n\n\n\n<p>Inte n\u00f6dv\u00e4ndigtvis. Men vi st\u00f6der yttrandefrihet och ett \u00f6ppet och nyfiket sinne.<\/p>\n\n\n\n<h3 class=\"wp-block-heading\">Hur kan jag filtrera b\u00f6cker utifr\u00e5n hur mycket fritid jag har?<\/h3>\n\n\n\n<p>Titta under S\u00f6ksk\u00e4rmar p\u00e5 Android och Kategorier p\u00e5 iOS f\u00f6r kategorier av ljudinspelningar under 10, 20, 30 och 40 minuter. B\u00f6cker under 15, 25, 35, 45 och 50 minuter hittar du genom att s\u00f6ka efter <em>#15m, #25m, #35, #45, #50<\/em>.<\/p>\n\n\n\n<h3 class=\"wp-block-heading\">Vad har du f\u00f6r relation till Amazon?<\/h3>\n\n\n\n<p>StoryShots \u00e4r en godk\u00e4nd partner till Amazon Associates. Detta inneb\u00e4r att l\u00e4nkarna i v\u00e5r app och p\u00e5 v\u00e5r webbplats kan vara affilierade l\u00e4nkar. Om du k\u00f6per via n\u00e5gon av v\u00e5ra l\u00e4nkar kan vi f\u00e5 en liten provision. Dessa provisioner hj\u00e4lper oss att h\u00e5lla appen gratis och f\u00f6rb\u00e4ttra inneh\u00e5llet. <\/p>\n\n\n\n<h3 class=\"wp-block-heading\">Kan jag anv\u00e4nda StoryShots p\u00e5 skrivbordet (Microsoft Windows \/ PC eller Mac)?<\/h3>\n\n\n\n<p>Vi har en enkel webbapplikation f\u00f6r v\u00e5ra livstidsmedlemmar som ocks\u00e5 inneh\u00e5ller ytterligare textbilder som inte finns i apparna. <\/p>\n\n\n\n<p>Vi har inget officiellt st\u00f6d f\u00f6r den inbyggda skrivbordsappen. Men utvalda Samsung-anv\u00e4ndare kan k\u00f6ra appen p\u00e5 Windows idag. <a href=\"https:\/\/support.microsoft.com\/en-us\/topic\/supported-devices-for-your-phone-app-experiences-cb044172-87aa-9e41-d446-c4ac83ce8807\" data-type=\"URL\" data-id=\"https:\/\/support.microsoft.com\/en-us\/topic\/supported-devices-for-your-phone-app-experiences-cb044172-87aa-9e41-d446-c4ac83ce8807\" target=\"_blank\" rel=\"noreferrer noopener\">Se h\u00e4r f\u00f6r mer information.<\/a> Du kan ocks\u00e5 anv\u00e4nda <a href=\"https:\/\/www.bluestacks.com\/\" data-type=\"URL\" data-id=\"https:\/\/www.bluestacks.com\/\" target=\"_blank\" rel=\"noreferrer noopener\">BlueStacks<\/a> eller <a href=\"https:\/\/www.bignox.com\/\" data-type=\"URL\" data-id=\"https:\/\/www.bignox.com\/\" target=\"_blank\" rel=\"noreferrer noopener\">NoxPlayer<\/a> f\u00f6r att k\u00f6ra Android-appar i Windows. <\/p>\n\n\n\n<p>Den goda nyheten \u00e4r att Microsoft nyligen meddelade att Windows 11 kommer att g\u00f6ra det m\u00f6jligt f\u00f6r Android-appar att k\u00f6ras direkt i Windows. <\/p>\n\n\n\n<p>Apple M1 Mac-anv\u00e4ndare kan ocks\u00e5 k\u00f6ra v\u00e5r app p\u00e5 sina maskiner. Detta st\u00f6d \u00e4r experimentellt.<\/p>\n\n\n\n<p>V\u00e4nligen <a href=\"mailto:support@getstoryshots.com\">kontakta v\u00e5r support<\/a> om du har n\u00e5gra andra fr\u00e5gor.<\/p>\n\n\n\n<h3 class=\"wp-block-heading\">Hur kan jag radera mitt StoryShots-konto?<\/h3>\n\n\n\n<p>Tack f\u00f6r att du gav oss en chans. Du kan radera ditt konto fr\u00e5n sk\u00e4rmen Inst\u00e4llningar i mobilappen. Vi skulle uppskatta om du ocks\u00e5 kunde kontakta v\u00e5r support och ge feedback.<\/p>\n\n\n\n<h3 class=\"wp-block-heading\">Vad ska jag g\u00f6ra om jag inte vill g\u00e5 miste om nya b\u00f6cker eller era erbjudanden?<\/h3>\n\n\n\n<p>Enkelt. Det b\u00e4sta s\u00e4ttet \u00e4r att till\u00e5ta meddelanden i appen och <a href=\"https:\/\/www.getstoryshots.com\/sv\/updates\/\">Anm\u00e4l dig till v\u00e5rt nyhetsbrev<\/a>. Vi skickar 1-2 meddelanden per vecka och 4-6 e-postmeddelanden per m\u00e5nad. Det n\u00e4st b\u00e4sta s\u00e4ttet \u00e4r att kontrollera v\u00e5r <a href=\"https:\/\/www.getstoryshots.com\/sv\/updates\/\">Vad \u00e4r den nya sidan<\/a> regelbundet och f\u00f6lj oss p\u00e5 <a href=\"https:\/\/www.getstoryshots.com\/sv\/social-media\/\">sociala medier<\/a>.<\/p>\n\n\n\n<h3 class=\"wp-block-heading\">Erbjuder ni n\u00e5gra rabatter?<\/h3>\n\n\n\n<p>Vi erbjuder f\u00f6r n\u00e4rvarande branschens billigaste tj\u00e4nst eftersom v\u00e5r h\u00f6gsta prioritet \u00e4r att g\u00f6ra det enkelt f\u00f6r alla att l\u00e4ra sig fr\u00e5n b\u00f6cker. Med det sagt kan du h\u00e5lla utkik efter v\u00e5ra kampanjer genom att till\u00e5ta aviseringar i appen, registrera dig f\u00f6r v\u00e5rt nyhetsbrev och f\u00f6lja oss p\u00e5 <a href=\"https:\/\/www.getstoryshots.com\/sv\/social-media\/\" data-type=\"page\" data-id=\"535\">sociala medier<\/a>. <\/p>\n\n\n\n<p>Om du skriver en artikel om StoryShots p\u00e5 n\u00e4tet med \u00f6ver 400 ord eller g\u00f6r en video recension p\u00e5 3 minuter p\u00e5 YouTube, kan vi ge dig gratis livstidstillg\u00e5ng. Din blogg b\u00f6r ha minst 5 000 bes\u00f6kare per m\u00e5nad och din YouTube-kanal b\u00f6r ha minst 2 000 prenumeranter. <a href=\"mailto:hello@getstoryshots.com\">Skicka ett e-postmeddelande till oss f\u00f6r att ans\u00f6ka.<\/a><\/p>\n\n\n\n<h3 class=\"wp-block-heading\">Jag \u00e4r f\u00f6rfattare. Kan du l\u00e4gga till min bok?<\/h3>\n\n\n\n<p>Det beror p\u00e5. Om du anser att din bok tillf\u00f6r ett merv\u00e4rde till v\u00e5r globala gemenskap av livsl\u00e5nga inl\u00e4rare b\u00f6r du ans\u00f6ka genom att <a href=\"mailto:hello@getstoryshots.com\">skicka e-post till oss<\/a>.<\/p>\n\n\n\n<h3 class=\"wp-block-heading\">Kan du l\u00e4gga till ljudb\u00f6cker f\u00f6r ALLA b\u00f6cker?<\/h3>\n\n\n\n<p>V\u00e5rt uppdrag \u00e4r att g\u00f6ra den <strong>viktiga l\u00e4rdomar<\/strong> av b\u00e4sts\u00e4ljande b\u00f6cker tillg\u00e4ngliga f\u00f6r <strong>alla<\/strong>. Om vi hittar en publik ljudbok kommer vi dock att l\u00e4nka till den. Alla b\u00f6cker har inte publika versioner. F\u00f6r att l\u00e4gga till ljudboksversioner f\u00f6r alla b\u00f6cker m\u00e5ste vi h\u00f6ja v\u00e5ra prenumerationsavgifter f\u00f6r att betala f\u00f6r administration, server, licensavgifter etc. Det finns ocks\u00e5 fantastiska appar som Audible som har gener\u00f6sa <em>gratis<\/em> provutbud. Just nu anser vi att vi inte kan koncentrera oss p\u00e5 v\u00e5rt huvuduppdrag om vi l\u00e4gger till ljudb\u00f6cker i appen.<br><br>Om du f\u00f6redrar att betala mer f\u00f6r ett annat abonnemang och f\u00e5 tillg\u00e5ng till den h\u00f6gkvalitativa ljudboksversionen av ALLA b\u00f6cker, eller om du vill k\u00f6pa b\u00f6cker direkt i StoryShots, f\u00e5r du g\u00e4rna r\u00f6sta upp den h\u00e4r funktionen med v\u00e5rt formul\u00e4r \"R\u00f6sta p\u00e5 nya funktioner\" under Inst\u00e4llningar s\u00e5 att vi kan prioritera den.<\/p>\n\n\n\n<h3 class=\"wp-block-heading\">Kan jag \u00f6vers\u00e4tta, ber\u00e4tta eller animera inneh\u00e5llet?<\/h3>\n\n\n\n<p>Ja! Se <a href=\"https:\/\/www.getstoryshots.com\/sv\/contribute\/\">bidra med egna bilder<\/a>.<\/p>\n\n\n\n<h3 class=\"wp-block-heading\">Vad \u00e4r detta Serendipity Feed?<\/h3>\n\n\n\n<p>Det \u00e4r i grunden v\u00e5rt f\u00f6rs\u00f6k att bek\u00e4mpa den \u00f6verpersonalisering som Google, Facebook och m\u00e5nga andra f\u00f6retag p\u00e5tvingar oss. Vi tror att detta ger oss tunnelseende och f\u00f6rdomar. S\u00e5 b\u00f6ckerna blandas slumpm\u00e4ssigt d\u00e5 och d\u00e5 f\u00f6r att f\u00e5 upp b\u00f6cker till ytan som du kanske inte annars skulle st\u00f6ta p\u00e5.<\/p>\n\n\n\n<h3 class=\"wp-block-heading\">Varf\u00f6r kan jag inte lyssna p\u00e5 ljud samtidigt som jag bl\u00e4ddrar i andra b\u00f6cker? Jag vill ha en flytande minispelare.<\/h3>\n\n\n\n<p>Vi \u00e4r medvetna om att m\u00e5nga podcast- och videoappar st\u00f6der den h\u00e4r funktionen. Men. vi tror p\u00e5 single-tasking och fokus. Om du tycker att vi har fel kan du r\u00f6sta upp den h\u00e4r funktionen genom att anv\u00e4nda enk\u00e4ten \"R\u00f6sta p\u00e5 nya funktioner\" i appen.<\/p>","protected":false},"excerpt":{"rendered":"<p>StoryShots AI Vad g\u00f6r AI-krediter? F\u00f6r n\u00e4rvarande kan du med AI-krediter generera nyckelinsikter f\u00f6r n\u00e4stan alla b\u00f6cker \"utanf\u00f6r\" v\u00e5r befintliga samling. Detta ger dig i praktiken tillg\u00e5ng till \u00f6ver 300 000 b\u00f6cker. I framtiden kan vi ge dig m\u00f6jlighet att generera fr\u00e5gesporter, handlingssteg, kurser etc. i farten med hj\u00e4lp av AI....<\/p>","protected":false},"author":1,"featured_media":0,"parent":0,"menu_order":0,"comment_status":"closed","ping_status":"closed","template":"","meta":{"_acf_changed":false,"_kad_blocks_custom_css":"","_kad_blocks_head_custom_js":"","_kad_blocks_body_custom_js":"","_kad_blocks_footer_custom_js":"","_kadence_starter_templates_imported_post":false,"_kad_post_transparent":"","_kad_post_title":"","_kad_post_layout":"","_kad_post_sidebar_id":"","_kad_post_content_style":"","_kad_post_vertical_padding":"","_kad_post_feature":"","_kad_post_feature_position":"","_kad_post_header":false,"_kad_post_footer":false,"yasr_overall_rating":0,"yasr_post_is_review":"","yasr_auto_insert_disabled":"","yasr_review_type":"","footnotes":""},"class_list":["post-1470","page","type-page","status-publish","hentry"],"acf":[],"yasr_visitor_votes":{"stars_attributes":{"read_only":false,"span_bottom":false},"number_of_votes":0,"sum_votes":0},"taxonomy_info":[],"featured_image_src_large":false,"author_info":{"display_name":"StoryShots - Free Book Summaries","author_link":"https:\/\/www.getstoryshots.com\/sv\/books\/author\/storyshotsadmin\/"},"comment_info":0,"_links":{"self":[{"href":"https:\/\/www.getstoryshots.com\/sv\/wp-json\/wp\/v2\/pages\/1470","targetHints":{"allow":["GET"]}}],"collection":[{"href":"https:\/\/www.getstoryshots.com\/sv\/wp-json\/wp\/v2\/pages"}],"about":[{"href":"https:\/\/www.getstoryshots.com\/sv\/wp-json\/wp\/v2\/types\/page"}],"author":[{"embeddable":true,"href":"https:\/\/www.getstoryshots.com\/sv\/wp-json\/wp\/v2\/users\/1"}],"replies":[{"embeddable":true,"href":"https:\/\/www.getstoryshots.com\/sv\/wp-json\/wp\/v2\/comments?post=1470"}],"version-history":[{"count":24,"href":"https:\/\/www.getstoryshots.com\/sv\/wp-json\/wp\/v2\/pages\/1470\/revisions"}],"predecessor-version":[{"id":94375,"href":"https:\/\/www.getstoryshots.com\/sv\/wp-json\/wp\/v2\/pages\/1470\/revisions\/94375"}],"wp:attachment":[{"href":"https:\/\/www.getstoryshots.com\/sv\/wp-json\/wp\/v2\/media?parent=1470"}],"curies":[{"name":"wp","href":"https:\/\/api.w.org\/{rel}","templated":true}]}}