{"id":2,"date":"2019-07-14T12:57:20","date_gmt":"2019-07-14T12:57:20","guid":{"rendered":"https:\/\/www.getstoryshots.com\/?page_id=2"},"modified":"2019-07-14T12:57:20","modified_gmt":"2019-07-14T12:57:20","slug":"sample-page","status":"publish","type":"page","link":"https:\/\/www.getstoryshots.com\/sv\/sample-page\/","title":{"rendered":"Exempel p\u00e5 en sida"},"content":{"rendered":"<p>Detta \u00e4r en exempelsida. Den skiljer sig fr\u00e5n ett blogginl\u00e4gg eftersom den kommer att ligga p\u00e5 ett st\u00e4lle och visas i navigeringen p\u00e5 webbplatsen (i de flesta teman). De flesta b\u00f6rjar med en Om-sida som presenterar dem f\u00f6r potentiella bes\u00f6kare p\u00e5 webbplatsen. Det kan st\u00e5 n\u00e5got liknande:<\/p>\n\n\n\n<blockquote class=\"wp-block-quote is-layout-flow wp-block-quote-is-layout-flow\"><p>Hej! Jag \u00e4r cykelbud p\u00e5 dagarna, blivande sk\u00e5despelare p\u00e5 n\u00e4tterna och det h\u00e4r \u00e4r min webbplats. Jag bor i Los Angeles, har en fantastisk hund som heter Jack och gillar pi\u00f1a coladas. (Och att fastna i regnet.)<\/p><\/blockquote>\n\n\n\n<p>...eller n\u00e5got i stil med detta:<\/p>\n\n\n\n<blockquote class=\"wp-block-quote is-layout-flow wp-block-quote-is-layout-flow\"><p>XYZ Doohickey Company grundades 1971 och har sedan dess levererat kvalitetsdockor till allm\u00e4nheten. XYZ ligger i Gotham City, har \u00f6ver 2 000 anst\u00e4llda och g\u00f6r alla m\u00f6jliga fantastiska saker f\u00f6r Gotham City.<\/p><\/blockquote>\n\n\n\n<p>Som ny WordPress-anv\u00e4ndare ska du g\u00e5 till <a href=\"https:\/\/www.getstoryshots.com\/wp-admin\/\">din instrumentpanel<\/a> f\u00f6r att radera denna sida och skapa nya sidor f\u00f6r ditt inneh\u00e5ll. Ha s\u00e5 kul!<\/p>","protected":false},"excerpt":{"rendered":"<p>Det h\u00e4r \u00e4r en exempelsida. Den skiljer sig fr\u00e5n ett blogginl\u00e4gg eftersom den kommer att ligga kvar p\u00e5 samma st\u00e4lle och visas i webbplatsnavigeringen (i de flesta teman). De flesta b\u00f6rjar med en \"Om\"-sida som presenterar dem f\u00f6r potentiella bes\u00f6kare. Det kan st\u00e5 n\u00e5got i stil med detta: Hej p\u00e5 er! Jag \u00e4r en cykelbudb\u00e4rare...<\/p>","protected":false},"author":1,"featured_media":0,"parent":0,"menu_order":0,"comment_status":"closed","ping_status":"open","template":"","meta":{"_acf_changed":false,"_kad_blocks_custom_css":"","_kad_blocks_head_custom_js":"","_kad_blocks_body_custom_js":"","_kad_blocks_footer_custom_js":"","_kadence_starter_templates_imported_post":false,"_kad_post_transparent":"","_kad_post_title":"","_kad_post_layout":"","_kad_post_sidebar_id":"","_kad_post_content_style":"","_kad_post_vertical_padding":"","_kad_post_feature":"","_kad_post_feature_position":"","_kad_post_header":false,"_kad_post_footer":false,"yasr_overall_rating":0,"yasr_post_is_review":"","yasr_auto_insert_disabled":"","yasr_review_type":"","footnotes":""},"class_list":["post-2","page","type-page","status-publish","hentry"],"acf":[],"yasr_visitor_votes":{"stars_attributes":{"read_only":false,"span_bottom":false},"number_of_votes":0,"sum_votes":0},"taxonomy_info":[],"featured_image_src_large":false,"author_info":{"display_name":"StoryShots - Free Book Summaries","author_link":"https:\/\/www.getstoryshots.com\/sv\/books\/author\/storyshotsadmin\/"},"comment_info":0,"_links":{"self":[{"href":"https:\/\/www.getstoryshots.com\/sv\/wp-json\/wp\/v2\/pages\/2","targetHints":{"allow":["GET"]}}],"collection":[{"href":"https:\/\/www.getstoryshots.com\/sv\/wp-json\/wp\/v2\/pages"}],"about":[{"href":"https:\/\/www.getstoryshots.com\/sv\/wp-json\/wp\/v2\/types\/page"}],"author":[{"embeddable":true,"href":"https:\/\/www.getstoryshots.com\/sv\/wp-json\/wp\/v2\/users\/1"}],"replies":[{"embeddable":true,"href":"https:\/\/www.getstoryshots.com\/sv\/wp-json\/wp\/v2\/comments?post=2"}],"version-history":[{"count":0,"href":"https:\/\/www.getstoryshots.com\/sv\/wp-json\/wp\/v2\/pages\/2\/revisions"}],"wp:attachment":[{"href":"https:\/\/www.getstoryshots.com\/sv\/wp-json\/wp\/v2\/media?parent=2"}],"curies":[{"name":"wp","href":"https:\/\/api.w.org\/{rel}","templated":true}]}}