{"id":50657,"date":"2021-03-23T07:12:22","date_gmt":"2021-03-23T07:12:22","guid":{"rendered":"https:\/\/www.getstoryshots.com\/?page_id=50657"},"modified":"2021-11-15T12:52:44","modified_gmt":"2021-11-15T12:52:44","slug":"presskit","status":"publish","type":"page","link":"https:\/\/www.getstoryshots.com\/sv\/presskit\/","title":{"rendered":"Presspaket"},"content":{"rendered":"<h2 class=\"wp-block-heading\">V\u00e5rt uppdrag<\/h2>\n\n\n\n<p>Bra fackb\u00f6cker kan f\u00f6r\u00e4ndra liv. Men statistiken visar att 90% av dem aldrig l\u00e4ses l\u00e4ngre \u00e4n till det f\u00f6rsta kapitlet. Distraktionerna \u00f6kar och vi lever ett alltmer hektiskt liv. Till detta kommer att olika m\u00e4nniskor har olika mycket fritid, budget och inl\u00e4rningspreferenser. StoryShots \u00e4r h\u00e4r f\u00f6r att \u00e4ndra p\u00e5 detta. Vi \u00e4r ett startupf\u00f6retag med social p\u00e5verkan som har som m\u00e5l att g\u00f6ra de viktigaste insikterna i b\u00e4sts\u00e4ljande fackb\u00f6cker tillg\u00e4ngliga f\u00f6r <strong>alla <\/strong>(oavsett budget, tid eller inl\u00e4rningsstil). Vi tror p\u00e5 att ge en ton\u00e5ring p\u00e5 den indiska landsbygden lika mycket inflytande som en tids\u00f6dande entrepren\u00f6r i Silicon Valley. Alla har r\u00e4tt att l\u00e4ra sig av v\u00e4rldens b\u00e4sta b\u00f6cker.<\/p>\n\n\n\n<h2 class=\"wp-block-heading\">Grundare<\/h2>\n\n\n\n<p>Farid Behnia, som har erfarenhet av att arbeta p\u00e5 Fortune 100-f\u00f6retag och samarbetat med Tim Ferriss, grundade StoryShots 2018. Han ville g\u00f6ra det m\u00f6jligt f\u00f6r alla att f\u00e5 samma f\u00f6rvandlingar som han sj\u00e4lv fick i livet tack vare n\u00e5gra sj\u00e4lvhj\u00e4lpsb\u00f6cker. <\/p>\n\n\n\n<p>N\u00e5 ut till <a href=\"mailto:hello@getstoryshots.com\">hello@getstoryshots.com<\/a> f\u00f6r alla fr\u00e5gor fr\u00e5n media.<\/p>\n\n\n\n<h2 class=\"wp-block-heading\">Medieomn\u00e4mnanden<\/h2>\n\n\n\n<p><a href=\"https:\/\/drive.google.com\/drive\/folders\/1QsDpKFMjIL4qn0ZKCkmV90TGBjIgrLqB?usp=sharing\" data-type=\"URL\" data-id=\"https:\/\/drive.google.com\/drive\/folders\/1QsDpKFMjIL4qn0ZKCkmV90TGBjIgrLqB?usp=sharing\" target=\"_blank\" rel=\"noopener\">The Guardian - 20 appar f\u00f6r att f\u00f6rb\u00e4ttra dina kunskaper<\/a><\/p>\n\n\n\n<p><a href=\"https:\/\/drive.google.com\/file\/d\/1MNudA_ujEK4pXOhlHMrHw3pGLyEM8nSS\/view?usp=sharing\" data-type=\"URL\" data-id=\"https:\/\/drive.google.com\/file\/d\/1MNudA_ujEK4pXOhlHMrHw3pGLyEM8nSS\/view?usp=sharing\" target=\"_blank\" rel=\"noopener\">The Economist - Kan sammanfattningar av aff\u00e4rsb\u00f6cker spara tid samtidigt som de ger dig insikt?<\/a><\/p>\n\n\n\n<p><a href=\"https:\/\/beebom.com\/best-blinkist-alternatives\/\" data-type=\"URL\" data-id=\"https:\/\/beebom.com\/best-blinkist-alternatives\/\" target=\"_blank\" rel=\"noopener\">BeeBom - 12 b\u00e4sta Blinkist-alternativ som du b\u00f6r anv\u00e4nda<\/a><\/p>\n\n\n\n<h2 class=\"wp-block-heading\">Utm\u00e4rkelser och andra erk\u00e4nnanden<\/h2>\n\n\n\n<p>StoryShots har f\u00e5tt ber\u00f6m och rekommenderats av f\u00f6ljande personer och institutioner:<\/p>\n\n\n\n<p>Steven Pinker, PhD - Harvardprofessor och Bill Gates favoritf\u00f6rfattare genom tiderna<\/p>\n\n\n\n<p>Steven Kotler - New York Times b\u00e4sts\u00e4ljande f\u00f6rfattare, nominerad till Pulitzerpriset och expert p\u00e5 h\u00f6ga prestationer<\/p>\n\n\n\n<p>Nami Zarringhalam - medgrundare av TrueCaller<\/p>\n\n\n\n<p>StoryShots kom p\u00e5 andra plats i kategorin Utbildning vid FN:s v\u00e4rldstoppm\u00f6te f\u00f6r social p\u00e5verkan. <\/p>\n\n\n\n<p>Naithan Jones - partner p\u00e5 Andreessen Horowitz<\/p>\n\n\n\n<p><a href=\"https:\/\/www.youtube.com\/watch?v=7-7bpuWRjd4\" data-type=\"URL\" data-id=\"https:\/\/www.youtube.com\/watch?v=7-7bpuWRjd4\" target=\"_blank\" rel=\"noopener\">Puri Jagannadh - k\u00e4nd indisk regiss\u00f6r\u00a0<\/a><\/p>\n\n\n\n<div class=\"wp-block-buttons is-layout-flex wp-block-buttons-is-layout-flex\">\n<div class=\"wp-block-button\"><a class=\"wp-block-button__link has-background\" href=\"https:\/\/drive.google.com\/drive\/folders\/1QsDpKFMjIL4qn0ZKCkmV90TGBjIgrLqB?usp=sharing\" style=\"background-color:#ff3000\" target=\"_blank\" rel=\"noreferrer noopener\">G\u00e5 till Media Kit<\/a><\/div>\n<\/div>","protected":false},"excerpt":{"rendered":"<p>V\u00e5rt uppdrag Fantastiska faktab\u00f6cker kan f\u00f6r\u00e4ndra liv. Men statistiken visar att 90% av dem aldrig l\u00e4ses l\u00e4ngre \u00e4n till f\u00f6rsta kapitlet. Distraktionerna blir allt fler och vi lever allt mer hektiska liv. Till r\u00e5ga p\u00e5 allt har olika m\u00e4nniskor olika mycket fritid, olika budget och olika inl\u00e4rningspreferenser. StoryShots \u00e4r h\u00e4r f\u00f6r att \u00e4ndra p\u00e5 det. Vi \u00e4r en...<\/p>","protected":false},"author":13,"featured_media":0,"parent":0,"menu_order":0,"comment_status":"closed","ping_status":"closed","template":"","meta":{"_acf_changed":false,"_kad_blocks_custom_css":"","_kad_blocks_head_custom_js":"","_kad_blocks_body_custom_js":"","_kad_blocks_footer_custom_js":"","_kadence_starter_templates_imported_post":false,"_kad_post_transparent":"","_kad_post_title":"","_kad_post_layout":"","_kad_post_sidebar_id":"","_kad_post_content_style":"","_kad_post_vertical_padding":"","_kad_post_feature":"","_kad_post_feature_position":"","_kad_post_header":false,"_kad_post_footer":false,"yasr_overall_rating":0,"yasr_post_is_review":"","yasr_auto_insert_disabled":"","yasr_review_type":"","footnotes":""},"class_list":["post-50657","page","type-page","status-publish","hentry"],"acf":[],"yasr_visitor_votes":{"stars_attributes":{"read_only":false,"span_bottom":false},"number_of_votes":0,"sum_votes":0},"taxonomy_info":[],"featured_image_src_large":false,"author_info":{"display_name":"Team StoryShots","author_link":"https:\/\/www.getstoryshots.com\/sv\/books\/author\/fuzr6koxtahlfjcigcjjuadpexy2\/"},"comment_info":0,"_links":{"self":[{"href":"https:\/\/www.getstoryshots.com\/sv\/wp-json\/wp\/v2\/pages\/50657","targetHints":{"allow":["GET"]}}],"collection":[{"href":"https:\/\/www.getstoryshots.com\/sv\/wp-json\/wp\/v2\/pages"}],"about":[{"href":"https:\/\/www.getstoryshots.com\/sv\/wp-json\/wp\/v2\/types\/page"}],"author":[{"embeddable":true,"href":"https:\/\/www.getstoryshots.com\/sv\/wp-json\/wp\/v2\/users\/13"}],"replies":[{"embeddable":true,"href":"https:\/\/www.getstoryshots.com\/sv\/wp-json\/wp\/v2\/comments?post=50657"}],"version-history":[{"count":0,"href":"https:\/\/www.getstoryshots.com\/sv\/wp-json\/wp\/v2\/pages\/50657\/revisions"}],"wp:attachment":[{"href":"https:\/\/www.getstoryshots.com\/sv\/wp-json\/wp\/v2\/media?parent=50657"}],"curies":[{"name":"wp","href":"https:\/\/api.w.org\/{rel}","templated":true}]}}