{"id":85888,"date":"2022-11-30T14:23:01","date_gmt":"2022-11-30T14:23:01","guid":{"rendered":"https:\/\/www.getstoryshots.com\/?page_id=85888"},"modified":"2024-08-07T10:34:54","modified_gmt":"2024-08-07T10:34:54","slug":"public-roadmap","status":"publish","type":"page","link":"https:\/\/www.getstoryshots.com\/sv\/public-roadmap\/","title":{"rendered":"StoryShots offentlig f\u00e4rdplan"},"content":{"rendered":"<p id=\"block-b0bd3297-34fe-487a-affd-38f391820786\"><strong>Uppdatera<\/strong>&nbsp;sidan f\u00f6r att se de senaste uppdateringarna. <\/p>\n\n\n\n<p id=\"block-b0bd3297-34fe-487a-affd-38f391820786\">Vi l\u00e4gger regelbundet till nytt inneh\u00e5ll. Hj\u00e4lp oss att prioritera nytt inneh\u00e5ll genom att r\u00f6sta upp det med hj\u00e4lp av&nbsp;<em>R\u00f6sta p\u00e5 nya b\u00f6cker<\/em>&nbsp;funktion under sk\u00e4rmen Inst\u00e4llningar <a href=\"https:\/\/www.getstoryshots.com\/sv\/\" data-type=\"link\" data-id=\"https:\/\/www.getstoryshots.com\">i appen<\/a>. Denna funktion \u00e4r exklusiv f\u00f6r premiummedlemmar. <\/p>\n\n\n\n<p>Anv\u00e4nd f\u00f6ljande f\u00f6r att hj\u00e4lpa oss att prioritera nya funktioner <em>R\u00f6sta p\u00e5 nya funktioner<\/em> under Inst\u00e4llningar i appen.<\/p>\n\n\n\n<ul class=\"wp-block-list\">\n<li>KOMMANDE FEATURE (Q4, 2024) - 30-dagars utmaning f\u00f6r sj\u00e4lvtillv\u00e4xt<\/li>\n\n\n\n<li><s>UPCOMING FEATURE (Q1-2, 2024) - Spellistor f\u00f6r ljuds\u00e4ndningarna<\/s><\/li>\n\n\n\n<li>KOMMANDE FUNKTION (2025) - Chromecast-st\u00f6d p\u00e5 Android<\/li>\n\n\n\n<li><span style=\"color: initial; font-family: -apple-system, BlinkMacSystemFont, &quot;Segoe UI&quot;, Roboto, Oxygen-Sans, Ubuntu, Cantarell, &quot;Helvetica Neue&quot;, sans-serif;\">KOMMANDE FUNKTION (2025) - Appens anv\u00e4ndargr\u00e4nssnitt p\u00e5 spanska, portugisiska, tyska, franska och svenska<\/span><\/li>\n\n\n\n<li>KOMMANDE FUNKTION (2024) - Uppf\u00f6ljning av vanor<\/li>\n\n\n\n<li>KOMMANDE FEATURE\/CONTENT (Q3-Q4, 2024) - Alla v\u00e5ra b\u00f6cker kommer att ha en infografik\/mind map<\/li>\n\n\n\n<li>KOMMANDE FEATURE\/CONTENT (Q1, 2025) - Alla v\u00e5ra b\u00f6cker kommer att ha StoryShots originalanimerade videobilder<\/li>\n\n\n\n<li><s>KOMMANDE FUNKTION (Q4, 2023) - F\u00e5 en sammanfattning av n\u00e4stan alla b\u00f6cker (med AI)<\/s> \ud83e\udd16<\/li>\n\n\n\n<li><s>Kommande funktion\/nyhet (januari 2023) - Alla v\u00e5ra b\u00f6cker kommer att ha en original ljudinspelning som g\u00f6r att du kan l\u00e4sa samtidigt som du lyssnar p\u00e5 alla b\u00f6cker.<\/s><br><\/li>\n<\/ul>\n\n\n\n<h2 class=\"wp-block-heading\">Kommande inneh\u00e5ll (2024):<\/h2>\n\n\n\n<ul class=\"wp-block-list\">\n<li><s>How Will You Measure Your Life?<\/s><\/li>\n\n\n\n<li><s>Hindret \u00e4r v\u00e4gen<\/s><\/li>\n\n\n\n<li>Dela aldrig upp skillnaden<\/li>\n\n\n\n<li>Antifragil<\/li>\n\n\n\n<li>L\u00e5ngsam produktivitet<\/li>\n\n\n\n<li><s>Hur man inte ska banta<\/s><\/li>\n\n\n\n<li><s>Den personliga MBA:n<\/s><\/li>\n\n\n\n<li>Nationernas rikedom<\/li>\n\n\n\n<li>Manifestet om checklistor<\/li>\n\n\n\n<li>Meditationer<\/li>\n\n\n\n<li><s>De 5 k\u00e4rleksspr\u00e5ken<\/s><\/li>\n\n\n\n<li>Den kreativa akten<\/li>\n\n\n\n<li>En kort tidshistoria<\/li>\n\n\n\n<li>Sapiens<\/li>\n\n\n\n<li>Atlas Shrugged<\/li>\n\n\n\n<li>Modeller<\/li>\n\n\n\n<li>Inflytande<\/li>\n\n\n\n<li>Sko hund<\/li>\n\n\n\n<li>Fr\u00e5n noll till ett<\/li>\n\n\n\n<li><s>Hur man pratar med vem som helst<\/s><\/li>\n\n\n\n<li><s>Den sv\u00e5ra saken med sv\u00e5ra saker<\/s><\/li>\n<\/ul>\n\n\n\n<h2 class=\"wp-block-heading\">KOMMANDE INNEH\u00c5LL (Q4, 2023):<\/h2>\n\n\n\n<ul class=\"wp-block-list\">\n<li><s>Den intelligenta investeraren<\/s><\/li>\n\n\n\n<li><s>Snabb som en tjej<\/s><\/li>\n\n\n\n<li><s>\u00d6verleva<\/s><\/li>\n\n\n\n<li><s>V\u00e4nner, \u00e4lskare och den stora hemska saken<\/s><\/li>\n\n\n\n<li><s>Of\u00f6rnekbar<\/s><\/li>\n\n\n\n<li><s>Alkemisten<\/s><\/li>\n\n\n\n<li><s>F\u00f6rdelen med lycka<\/s><\/li>\n\n\n\n<li><s>Pengarnas psykologi<\/s><\/li>\n<\/ul>\n\n\n\n<h2 class=\"wp-block-heading\">KOMMANDE INNEH\u00c5LL (Q3, 2023) - Sommarlov:<\/h2>\n\n\n\n<ul class=\"wp-block-list\">\n<li><s>Att bli \u00f6vernaturlig<\/s><\/li>\n\n\n\n<li><s>Utbildad<\/s><\/li>\n\n\n\n<li><s>Den gr\u00f6vsta boken n\u00e5gonsin<\/s><\/li>\n<\/ul>\n\n\n\n<h2 class=\"wp-block-heading\">KOMMANDE INNEH\u00c5LL (Q2, 2023):<\/h2>\n\n\n\n<ul id=\"block-0fa3248c-5634-448e-8176-8e2ffd50e762\" class=\"wp-block-list\">\n<li><s>Kraften i nuet<\/s><\/li>\n\n\n\n<li><s>Aldrig f\u00e4rdigst\u00e4lld<\/s><\/li>\n\n\n\n<li><s>Aff\u00e4rsverksamheten p\u00e5 det 21:a \u00e5rhundradet<\/s><\/li>\n\n\n\n<li><s>M\u00e4nniskans s\u00f6kande efter mening<\/s><\/li>\n\n\n\n<li><s>Djupt arbete<\/s><\/li>\n\n\n\n<li><s>T\u00e4nk om igen<\/s><\/li>\n\n\n\n<li><s>Hur man blir en stoiker<\/s><\/li>\n\n\n\n<li><s>4 timmars kroppen<\/s><\/li>\n\n\n\n<li><s>Ge en knuff till<\/s><\/li>\n\n\n\n<li><span style=\"color: initial; font-family: -apple-system, BlinkMacSystemFont, &quot;Segoe UI&quot;, Roboto, Oxygen-Sans, Ubuntu, Cantarell, &quot;Helvetica Neue&quot;, sans-serif;\"><s>Jag ska l\u00e4ra dig att bli rik<\/s><\/span><\/li>\n\n\n\n<li><s style=\"color: initial; font-family: -apple-system, BlinkMacSystemFont, &quot;Segoe UI&quot;, Roboto, Oxygen-Sans, Ubuntu, Cantarell, &quot;Helvetica Neue&quot;, sans-serif;\">E-Mythen ompr\u00f6vad<\/s><\/li>\n\n\n\n<li><s>Prata som TED<\/s><\/li>\n\n\n\n<li><s>Lean Startup<\/s><\/li>\n<\/ul>\n\n\n\n<h2 class=\"wp-block-heading\">KOMMANDE B\u00d6CKER (Q1, 2023):<span style=\"color: initial; font-family: -apple-system, BlinkMacSystemFont, &quot;Segoe UI&quot;, Roboto, Oxygen-Sans, Ubuntu, Cantarell, &quot;Helvetica Neue&quot;, sans-serif;\"><\/span><\/h2>\n\n\n\n<ul class=\"wp-block-list\">\n<li><s><span style=\"color: initial; font-family: -apple-system, BlinkMacSystemFont, &quot;Segoe UI&quot;, Roboto, Oxygen-Sans, Ubuntu, Cantarell, &quot;Helvetica Neue&quot;, sans-serif;\">Att bygga en andra hj\u00e4rna<\/span><\/s><\/li>\n\n\n\n<li><s>Hur man \u00e4ndrar sin inst\u00e4llning<\/s><\/li>\n\n\n\n<li><s>S\u00e4lj som en galning<\/s><\/li>\n\n\n\n<li><s>Sm\u00e5 vanor<\/s><\/li>\n\n\n\n<li><s>De f\u00f6rsta 20 timmarna<\/s><\/li>\n\n\n\n<li><s>De fyra avtalen<\/s><\/li>\n\n\n\n<li><s>Koden f\u00f6r fetma<\/s><\/li>\n\n\n\n<li><s>Den dagliga stoikern<\/s><\/li>\n\n\n\n<li><s>Att bryta vanan att vara sig sj\u00e4lv<\/s><\/li>\n\n\n\n<li><s>Hur man inte f\u00e5r ha fel<\/s><\/li>\n\n\n\n<li><s style=\"color: initial; font-family: -apple-system, BlinkMacSystemFont, &quot;Segoe UI&quot;, Roboto, Oxygen-Sans, Ubuntu, Cantarell, &quot;Helvetica Neue&quot;, sans-serif;\">Reservdelar<\/s><\/li>\n\n\n\n<li><s>Hemligheten<\/s><\/li>\n\n\n\n<li><s>Hur man inte d\u00f6r<\/s><\/li>\n\n\n\n<li><span style=\"color: initial; font-family: -apple-system, BlinkMacSystemFont, &quot;Segoe UI&quot;, Roboto, Oxygen-Sans, Ubuntu, Cantarell, &quot;Helvetica Neue&quot;, sans-serif;\"><s>Elon Musk<\/s><\/span><\/li>\n\n\n\n<li><s>T\u00e4nk om igen<\/s><\/li>\n\n\n\n<li><s style=\"color: initial; font-family: -apple-system, BlinkMacSystemFont, &quot;Segoe UI&quot;, Roboto, Oxygen-Sans, Ubuntu, Cantarell, &quot;Helvetica Neue&quot;, sans-serif;\">Miljon\u00e4rens snabbsp\u00e5r<\/s><\/li>\n\n\n\n<li><s>Konsten att f\u00f6rf\u00f6ra<\/s><\/li>\n\n\n\n<li><s style=\"color: initial; font-family: -apple-system, BlinkMacSystemFont, &quot;Segoe UI&quot;, Roboto, Oxygen-Sans, Ubuntu, Cantarell, &quot;Helvetica Neue&quot;, sans-serif;\">Den \u00f6verl\u00e4gsna m\u00e4nniskans v\u00e4g<\/s><\/li>\n\n\n\n<li><s>Byggd f\u00f6r att s\u00e4lja<\/s><\/li>\n<\/ul>","protected":false},"excerpt":{"rendered":"<p>Uppdatera sidan f\u00f6r att se de senaste uppdateringarna. Vi l\u00e4gger till nytt inneh\u00e5ll regelbundet. Hj\u00e4lp oss att prioritera nytt inneh\u00e5ll genom att r\u00f6sta upp dem med hj\u00e4lp av funktionen R\u00f6sta p\u00e5 nya b\u00f6cker under Inst\u00e4llningar i appen. Den h\u00e4r funktionen \u00e4r exklusiv f\u00f6r premiummedlemmar. F\u00f6r att hj\u00e4lpa oss att prioritera nya funktioner, anv\u00e4nd R\u00f6sta p\u00e5 nya funktioner under Inst\u00e4llningar i...<\/p>","protected":false},"author":13,"featured_media":0,"parent":0,"menu_order":0,"comment_status":"closed","ping_status":"closed","template":"","meta":{"_acf_changed":false,"_kad_blocks_custom_css":"","_kad_blocks_head_custom_js":"","_kad_blocks_body_custom_js":"","_kad_blocks_footer_custom_js":"","_kadence_starter_templates_imported_post":false,"_kad_post_transparent":"","_kad_post_title":"","_kad_post_layout":"","_kad_post_sidebar_id":"","_kad_post_content_style":"","_kad_post_vertical_padding":"","_kad_post_feature":"","_kad_post_feature_position":"","_kad_post_header":false,"_kad_post_footer":false,"yasr_overall_rating":0,"yasr_post_is_review":"","yasr_auto_insert_disabled":"","yasr_review_type":"","footnotes":""},"class_list":["post-85888","page","type-page","status-publish","hentry"],"acf":[],"yasr_visitor_votes":{"stars_attributes":{"read_only":false,"span_bottom":false},"number_of_votes":0,"sum_votes":0},"taxonomy_info":[],"featured_image_src_large":false,"author_info":{"display_name":"Team StoryShots","author_link":"https:\/\/www.getstoryshots.com\/sv\/books\/author\/fuzr6koxtahlfjcigcjjuadpexy2\/"},"comment_info":0,"_links":{"self":[{"href":"https:\/\/www.getstoryshots.com\/sv\/wp-json\/wp\/v2\/pages\/85888","targetHints":{"allow":["GET"]}}],"collection":[{"href":"https:\/\/www.getstoryshots.com\/sv\/wp-json\/wp\/v2\/pages"}],"about":[{"href":"https:\/\/www.getstoryshots.com\/sv\/wp-json\/wp\/v2\/types\/page"}],"author":[{"embeddable":true,"href":"https:\/\/www.getstoryshots.com\/sv\/wp-json\/wp\/v2\/users\/13"}],"replies":[{"embeddable":true,"href":"https:\/\/www.getstoryshots.com\/sv\/wp-json\/wp\/v2\/comments?post=85888"}],"version-history":[{"count":106,"href":"https:\/\/www.getstoryshots.com\/sv\/wp-json\/wp\/v2\/pages\/85888\/revisions"}],"predecessor-version":[{"id":95432,"href":"https:\/\/www.getstoryshots.com\/sv\/wp-json\/wp\/v2\/pages\/85888\/revisions\/95432"}],"wp:attachment":[{"href":"https:\/\/www.getstoryshots.com\/sv\/wp-json\/wp\/v2\/media?parent=85888"}],"curies":[{"name":"wp","href":"https:\/\/api.w.org\/{rel}","templated":true}]}}