{"id":92618,"date":"2023-10-24T08:21:52","date_gmt":"2023-10-24T08:21:52","guid":{"rendered":"https:\/\/www.getstoryshots.com\/?page_id=92618"},"modified":"2026-01-29T09:19:23","modified_gmt":"2026-01-29T09:19:23","slug":"storyshots-articles","status":"publish","type":"page","link":"https:\/\/www.getstoryshots.com\/sv\/storyshots-articles\/","title":{"rendered":"StoryShots f\u00f6r artiklar"},"content":{"rendered":"<p>F\u00f6rvandla artiklar som du vill l\u00e4sa till inneh\u00e5llsrika ljudsammanfattningar.<\/p>\n\n\n\n<h2 class=\"wp-block-heading\">Ett nytt s\u00e4tt att konsumera artiklar<\/h2>\n\n\n\n<p>Du kan revolutionera ditt s\u00e4tt att konsumera information med StoryShots for Articles. Oavsett om du \u00e4r p\u00e5 spr\u00e5ng, tr\u00e4nar eller bara s\u00f6ker ett bekv\u00e4mare s\u00e4tt att h\u00e5lla dig uppdaterad, eliminerar StoryShots for Articles sv\u00e5righeten att l\u00e4sa l\u00e5nga artiklar genom att omvandla dem till roliga, pedagogiska och l\u00e4ttf\u00f6rst\u00e5eliga ljuddiskussioner.<\/p>\n\n\n\n<p class=\"has-text-align-center\"><strong>Registrera dig om du inte redan har gjort det, s\u00e5 att du inte missar n\u00e4r vi lanserar v\u00e5r nya app f\u00f6r f\u00f6ljeslagare.<\/strong><\/p>\n\n\n\n<p class=\"has-text-align-center\">Eller h\u00f6r av dig till <a href=\"mailto:support@getstoryshots.com?subject=StoryShots%20for%20Articles%20Inquiry\">v\u00e5rt supportteam<\/a> om du vill veta mer om StoryShots f\u00f6r artiklar.<\/p>\n\n\n\n<p><\/p>","protected":false},"excerpt":{"rendered":"<p>F\u00f6rvandla dina artiklar som du vill l\u00e4sa till rika konversationsbaserade ljudsammanfattningar. Ett nytt s\u00e4tt att konsumera artiklar Du kan revolutionera ditt s\u00e4tt att konsumera information med StoryShots for Articles. Oavsett om du \u00e4r p\u00e5 spr\u00e5ng, tr\u00e4nar eller helt enkelt s\u00f6ker ett bekv\u00e4mare s\u00e4tt att h\u00e5lla dig uppdaterad, eliminerar StoryShots for Articles sv\u00e5righeten med att l\u00e4sa l\u00e5nga artiklar genom att konvertera dem till...<\/p>","protected":false},"author":13,"featured_media":0,"parent":0,"menu_order":0,"comment_status":"open","ping_status":"closed","template":"","meta":{"_acf_changed":false,"_kad_blocks_custom_css":"","_kad_blocks_head_custom_js":"","_kad_blocks_body_custom_js":"","_kad_blocks_footer_custom_js":"","_kadence_starter_templates_imported_post":false,"_kad_post_transparent":"","_kad_post_title":"","_kad_post_layout":"","_kad_post_sidebar_id":"","_kad_post_content_style":"","_kad_post_vertical_padding":"","_kad_post_feature":"","_kad_post_feature_position":"","_kad_post_header":false,"_kad_post_footer":false,"yasr_overall_rating":0,"yasr_post_is_review":"","yasr_auto_insert_disabled":"","yasr_review_type":"","footnotes":""},"class_list":["post-92618","page","type-page","status-publish","hentry"],"acf":[],"yasr_visitor_votes":{"stars_attributes":{"read_only":false,"span_bottom":false},"number_of_votes":0,"sum_votes":0},"taxonomy_info":[],"featured_image_src_large":false,"author_info":{"display_name":"Team StoryShots","author_link":"https:\/\/www.getstoryshots.com\/sv\/books\/author\/fuzr6koxtahlfjcigcjjuadpexy2\/"},"comment_info":0,"_links":{"self":[{"href":"https:\/\/www.getstoryshots.com\/sv\/wp-json\/wp\/v2\/pages\/92618","targetHints":{"allow":["GET"]}}],"collection":[{"href":"https:\/\/www.getstoryshots.com\/sv\/wp-json\/wp\/v2\/pages"}],"about":[{"href":"https:\/\/www.getstoryshots.com\/sv\/wp-json\/wp\/v2\/types\/page"}],"author":[{"embeddable":true,"href":"https:\/\/www.getstoryshots.com\/sv\/wp-json\/wp\/v2\/users\/13"}],"replies":[{"embeddable":true,"href":"https:\/\/www.getstoryshots.com\/sv\/wp-json\/wp\/v2\/comments?post=92618"}],"version-history":[{"count":4,"href":"https:\/\/www.getstoryshots.com\/sv\/wp-json\/wp\/v2\/pages\/92618\/revisions"}],"predecessor-version":[{"id":98410,"href":"https:\/\/www.getstoryshots.com\/sv\/wp-json\/wp\/v2\/pages\/92618\/revisions\/98410"}],"wp:attachment":[{"href":"https:\/\/www.getstoryshots.com\/sv\/wp-json\/wp\/v2\/media?parent=92618"}],"curies":[{"name":"wp","href":"https:\/\/api.w.org\/{rel}","templated":true}]}}