{"id":1470,"date":"2021-08-01T09:13:51","date_gmt":"2021-08-01T09:13:51","guid":{"rendered":"https:\/\/www.getstoryshots.com\/?page_id=1470"},"modified":"2024-05-30T13:01:42","modified_gmt":"2024-05-30T13:01:42","slug":"faq","status":"publish","type":"page","link":"https:\/\/www.getstoryshots.com\/tr\/faq\/","title":{"rendered":"S\u0131k\u00e7a Sorulan Sorular"},"content":{"rendered":"<h2 class=\"wp-block-heading\">StoryShots Yapay Zeka<\/h2>\n\n\n\n<h3 class=\"wp-block-heading\">Yapay zeka kredileri ne i\u015fe yarar?<\/h3>\n\n\n\n<p>\u015eu anda, AI kredileri mevcut koleksiyonumuzun \"d\u0131\u015f\u0131ndaki\" hemen hemen her kitap i\u00e7in temel i\u00e7g\u00f6r\u00fcler olu\u015fturman\u0131za olanak tan\u0131r. Bu size pratikte 300.000'den fazla kitaba eri\u015fim sa\u011flayacakt\u0131r. Gelecekte, yapay zekay\u0131 kullanarak an\u0131nda testler, eylem ad\u0131mlar\u0131, kurslar vb. olu\u015fturman\u0131z\u0131 sa\u011flayabiliriz.<\/p>\n\n\n\n<h2 class=\"wp-block-heading\">Giri\u015f sorunlar\u0131<\/h2>\n\n\n\n<h3 class=\"wp-block-heading\">Giri\u015f yapam\u0131yorum. E-posta ile oturum a\u00e7maya \u00e7al\u0131\u015ft\u0131\u011f\u0131mda s\u00fcrekli bir d\u00f6ng\u00fc y\u00fckleyicisi al\u0131yorum. E-posta ile oturum a\u00e7maya \u00e7al\u0131\u015ft\u0131\u011f\u0131mda \"Ge\u00e7ersiz Dinamik Ba\u011flant\u0131\" hatas\u0131 al\u0131yorum.<\/h3>\n\n\n\n<p>L\u00fctfen ba\u011flant\u0131y\u0131 giri\u015f yapmaya \u00e7al\u0131\u015ft\u0131\u011f\u0131n\u0131z taray\u0131c\u0131 penceresinde a\u00e7t\u0131\u011f\u0131n\u0131zdan emin olun. E-postay\u0131 farkl\u0131 bir taray\u0131c\u0131da al\u0131rsan\u0131z, e-postadaki ba\u011flant\u0131ya sa\u011f t\u0131klay\u0131n, adresini kopyalay\u0131n ve ayn\u0131 taray\u0131c\u0131 sekmesine yap\u0131\u015ft\u0131r\u0131n.<\/p>\n\n\n\n<p>Uygulamalarda oturum a\u00e7\u0131yorsan\u0131z, e-postan\u0131n mobil taray\u0131c\u0131n\u0131zda a\u00e7\u0131ld\u0131\u011f\u0131ndan emin olun (mobil e-posta \"uygulamas\u0131nda\" de\u011fil). Ba\u011flant\u0131ya uzun bas\u0131n, ard\u0131ndan yerel uygulamada a\u00e7may\u0131 se\u00e7in. E-postay\u0131 farkl\u0131 bir cihazdan al\u0131yorsan\u0131z, ba\u011flant\u0131n\u0131n adresini sosyal medya uygulamalar\u0131 arac\u0131l\u0131\u011f\u0131yla kendinize g\u00f6nderin ve mobil cihaz\u0131n\u0131zda a\u00e7\u0131n.<\/p>\n\n\n\n<p>Sorun devam ederse, l\u00fctfen basit bir ekran kayd\u0131n\u0131 \u015fu adrese g\u00f6nderin <a href=\"mailto:support@getstoryshots.com\" data-type=\"mailto\" data-id=\"mailto:support@getstoryshots.com\">bizim deste\u011fimiz<\/a> veya daha fazla ayr\u0131nt\u0131 ve ekran g\u00f6r\u00fcnt\u00fcs\u00fc sa\u011flay\u0131n.<\/p>\n\n\n\n<h3 class=\"wp-block-heading\">AppSumo kodumu kulland\u0131m ancak hen\u00fcz premium eri\u015fimim yok. Ne yapmam gerekiyor?<\/h3>\n\n\n\n<p>L\u00fctfen oturumu kapat\u0131p geri a\u00e7may\u0131 veya uygulamay\u0131 yeniden y\u00fcklemeyi deneyin. Sitede kulland\u0131\u011f\u0131n\u0131z kimlik bilgilerini ve giri\u015f y\u00f6ntemini kulland\u0131\u011f\u0131n\u0131zdan emin olun. Ba\u015fka sorunlar\u0131n\u0131z i\u00e7in bizimle ileti\u015fime ge\u00e7mekten \u00e7ekinmeyin <a href=\"mailto:support@getstoryshots.com\" data-type=\"mailto\" data-id=\"mailto:support@getstoryshots.com\">destek<\/a>.<\/p>\n\n\n\n<h3 class=\"wp-block-heading\">Oturum a\u00e7ma ekran\u0131nda tak\u0131l\u0131p kal\u0131yorum. Ne yapmam gerekiyor?<\/h3>\n\n\n\n<p>Ayarlar uygulamas\u0131n\u0131 a\u00e7\u0131n. \u00f6\u011fesine dokunun <strong>Uygulamalar<\/strong> ve sonra <strong>T\u00fcm uygulamalar\u0131 g\u00f6r\u00fcn<\/strong>. \"Google Play Hizmetleri \"ne kayd\u0131r\u0131n. \u00f6\u011fesine dokunun <strong>Google Play Hizmetleri<\/strong>. Dokunun <strong>Depolama<\/strong> ve sonra <strong>\u00d6nbelle\u011fi Temizle<\/strong>. \" i\u00e7in ayn\u0131 ad\u0131mlar\u0131 tekrarlay\u0131n.<strong>Google Play Store<\/strong>\". \u015eunlar\u0131 yapman\u0131z gerekebilece\u011fini unutmay\u0131n <strong>Kuvvet Durdurma<\/strong> \u00f6nbelle\u011fini temizlemeden \u00f6nce uygulamay\u0131 temizleyin. Ayn\u0131 ad\u0131mlar\u0131 \"<strong>StoryShots<\/strong>\u201c.<\/p>\n\n\n\n<h2 class=\"wp-block-heading\">Sat\u0131n Alma Sorunlar\u0131<\/h2>\n\n\n\n<h3 class=\"wp-block-heading\">\"\u0130\u015fleminiz tamamlanamad\u0131. L\u00fctfen Oyun \u00dclkenizin do\u011fru oldu\u011fundan emin olun.\"<\/h3>\n\n\n\n<p>G\u00f6re <a href=\"https:\/\/support.google.com\/googleplay\/contact\/fx_block\" data-type=\"link\" data-id=\"https:\/\/support.google.com\/googleplay\/contact\/fx_block\" target=\"_blank\" rel=\"noopener\">Google<\/a>E\u011fer bir uygulama i\u00e7i sat\u0131n alma denemesi s\u0131ras\u0131nda bu hatay\u0131 al\u0131rsan\u0131z,&nbsp;<strong>l\u00fctfen Oynad\u0131\u011f\u0131n\u0131z \u00fclkenin do\u011fru oldu\u011fundan emin olun<\/strong>. Yak\u0131n zamanda ba\u015fka bir \u00fclkeye ta\u015f\u0131nd\u0131ysan\u0131z,&nbsp;<a href=\"https:\/\/support.google.com\/googleplay\/answer\/7431675\" target=\"_blank\" rel=\"noopener\"><u>buraya bak\u0131n\u0131z<\/u><\/a>&nbsp;ayarlar\u0131n\u0131z\u0131 nas\u0131l de\u011fi\u015ftirece\u011finize ili\u015fkin talimatlar.&nbsp;<br><br>Play ayarlar\u0131n\u0131zdaki \u00fclkeniz do\u011fruysa, ancak hala hatay\u0131 g\u00f6r\u00fcyorsan\u0131z, l\u00fctfen a\u015fa\u011f\u0131daki g\u00f6nder d\u00fc\u011fmesine t\u0131klayarak durumunuzu incelenmek \u00fczere g\u00f6nderin. L\u00fctfen Play hesab\u0131n\u0131zla ayn\u0131 e-postay\u0131 kulland\u0131\u011f\u0131n\u0131zdan emin olun.&nbsp;<br><br>Vakan\u0131z incelendikten sonra, soru\u015fturma ekibi genellikle 3 i\u015f g\u00fcn\u00fc i\u00e7inde sizinle ileti\u015fime ge\u00e7ecektir.&nbsp;<strong>Yapmay\u0131n.<\/strong>&nbsp;S\u00fcreci uzatabilece\u011fi i\u00e7in birden fazla form doldurun.<\/p>\n\n\n\n<h2 class=\"wp-block-heading\">Di\u011fer Konular<\/h2>\n\n\n\n<h3 class=\"wp-block-heading\">Neden baz\u0131 kitaplar \"\u0130lk \u00c7eyrek 2023\" veya \"\u00c7ok Yak\u0131nda\" olarak i\u015faretlenmi\u015f?<\/h3>\n\n\n\n<p>Koleksiyonumuzdaki baz\u0131 kitaplar zaten iyi i\u00e7eri\u011fe sahip olsa da, onlar\u0131 bu \u015fekilde i\u015faretledik \u00e7\u00fcnk\u00fc onlar\u0131 harika hale getirmek istiyoruz! Her kitap i\u00e7in d\u00fcnyan\u0131n en \u00e7e\u015fitli i\u00e7eri\u011fini sa\u011fl\u0131yoruz ve bunu en uygun fiyatla sunuyoruz. Bu, her kitap i\u00e7in haftalar ve binlerce dolar daha fazla harcamam\u0131z gerekti\u011fi anlam\u0131na geliyor (yaln\u0131zca metin ve robotik metinden sese ses i\u00e7eri\u011fi sa\u011flayabilen rakiplerimize k\u0131yasla). Ayr\u0131ca, mevcut i\u00e7eri\u011fi iyile\u015ftirmek i\u00e7in geri bildirim alabiliriz. Bunu, i\u00e7eri\u011fi \u00f6nce m\u00fckemmelle\u015ftirmek ve kullan\u0131c\u0131lar\u0131m\u0131zdan saklamak yerine beta olarak yay\u0131nlamak gibi d\u00fc\u015f\u00fcn\u00fcn.<\/p>\n\n\n\n<h3 class=\"wp-block-heading\">Uygulamay\u0131 y\u00fckleyemiyorum. \"Bu uygulama cihaz\u0131n\u0131z i\u00e7in \u00e7al\u0131\u015fm\u0131yor\" uyar\u0131s\u0131 al\u0131yorum.<\/h3>\n\n\n\n<p>Bu sorunu \u00e7\u00f6zmek i\u00e7in a\u015fa\u011f\u0131daki ad\u0131mlar\u0131 izlemenizi rica ediyoruz: \u00d6ncelikle, cihaz\u0131n\u0131z\u0131n i\u015fletim sisteminin g\u00fcncel oldu\u011fundan emin olun. Mevcut sistem g\u00fcncellemelerini kontrol edin ve varsa y\u00fckleyin. Ard\u0131ndan, Google Play Store uygulamas\u0131n\u0131n kendisinin g\u00fcncel oldu\u011funu do\u011frulay\u0131n. Google Play Store uygulamas\u0131n\u0131 a\u00e7\u0131n. Sa\u011f \u00fcstteki profil simgesine dokunun. \u00f6\u011fesine dokunun. <strong>Ayarlar<\/strong> ve sonra <strong>Hakk\u0131nda<\/strong> ve sonra <strong>Play Store s\u00fcr\u00fcm\u00fc<\/strong>. Play Store'un g\u00fcncel olup olmad\u0131\u011f\u0131n\u0131 s\u00f6yleyen bir mesaj alacaks\u0131n\u0131z. \u00f6\u011fesine dokunun <strong>Anlad\u0131m.<\/strong>. Sorun devam ederse, Google Play Store uygulamas\u0131n\u0131 zorla kapatmay\u0131 deneyin. Ard\u0131ndan, \u015fu adrese giderek uygulaman\u0131n \u00f6nbelle\u011fini temizleyin <strong>Ayarlar&gt; Uygulamalar&gt; Google Play Store&gt; Depolama&gt; \u00d6nbelle\u011fi temizle<\/strong>. Daha sonra, uygulaman\u0131n verilerini \"<strong>Verileri temizleyin<\/strong>\" veya \"<strong>Temiz depolama<\/strong>\" se\u00e7ene\u011fini se\u00e7in. \u00d6nceki ad\u0131mlar sorunu \u00e7\u00f6zmezse, do\u011frudan Google Play'in deste\u011fine ula\u015fman\u0131z\u0131 \u00f6neririz. <\/p>\n\n\n\n<h3 class=\"wp-block-heading\">Uygulama sonsuza kadar \u00fccretsiz mi?<\/h3>\n\n\n\n<p>Evet! Misyonumuz, en iyi kurgusal olmayan kitaplar\u0131n temel fikirlerini a\u015fa\u011f\u0131dakiler i\u00e7in eri\u015filebilir k\u0131lmakt\u0131r <strong style=\"user-select: auto;\">herkes<\/strong>. Hindistan'\u0131n k\u0131rsal kesimindeki bir gen\u00e7, bu harika kitaplar\u0131n derslerine New York'taki bir hedge fon y\u00f6neticisiyle ayn\u0131 eri\u015fime sahip olmal\u0131d\u0131r. Sonu\u00e7 olarak, her zaman \u00fccretsiz reklam destekli bir katmana sahip olaca\u011f\u0131z.<\/p>\n\n\n\n<h3 class=\"wp-block-heading\">StoryShots kitap okumaya bir alternatif mi?<\/h3>\n\n\n\n<p>Hay\u0131r. Hi\u00e7bir \u015fey harika bir kitab\u0131 ba\u015ftan sona okuman\u0131n yerini tutamaz. Ancak StoryShots, kitapl\u0131\u011f\u0131n\u0131zda tozlanan kitaplar\u0131n ana fikirlerini \u00f6\u011frenmenize veya yeni heyecan verici okumalar ke\u015ffetmenize yard\u0131mc\u0131 olur. Ayr\u0131ca, haf\u0131zan\u0131z\u0131 tazelemek i\u00e7in daha \u00f6nce okudu\u011funuz kitaplar\u0131n temel derslerini g\u00f6zden ge\u00e7irmek i\u00e7in de kullanabilirsiniz. Kitap incelemelerimiz, yazarlar\u0131n y\u0131llarca emek verdi\u011fi kitaplar\u0131n sadece y\u00fczeyini \u00e7izebilir.<\/p>\n\n\n\n<h3 class=\"wp-block-heading\">Kart\u0131m \/ UPI \u00e7al\u0131\u015fm\u0131yor. Ne yapmam gerekiyor?<\/h3>\n\n\n\n<p>Google \u00f6demeleri ger\u00e7ekle\u015ftiriyor ve kar\u015f\u0131l\u0131\u011f\u0131nda sat\u0131\u015flar\u0131m\u0131zdan pay al\u0131yor. Finansal bilgilerinize eri\u015fimimiz yoktur. \u0130leti\u015fim kurmak isteyebilirsiniz <a href=\"https:\/\/support.google.com\/googleplay\/?hl=en#topic=3364260\" data-type=\"URL\" data-id=\"https:\/\/support.google.com\/googleplay\/?hl=en#topic=3364260\" target=\"_blank\" rel=\"noreferrer noopener\">Google Play Store deste\u011fi<\/a> ya da bankan\u0131z. <\/p>\n\n\n\n<h3 class=\"wp-block-heading\">Ka\u00e7 kitap ekleyeceksiniz? Ne s\u0131kl\u0131kla yeni kitap ekleyeceksiniz?<\/h3>\n\n\n\n<p>Piyasadaki en iyi i\u00e7erikleri \u00f6zenle se\u00e7mek veya s\u0131f\u0131rdan orijinal i\u00e7erik olu\u015fturmak i\u00e7in \u00e7ok zaman harc\u0131yoruz (ve rakiplerimiz ayda 10-15 USD \u00fccret al\u0131rken her \u015feyi \u00fccretsiz veriyoruz). Bu uzun ve pahal\u0131 bir s\u00fcre\u00e7 ama buna de\u011fer! Her hafta 1-2 yeni kitap ekliyoruz. Anl\u0131k bildirimler g\u00f6ndererek, bir haber b\u00fclteni g\u00f6ndererek veya bir kitap olarak haftada 1 kitab\u0131 \u00f6ne \u00e7\u0131kar\u0131yoruz. <a style=\"user-select: auto;\" href=\"https:\/\/www.getstoryshots.com\/tr\/social-media\/\">sosyal medya g\u00f6nderisi<\/a>. <\/p>\n\n\n\n<h3 class=\"wp-block-heading\">Bir profesyonel tutmam gerekir mi yoksa StoryShots ile \u00f6\u011frendiklerimi kendim kullanabilir miyim?<\/h3>\n\n\n\n<p>Kullan\u0131m \u015fartlar\u0131m\u0131zda da belirtildi\u011fi gibi, i\u00e7eri\u011fimiz hatalar veya tutars\u0131zl\u0131klar i\u00e7erebilir. StoryShots arac\u0131l\u0131\u011f\u0131yla \u00f6\u011frendi\u011finiz herhangi bir \u015feyi uygulamadan \u00f6nce bir profesyonele dan\u0131\u015fman\u0131z\u0131 tavsiye ederiz (\u00f6zellikle sa\u011fl\u0131k veya finansal konular i\u00e7in).<\/p>\n\n\n\n<h3 class=\"wp-block-heading\">Zaten \u00f6deme yapt\u0131m ama uygulama benden tekrar \u00f6deme yapmam\u0131 istiyor. Neden?<\/h3>\n\n\n\n<p>Sat\u0131n alma ekran\u0131ndan sat\u0131n alma i\u015fleminizi geri y\u00fcklemeyi deneyin. Bu i\u015fe yaramazsa, Apple ve Google taraf\u0131nda ge\u00e7ici bir aksakl\u0131k olabilir. Birka\u00e7 saat i\u00e7inde denerseniz ve sorun hala devam ediyorsa, <a href=\"mailto:support@getstoryshots.com\">deste\u011fimizle ileti\u015fime ge\u00e7in.<\/a><\/p>\n\n\n\n<h3 class=\"wp-block-heading\">Koleksiyonunuzda bulunan baz\u0131 kitaplar kald\u0131r\u0131ld\u0131. Neden kald\u0131r\u0131ld\u0131?<\/h3>\n\n\n\n<p>Baz\u0131 kitaplar\u0131 kald\u0131rd\u0131k <em>ge\u00e7ici olarak<\/em> i\u00e7eriklerinin kalitesini art\u0131rmak i\u00e7in. B\u00fcltenimiz veya anl\u0131k bildirimlerimiz arac\u0131l\u0131\u011f\u0131yla yeniden yay\u0131nlanmas\u0131yla ilgili haberler i\u00e7in bizi izlemeye devam edin.<\/p>\n\n\n\n<h3 class=\"wp-block-heading\">Misyonunuza nas\u0131l katk\u0131da bulunabilirim?<\/h3>\n\n\n\n<p>Herkesin kurgusal olmayan kitaplardan \u00f6\u011frenmesini kolayla\u015ft\u0131rmak i\u00e7in bize kat\u0131labilirsiniz <a style=\"user-select: auto;\" href=\"https:\/\/www.getstoryshots.com\/tr\/contribute\/\">kendi \"\u00e7ekimlerinize\" katk\u0131da bulunmak<\/a>premium \u00fcye olmak, bir inceleme yazmak veya sadece kelimeyi yaymak. ?<\/p>\n\n\n\n<h3 class=\"wp-block-heading\">Koleksiyonunuzdaki kitaplar\u0131n fikirlerini destekliyor musunuz?<\/h3>\n\n\n\n<p>\u015eart de\u011fil. Ancak ifade \u00f6zg\u00fcrl\u00fc\u011f\u00fcn\u00fc ve a\u00e7\u0131k ve merakl\u0131 bir zihne sahip olmay\u0131 destekliyoruz.<\/p>\n\n\n\n<h3 class=\"wp-block-heading\">Ne kadar bo\u015f zaman\u0131m oldu\u011funa g\u00f6re kitaplar\u0131 nas\u0131l filtreleyebilirim?<\/h3>\n\n\n\n<p>10, 20, 30 ve 40 dakikan\u0131n alt\u0131ndaki sesli \u00e7ekim kategorileri i\u00e7in Android'de Arama ekranlar\u0131na ve iOS'ta Kategorilere bak\u0131n. 15, 25, 35, 45 ve 50 dakikan\u0131n alt\u0131ndaki kitaplar \u015fu aramalarla bulunabilir <em>#15m, #25m, #35, #45, #50<\/em>.<\/p>\n\n\n\n<h3 class=\"wp-block-heading\">Amazon ile ili\u015fkiniz nedir?<\/h3>\n\n\n\n<p>StoryShots onayl\u0131 bir Amazon Associates i\u015ftirakidir. Bu, uygulamam\u0131zdaki ve web sitemizdeki ba\u011flant\u0131lar\u0131n ba\u011fl\u0131 kurulu\u015f ba\u011flant\u0131lar\u0131 olabilece\u011fi anlam\u0131na gelir. Ba\u011flant\u0131lar\u0131m\u0131zdan herhangi birini kullanarak sat\u0131n al\u0131rsan\u0131z, k\u00fc\u00e7\u00fck bir komisyon alabiliriz. Bu komisyonlar uygulamay\u0131 \u00fccretsiz tutmam\u0131za ve i\u00e7eri\u011fi geli\u015ftirmemize yard\u0131mc\u0131 oluyor. <\/p>\n\n\n\n<h3 class=\"wp-block-heading\">StoryShots'\u0131 masa\u00fcst\u00fcnde (Microsoft Windows \/ PC veya Mac) kullanabilir miyim?<\/h3>\n\n\n\n<p>\u00d6m\u00fcr boyu \u00fcyelerimiz i\u00e7in uygulamalarda olmayan ek metin \u00e7ekimleri de i\u00e7eren basit bir web uygulamam\u0131z var. <\/p>\n\n\n\n<p>Yerel masa\u00fcst\u00fc uygulamas\u0131 i\u00e7in resmi deste\u011fimiz yok. Ancak se\u00e7ili Samsung kullan\u0131c\u0131lar\u0131 uygulamay\u0131 bug\u00fcn Windows'ta \u00e7al\u0131\u015ft\u0131rabilir. <a href=\"https:\/\/support.microsoft.com\/en-us\/topic\/supported-devices-for-your-phone-app-experiences-cb044172-87aa-9e41-d446-c4ac83ce8807\" data-type=\"URL\" data-id=\"https:\/\/support.microsoft.com\/en-us\/topic\/supported-devices-for-your-phone-app-experiences-cb044172-87aa-9e41-d446-c4ac83ce8807\" target=\"_blank\" rel=\"noreferrer noopener\">Daha fazla bilgi i\u00e7in buraya bak\u0131n.<\/a> Ayr\u0131ca \u015funlar\u0131 da kullanabilirsiniz <a href=\"https:\/\/www.bluestacks.com\/\" data-type=\"URL\" data-id=\"https:\/\/www.bluestacks.com\/\" target=\"_blank\" rel=\"noreferrer noopener\">BlueStacks<\/a> veya <a href=\"https:\/\/www.bignox.com\/\" data-type=\"URL\" data-id=\"https:\/\/www.bignox.com\/\" target=\"_blank\" rel=\"noreferrer noopener\">NoxPlayer<\/a> Android uygulamalar\u0131n\u0131 Windows'ta \u00e7al\u0131\u015ft\u0131rmak i\u00e7in. <\/p>\n\n\n\n<p>\u0130yi haber \u015fu ki, Microsoft k\u0131sa s\u00fcre \u00f6nce Windows 11'in Android uygulamalar\u0131n\u0131n Windows'ta da yerel olarak \u00e7al\u0131\u015fmas\u0131na izin verece\u011fini duyurdu. <\/p>\n\n\n\n<p>Apple M1 Mac kullan\u0131c\u0131lar\u0131 da uygulamam\u0131z\u0131 kendi makinelerinde \u00e7al\u0131\u015ft\u0131rabilirler. Bu destek deneyseldir.<\/p>\n\n\n\n<p>L\u00fctfen <a href=\"mailto:support@getstoryshots.com\">Destek ekibimizle ileti\u015fime ge\u00e7in<\/a> ba\u015fka sorular\u0131n\u0131z varsa.<\/p>\n\n\n\n<h3 class=\"wp-block-heading\">StoryShots hesab\u0131m\u0131 nas\u0131l silebilirim?<\/h3>\n\n\n\n<p>Bize bir \u015fans verdi\u011finiz i\u00e7in te\u015fekk\u00fcrler. Hesab\u0131n\u0131z\u0131 mobil uygulamadaki Ayarlar ekran\u0131n\u0131n alt\u0131ndan silebilirsiniz. Ayr\u0131ca destek ekibimizle ileti\u015fime ge\u00e7ip geri bildirimde bulunursan\u0131z \u00e7ok memnun oluruz.<\/p>\n\n\n\n<h3 class=\"wp-block-heading\">Yeni kitaplar\u0131 veya f\u0131rsatlar\u0131n\u0131z\u0131 ka\u00e7\u0131rmak istemiyorsam ne yapmal\u0131y\u0131m?<\/h3>\n\n\n\n<p>\u00c7ok basit. En iyi yol, uygulamada bildirimlere izin vermek ve <a href=\"https:\/\/www.getstoryshots.com\/tr\/updates\/\">haber b\u00fcltenimize kaydolun<\/a>. Haftada 1-2 bildirim ve ayda 4-6 e-posta g\u00f6nderiyoruz. \u0130kinci en iyi yol ise <a href=\"https:\/\/www.getstoryshots.com\/tr\/updates\/\">Yenilikler sayfas\u0131<\/a> d\u00fczenli olarak ve bizi takip edin <a href=\"https:\/\/www.getstoryshots.com\/tr\/social-media\/\">sosyal medya<\/a>.<\/p>\n\n\n\n<h3 class=\"wp-block-heading\">Herhangi bir indirim sunuyor musunuz?<\/h3>\n\n\n\n<p>Herkesin kitaplardan \u00f6\u011frenmesini kolayla\u015ft\u0131rmak en \u00f6nemli \u00f6nceli\u011fimiz oldu\u011fu i\u00e7in \u015fu anda sekt\u00f6r\u00fcn en d\u00fc\u015f\u00fck fiyatl\u0131 hizmetini sunuyoruz. Bununla birlikte, uygulamada bildirimlere izin vererek, b\u00fcltenimize kaydolarak ve bizi \u015fu adresten takip ederek promosyonlar\u0131m\u0131za dikkat edin <a href=\"https:\/\/www.getstoryshots.com\/tr\/social-media\/\" data-type=\"page\" data-id=\"535\">sosyal medya<\/a>. <\/p>\n\n\n\n<p>StoryShots hakk\u0131nda 400+ kelimelik bir online makale yazarsan\u0131z veya YouTube'da 3 dakikal\u0131k bir video incelemesi yaparsan\u0131z, size \u00f6m\u00fcr boyu \u00fccretsiz eri\u015fim sa\u011flayabiliriz. Blogunuzun ayl\u0131k en az 5.000 ziyaret\u00e7isi ve YouTube kanal\u0131n\u0131z\u0131n en az 2000 abonesi olmal\u0131d\u0131r. <a href=\"mailto:hello@getstoryshots.com\">Ba\u015fvurmak i\u00e7in bize e-posta g\u00f6nderin.<\/a><\/p>\n\n\n\n<h3 class=\"wp-block-heading\">Ben bir yazar\u0131m. Kitab\u0131m\u0131 ekleyebilir misiniz?<\/h3>\n\n\n\n<p>Duruma g\u00f6re de\u011fi\u015fir. Kitab\u0131n\u0131z\u0131n ya\u015fam boyu \u00f6\u011frenenlerden olu\u015fan k\u00fcresel toplulu\u011fumuza de\u011fer katt\u0131\u011f\u0131na inan\u0131yorsan\u0131z, \u015fu yollarla ba\u015fvurmal\u0131s\u0131n\u0131z <a href=\"mailto:hello@getstoryshots.com\">bize e-posta g\u00f6ndererek<\/a>.<\/p>\n\n\n\n<h3 class=\"wp-block-heading\">T\u00dcM kitaplar i\u00e7in sesli kitap ekleyebilir misiniz?<\/h3>\n\n\n\n<p>Misyonumuz, T\u00fcrkiye'de <strong>anahtar dersler<\/strong> eri\u015filebilen \u00e7ok satan kitaplar\u0131n <strong>herkes<\/strong>. Ancak, herkese a\u00e7\u0131k bir sesli kitap bulursak, ona ba\u011flant\u0131 verece\u011fiz. T\u00fcm kitaplar\u0131n herkese a\u00e7\u0131k versiyonlar\u0131 yoktur. T\u00fcm kitaplara sesli kitap versiyonlar\u0131 eklemek i\u00e7in, y\u00f6netici, sunucu, lisans \u00fccretleri vb. i\u00e7in \u00f6deme yapmak \u00fczere abonelik \u00fccretlerimizi art\u0131rmam\u0131z gerekecek. Ayr\u0131ca Audible gibi c\u00f6mert sesli kitap s\u00fcr\u00fcmlerine sahip harika uygulamalar da var. <em>\u00fccretsiz<\/em> deneme teklifleri. \u015eu anda uygulamaya sesli kitap eklemenin bizi temel misyonumuzdan uzakla\u015ft\u0131raca\u011f\u0131n\u0131 d\u00fc\u015f\u00fcn\u00fcyoruz.<br><br>Farkl\u0131 bir abonelik i\u00e7in daha fazla \u00f6deme yapmay\u0131 ve T\u00dcM kitaplar\u0131n y\u00fcksek kaliteli sesli kitap versiyonuna eri\u015fmeyi tercih ediyorsan\u0131z veya kitaplar\u0131 do\u011frudan StoryShots i\u00e7inden sat\u0131n almak istiyorsan\u0131z, \u00f6nceliklendirebilmemiz i\u00e7in Ayarlar ekran\u0131 alt\u0131ndaki \"Yeni \u00f6zelliklere oy verin\" formumuzu kullanarak bu \u00f6zelli\u011fe oy vermekten \u00e7ekinmeyin.<\/p>\n\n\n\n<h3 class=\"wp-block-heading\">\u0130\u00e7eri\u011fi \u00e7evirebilir, anlatabilir veya canland\u0131rabilir miyim?<\/h3>\n\n\n\n<p>Evet! Bak\u0131n\u0131z <a href=\"https:\/\/www.getstoryshots.com\/tr\/contribute\/\">kendi \u00e7ekimlerinize katk\u0131da bulunmak<\/a>.<\/p>\n\n\n\n<h3 class=\"wp-block-heading\">Bu Serendipity Feed nedir?<\/h3>\n\n\n\n<p>Temelde Google, Facebook ve daha bir\u00e7ok \u015firket taraf\u0131ndan bize dayat\u0131lan a\u015f\u0131r\u0131 ki\u015fiselle\u015ftirme ile m\u00fccadele etme giri\u015fimimizdir. Bunun bize t\u00fcnel g\u00f6r\u00fc\u015f\u00fc ve \u00f6nyarg\u0131lar verdi\u011fine inan\u0131yoruz. Bu nedenle, ba\u015fka t\u00fcrl\u00fc kar\u015f\u0131la\u015famayaca\u011f\u0131n\u0131z kitaplar\u0131 g\u00fcn y\u00fcz\u00fcne \u00e7\u0131karmak i\u00e7in kitaplar ara s\u0131ra rastgele kar\u0131\u015ft\u0131r\u0131l\u0131yor.<\/p>\n\n\n\n<h3 class=\"wp-block-heading\">Di\u011fer kitaplara g\u00f6z atarken neden ses dinleyemiyorum? Y\u00fczen bir mini oynat\u0131c\u0131 istiyorum.<\/h3>\n\n\n\n<p>Bir\u00e7ok podcast ve video uygulamas\u0131n\u0131n bu \u00f6zelli\u011fi destekledi\u011finin fark\u0131nday\u0131z. Ancak biz tek g\u00f6rev ve odaklanmaya inan\u0131yoruz. Yan\u0131ld\u0131\u011f\u0131m\u0131z\u0131 d\u00fc\u015f\u00fcn\u00fcyorsan\u0131z, uygulama i\u00e7indeki \"Yeni \u00f6zellikler i\u00e7in oy verin\" anketini kullanarak bu \u00f6zelli\u011fi oylay\u0131n.<\/p>","protected":false},"excerpt":{"rendered":"<p>StoryShots AI AI kredileri ne i\u015fe yarar? \u015eu anda AI kredileri, mevcut koleksiyonumuzun \"d\u0131\u015f\u0131ndaki\" hemen hemen her kitap i\u00e7in \u00f6nemli i\u00e7g\u00f6r\u00fcler olu\u015fturman\u0131za olanak tan\u0131r. Bu size pratikte 300.000'den fazla kitaba eri\u015fim sa\u011flayacakt\u0131r. Gelecekte, AI kullanarak an\u0131nda testler, eylem ad\u0131mlar\u0131, kurslar vb. olu\u015fturman\u0131z\u0131 sa\u011flayabiliriz....<\/p>","protected":false},"author":1,"featured_media":0,"parent":0,"menu_order":0,"comment_status":"closed","ping_status":"closed","template":"","meta":{"_acf_changed":false,"_kad_blocks_custom_css":"","_kad_blocks_head_custom_js":"","_kad_blocks_body_custom_js":"","_kad_blocks_footer_custom_js":"","_kadence_starter_templates_imported_post":false,"_kad_post_transparent":"","_kad_post_title":"","_kad_post_layout":"","_kad_post_sidebar_id":"","_kad_post_content_style":"","_kad_post_vertical_padding":"","_kad_post_feature":"","_kad_post_feature_position":"","_kad_post_header":false,"_kad_post_footer":false,"yasr_overall_rating":0,"yasr_post_is_review":"","yasr_auto_insert_disabled":"","yasr_review_type":"","footnotes":""},"class_list":["post-1470","page","type-page","status-publish","hentry"],"acf":[],"yasr_visitor_votes":{"stars_attributes":{"read_only":false,"span_bottom":false},"number_of_votes":0,"sum_votes":0},"taxonomy_info":[],"featured_image_src_large":false,"author_info":{"display_name":"StoryShots - Free Book Summaries","author_link":"https:\/\/www.getstoryshots.com\/tr\/books\/author\/storyshotsadmin\/"},"comment_info":0,"_links":{"self":[{"href":"https:\/\/www.getstoryshots.com\/tr\/wp-json\/wp\/v2\/pages\/1470","targetHints":{"allow":["GET"]}}],"collection":[{"href":"https:\/\/www.getstoryshots.com\/tr\/wp-json\/wp\/v2\/pages"}],"about":[{"href":"https:\/\/www.getstoryshots.com\/tr\/wp-json\/wp\/v2\/types\/page"}],"author":[{"embeddable":true,"href":"https:\/\/www.getstoryshots.com\/tr\/wp-json\/wp\/v2\/users\/1"}],"replies":[{"embeddable":true,"href":"https:\/\/www.getstoryshots.com\/tr\/wp-json\/wp\/v2\/comments?post=1470"}],"version-history":[{"count":24,"href":"https:\/\/www.getstoryshots.com\/tr\/wp-json\/wp\/v2\/pages\/1470\/revisions"}],"predecessor-version":[{"id":94375,"href":"https:\/\/www.getstoryshots.com\/tr\/wp-json\/wp\/v2\/pages\/1470\/revisions\/94375"}],"wp:attachment":[{"href":"https:\/\/www.getstoryshots.com\/tr\/wp-json\/wp\/v2\/media?parent=1470"}],"curies":[{"name":"wp","href":"https:\/\/api.w.org\/{rel}","templated":true}]}}