{"id":50657,"date":"2021-03-23T07:12:22","date_gmt":"2021-03-23T07:12:22","guid":{"rendered":"https:\/\/www.getstoryshots.com\/?page_id=50657"},"modified":"2021-11-15T12:52:44","modified_gmt":"2021-11-15T12:52:44","slug":"presskit","status":"publish","type":"page","link":"https:\/\/www.getstoryshots.com\/tr\/presskit\/","title":{"rendered":"Bas\u0131n Kiti"},"content":{"rendered":"<h2 class=\"wp-block-heading\">Misyonumuz<\/h2>\n\n\n\n<p>Kurgusal olmayan harika kitaplar hayatlar\u0131 de\u011fi\u015ftirebilir. Ancak istatistikler, bu kitaplar\u0131n 90%'sinin ilk b\u00f6l\u00fcmden sonra asla okunmad\u0131\u011f\u0131n\u0131 g\u00f6steriyor. Dikkat da\u011f\u0131t\u0131c\u0131 unsurlar art\u0131yor ve giderek daha yo\u011fun hayatlar ya\u015f\u0131yoruz. Buna ek olarak, farkl\u0131 insanlar\u0131n farkl\u0131 miktarlarda bo\u015f zaman\u0131, b\u00fct\u00e7esi ve \u00f6\u011frenme tercihleri var. StoryShots bunu de\u011fi\u015ftirmek i\u00e7in burada. Biz, \u00e7ok satan kurgusal olmayan kitaplar\u0131n temel i\u00e7g\u00f6r\u00fclerini a\u015fa\u011f\u0131dakiler i\u00e7in eri\u015filebilir hale getirme misyonuyla yola \u00e7\u0131kan bir sosyal etki giri\u015fimiyiz <strong>herkes <\/strong>(b\u00fct\u00e7eleri, zamanlar\u0131 veya \u00f6\u011frenme tarzlar\u0131 ne olursa olsun). Hindistan'\u0131n k\u0131rsal kesimindeki bir genci, Silikon Vadisi'ndeki zaman yoksunu bir giri\u015fimci kadar g\u00fc\u00e7lendirmeye inan\u0131yoruz. Herkesin d\u00fcnyan\u0131n en iyi kitaplar\u0131ndan \u00f6\u011frenme hakk\u0131 vard\u0131r.<\/p>\n\n\n\n<h2 class=\"wp-block-heading\">Kurucu<\/h2>\n\n\n\n<p>Fortune 100 \u015firketlerinde \u00e7al\u0131\u015fma deneyimi ve Tim Ferriss ile ortakl\u0131\u011f\u0131 olan Farid Behnia, 2018 y\u0131l\u0131nda StoryShots'\u0131 kurdu. Birka\u00e7 kendi kendine yard\u0131m kitab\u0131 sayesinde hayat\u0131nda ya\u015fad\u0131\u011f\u0131 d\u00f6n\u00fc\u015f\u00fcmleri herkesin ya\u015famas\u0131n\u0131 m\u00fcmk\u00fcn k\u0131lmak istedi. <\/p>\n\n\n\n<p>Ula\u015fmak i\u00e7in <a href=\"mailto:hello@getstoryshots.com\">hello@getstoryshots.com<\/a> her t\u00fcrl\u00fc medya sorgusu i\u00e7in.<\/p>\n\n\n\n<h2 class=\"wp-block-heading\">Medyada Mansiyonlar<\/h2>\n\n\n\n<p><a href=\"https:\/\/drive.google.com\/drive\/folders\/1QsDpKFMjIL4qn0ZKCkmV90TGBjIgrLqB?usp=sharing\" data-type=\"URL\" data-id=\"https:\/\/drive.google.com\/drive\/folders\/1QsDpKFMjIL4qn0ZKCkmV90TGBjIgrLqB?usp=sharing\" target=\"_blank\" rel=\"noopener\">The Guardian - Becerilerinizi Art\u0131racak 20 Uygulama<\/a><\/p>\n\n\n\n<p><a href=\"https:\/\/drive.google.com\/file\/d\/1MNudA_ujEK4pXOhlHMrHw3pGLyEM8nSS\/view?usp=sharing\" data-type=\"URL\" data-id=\"https:\/\/drive.google.com\/file\/d\/1MNudA_ujEK4pXOhlHMrHw3pGLyEM8nSS\/view?usp=sharing\" target=\"_blank\" rel=\"noopener\">The Economist - \u0130\u015f kitaplar\u0131n\u0131n \u00f6zetleri size zaman kazand\u0131r\u0131rken ayn\u0131 zamanda i\u00e7g\u00f6r\u00fc sa\u011flayabilir mi?<\/a><\/p>\n\n\n\n<p><a href=\"https:\/\/beebom.com\/best-blinkist-alternatives\/\" data-type=\"URL\" data-id=\"https:\/\/beebom.com\/best-blinkist-alternatives\/\" target=\"_blank\" rel=\"noopener\">BeeBom - Kullanman\u0131z Gereken En \u0130yi 12 Blinkist Alternatifi<\/a><\/p>\n\n\n\n<h2 class=\"wp-block-heading\">\u00d6d\u00fcller ve Di\u011fer Tan\u0131nmalar<\/h2>\n\n\n\n<p>StoryShots a\u015fa\u011f\u0131daki ki\u015fi ve kurumlar taraf\u0131ndan \u00f6v\u00fclm\u00fc\u015f ve tavsiye edilmi\u015ftir:<\/p>\n\n\n\n<p>Steven Pinker, PhD - Harvard Profes\u00f6r\u00fc ve Bill Gates'in T\u00fcm Zamanlar\u0131n En Sevdi\u011fi Yazar<\/p>\n\n\n\n<p>Steven Kotler - New York Times \u00e7ok satan yazar\u0131, Pulitzer \u00d6d\u00fcl\u00fc aday\u0131 ve Y\u00fcksek Performans uzman\u0131<\/p>\n\n\n\n<p>Nami Zarringhalam - TrueCaller Kurucu Orta\u011f\u0131<\/p>\n\n\n\n<p>StoryShots, E\u011fitim kategorisinde Birle\u015fmi\u015f Milletler D\u00fcnya Zirvesi Sosyal Etki \u00d6d\u00fcl\u00fc'n\u00fcn ikincisi oldu. <\/p>\n\n\n\n<p>Naithan Jones - Andreessen Horowitz'de Ortak<\/p>\n\n\n\n<p><a href=\"https:\/\/www.youtube.com\/watch?v=7-7bpuWRjd4\" data-type=\"URL\" data-id=\"https:\/\/www.youtube.com\/watch?v=7-7bpuWRjd4\" target=\"_blank\" rel=\"noopener\">Puri Jagannadh - \u00dcnl\u00fc Hintli y\u00f6netmen\u00a0<\/a><\/p>\n\n\n\n<div class=\"wp-block-buttons is-layout-flex wp-block-buttons-is-layout-flex\">\n<div class=\"wp-block-button\"><a class=\"wp-block-button__link has-background\" href=\"https:\/\/drive.google.com\/drive\/folders\/1QsDpKFMjIL4qn0ZKCkmV90TGBjIgrLqB?usp=sharing\" style=\"background-color:#ff3000\" target=\"_blank\" rel=\"noreferrer noopener\">Medya Kitine Git<\/a><\/div>\n<\/div>","protected":false},"excerpt":{"rendered":"<p>Misyonumuz Kurgusal olmayan harika kitaplar hayatlar\u0131 de\u011fi\u015ftirebilir. Ancak istatistikler, bu kitaplar\u0131n 90%'sinin ilk b\u00f6l\u00fcmden sonra asla okunmad\u0131\u011f\u0131n\u0131 g\u00f6steriyor. Dikkat da\u011f\u0131t\u0131c\u0131 unsurlar art\u0131yor ve her zamankinden daha yo\u011fun hayatlar ya\u015f\u0131yoruz. Buna ek olarak, farkl\u0131 insanlar\u0131n farkl\u0131 miktarlarda bo\u015f zaman\u0131, b\u00fct\u00e7esi ve \u00f6\u011frenme tercihleri var. StoryShots bunu de\u011fi\u015ftirmek i\u00e7in burada. Biz bir...<\/p>","protected":false},"author":13,"featured_media":0,"parent":0,"menu_order":0,"comment_status":"closed","ping_status":"closed","template":"","meta":{"_acf_changed":false,"_kad_blocks_custom_css":"","_kad_blocks_head_custom_js":"","_kad_blocks_body_custom_js":"","_kad_blocks_footer_custom_js":"","_kadence_starter_templates_imported_post":false,"_kad_post_transparent":"","_kad_post_title":"","_kad_post_layout":"","_kad_post_sidebar_id":"","_kad_post_content_style":"","_kad_post_vertical_padding":"","_kad_post_feature":"","_kad_post_feature_position":"","_kad_post_header":false,"_kad_post_footer":false,"yasr_overall_rating":0,"yasr_post_is_review":"","yasr_auto_insert_disabled":"","yasr_review_type":"","footnotes":""},"class_list":["post-50657","page","type-page","status-publish","hentry"],"acf":[],"yasr_visitor_votes":{"stars_attributes":{"read_only":false,"span_bottom":false},"number_of_votes":0,"sum_votes":0},"taxonomy_info":[],"featured_image_src_large":false,"author_info":{"display_name":"Team StoryShots","author_link":"https:\/\/www.getstoryshots.com\/tr\/books\/author\/fuzr6koxtahlfjcigcjjuadpexy2\/"},"comment_info":0,"_links":{"self":[{"href":"https:\/\/www.getstoryshots.com\/tr\/wp-json\/wp\/v2\/pages\/50657","targetHints":{"allow":["GET"]}}],"collection":[{"href":"https:\/\/www.getstoryshots.com\/tr\/wp-json\/wp\/v2\/pages"}],"about":[{"href":"https:\/\/www.getstoryshots.com\/tr\/wp-json\/wp\/v2\/types\/page"}],"author":[{"embeddable":true,"href":"https:\/\/www.getstoryshots.com\/tr\/wp-json\/wp\/v2\/users\/13"}],"replies":[{"embeddable":true,"href":"https:\/\/www.getstoryshots.com\/tr\/wp-json\/wp\/v2\/comments?post=50657"}],"version-history":[{"count":0,"href":"https:\/\/www.getstoryshots.com\/tr\/wp-json\/wp\/v2\/pages\/50657\/revisions"}],"wp:attachment":[{"href":"https:\/\/www.getstoryshots.com\/tr\/wp-json\/wp\/v2\/media?parent=50657"}],"curies":[{"name":"wp","href":"https:\/\/api.w.org\/{rel}","templated":true}]}}