{"id":52604,"date":"2021-04-19T12:07:07","date_gmt":"2021-04-19T12:07:07","guid":{"rendered":"https:\/\/www.getstoryshots.com\/?page_id=52604"},"modified":"2026-01-16T07:36:22","modified_gmt":"2026-01-16T07:36:22","slug":"premium-subscription","status":"publish","type":"page","link":"https:\/\/www.getstoryshots.com\/tr\/premium-subscription\/","title":{"rendered":"Premium Planlar"},"content":{"rendered":"<div class=\"mepr-price-menu clean pro-template\">\n\n      <div class=\"mepr-pricing-title\">\n                <h1>Plan\u0131n\u0131z\u0131 Se\u00e7in<\/h1>\n                <p>T\u00fcm fiyatland\u0131rmalar USD cinsindendir. Yinelenen \u00fcyeli\u011finizi istedi\u011finiz zaman iptal edebilir veya \u00f6m\u00fcr boyu \u00fcyelik i\u00e7in 60 g\u00fcn i\u00e7inde para iadesi talep edebilirsiniz.<\/p>\n    <\/div>\n  \n  <div class=\"mepr-price-boxes mepr-3-col\">\n            <div id=\"mepr-price-box-77559\" class=\"mepr-price-box\">\n                      <div class=\"mepr-price-box-content\">\n\n            <div class=\"mepr-price-box-head\">\n              <h2 class=\"mepr-price-box-title\">\n                Y\u0131ll\u0131k \u00dcyelik              <\/h2>\n                              <div class=\"mepr-price-box-price\">\n                  1 Day for free then <span class=\"mepr-price-box-price-currency\">$<\/span>29,99 <span class='mepr-price-box-price-term'>\/ Y\u0131l<\/span>                <\/div>\n              \n\n              <div class=\"mepr-price-box-button\">\n                                                            <a href=\"https:\/\/www.getstoryshots.com\/tr\/register\/annual-membership\/\" class=\"\" style=\"--tooltip-color: #da7e5a\">\n                        \u00dccretsiz Denemeye Ba\u015flay\u0131n                      <span class=\"screen-reader-text\">Y\u0131ll\u0131k<\/span>\n                  <\/a>\n                                  <\/div>\n                \n            <\/div>\n\n            <div class=\"mepr-price-box-benefits\">\n                <div class=\"mepr-price-box-benefits-list\"><div class=\"mepr-price-box-benefits-item\"><span class=\"mepr-price-box-benefits-icon\">    <\/span>300,000 kitab\u0131n temel i\u00e7g\u00f6r\u00fclerine eri\u015fin<\/div><div class=\"mepr-price-box-benefits-item\"><span class=\"mepr-price-box-benefits-icon\">    <\/span>Vurgulay\u0131n ve not al\u0131n (hareket halindeyken)<\/div><div class=\"mepr-price-box-benefits-item\"><span class=\"mepr-price-box-benefits-icon\">    <\/span>\u0130nfografikler, zihin haritalar\u0131 ve animasyonlarla g\u00f6rsel olarak \u00f6\u011frenin<\/div><div class=\"mepr-price-box-benefits-item\"><span class=\"mepr-price-box-benefits-icon\">    <\/span>Reklamlar\u0131 kald\u0131r\u0131n<\/div><div class=\"mepr-price-box-benefits-item\"><span class=\"mepr-price-box-benefits-icon\">    <\/span>PDF\/Kindle deste\u011fi (mobil cihazlarda)<\/div><div class=\"mepr-price-box-benefits-item\"><span class=\"mepr-price-box-benefits-icon\">    <\/span>Tam kitaplar\u0131 ve sesli kitaplar\u0131 se\u00e7in (mobil cihazlarda)<\/div><\/div>            <\/div>\n\n            <div class=\"mepr-price-box-foot\">\n              <div class=\"mepr-price-box-footer\">\n                \u0130stedi\u011fin zaman iptal edebilirsin.              <\/div>\n            <\/div>\n\n          <\/div>\n        <\/div>\n                    <div id=\"mepr-price-box-6115\" class=\"mepr-price-box highlighted\">\n                        <div class=\"mepr-most-popular\">\n                En Pop\u00fcler            <\/div>\n                      <div class=\"mepr-price-box-content\">\n\n            <div class=\"mepr-price-box-head\">\n              <h2 class=\"mepr-price-box-title\">\n                Tek Seferlik \u00d6deme              <\/h2>\n                              <div class=\"mepr-price-box-price\">\n                  <span class=\"mepr-price-box-price-currency\">$<\/span>59,99                <\/div>\n              \n\n              <div class=\"mepr-price-box-button\">\n                                                            <a href=\"https:\/\/www.getstoryshots.com\/tr\/register\/one-time-payment\/\" class=\"\" style=\"--tooltip-color: #da7e5a\">\n                        Ba\u015flay\u0131n                      <span class=\"screen-reader-text\">Tek Seferlik \u00d6deme (Bir kez \u00f6de. Sonsuza kadar kullan)<\/span>\n                  <\/a>\n                                  <\/div>\n                                <div class=\"mepr-price-box-heading\">\n                    Bir kez \u00f6deyin. Sonsuza kadar kullan.                <\/div>\n                \n            <\/div>\n\n            <div class=\"mepr-price-box-benefits\">\n                <div class=\"mepr-price-box-benefits-list\"><div class=\"mepr-price-box-benefits-item\"><span class=\"mepr-price-box-benefits-icon\">    <\/span>Y\u0131ll\u0131k \u00fcyeli\u011fe dahil olan her \u015fey<\/div><div class=\"mepr-price-box-benefits-item\"><span class=\"mepr-price-box-benefits-icon\">    <\/span>Yeni m\u00fc\u015fteriler i\u00e7in 60 g\u00fcnl\u00fck memnuniyet garantisi<\/div><\/div>            <\/div>\n\n            <div class=\"mepr-price-box-foot\">\n              <div class=\"mepr-price-box-footer\">\n                              <\/div>\n            <\/div>\n\n          <\/div>\n        <\/div>\n                    <div id=\"mepr-price-box-54956\" class=\"mepr-price-box\">\n                      <div class=\"mepr-price-box-content\">\n\n            <div class=\"mepr-price-box-head\">\n              <h2 class=\"mepr-price-box-title\">\n                Tek Seferlik \u00d6deme (2'ye 1 teklif)              <\/h2>\n                              <div class=\"mepr-price-box-price\">\n                  <span class=\"mepr-price-box-price-currency\">$<\/span>99,99                <\/div>\n              \n\n              <div class=\"mepr-price-box-button\">\n                                                            <a href=\"https:\/\/www.getstoryshots.com\/tr\/register\/buy-one-gift-one-lifetime\/\" class=\"\" style=\"--tooltip-color: #da7e5a\">\n                        Ba\u015flay\u0131n                      <span class=\"screen-reader-text\">Bir \u00d6m\u00fcr Boyu Eri\u015fim Hediye Edin. Birini \u00dccretsiz Al\u0131n.<\/span>\n                  <\/a>\n                                  <\/div>\n                \n            <\/div>\n\n            <div class=\"mepr-price-box-benefits\">\n                <div class=\"mepr-price-box-benefits-list\"><div class=\"mepr-price-box-benefits-item\"><span class=\"mepr-price-box-benefits-icon\">    <\/span>Her \u015fey y\u0131ll\u0131k ve \u00f6m\u00fcr boyu.<\/div><div class=\"mepr-price-box-benefits-item\"><span class=\"mepr-price-box-benefits-icon\">    <\/span>Bir kez \u00f6deyin. \u0130ki \u00f6m\u00fcr boyu \u00fcyelik kazan\u0131n.<\/div><\/div>            <\/div>\n\n            <div class=\"mepr-price-box-foot\">\n              <div class=\"mepr-price-box-footer\">\n                              <\/div>\n            <\/div>\n\n          <\/div>\n        <\/div>\n              <\/div>\n<\/div>\n \n\n\n<p>* E\u011fer bir <em>yeni<\/em> M\u00fc\u015fteri, <a href=\"mailto:support@getstoryshots.com\" data-type=\"mailto\" data-id=\"mailto:support@getstoryshots.com\">Destek ekibimizle ileti\u015fime ge\u00e7in<\/a> 60 g\u00fcn i\u00e7inde paran\u0131z\u0131n tamam\u0131n\u0131 geri isteyebilirsiniz. Bize bir \u015fans verdi\u011finiz i\u00e7in size te\u015fekk\u00fcr edece\u011fiz. Ayr\u0131ca ayl\u0131k ve y\u0131ll\u0131k abone olabilir veya StoryShots'\u0131 <em>\u00fccretsiz<\/em> ve \u00fccretsiz kitap koleksiyonumuzu indirerek kitap koleksiyonumuzu g\u00f6r\u00fcn <a href=\"https:\/\/go.getstoryshots.com\/free\" data-type=\"URL\" data-id=\"https:\/\/go.getstoryshots.com\/free\">uygulama<\/a>.<\/p>\n\n\n\n<p>Daha fazla ki\u015fiye premium \u00fcyelik hediye etmek veya daha b\u00fcy\u00fck bir sipari\u015f vermek i\u00e7in rekabet\u00e7i \u00fcr\u00fcnlerimize bir g\u00f6z at\u0131n <a href=\"https:\/\/www.getstoryshots.com\/tr\/business-and-group-accounts\/\" data-type=\"URL\" data-id=\"https:\/\/www.getstoryshots.com\/business-and-group-accounts\/\">Ekip planlar\u0131<\/a>.<\/p>\n\n\n<div class=\"elfsight-app-2244a2f0-86ed-4e44-9e19-1627120c6ac4\" data-elfsight-app-lazy><\/div><script src='https:\/\/apps.elfsight.com\/p\/platform.js' defer><\/script>","protected":false},"excerpt":{"rendered":"<p>* Yeni bir m\u00fc\u015fteriyseniz, tam para iadesi istemek i\u00e7in 60 g\u00fcn i\u00e7inde destek ekibimizle ileti\u015fime ge\u00e7in. Bize bir \u015fans verdi\u011finiz i\u00e7in size te\u015fekk\u00fcr edece\u011fiz. Ayr\u0131ca ayl\u0131k ve y\u0131ll\u0131k abone olabilir veya StoryShots'\u0131 \u00fccretsiz deneyebilir ve \u00fccretsiz uygulamam\u0131z\u0131 indirerek kitap koleksiyonumuzu g\u00f6rebilirsiniz. Premium \u00fcyelik hediye etmek i\u00e7in...<\/p>","protected":false},"author":1,"featured_media":0,"parent":0,"menu_order":0,"comment_status":"closed","ping_status":"closed","template":"","meta":{"_acf_changed":false,"_kad_blocks_custom_css":"","_kad_blocks_head_custom_js":"","_kad_blocks_body_custom_js":"","_kad_blocks_footer_custom_js":"","_kadence_starter_templates_imported_post":false,"_kad_post_transparent":"","_kad_post_title":"","_kad_post_layout":"","_kad_post_sidebar_id":"","_kad_post_content_style":"","_kad_post_vertical_padding":"","_kad_post_feature":"","_kad_post_feature_position":"","_kad_post_header":false,"_kad_post_footer":false,"yasr_overall_rating":0,"yasr_post_is_review":"","yasr_auto_insert_disabled":"","yasr_review_type":"","footnotes":""},"class_list":["post-52604","page","type-page","status-publish","hentry"],"acf":[],"yasr_visitor_votes":{"stars_attributes":{"read_only":false,"span_bottom":false},"number_of_votes":0,"sum_votes":0},"taxonomy_info":[],"featured_image_src_large":false,"author_info":{"display_name":"StoryShots - Free Book Summaries","author_link":"https:\/\/www.getstoryshots.com\/tr\/books\/author\/storyshotsadmin\/"},"comment_info":0,"_links":{"self":[{"href":"https:\/\/www.getstoryshots.com\/tr\/wp-json\/wp\/v2\/pages\/52604","targetHints":{"allow":["GET"]}}],"collection":[{"href":"https:\/\/www.getstoryshots.com\/tr\/wp-json\/wp\/v2\/pages"}],"about":[{"href":"https:\/\/www.getstoryshots.com\/tr\/wp-json\/wp\/v2\/types\/page"}],"author":[{"embeddable":true,"href":"https:\/\/www.getstoryshots.com\/tr\/wp-json\/wp\/v2\/users\/1"}],"replies":[{"embeddable":true,"href":"https:\/\/www.getstoryshots.com\/tr\/wp-json\/wp\/v2\/comments?post=52604"}],"version-history":[{"count":60,"href":"https:\/\/www.getstoryshots.com\/tr\/wp-json\/wp\/v2\/pages\/52604\/revisions"}],"predecessor-version":[{"id":98383,"href":"https:\/\/www.getstoryshots.com\/tr\/wp-json\/wp\/v2\/pages\/52604\/revisions\/98383"}],"wp:attachment":[{"href":"https:\/\/www.getstoryshots.com\/tr\/wp-json\/wp\/v2\/media?parent=52604"}],"curies":[{"name":"wp","href":"https:\/\/api.w.org\/{rel}","templated":true}]}}