{"id":85888,"date":"2022-11-30T14:23:01","date_gmt":"2022-11-30T14:23:01","guid":{"rendered":"https:\/\/www.getstoryshots.com\/?page_id=85888"},"modified":"2024-08-07T10:34:54","modified_gmt":"2024-08-07T10:34:54","slug":"public-roadmap","status":"publish","type":"page","link":"https:\/\/www.getstoryshots.com\/tr\/public-roadmap\/","title":{"rendered":"StoryShots Genel Yol Haritas\u0131"},"content":{"rendered":"<p id=\"block-b0bd3297-34fe-487a-affd-38f391820786\"><strong>Yenile<\/strong>&nbsp;en son g\u00fcncellemeleri g\u00f6rmek i\u00e7in sayfay\u0131 ziyaret edin. <\/p>\n\n\n\n<p id=\"block-b0bd3297-34fe-487a-affd-38f391820786\">D\u00fczenli olarak yeni i\u00e7erik ekliyoruz. Yeni i\u00e7erikleri oylayarak \u00f6nceliklendirmemize yard\u0131mc\u0131 olun.&nbsp;<em>Yeni kitaplar i\u00e7in oy verin<\/em>&nbsp;Ayarlar ekran\u0131 alt\u0131ndaki \u00f6zellik <a href=\"https:\/\/www.getstoryshots.com\/tr\/\" data-type=\"link\" data-id=\"https:\/\/www.getstoryshots.com\">uygulamada<\/a>. Bu \u00f6zellik premium \u00fcyelere \u00f6zeldir. <\/p>\n\n\n\n<p>Yeni \u00f6zelliklere \u00f6ncelik vermemize yard\u0131mc\u0131 olmak i\u00e7in <em>Yeni \u00f6zellikler i\u00e7in oy verin<\/em> Uygulamadaki Ayarlar ekran\u0131n\u0131n alt\u0131nda.<\/p>\n\n\n\n<ul class=\"wp-block-list\">\n<li>GELECEK \u00d6ZELL\u0130K (4. \u00c7eyrek, 2024) - 30 G\u00fcnl\u00fck Ki\u015fisel Geli\u015fim M\u00fccadelesi<\/li>\n\n\n\n<li><s>GELECEK \u00d6ZELL\u0130K (Q1-2, 2024) - Ses \u00e7ekimleri i\u00e7in oynatma listeleri<\/s><\/li>\n\n\n\n<li>GELECEK \u00d6ZELL\u0130K (2025) - Android'de Chromecast deste\u011fi<\/li>\n\n\n\n<li><span style=\"color: initial; font-family: -apple-system, BlinkMacSystemFont, &quot;Segoe UI&quot;, Roboto, Oxygen-Sans, Ubuntu, Cantarell, &quot;Helvetica Neue&quot;, sans-serif;\">GELECEK \u00d6ZELL\u0130K (2025) - Uygulaman\u0131n Kullan\u0131c\u0131 Aray\u00fcz\u00fc \u0130spanyolca, Portekizce, Almanca, Frans\u0131zca ve \u0130sve\u00e7\u00e7e<\/span><\/li>\n\n\n\n<li>GELECEK \u00d6ZELL\u0130K (2024) - Al\u0131\u015fkanl\u0131k Takibi<\/li>\n\n\n\n<li>GELECEK \u00d6ZELL\u0130K \/ \u0130\u00c7ER\u0130K (Q3-Q4, 2024) - T\u00fcm kitaplar\u0131m\u0131zda bir infografik \/ zihin haritas\u0131 olacak<\/li>\n\n\n\n<li>GELECEK \u00d6ZELL\u0130K \/ \u0130\u00c7ER\u0130K (Q1, 2025) - T\u00fcm kitaplar\u0131m\u0131z StoryShots orijinal animasyonlu video \u00e7ekimlerine sahip olacak<\/li>\n\n\n\n<li><s>GELECEK \u00d6ZELL\u0130K (4. \u00c7eyrek, 2023) - Neredeyse t\u00fcm kitaplar\u0131n \u00f6zetini al\u0131n (yapay zeka ile)<\/s> \ud83e\udd16<\/li>\n\n\n\n<li><s>GELECEK \u00d6ZELL\u0130K \/ \u0130\u00c7ER\u0130K (Ocak 2023) - T\u00fcm kitaplar\u0131m\u0131z, t\u00fcm kitaplar\u0131 dinlerken okuman\u0131z\u0131 sa\u011flayan orijinal bir ses \u00e7ekimine sahip olacak<\/s><br><\/li>\n<\/ul>\n\n\n\n<h2 class=\"wp-block-heading\">Yakla\u015fan \u0130\u00e7erik (2024):<\/h2>\n\n\n\n<ul class=\"wp-block-list\">\n<li><s>How Will You Measure Your Life?<\/s><\/li>\n\n\n\n<li><s>Engel Yoldur<\/s><\/li>\n\n\n\n<li>Fark\u0131 Asla B\u00f6lmeyin<\/li>\n\n\n\n<li>Antifragile<\/li>\n\n\n\n<li>Yava\u015f \u00dcretkenlik<\/li>\n\n\n\n<li><s>Nas\u0131l Diyet Yap\u0131lmamal\u0131<\/s><\/li>\n\n\n\n<li><s>Ki\u015fisel MBA<\/s><\/li>\n\n\n\n<li>Uluslar\u0131n Zenginli\u011fi<\/li>\n\n\n\n<li>Kontrol Listesi Manifestosu<\/li>\n\n\n\n<li>Meditasyonlar<\/li>\n\n\n\n<li><s>5 Sevgi Dili<\/s><\/li>\n\n\n\n<li>Yarat\u0131c\u0131 Eylem<\/li>\n\n\n\n<li>Zaman\u0131n K\u0131sa Tarihi<\/li>\n\n\n\n<li>Sapiens<\/li>\n\n\n\n<li>Atlas Silkindi<\/li>\n\n\n\n<li>Modeller<\/li>\n\n\n\n<li>Etki<\/li>\n\n\n\n<li>Ayakkab\u0131 K\u00f6pe\u011fi<\/li>\n\n\n\n<li>S\u0131f\u0131rdan Bire<\/li>\n\n\n\n<li><s>Herkesle Nas\u0131l Konu\u015fulur<\/s><\/li>\n\n\n\n<li><s>Zor \u015eeyler Hakk\u0131nda Zor \u015eey<\/s><\/li>\n<\/ul>\n\n\n\n<h2 class=\"wp-block-heading\">GELECEK I\u0307\u00c7ERI\u0307K (4. \u00c7EYREK, 2023):<\/h2>\n\n\n\n<ul class=\"wp-block-list\">\n<li><s>Ak\u0131ll\u0131 Yat\u0131r\u0131mc\u0131<\/s><\/li>\n\n\n\n<li><s>Bir K\u0131z Gibi H\u0131zl\u0131<\/s><\/li>\n\n\n\n<li><s>Outlive<\/s><\/li>\n\n\n\n<li><s>Arkada\u015flar, Sevgililer ve B\u00fcy\u00fck Korkun\u00e7 \u015eey<\/s><\/li>\n\n\n\n<li><s>\u00c7ekilmez<\/s><\/li>\n\n\n\n<li><s>Simyac\u0131<\/s><\/li>\n\n\n\n<li><s>Mutluluk Avantaj\u0131<\/s><\/li>\n\n\n\n<li><s>Paran\u0131n Psikolojisi<\/s><\/li>\n<\/ul>\n\n\n\n<h2 class=\"wp-block-heading\">GELECEK \u0130\u00c7ER\u0130K (3. \u00c7eyrek, 2023) - Yaz Tatili:<\/h2>\n\n\n\n<ul class=\"wp-block-list\">\n<li><s>Do\u011fa\u00fcst\u00fc Olmak<\/s><\/li>\n\n\n\n<li><s>E\u011fitimli<\/s><\/li>\n\n\n\n<li><s>Gelmi\u015f Ge\u00e7mi\u015f En Kaba Kitap<\/s><\/li>\n<\/ul>\n\n\n\n<h2 class=\"wp-block-heading\">GELECEK I\u0307\u00c7ERI\u0307K (2. \u00c7EYREK, 2023):<\/h2>\n\n\n\n<ul id=\"block-0fa3248c-5634-448e-8176-8e2ffd50e762\" class=\"wp-block-list\">\n<li><s>\u015eimdi'nin G\u00fcc\u00fc<\/s><\/li>\n\n\n\n<li><s>Hi\u00e7 Bitmedi<\/s><\/li>\n\n\n\n<li><s>21. Y\u00fczy\u0131l\u0131n \u0130\u015f D\u00fcnyas\u0131<\/s><\/li>\n\n\n\n<li><s>\u0130nsan\u0131n Anlam Aray\u0131\u015f\u0131<\/s><\/li>\n\n\n\n<li><s>Derin \u00c7al\u0131\u015fma<\/s><\/li>\n\n\n\n<li><s>Tekrar D\u00fc\u015f\u00fcn<\/s><\/li>\n\n\n\n<li><s>Nas\u0131l Stoac\u0131 Olunur?<\/s><\/li>\n\n\n\n<li><s>4 Saatlik V\u00fccut<\/s><\/li>\n\n\n\n<li><s>D\u00fcrtme<\/s><\/li>\n\n\n\n<li><span style=\"color: initial; font-family: -apple-system, BlinkMacSystemFont, &quot;Segoe UI&quot;, Roboto, Oxygen-Sans, Ubuntu, Cantarell, &quot;Helvetica Neue&quot;, sans-serif;\"><s>Size Zengin Olmay\u0131 \u00d6\u011fretece\u011fim<\/s><\/span><\/li>\n\n\n\n<li><s style=\"color: initial; font-family: -apple-system, BlinkMacSystemFont, &quot;Segoe UI&quot;, Roboto, Oxygen-Sans, Ubuntu, Cantarell, &quot;Helvetica Neue&quot;, sans-serif;\">E-Mit Yeniden G\u00f6zden Ge\u00e7irildi<\/s><\/li>\n\n\n\n<li><s>TED Gibi Konu\u015fun<\/s><\/li>\n\n\n\n<li><s>Yal\u0131n Ba\u015flang\u0131\u00e7<\/s><\/li>\n<\/ul>\n\n\n\n<h2 class=\"wp-block-heading\">YAKLA\u015eAN KI\u0307TAPLAR (1. \u00c7EYREK, 2023):<span style=\"color: initial; font-family: -apple-system, BlinkMacSystemFont, &quot;Segoe UI&quot;, Roboto, Oxygen-Sans, Ubuntu, Cantarell, &quot;Helvetica Neue&quot;, sans-serif;\"><\/span><\/h2>\n\n\n\n<ul class=\"wp-block-list\">\n<li><s><span style=\"color: initial; font-family: -apple-system, BlinkMacSystemFont, &quot;Segoe UI&quot;, Roboto, Oxygen-Sans, Ubuntu, Cantarell, &quot;Helvetica Neue&quot;, sans-serif;\">\u0130kinci Bir Beyin \u0130n\u015fa Etmek<\/span><\/s><\/li>\n\n\n\n<li><s>Fikrinizi Nas\u0131l De\u011fi\u015ftirirsiniz?<\/s><\/li>\n\n\n\n<li><s>\u00c7\u0131lg\u0131nlar Gibi Sat<\/s><\/li>\n\n\n\n<li><s>Minik Al\u0131\u015fkanl\u0131klar<\/s><\/li>\n\n\n\n<li><s>\u0130lk 20 Saat<\/s><\/li>\n\n\n\n<li><s>D\u00f6rt Anla\u015fma<\/s><\/li>\n\n\n\n<li><s>Obezite \u015eifresi<\/s><\/li>\n\n\n\n<li><s>The Daily Stoic<\/s><\/li>\n\n\n\n<li><s>Kendiniz Olma Al\u0131\u015fkanl\u0131\u011f\u0131n\u0131 K\u0131rmak<\/s><\/li>\n\n\n\n<li><s>Nas\u0131l Hatal\u0131 Olunmaz?<\/s><\/li>\n\n\n\n<li><s style=\"color: initial; font-family: -apple-system, BlinkMacSystemFont, &quot;Segoe UI&quot;, Roboto, Oxygen-Sans, Ubuntu, Cantarell, &quot;Helvetica Neue&quot;, sans-serif;\">Yedek<\/s><\/li>\n\n\n\n<li><s>S\u0131r<\/s><\/li>\n\n\n\n<li><s>Nas\u0131l \u00d6lmemeli<\/s><\/li>\n\n\n\n<li><span style=\"color: initial; font-family: -apple-system, BlinkMacSystemFont, &quot;Segoe UI&quot;, Roboto, Oxygen-Sans, Ubuntu, Cantarell, &quot;Helvetica Neue&quot;, sans-serif;\"><s>Elon Musk<\/s><\/span><\/li>\n\n\n\n<li><s>Tekrar D\u00fc\u015f\u00fcn<\/s><\/li>\n\n\n\n<li><s style=\"color: initial; font-family: -apple-system, BlinkMacSystemFont, &quot;Segoe UI&quot;, Roboto, Oxygen-Sans, Ubuntu, Cantarell, &quot;Helvetica Neue&quot;, sans-serif;\">Milyoner Fastlane<\/s><\/li>\n\n\n\n<li><s>Ba\u015ftan \u00c7\u0131karma Sanat\u0131<\/s><\/li>\n\n\n\n<li><s style=\"color: initial; font-family: -apple-system, BlinkMacSystemFont, &quot;Segoe UI&quot;, Roboto, Oxygen-Sans, Ubuntu, Cantarell, &quot;Helvetica Neue&quot;, sans-serif;\">\u00dcst\u00fcn \u0130nsan\u0131n Yolu<\/s><\/li>\n\n\n\n<li><s>Satmak i\u00e7in \u00dcretildi<\/s><\/li>\n<\/ul>","protected":false},"excerpt":{"rendered":"<p>En son g\u00fcncellemeleri g\u00f6rmek i\u00e7in sayfay\u0131 yenileyin. D\u00fczenli olarak yeni i\u00e7erik ekliyoruz. Uygulamadaki Ayarlar ekran\u0131n\u0131n alt\u0131nda yer alan Yeni kitaplara oy ver \u00f6zelli\u011fini kullanarak yeni i\u00e7eriklere \u00f6ncelik vermemize yard\u0131mc\u0131 olun. Bu \u00f6zellik premium \u00fcyelere \u00f6zeldir. Yeni \u00f6zelliklere \u00f6ncelik vermemize yard\u0131mc\u0131 olmak i\u00e7in, uygulamadaki Ayarlar ekran\u0131n\u0131n alt\u0131ndaki Yeni \u00f6zelliklere oy ver...<\/p>","protected":false},"author":13,"featured_media":0,"parent":0,"menu_order":0,"comment_status":"closed","ping_status":"closed","template":"","meta":{"_acf_changed":false,"_kad_blocks_custom_css":"","_kad_blocks_head_custom_js":"","_kad_blocks_body_custom_js":"","_kad_blocks_footer_custom_js":"","_kadence_starter_templates_imported_post":false,"_kad_post_transparent":"","_kad_post_title":"","_kad_post_layout":"","_kad_post_sidebar_id":"","_kad_post_content_style":"","_kad_post_vertical_padding":"","_kad_post_feature":"","_kad_post_feature_position":"","_kad_post_header":false,"_kad_post_footer":false,"yasr_overall_rating":0,"yasr_post_is_review":"","yasr_auto_insert_disabled":"","yasr_review_type":"","footnotes":""},"class_list":["post-85888","page","type-page","status-publish","hentry"],"acf":[],"yasr_visitor_votes":{"stars_attributes":{"read_only":false,"span_bottom":false},"number_of_votes":0,"sum_votes":0},"taxonomy_info":[],"featured_image_src_large":false,"author_info":{"display_name":"Team StoryShots","author_link":"https:\/\/www.getstoryshots.com\/tr\/books\/author\/fuzr6koxtahlfjcigcjjuadpexy2\/"},"comment_info":0,"_links":{"self":[{"href":"https:\/\/www.getstoryshots.com\/tr\/wp-json\/wp\/v2\/pages\/85888","targetHints":{"allow":["GET"]}}],"collection":[{"href":"https:\/\/www.getstoryshots.com\/tr\/wp-json\/wp\/v2\/pages"}],"about":[{"href":"https:\/\/www.getstoryshots.com\/tr\/wp-json\/wp\/v2\/types\/page"}],"author":[{"embeddable":true,"href":"https:\/\/www.getstoryshots.com\/tr\/wp-json\/wp\/v2\/users\/13"}],"replies":[{"embeddable":true,"href":"https:\/\/www.getstoryshots.com\/tr\/wp-json\/wp\/v2\/comments?post=85888"}],"version-history":[{"count":106,"href":"https:\/\/www.getstoryshots.com\/tr\/wp-json\/wp\/v2\/pages\/85888\/revisions"}],"predecessor-version":[{"id":95432,"href":"https:\/\/www.getstoryshots.com\/tr\/wp-json\/wp\/v2\/pages\/85888\/revisions\/95432"}],"wp:attachment":[{"href":"https:\/\/www.getstoryshots.com\/tr\/wp-json\/wp\/v2\/media?parent=85888"}],"curies":[{"name":"wp","href":"https:\/\/api.w.org\/{rel}","templated":true}]}}