{"id":92618,"date":"2023-10-24T08:21:52","date_gmt":"2023-10-24T08:21:52","guid":{"rendered":"https:\/\/www.getstoryshots.com\/?page_id=92618"},"modified":"2026-01-29T09:19:23","modified_gmt":"2026-01-29T09:19:23","slug":"storyshots-articles","status":"publish","type":"page","link":"https:\/\/www.getstoryshots.com\/tr\/storyshots-articles\/","title":{"rendered":"Makaleler i\u00e7in StoryShot'lar"},"content":{"rendered":"<p>Okunmak istenen makalelerinizi zengin konu\u015fma ses \u00f6zetlerine d\u00f6n\u00fc\u015ft\u00fcr\u00fcn.<\/p>\n\n\n\n<h2 class=\"wp-block-heading\">Makaleleri t\u00fcketmenin yeni bir yolu<\/h2>\n\n\n\n<p>Makaleler i\u00e7in StoryShots ile bilgiyi t\u00fcketme \u015feklinizde devrim yaratabilirsiniz. \u0130ster hareket halinde olun, ister egzersiz yap\u0131n ya da sadece g\u00fcncel kalmak i\u00e7in daha uygun bir yol ar\u0131yor olun, Makaleler i\u00e7in StoryShots uzun makaleleri e\u011flenceli, e\u011fitici ve kolayca anla\u015f\u0131labilir sesli tart\u0131\u015fmalara d\u00f6n\u00fc\u015ft\u00fcrerek okuman\u0131n zorlu\u011funu ortadan kald\u0131r\u0131r.<\/p>\n\n\n\n<p class=\"has-text-align-center\"><strong>Hen\u00fcz kaydolmad\u0131ysan\u0131z kaydolun, b\u00f6ylece yeni yard\u0131mc\u0131 uygulamam\u0131z\u0131 kullan\u0131ma sundu\u011fumuzda ka\u00e7\u0131rmazs\u0131n\u0131z.<\/strong><\/p>\n\n\n\n<p class=\"has-text-align-center\">Ya da \u015fu adrese ula\u015f\u0131n <a href=\"mailto:support@getstoryshots.com?subject=StoryShots%20for%20Articles%20Inquiry\">destek ekibimiz<\/a> Makaleler i\u00e7in StoryShots hakk\u0131nda daha fazla bilgi edinmek isterseniz.<\/p>\n\n\n\n<p><\/p>","protected":false},"excerpt":{"rendered":"<p>Okunmak istenen makalelerinizi zengin konu\u015fma ses \u00f6zetlerine d\u00f6n\u00fc\u015ft\u00fcr\u00fcn. Makaleleri t\u00fcketmenin yeni bir yolu Makaleler i\u00e7in StoryShots ile bilgi t\u00fcketme \u015feklinizde devrim yaratabilirsiniz. \u0130ster hareket halinde olun, ister egzersiz yap\u0131n ya da sadece g\u00fcncel kalmak i\u00e7in daha uygun bir yol ar\u0131yor olun, Makaleler i\u00e7in StoryShots uzun makaleleri sesli \u00f6zetlere d\u00f6n\u00fc\u015ft\u00fcrerek okuman\u0131n zorlu\u011funu ortadan kald\u0131r\u0131r...<\/p>","protected":false},"author":13,"featured_media":0,"parent":0,"menu_order":0,"comment_status":"open","ping_status":"closed","template":"","meta":{"_acf_changed":false,"_kad_blocks_custom_css":"","_kad_blocks_head_custom_js":"","_kad_blocks_body_custom_js":"","_kad_blocks_footer_custom_js":"","_kadence_starter_templates_imported_post":false,"_kad_post_transparent":"","_kad_post_title":"","_kad_post_layout":"","_kad_post_sidebar_id":"","_kad_post_content_style":"","_kad_post_vertical_padding":"","_kad_post_feature":"","_kad_post_feature_position":"","_kad_post_header":false,"_kad_post_footer":false,"yasr_overall_rating":0,"yasr_post_is_review":"","yasr_auto_insert_disabled":"","yasr_review_type":"","footnotes":""},"class_list":["post-92618","page","type-page","status-publish","hentry"],"acf":[],"yasr_visitor_votes":{"stars_attributes":{"read_only":false,"span_bottom":false},"number_of_votes":0,"sum_votes":0},"taxonomy_info":[],"featured_image_src_large":false,"author_info":{"display_name":"Team StoryShots","author_link":"https:\/\/www.getstoryshots.com\/tr\/books\/author\/fuzr6koxtahlfjcigcjjuadpexy2\/"},"comment_info":0,"_links":{"self":[{"href":"https:\/\/www.getstoryshots.com\/tr\/wp-json\/wp\/v2\/pages\/92618","targetHints":{"allow":["GET"]}}],"collection":[{"href":"https:\/\/www.getstoryshots.com\/tr\/wp-json\/wp\/v2\/pages"}],"about":[{"href":"https:\/\/www.getstoryshots.com\/tr\/wp-json\/wp\/v2\/types\/page"}],"author":[{"embeddable":true,"href":"https:\/\/www.getstoryshots.com\/tr\/wp-json\/wp\/v2\/users\/13"}],"replies":[{"embeddable":true,"href":"https:\/\/www.getstoryshots.com\/tr\/wp-json\/wp\/v2\/comments?post=92618"}],"version-history":[{"count":4,"href":"https:\/\/www.getstoryshots.com\/tr\/wp-json\/wp\/v2\/pages\/92618\/revisions"}],"predecessor-version":[{"id":98410,"href":"https:\/\/www.getstoryshots.com\/tr\/wp-json\/wp\/v2\/pages\/92618\/revisions\/98410"}],"wp:attachment":[{"href":"https:\/\/www.getstoryshots.com\/tr\/wp-json\/wp\/v2\/media?parent=92618"}],"curies":[{"name":"wp","href":"https:\/\/api.w.org\/{rel}","templated":true}]}}